{"id":3806,"date":"2024-09-27T06:00:54","date_gmt":"2024-09-27T10:00:54","guid":{"rendered":"https:\/\/wowrxpharmacy.com\/?post_type=product&#038;p=3806"},"modified":"2024-11-22T05:45:59","modified_gmt":"2024-11-22T10:45:59","slug":"aromasine-25-mg","status":"publish","type":"product","link":"https:\/\/wowrxpharmacy.com\/fr_fr\/product\/aromasine-25-mg\/","title":{"rendered":"Aromasine 25 mg"},"content":{"rendered":"<h3><span style=\"font-weight: 400;\">Qu&#039;est-ce qu&#039;Aromasin 25 mg ?\u00a0<\/span><\/h3>\n<p><span style=\"font-weight: 400;\">Aromasin 25 mg est un m\u00e9dicament utilis\u00e9 pour traiter les femmes atteintes d&#039;un cancer du sein et m\u00e9nopaus\u00e9es. Son principe actif, l&#039;ex\u00e9mestane, r\u00e9gule le taux d&#039;\u0153strog\u00e8nes et contribue \u00e0 ralentir la croissance des cellules canc\u00e9reuses. Il est \u00e9galement utilis\u00e9 pour r\u00e9duire le risque de cancer du sein apr\u00e8s la m\u00e9nopause.\u00a0<\/span><\/p>\n<p><span style=\"font-weight: 400;\">Ces comprim\u00e9s d&#039;Ex\u00e9mestane 25 mg sont fabriqu\u00e9s par Pfizer, le g\u00e9ant pharmaceutique mondialement reconnu. Vous pouvez commander Aromasin 25 mg depuis chez vous gr\u00e2ce \u00e0 WowRx, au meilleur prix.\u00a0<\/span><\/p>\n<h3><span style=\"font-weight: 400;\">\u00c0 quoi sert l&#039;Ex\u00e9mestane 25 mg ?\u00a0<\/span><\/h3>\n<p><span style=\"font-weight: 400;\">Les comprim\u00e9s d&#039;Aromasin 25 mg sont utilis\u00e9s, en association avec d&#039;autres m\u00e9dicaments, pour <\/span><a href=\"https:\/\/medlineplus.gov\/druginfo\/meds\/a607006.html#:~:text=Exemestane%20is%20used,estrogen%20to%20grow.\" target=\"_blank\" rel=\"nofollow noopener\"><span style=\"font-weight: 400;\">traiter<\/span><\/a><span style=\"font-weight: 400;\"> Femmes m\u00e9nopaus\u00e9es atteintes d&#039;un cancer du sein \u00e0 un stade pr\u00e9coce ou en pr\u00e9vention de la r\u00e9cidive. Ce traitement est g\u00e9n\u00e9ralement prescrit pendant 2 \u00e0 3 ans. Il peut soulager les sympt\u00f4mes du cancer du sein, tels que l&#039;alt\u00e9ration de la texture et de la forme des seins, la pr\u00e9sence de nodules ou l&#039;\u00e9coulement mammaire, et \u00e9galement pr\u00e9venir le risque de cancer ult\u00e9rieur.<\/span><\/p>\n<h3><span style=\"font-weight: 400;\">Comment fonctionne l\u2019Ex\u00e9mestane ?\u00a0<\/span><\/h3>\n<p><span style=\"font-weight: 400;\">L&#039;ingr\u00e9dient actif d&#039;Aromasin 25, l&#039;ex\u00e9mestane, est un inhibiteur de l&#039;aromatase. <\/span><a href=\"https:\/\/my.clevelandclinic.org\/health\/drugs\/18116-exemestane-tablets#:~:text=EXEMESTANE%20(ex%20e%20MES%20tane)%20blocks%20the%20production%20of%20the%20hormone%20estrogen.%20Some%20types%20of%20breast%20cancer%20depend%20on%20estrogen%20to%20grow%2C%20and%20this%20medicine%20can%20stop%20tumor%20growth%20by%20blocking%20estrogen%20production.%20This%20medicine%20is%20for%20the%20treatment%20of%20breast%20cancer%20in%20postmenopausal%20women%20only.\" target=\"_blank\" rel=\"nofollow noopener\"><span style=\"font-weight: 400;\">blocs<\/span><\/a><span style=\"font-weight: 400;\"> L&#039;enzyme aromatase, responsable de la production d&#039;\u0153strog\u00e8nes, r\u00e9duit le taux d&#039;\u0153strog\u00e8nes, ce qui freine la croissance et la propagation des cellules canc\u00e9reuses du sein.\u00a0<\/span><\/p>\n<h3><span style=\"font-weight: 400;\">Comment prendre Aromasin 25 mg ?\u00a0<\/span><\/h3>\n<p><span style=\"font-weight: 400;\">La posologie et la dur\u00e9e du traitement par Aromasin 25 mg sont d\u00e9termin\u00e9es par votre m\u00e9decin, en fonction de vos sympt\u00f4mes. Pour un r\u00e9sultat optimal, respectez donc la prescription. Voici les instructions g\u00e9n\u00e9rales pour prendre Aromasin 25 mg\u00a0:<\/span><\/p>\n<ul>\n<li style=\"font-weight: 400;\" aria-level=\"1\"><span style=\"font-weight: 400;\">Avalez le comprim\u00e9 entier<\/span><\/li>\n<li style=\"font-weight: 400;\" aria-level=\"1\"><span style=\"font-weight: 400;\">Ne pas casser, m\u00e2cher ou \u00e9craser le comprim\u00e9 d&#039;Aromasin 25 mg<\/span><\/li>\n<li style=\"font-weight: 400;\" aria-level=\"1\"><span style=\"font-weight: 400;\">Consommez Aromasin apr\u00e8s les repas avec un verre d&#039;eau<\/span><\/li>\n<\/ul>","protected":false},"excerpt":{"rendered":"<p>L&#039;Aromasin (ex\u00e9mestane) aide \u00e0 r\u00e9guler les niveaux d&#039;\u0153strog\u00e8nes, r\u00e9duisant ainsi le risque de r\u00e9cidive du cancer du sein. Traitement efficace et approuv\u00e9 par la FDA.<\/p>","protected":false},"featured_media":36663,"comment_status":"open","ping_status":"closed","template":"","meta":{"om_disable_all_campaigns":false,"_uf_show_specific_survey":0,"_uf_disable_surveys":false},"product_brand":[],"product_cat":[662],"product_tag":[],"class_list":{"0":"post-3806","1":"product","2":"type-product","3":"status-publish","4":"has-post-thumbnail","6":"product_cat-breast-cancer","8":"first","9":"instock","10":"sale","11":"shipping-taxable","12":"purchasable","13":"product-type-variable","14":"has-default-attributes"},"_links":{"self":[{"href":"https:\/\/wowrxpharmacy.com\/fr_fr\/wp-json\/wp\/v2\/product\/3806","targetHints":{"allow":["GET"]}}],"collection":[{"href":"https:\/\/wowrxpharmacy.com\/fr_fr\/wp-json\/wp\/v2\/product"}],"about":[{"href":"https:\/\/wowrxpharmacy.com\/fr_fr\/wp-json\/wp\/v2\/types\/product"}],"replies":[{"embeddable":true,"href":"https:\/\/wowrxpharmacy.com\/fr_fr\/wp-json\/wp\/v2\/comments?post=3806"}],"wp:featuredmedia":[{"embeddable":true,"href":"https:\/\/wowrxpharmacy.com\/fr_fr\/wp-json\/wp\/v2\/media\/36663"}],"wp:attachment":[{"href":"https:\/\/wowrxpharmacy.com\/fr_fr\/wp-json\/wp\/v2\/media?parent=3806"}],"wp:term":[{"taxonomy":"product_brand","embeddable":true,"href":"https:\/\/wowrxpharmacy.com\/fr_fr\/wp-json\/wp\/v2\/product_brand?post=3806"},{"taxonomy":"product_cat","embeddable":true,"href":"https:\/\/wowrxpharmacy.com\/fr_fr\/wp-json\/wp\/v2\/product_cat?post=3806"},{"taxonomy":"product_tag","embeddable":true,"href":"https:\/\/wowrxpharmacy.com\/fr_fr\/wp-json\/wp\/v2\/product_tag?post=3806"}],"curies":[{"name":"wp","href":"https:\/\/api.w.org\/{rel}","templated":true}]}}