{"id":3801,"date":"2024-07-09T03:14:54","date_gmt":"2024-07-09T07:14:54","guid":{"rendered":"https:\/\/wowrxpharmacy.com\/?post_type=product&#038;p=3801"},"modified":"2024-10-16T03:51:27","modified_gmt":"2024-10-16T07:51:27","slug":"augmentine-1000-mg","status":"publish","type":"product","link":"https:\/\/wowrxpharmacy.com\/fr_fr\/product\/augmentine-1000-mg\/","title":{"rendered":"Augmentin 1000 mg (875+125)"},"content":{"rendered":"<h3><span style=\"font-weight: 400;\">\u00c0 propos d&#039;Augmentin 1000 mg<\/span><\/h3>\n<p><span style=\"font-weight: 400;\">Augmentin 1000 mg est un antibiotique puissant con\u00e7u pour combattre un large \u00e9ventail d&#039;infections bact\u00e9riennes. Ce m\u00e9dicament est fabriqu\u00e9 par Glaxo SmithKline Pharmaceuticals Ltd. Il s&#039;agit d&#039;une association m\u00e9dicamenteuse contenant deux principes actifs\u00a0: l&#039;amoxicilline (875\u00a0mg) et l&#039;acide clavulanique (125\u00a0mg). L&#039;amoxicilline appartient \u00e0 la classe des antibiotiques p\u00e9nicillines, tandis que l&#039;acide clavulanique est un inhibiteur des b\u00eata-lactamases. Ces deux composants agissent ensemble pour \u00e9liminer efficacement les bact\u00e9ries potentiellement responsables de diverses infections.\u00a0<\/span><\/p>\n<h3><span style=\"font-weight: 400;\">Utilisations d&#039;Augmentin 1000 mg<\/span><\/h3>\n<p><span style=\"font-weight: 400;\">L&#039;Augmentin 1000 mg est couramment prescrit pour traiter la <\/span><a href=\"https:\/\/www.medicalnewstoday.com\/articles\/325154#:~:text=It%E2%80%99s%20used%20to%20treat%20infections%20caused%20by%20bacteria.\" target=\"_blank\" rel=\"nofollow noopener\"><span style=\"font-weight: 400;\">types suivants<\/span><\/a><span style=\"font-weight: 400;\"> des infections bact\u00e9riennes :<\/span><\/p>\n<ul>\n<li style=\"font-weight: 400;\" aria-level=\"1\"><b>Infections respiratoires :<\/b><span style=\"font-weight: 400;\"> Y compris la sinusite, la bronchite et la pneumonie<\/span><\/li>\n<li style=\"font-weight: 400;\" aria-level=\"1\"><b>Infections des voies urinaires :<\/b><span style=\"font-weight: 400;\"> Comme la cystite ou la py\u00e9lon\u00e9phrite<\/span><\/li>\n<li style=\"font-weight: 400;\" aria-level=\"1\"><b>Infections de la peau et des tissus mous :<\/b><span style=\"font-weight: 400;\"> Comme la cellulite ou les abc\u00e8s<\/span><\/li>\n<li style=\"font-weight: 400;\" aria-level=\"1\"><b>Infections dentaires :<\/b><span style=\"font-weight: 400;\"> Y compris les abc\u00e8s dentaires<\/span><\/li>\n<li style=\"font-weight: 400;\" aria-level=\"1\"><b>Infections osseuses et articulaires : <\/b><span style=\"font-weight: 400;\">Lorsqu&#039;elle est caus\u00e9e par des bact\u00e9ries sensibles<\/span><\/li>\n<li style=\"font-weight: 400;\" aria-level=\"1\"><b>Autres infections :<\/b><span style=\"font-weight: 400;\"> L&#039;Augmentin peut \u00e9galement \u00eatre utilis\u00e9 pour d&#039;autres infections, selon les directives d&#039;un professionnel de la sant\u00e9.<\/span><\/li>\n<\/ul>\n<h3><span style=\"font-weight: 400;\">Fonctionnement de l&#039;Augmentin 1000 mg\u00a0<\/span><\/h3>\n<p><span style=\"font-weight: 400;\">Les comprim\u00e9s d&#039;Augmentin combinent les actions de deux principes actifs :<\/span><\/p>\n<h4><span style=\"font-weight: 400;\">Amoxicilline<\/span><\/h4>\n<p><span style=\"font-weight: 400;\">L&#039;amoxicilline est un antibiotique qui <\/span><a href=\"https:\/\/www.sciencedirect.com\/science\/article\/pii\/S0032579119392880#:~:text=Amoxicillin%20acts%20by%20inhibiting%20the%20cross%2Dlinkage%20between%20the%20linear%20peptidoglycan%20polymer%20chains%20that%20make%20up%20the%20bacterial%20cell%20walls\" target=\"_blank\" rel=\"nofollow noopener\"><span style=\"font-weight: 400;\">\u0153uvres de<\/span><\/a><span style=\"font-weight: 400;\"> Perturbation de la construction des parois cellulaires bact\u00e9riennes. Sans parois cellulaires correctement form\u00e9es, les bact\u00e9ries s&#039;affaiblissent structurellement et ne peuvent conserver leur forme et leur int\u00e9grit\u00e9. Cette perturbation facilite l&#039;attaque et la destruction des bact\u00e9ries par le syst\u00e8me immunitaire. L&#039;amoxicilline cible et tue principalement un large \u00e9ventail de bact\u00e9ries, ce qui la rend efficace contre diverses infections.<\/span><\/p>\n<h4><span style=\"font-weight: 400;\">acide clavulanique<\/span><\/h4>\n<p><span style=\"font-weight: 400;\">L&#039;acide clavulanique est un m\u00e9dicament utilis\u00e9 dans <\/span><a href=\"https:\/\/www.ncbi.nlm.nih.gov\/books\/NBK545273\/#:~:text=Clavulanic%20acid%20is%20a%20medication%20that%20can%20be%20used%20in%20conjunction%20with%20amoxicillin%20to%20manage%20and%20treat%20bacterial%20infections\" target=\"_blank\" rel=\"nofollow noopener\"><span style=\"font-weight: 400;\">combinaison<\/span><\/a><span style=\"font-weight: 400;\"> avec des antibiotiques comme l&#039;amoxicilline pour renforcer leur efficacit\u00e9 contre les bact\u00e9ries. Ce m\u00e9dicament agit en inhibant les enzymes bact\u00e9riennes appel\u00e9es b\u00eata-lactamases, produites par certaines bact\u00e9ries pour neutraliser l&#039;amoxicilline. Les b\u00eata-lactamases peuvent d\u00e9grader ces antibiotiques, les rendant ainsi inefficaces. Acide clavulanique <\/span><a href=\"https:\/\/www.ncbi.nlm.nih.gov\/books\/NBK538164\/#:~:text=Clavulanic%20acid%20is%20a%20beta%2Dlactamase%20inhibitor%20often%20used%20in%20conjunction%20with%20amoxicillin%20to%20broaden%20its%20spectrum%20and%20combat%20resistance.%C2%A0\" rel=\"nofollow sponsored noopener\" target=\"_blank\"><span style=\"font-weight: 400;\">agit comme<\/span><\/a><span style=\"font-weight: 400;\"> Un inhibiteur de b\u00eata-lactamase, qui emp\u00eache les bact\u00e9ries de d\u00e9grader l&#039;amoxicilline. Cela permet \u00e0 l&#039;amoxicilline de continuer \u00e0 cibler et \u00e0 perturber les parois cellulaires bact\u00e9riennes. Il am\u00e9liore la capacit\u00e9 \u00e0 tuer un spectre plus large de bact\u00e9ries et augmente l&#039;efficacit\u00e9 globale de l&#039;association antibiotique contre les infections bact\u00e9riennes.<\/span><\/p>\n<h3><span style=\"font-weight: 400;\">Comment prendre 1000 mg d&#039;Augmentin<\/span><\/h3>\n<p><span style=\"font-weight: 400;\">Les comprim\u00e9s d&#039;Augmentin 1000 mg doivent \u00eatre aval\u00e9s entiers avec un grand verre d&#039;eau. Ils doivent \u00eatre pris au cours d&#039;un repas. Ne pas \u00e9craser ni casser les comprim\u00e9s, sauf avis contraire de votre professionnel de sant\u00e9.<\/span><\/p>","protected":false},"excerpt":{"rendered":"<ul>\n<li style=\"font-weight: 400;\" aria-level=\"1\"><span style=\"font-weight: 400;\">Traite les infections bact\u00e9riennes<\/span><\/li>\n<li style=\"font-weight: 400;\" aria-level=\"1\"><span style=\"font-weight: 400;\">Effet visible en 1 \u00e0 2 heures\u00a0<\/span><\/li>\n<li style=\"font-weight: 400;\" aria-level=\"1\"><span style=\"font-weight: 400;\">G\u00e8re l&#039;amygdalite et la sinusite<\/span><\/li>\n<li style=\"font-weight: 400;\" aria-level=\"1\"><span style=\"font-weight: 400;\">Antibiotique polyvalent et puissant<\/span><\/li>\n<li style=\"font-weight: 400;\" aria-level=\"1\"><span style=\"font-weight: 400;\">Exp\u00e9dition sous 24 heures<\/span><\/li>\n<\/ul>","protected":false},"featured_media":32909,"comment_status":"open","ping_status":"closed","template":"","meta":{"om_disable_all_campaigns":false,"_uf_show_specific_survey":0,"_uf_disable_surveys":false},"product_brand":[],"product_cat":[504],"product_tag":[],"class_list":{"0":"post-3801","1":"product","2":"type-product","3":"status-publish","4":"has-post-thumbnail","6":"product_cat-antibiotics","8":"first","9":"instock","10":"shipping-taxable","11":"purchasable","12":"product-type-variable","13":"has-default-attributes"},"_links":{"self":[{"href":"https:\/\/wowrxpharmacy.com\/fr_fr\/wp-json\/wp\/v2\/product\/3801","targetHints":{"allow":["GET"]}}],"collection":[{"href":"https:\/\/wowrxpharmacy.com\/fr_fr\/wp-json\/wp\/v2\/product"}],"about":[{"href":"https:\/\/wowrxpharmacy.com\/fr_fr\/wp-json\/wp\/v2\/types\/product"}],"replies":[{"embeddable":true,"href":"https:\/\/wowrxpharmacy.com\/fr_fr\/wp-json\/wp\/v2\/comments?post=3801"}],"wp:featuredmedia":[{"embeddable":true,"href":"https:\/\/wowrxpharmacy.com\/fr_fr\/wp-json\/wp\/v2\/media\/32909"}],"wp:attachment":[{"href":"https:\/\/wowrxpharmacy.com\/fr_fr\/wp-json\/wp\/v2\/media?parent=3801"}],"wp:term":[{"taxonomy":"product_brand","embeddable":true,"href":"https:\/\/wowrxpharmacy.com\/fr_fr\/wp-json\/wp\/v2\/product_brand?post=3801"},{"taxonomy":"product_cat","embeddable":true,"href":"https:\/\/wowrxpharmacy.com\/fr_fr\/wp-json\/wp\/v2\/product_cat?post=3801"},{"taxonomy":"product_tag","embeddable":true,"href":"https:\/\/wowrxpharmacy.com\/fr_fr\/wp-json\/wp\/v2\/product_tag?post=3801"}],"curies":[{"name":"wp","href":"https:\/\/api.w.org\/{rel}","templated":true}]}}