{"id":3365,"date":"2024-06-19T08:34:21","date_gmt":"2024-06-19T12:34:21","guid":{"rendered":"https:\/\/wowrxpharmacy.com\/?post_type=product&#038;p=3365"},"modified":"2024-10-16T03:51:28","modified_gmt":"2024-10-16T07:51:28","slug":"un-gel-retifie-0025-20-g","status":"publish","type":"product","link":"https:\/\/wowrxpharmacy.com\/fr_fr\/product\/un-gel-retifie-0025-20-g\/","title":{"rendered":"Gel de tr\u00e9tino\u00efne A Ret Gel 0,025% 20 g"},"content":{"rendered":"<h3><span style=\"font-weight: 400;\">\u00c0 propos du m\u00e9dicament<\/span><\/h3>\n<p><span style=\"font-weight: 400;\">Le gel A-Ret 0.025% est un traitement efficace contre les imperfections, l&#039;acn\u00e9 et les boutons. Son principe actif est la tr\u00e9tino\u00efne, et il est prescrit sous forme de gel topique pour une peau nette. Ce gel anti-acn\u00e9 agit pour r\u00e9duire l&#039;exc\u00e8s de s\u00e9bum et maintenir les pores propres.\u00a0<\/span><\/p>\n<p><span style=\"font-weight: 400;\">De plus, la tr\u00e9tino\u00efne 0,025 est une forme de vitamine A qui aide \u00e0 am\u00e9liorer la texture de la peau rugueuse du visage et \u00e0 att\u00e9nuer l&#039;apparence des ridules et des rides.<\/span><\/p>\n<p><span style=\"font-weight: 400;\">Le fabricant de ce gel est A. Menarini Pvt Ltd.\u00a0<\/span><\/p>\n<h3><span style=\"font-weight: 400;\">Utilisations d&#039;un gel Ret<\/span><\/h3>\n<p><span style=\"font-weight: 400;\">Le gel de tr\u00e9tino\u00efne 0,025 est accompagn\u00e9 de critiques tr\u00e8s positives et est un m\u00e9dicament recommand\u00e9 pour l&#039;acn\u00e9. <\/span><span style=\"font-weight: 400;\">En tant que m\u00e9dicament topique, il est appliqu\u00e9 sur la peau pour traiter l&#039;acn\u00e9.\u00a0<\/span><\/p>\n<p><span style=\"font-weight: 400;\">L&#039;acn\u00e9 appara\u00eet lorsque les follicules pileux \u00e0 la surface de la peau sont obstru\u00e9s par du s\u00e9bum, des cellules mortes et de la poussi\u00e8re, ce qui entra\u00eene des points noirs, des points blancs et des boutons. Pr\u00e9venir l&#039;obstruction des pores est crucial dans le traitement de l&#039;acn\u00e9.\u00a0<\/span><\/p>\n<p><span style=\"font-weight: 400;\">La tr\u00e9tino\u00efne 0,025 est un gel hautement efficace con\u00e7u pour d\u00e9sobstruer les pores. En favorisant une r\u00e9cup\u00e9ration plus rapide de la peau, il contribue \u00e9galement \u00e0 minimiser l&#039;apparition de nouvelles pouss\u00e9es d&#039;acn\u00e9.<\/span><\/p>\n<h3><span style=\"font-weight: 400;\">Fonctionnement de la tr\u00e9tino\u00efne 0,025<\/span><\/h3>\n<p><span style=\"font-weight: 400;\">Le gel A-Ret 0,025% contient de la tr\u00e9tino\u00efne, un principe actif qui acc\u00e9l\u00e8re l&#039;\u00e9limination des cellules mortes et la croissance de nouvelles cellules.<\/span><\/p>\n<p><span style=\"font-weight: 400;\">La tr\u00e9tino\u00efne aide \u00e0 \u00e9liminer les imperfections cutan\u00e9es en d\u00e9sobstruant les pores et en r\u00e9duisant le nombre de points noirs. Il a \u00e9t\u00e9 d\u00e9montr\u00e9 que le gel A Ret, une version \u00e0 base de vitamine A, peut retarder le processus de vieillissement. Il contribue au traitement de l&#039;acn\u00e9 en d\u00e9sobstruant les pores et en pr\u00e9venant les futures pouss\u00e9es.<\/span><\/p>\n<p><span style=\"font-weight: 400;\">Le gel<\/span><span style=\"font-weight: 400;\"> Les r\u00e9sultats peuvent prendre plus d&#039;une semaine avant d&#039;\u00eatre visibles. Il est donc essentiel de poursuivre le traitement, m\u00eame s&#039;il semble inefficace. De plus, son principe actif nourrit les peaux \u00e0 tendance acn\u00e9ique et \u00e9limine toute prolif\u00e9ration bact\u00e9rienne potentiellement pr\u00e9sente dans les pores.<\/span><\/p>\n<h3><span style=\"font-weight: 400;\">Comment utiliser le gel<\/span><\/h3>\n<p><span style=\"font-weight: 400;\">Pour un r\u00e9sultat optimal, suivez les recommandations de votre m\u00e9decin et appliquez le gel sur la peau avant le coucher. Avant d&#039;appliquer une fine couche de gel, assurez-vous que la zone est bien lav\u00e9e et parfaitement s\u00e9ch\u00e9e.<\/span><\/p>\n<p><span style=\"font-weight: 400;\">Ce m\u00e9dicament ne doit pas \u00eatre ing\u00e9r\u00e9, consomm\u00e9 ou appliqu\u00e9 sur une peau l\u00e9s\u00e9e. Pour une efficacit\u00e9 optimale, utilisez-le quotidiennement. Si votre \u00e9tat ne s&#039;am\u00e9liore pas apr\u00e8s quelques semaines, consultez \u00e0 nouveau votre m\u00e9decin.<\/span><\/p>","protected":false},"excerpt":{"rendered":"<ul>\n<li style=\"font-weight: 400;\" aria-level=\"1\"><span style=\"font-weight: 400;\">Test\u00e9 dermatologiquement et approuv\u00e9 par la FDA<\/span><\/li>\n<li style=\"font-weight: 400;\" aria-level=\"1\"><span style=\"font-weight: 400;\">R\u00e9duit l&#039;exc\u00e8s de s\u00e9bum, combat l&#039;acn\u00e9, minimise les rides<\/span><\/li>\n<li style=\"font-weight: 400;\" aria-level=\"1\"><span style=\"font-weight: 400;\">L\u00e9ger et facile \u00e0 utiliser<\/span><\/li>\n<li style=\"font-weight: 400;\" aria-level=\"1\"><span style=\"font-weight: 400;\">Moins d&#039;\u00e9ruptions cutan\u00e9es et un teint uniforme<\/span><\/li>\n<li style=\"font-weight: 400;\" aria-level=\"1\"><span style=\"font-weight: 400;\">Convient \u00e0 tous les types de peau<\/span><\/li>\n<\/ul>","protected":false},"featured_media":3455,"comment_status":"open","ping_status":"closed","template":"","meta":{"om_disable_all_campaigns":false,"_uf_show_specific_survey":0,"_uf_disable_surveys":false},"product_brand":[],"product_cat":[534],"product_tag":[],"class_list":{"0":"post-3365","1":"product","2":"type-product","3":"status-publish","4":"has-post-thumbnail","6":"product_cat-skin-care","8":"first","9":"instock","10":"shipping-taxable","11":"purchasable","12":"product-type-variable","13":"has-default-attributes"},"_links":{"self":[{"href":"https:\/\/wowrxpharmacy.com\/fr_fr\/wp-json\/wp\/v2\/product\/3365","targetHints":{"allow":["GET"]}}],"collection":[{"href":"https:\/\/wowrxpharmacy.com\/fr_fr\/wp-json\/wp\/v2\/product"}],"about":[{"href":"https:\/\/wowrxpharmacy.com\/fr_fr\/wp-json\/wp\/v2\/types\/product"}],"replies":[{"embeddable":true,"href":"https:\/\/wowrxpharmacy.com\/fr_fr\/wp-json\/wp\/v2\/comments?post=3365"}],"wp:featuredmedia":[{"embeddable":true,"href":"https:\/\/wowrxpharmacy.com\/fr_fr\/wp-json\/wp\/v2\/media\/3455"}],"wp:attachment":[{"href":"https:\/\/wowrxpharmacy.com\/fr_fr\/wp-json\/wp\/v2\/media?parent=3365"}],"wp:term":[{"taxonomy":"product_brand","embeddable":true,"href":"https:\/\/wowrxpharmacy.com\/fr_fr\/wp-json\/wp\/v2\/product_brand?post=3365"},{"taxonomy":"product_cat","embeddable":true,"href":"https:\/\/wowrxpharmacy.com\/fr_fr\/wp-json\/wp\/v2\/product_cat?post=3365"},{"taxonomy":"product_tag","embeddable":true,"href":"https:\/\/wowrxpharmacy.com\/fr_fr\/wp-json\/wp\/v2\/product_tag?post=3365"}],"curies":[{"name":"wp","href":"https:\/\/api.w.org\/{rel}","templated":true}]}}