{"id":30639,"date":"2024-08-16T08:08:56","date_gmt":"2024-08-16T12:08:56","guid":{"rendered":"https:\/\/wowrxpharmacy.com\/?post_type=product&#038;p=30639"},"modified":"2024-10-16T03:47:36","modified_gmt":"2024-10-16T07:47:36","slug":"resine-dor-kapiva-shilajit","status":"publish","type":"product","link":"https:\/\/wowrxpharmacy.com\/fr_fr\/product\/resine-dor-kapiva-shilajit\/","title":{"rendered":"R\u00e9sine d&#039;or Kapiva shilajit"},"content":{"rendered":"<h3><span style=\"font-weight: 400;\">\u00c0 propos de la r\u00e9sine d&#039;or Shilajit<\/span><\/h3>\n<p><span style=\"font-weight: 400;\">Kapiva pr\u00e9sente la meilleure r\u00e9sine d&#039;or Shilajit, un produit ayurv\u00e9dique qui lib\u00e8re la puissance du Shilajit, un ingr\u00e9dient naturel reconnu pour ses propri\u00e9t\u00e9s \u00e9nergisantes. Les ingr\u00e9dients cl\u00e9s de ce m\u00e9dicament comprennent \u00e9galement du Nagori Ashwagandha r\u00e9colt\u00e9 au 183e jour, du Swarna Bhasma, du Gokshura et du Black Musli, ainsi que de l&#039;or 24 carats.\u00a0<\/span><\/p>\n<p><span style=\"font-weight: 400;\">Il se pr\u00e9sente sous forme de r\u00e9sine, une substance visqueuse de couleur fonc\u00e9e. Il exploite le pouvoir des vitamines et des min\u00e9raux pour booster l&#039;\u00e9nergie. Le fabricant est Uma Ayurvedics Pvt. Ltd. Il est facilement disponible au meilleur prix chez WowRxPharmacy.<\/span><\/p>\n<h3><span style=\"font-weight: 400;\">Utilisations de la r\u00e9sine d&#039;or Shilajit<\/span><\/h3>\n<p><span style=\"font-weight: 400;\">Les utilisations et les avantages de la r\u00e9sine d&#039;or Shilajit comprennent :<\/span><\/p>\n<ul>\n<li style=\"font-weight: 400;\" aria-level=\"1\"><b>Am\u00e9liorer la force et l&#039;endurance :<\/b><span style=\"font-weight: 400;\"> Shilajit est <\/span><a href=\"https:\/\/www.ncbi.nlm.nih.gov\/pmc\/articles\/PMC3296184\/#:~:text=increase%20physical%20strength\" target=\"_blank\" rel=\"noopener\"><span style=\"font-weight: 400;\">connu<\/span><\/a><span style=\"font-weight: 400;\"> pour augmenter la force physique et l&#039;endurance, ce qui le rend parfait pour les activit\u00e9s quotidiennes et en salle de sport<\/span><\/li>\n<li style=\"font-weight: 400;\" aria-level=\"1\"><b>Augmenter la testost\u00e9rone :<\/b><span style=\"font-weight: 400;\"> La r\u00e9sine d&#039;or Shilajit peut aider \u00e0 \u00e9quilibrer les hormones, notamment en augmentant les niveaux de testost\u00e9rone, <\/span><a href=\"https:\/\/pubmed.ncbi.nlm.nih.gov\/26395129\/#:~:text=Treatment%20with%20Shilajit%20for%20consecutive%2090%20days%20revealed%20that%20it%20has%20significantly%20(P%20%3C%200.05)%20increased%20total%20testosterone%2C%20free%20testosterone\" target=\"_blank\" rel=\"noopener\"><span style=\"font-weight: 400;\">trois<\/span><\/a><span style=\"font-weight: 400;\"> mois<\/span><\/li>\n<li style=\"font-weight: 400;\" aria-level=\"1\"><b>Croissance musculaire plus rapide :<\/b><span style=\"font-weight: 400;\"> Utilis\u00e9 r\u00e9guli\u00e8rement, ce produit peut entra\u00eener une croissance musculaire en deux mois<\/span><\/li>\n<li style=\"font-weight: 400;\" aria-level=\"1\"><b>Un meilleur sommeil :<\/b><span style=\"font-weight: 400;\"> Le shilajit peut r\u00e9duire les niveaux d&#039;anxi\u00e9t\u00e9 et de stress, ce qui entra\u00eene un meilleur sommeil et une meilleure relaxation<\/span><\/li>\n<li style=\"font-weight: 400;\" aria-level=\"1\"><b>Promouvoir la sant\u00e9 sexuelle<\/b><span style=\"font-weight: 400;\">: Le shilajit a des propri\u00e9t\u00e9s aphrodisiaques et peut aider \u00e0 am\u00e9liorer le d\u00e9sir sexuel et les performances chez les hommes<\/span><\/li>\n<li style=\"font-weight: 400;\" aria-level=\"1\"><b>Meilleure absorption des prot\u00e9ines :<\/b><span style=\"font-weight: 400;\"> La r\u00e9sine dor\u00e9e de Shilajit favorise l&#039;absorption des nutriments et des prot\u00e9ines. Elle peut \u00e9galement \u00eatre prise en compl\u00e9ment de compl\u00e9ments prot\u00e9in\u00e9s.<\/span><\/li>\n<li style=\"font-weight: 400;\" aria-level=\"1\"><b>R\u00e9cup\u00e9ration musculaire plus rapide :<\/b><span style=\"font-weight: 400;\"> Ce compl\u00e9ment \u00e0 base de plantes r\u00e9duit les douleurs musculaires, soulageant et acc\u00e9l\u00e9rant la croissance musculaire. <\/span><span style=\"font-weight: 400;\">r\u00e9cup\u00e9ration<\/span><\/li>\n<li style=\"font-weight: 400;\" aria-level=\"1\"><b>Meilleure sant\u00e9 des articulations :<\/b><span style=\"font-weight: 400;\"> L&#039;or Shilajit poss\u00e8de le pouvoir de cinq ingr\u00e9dients cl\u00e9s qui am\u00e9liorent la densit\u00e9 et la sant\u00e9 osseuses, renfor\u00e7ant ainsi les articulations<\/span><\/li>\n<\/ul>\n<h3><span style=\"font-weight: 400;\">Comment utiliser la r\u00e9sine d&#039;or Shilajit ?<\/span><\/h3>\n<p><span style=\"font-weight: 400;\">Pour obtenir les meilleurs r\u00e9sultats avec la r\u00e9sine d&#039;or Shilajit, il est essentiel de garder quelques points \u00e0 l&#039;esprit :<\/span><\/p>\n<ul>\n<li style=\"font-weight: 400;\" aria-level=\"1\"><span style=\"font-weight: 400;\">Prendre 1\/4 de r\u00e9sine d&#039;or Shilajit dans la cuill\u00e8re du paquet ou selon les directives du m\u00e9decin.<\/span><\/li>\n<li style=\"font-weight: 400;\" aria-level=\"1\"><span style=\"font-weight: 400;\">Ajouter \u00e0 de l&#039;eau ti\u00e8de ou du lait<\/span><\/li>\n<li style=\"font-weight: 400;\" aria-level=\"1\"><span style=\"font-weight: 400;\">Consommez deux fois par jour apr\u00e8s les repas pour de meilleurs r\u00e9sultats<\/span><\/li>\n<li style=\"font-weight: 400;\" aria-level=\"1\"><span style=\"font-weight: 400;\">Progressivement, la portion peut \u00eatre augment\u00e9e jusqu&#039;\u00e0 3\/4 de cuill\u00e8re.<\/span><\/li>\n<\/ul>","protected":false},"excerpt":{"rendered":"<ul>\n<li style=\"font-weight: 400;\" aria-level=\"1\"><span style=\"font-weight: 400;\">Contient de l&#039;or 24 carats<\/span><\/li>\n<li style=\"font-weight: 400;\" aria-level=\"1\"><span style=\"font-weight: 400;\">Am\u00e9liore l&#039;endurance et l&#039;\u00e9nergie<\/span><\/li>\n<li style=\"font-weight: 400;\" aria-level=\"1\"><span style=\"font-weight: 400;\">Am\u00e9liore les performances en salle de sport<\/span><\/li>\n<li style=\"font-weight: 400;\" aria-level=\"1\"><span style=\"font-weight: 400;\">R\u00e9cup\u00e9ration musculaire plus rapide<\/span><\/li>\n<li style=\"font-weight: 400;\" aria-level=\"1\"><span style=\"font-weight: 400;\">Exp\u00e9dition sous 24 heures<\/span><\/li>\n<\/ul>","protected":false},"featured_media":30643,"comment_status":"open","ping_status":"closed","template":"","meta":{"om_disable_all_campaigns":false,"_uf_show_specific_survey":0,"_uf_disable_surveys":false},"product_brand":[],"product_cat":[1998],"product_tag":[],"class_list":{"0":"post-30639","1":"product","2":"type-product","3":"status-publish","4":"has-post-thumbnail","6":"product_cat-ayurvedic-supplements","8":"first","9":"instock","10":"sale","11":"shipping-taxable","12":"purchasable","13":"product-type-variable","14":"has-default-attributes"},"_links":{"self":[{"href":"https:\/\/wowrxpharmacy.com\/fr_fr\/wp-json\/wp\/v2\/product\/30639","targetHints":{"allow":["GET"]}}],"collection":[{"href":"https:\/\/wowrxpharmacy.com\/fr_fr\/wp-json\/wp\/v2\/product"}],"about":[{"href":"https:\/\/wowrxpharmacy.com\/fr_fr\/wp-json\/wp\/v2\/types\/product"}],"replies":[{"embeddable":true,"href":"https:\/\/wowrxpharmacy.com\/fr_fr\/wp-json\/wp\/v2\/comments?post=30639"}],"wp:featuredmedia":[{"embeddable":true,"href":"https:\/\/wowrxpharmacy.com\/fr_fr\/wp-json\/wp\/v2\/media\/30643"}],"wp:attachment":[{"href":"https:\/\/wowrxpharmacy.com\/fr_fr\/wp-json\/wp\/v2\/media?parent=30639"}],"wp:term":[{"taxonomy":"product_brand","embeddable":true,"href":"https:\/\/wowrxpharmacy.com\/fr_fr\/wp-json\/wp\/v2\/product_brand?post=30639"},{"taxonomy":"product_cat","embeddable":true,"href":"https:\/\/wowrxpharmacy.com\/fr_fr\/wp-json\/wp\/v2\/product_cat?post=30639"},{"taxonomy":"product_tag","embeddable":true,"href":"https:\/\/wowrxpharmacy.com\/fr_fr\/wp-json\/wp\/v2\/product_tag?post=30639"}],"curies":[{"name":"wp","href":"https:\/\/api.w.org\/{rel}","templated":true}]}}