{"id":4962,"date":"2024-07-15T08:33:25","date_gmt":"2024-07-15T12:33:25","guid":{"rendered":"https:\/\/wowrxpharmacy.com\/?page_id=4962"},"modified":"2024-08-19T06:13:43","modified_gmt":"2024-08-19T10:13:43","slug":"options-de-paiement","status":"publish","type":"page","link":"https:\/\/wowrxpharmacy.com\/fr_fr\/options-de-paiement\/","title":{"rendered":"Options de paiement"},"content":{"rendered":"<div class=\"wpb-content-wrapper\"><div class=\"vc_row wpb_row vc_row-fluid vc_column-gap-24\" >\n\t<div class=\"container et-clearfix\">\n\t\t<div class=\"wpb_column vc_column_container vc_col-sm-12 text-align-none\" >\n\t<div class=\"vc_column-inner vci\" >\n\t\t<div class=\"wpb_wrapper\">\n\t\t\t<h1 style=\"color: #000000;text-align: center\" class=\"vc_custom_heading\" ><a href=\"https:\/\/wowrxpharmacy.com\/fr_fr\/options-de-paiement\/\" title=\"Options de paiement\">Options de paiement<\/a><\/h1>\t\t<\/div>\n\t\t<div class=\"col-back\">\n\t\t\t\t\t<\/div>\n\t<\/div>\n<\/div>\t<\/div>\n\t<div class=\"row-back\">\n\t\t\t\t\t<\/div>\n<\/div><div class=\"vc_row wpb_row vc_row-fluid vc_column-gap-24\" >\n\t<div class=\"container et-clearfix\">\n\t\t<div class=\"wpb_column vc_column_container vc_col-sm-12 text-align-none\" >\n\t<div class=\"vc_column-inner vci\" >\n\t\t<div class=\"wpb_wrapper\">\n\t\t\t\n<div class=\"wpb_text_column wpb_content_element\"  data-del=\"0\">\n\t<div class=\"wpb_wrapper\">\n\t\t<p>Pour des transactions fluides et s\u00e9curis\u00e9es, nous proposons diff\u00e9rentes options de paiement chez WowRx.<\/p>\n<p>Commandez facilement vos m\u00e9dicaments en ligne et profitez de la livraison \u00e0 domicile dans le confort de votre maison.<\/p>\n<p>Nous accordons la priorit\u00e9 \u00e0 la s\u00e9curit\u00e9 des donn\u00e9es de nos clients gr\u00e2ce \u00e0 des mesures de protection robustes pour emp\u00eacher les transactions non autoris\u00e9es et les violations de donn\u00e9es.<\/p>\n<p>Les modes de paiement accept\u00e9s incluent\u00a0:<\/p>\n<p><\/p>\n<ul class=\"wp-block-list\">\n<li>Virement bancaire<\/li>\n<p><\/p>\n<li>Bitcoin<\/li>\n<p><\/p>\n<li>ch\u00e8que \u00e9lectronique\/mandat<\/li>\n<p><\/p>\n<li>Autres options<\/li>\n<\/ul>\n<p>Pour toute demande de renseignements ou pour conna\u00eetre d&#039;autres m\u00e9thodes de paiement, n&#039;h\u00e9sitez pas \u00e0 contacter notre \u00e9quipe de support client.<\/p>\n\t<\/div>\n<\/div>\n\n\t\t<\/div>\n\t\t<div class=\"col-back\">\n\t\t\t\t\t<\/div>\n\t<\/div>\n<\/div>\t<\/div>\n\t<div class=\"row-back\">\n\t\t\t\t\t<\/div>\n<\/div>\n<\/div>","protected":false},"excerpt":{"rendered":"Payment Options For seamless transactions and security, we offer various payment options at WowRx. Conveniently order medications online and enjoy doorstep delivery from the comfort of your home. We prioritize the security of our customer\u2019s data with robust protective measures to prevent unauthorized transactions and data breaches. Payment methods accepted include: Bank Transfer Bitcoin eCheck\/Money [...]","protected":false},"author":1,"featured_media":0,"parent":0,"menu_order":0,"comment_status":"closed","ping_status":"closed","template":"","meta":{"om_disable_all_campaigns":false,"_uf_show_specific_survey":0,"_uf_disable_surveys":false,"footnotes":""},"class_list":["post-4962","page","type-page","status-publish","hentry"],"_links":{"self":[{"href":"https:\/\/wowrxpharmacy.com\/fr_fr\/wp-json\/wp\/v2\/pages\/4962","targetHints":{"allow":["GET"]}}],"collection":[{"href":"https:\/\/wowrxpharmacy.com\/fr_fr\/wp-json\/wp\/v2\/pages"}],"about":[{"href":"https:\/\/wowrxpharmacy.com\/fr_fr\/wp-json\/wp\/v2\/types\/page"}],"author":[{"embeddable":true,"href":"https:\/\/wowrxpharmacy.com\/fr_fr\/wp-json\/wp\/v2\/users\/1"}],"replies":[{"embeddable":true,"href":"https:\/\/wowrxpharmacy.com\/fr_fr\/wp-json\/wp\/v2\/comments?post=4962"}],"version-history":[{"count":3,"href":"https:\/\/wowrxpharmacy.com\/fr_fr\/wp-json\/wp\/v2\/pages\/4962\/revisions"}],"predecessor-version":[{"id":30919,"href":"https:\/\/wowrxpharmacy.com\/fr_fr\/wp-json\/wp\/v2\/pages\/4962\/revisions\/30919"}],"wp:attachment":[{"href":"https:\/\/wowrxpharmacy.com\/fr_fr\/wp-json\/wp\/v2\/media?parent=4962"}],"curies":[{"name":"wp","href":"https:\/\/api.w.org\/{rel}","templated":true}]}}