{"id":5091,"date":"2024-10-01T06:30:57","date_gmt":"2024-10-01T10:30:57","guid":{"rendered":"https:\/\/wowrxpharmacy.com\/?post_type=product&#038;p=5091"},"modified":"2024-10-16T03:47:36","modified_gmt":"2024-10-16T07:47:36","slug":"peroclin-gel-5","status":"publish","type":"product","link":"https:\/\/wowrxpharmacy.com\/fr\/product\/peroclin-gel-5\/","title":{"rendered":"Gel Peroclin 5%"},"content":{"rendered":"<h3><span style=\"font-weight: 400;\">\u00c0 propos du gel Peroclin 5%<\/span><\/h3>\n<p><span style=\"font-weight: 400;\">Le gel Peroclin 5% est l&#039;un des meilleurs traitements contre l&#039;acn\u00e9, pour une peau nette et impeccable. Gr\u00e2ce \u00e0 l&#039;efficacit\u00e9 de deux ingr\u00e9dients principaux, le peroxyde de benzoyle et la clindamycine, le gel Peroclin 5% peut r\u00e9duire efficacement l&#039;acn\u00e9 l\u00e9g\u00e8re \u00e0 mod\u00e9r\u00e9e.\u00a0<\/span><\/p>\n<p><span style=\"font-weight: 400;\">L&#039;acn\u00e9 est un probl\u00e8me de peau courant qui provoque l&#039;apparition de points blancs, de points noirs et de boutons lorsque les pores sont obstru\u00e9s. Le gel Peroclin ouvre les pores et tue les bact\u00e9ries responsables de l&#039;acn\u00e9 pour une peau impeccable et r\u00e9g\u00e9n\u00e9r\u00e9e. Il fait partie des m\u00e9dicaments anti-acn\u00e9.\u00a0<\/span><\/p>\n<p><span style=\"font-weight: 400;\">Ajanta Pharma Ltd fabrique ce m\u00e9dicament et vous pouvez l&#039;acheter facilement aupr\u00e8s de WowRx aux meilleurs prix.<\/span><\/p>\n<h3><span style=\"font-weight: 400;\">Utilisations du gel Peroclin 5%<\/span><\/h3>\n<p><span style=\"font-weight: 400;\">Le gel Peroclin 5% est <\/span><a href=\"https:\/\/dailymed.nlm.nih.gov\/dailymed\/fda\/fdaDrugXsl.cfm?setid=9cba4e83-64b0-43b6-a337-cd0fd4744d31&amp;type=display#:~:text=Clindamycin%20and%20benzoyl%20peroxide%20topical%20gel%2C%201%25\/5%25%20is%20indicated%20for%20the%20topical%20treatment%20of%20acne%20vulgaris.\" target=\"_blank\" rel=\"nofollow noopener\"><span style=\"font-weight: 400;\">principalement<\/span><\/a><span style=\"font-weight: 400;\"> Utilis\u00e9 pour traiter et contr\u00f4ler l&#039;acn\u00e9 vulgaire, commun\u00e9ment appel\u00e9e acn\u00e9. Ce m\u00e9dicament contre l&#039;acn\u00e9 a \u00e9galement un l\u00e9ger effet ass\u00e9chant, \u00e9liminant l&#039;exc\u00e8s de s\u00e9bum et les impuret\u00e9s de la peau. Le gel Peroclin maintient les pores ouverts et pr\u00e9vient la prolif\u00e9ration bact\u00e9rienne, r\u00e9duisant ainsi la fr\u00e9quence des pouss\u00e9es d&#039;acn\u00e9.<\/span><\/p>\n<h3><span style=\"font-weight: 400;\">Comment fonctionne Peroclin Gel 5% ?<\/span><\/h3>\n<p><span style=\"font-weight: 400;\">Peroclin Gel 5% contient deux ingr\u00e9dients actifs qui agissent ensemble pour traiter l&#039;acn\u00e9 et pr\u00e9venir sa r\u00e9cidive.<\/span><\/p>\n<h4><span style=\"font-weight: 400;\">Clindamycine (antibiotique)<\/span><\/h4>\n<p><span style=\"font-weight: 400;\">La clindamycine est l&#039;un des m\u00e9dicaments les plus couramment utilis\u00e9s pour traiter l&#039;acn\u00e9. Elle appartient \u00e0 la classe des antibiotiques et agit en <\/span><a href=\"https:\/\/medlineplus.gov\/druginfo\/meds\/a609005.html#:~:text=Topical%20clindamycin%20is%20used%20to%20treat%20acne.%20Clindamycin%20is%20in%20a%20class%20of%20medications%20called%20lincomycin%20antibiotics.%20It%20works%20by%20slowing%20or%20stopping%20the%20growth%20of%20bacteria%20that%20cause%20acne%20and%20by%20decreasing%20swelling.\" target=\"_blank\" rel=\"nofollow noopener\"><span style=\"font-weight: 400;\">arr\u00eat<\/span><\/a><span style=\"font-weight: 400;\"> La clindamycine inhibe la croissance des bact\u00e9ries responsables de l&#039;acn\u00e9. Elle inhibe la synth\u00e8se de certaines prot\u00e9ines essentielles \u00e0 la reproduction, entra\u00eenant la lyse cellulaire. Elle r\u00e9duit ainsi les gonflements et les pouss\u00e9es d&#039;acn\u00e9 fr\u00e9quentes.<\/span><\/p>\n<h4><span style=\"font-weight: 400;\">Peroxyde de benzoyle (agent k\u00e9ratolytique)<\/span><\/h4>\n<p><span style=\"font-weight: 400;\">Le peroxyde de benzoyle dissout la k\u00e9ratine, ce qui maintient les pores ouverts et r\u00e9duit les pouss\u00e9es d&#039;acn\u00e9. Il \u00e9limine \u00e9galement les cellules mortes, les points noirs et blancs, et adoucit la peau. Le peroxyde de benzoyle poss\u00e8de \u00e9galement des propri\u00e9t\u00e9s antibact\u00e9riennes qui tuent les bact\u00e9ries responsables de l&#039;acn\u00e9 et r\u00e9duisent les boutons. Il r\u00e9g\u00e9n\u00e8re ainsi la peau.<\/span><\/p>\n<h3><span style=\"font-weight: 400;\">Comment utiliser Peroclin Gel 5% ?<\/span><\/h3>\n<p><span style=\"font-weight: 400;\">Pour de meilleurs r\u00e9sultats, appliquez le gel Peroclin 5% dans le <\/span><a href=\"https:\/\/www.mayoclinic.org\/drugs-supplements\/benzoyl-peroxide-and-clindamycin-topical-application-route\/side-effects\/drg-20073165?p=1#:~:text=It%20is%20very,rub%20it%20in.\" target=\"_blank\" rel=\"nofollow noopener\"><span style=\"font-weight: 400;\">suivant<\/span><\/a><span style=\"font-weight: 400;\"> fa\u00e7ons:<\/span><\/p>\n<ul>\n<li style=\"font-weight: 400;\" aria-level=\"1\"><span style=\"font-weight: 400;\">Tout d\u2019abord, lisez la notice d\u2019information avant d\u2019appliquer Peroclin Gel<\/span><\/li>\n<li style=\"font-weight: 400;\" aria-level=\"1\"><span style=\"font-weight: 400;\">Lavez-vous les mains et la zone affect\u00e9e \u00e0 l&#039;eau ti\u00e8de et s\u00e9chez la zone<\/span><\/li>\n<li style=\"font-weight: 400;\" aria-level=\"1\"><span style=\"font-weight: 400;\">Appliquez la dose prescrite de Percolin Gel 5% dans votre main et appliquez une fine couche sur la zone affect\u00e9e<\/span><\/li>\n<li style=\"font-weight: 400;\" aria-level=\"1\"><span style=\"font-weight: 400;\">Ne massez pas la zone affect\u00e9e. Frottez-la plut\u00f4t doucement.<\/span><\/li>\n<li style=\"font-weight: 400;\" aria-level=\"1\"><span style=\"font-weight: 400;\">\u00c9vitez tout contact avec les yeux, la bouche, le nez, les oreilles, le vagin et les zones sensibles, bless\u00e9es ou br\u00fbl\u00e9es par le soleil.<\/span><\/li>\n<li style=\"font-weight: 400;\" aria-level=\"1\"><span style=\"font-weight: 400;\">Appliquer le m\u00e9dicament \u00e0 la m\u00eame heure chaque jour pendant la dur\u00e9e prescrite<\/span><\/li>\n<li style=\"font-weight: 400;\" aria-level=\"1\"><span style=\"font-weight: 400;\">N&#039;appliquez pas trop de gel Peroclin, car cela ralentirait la cicatrisation. Une utilisation excessive peut entra\u00eener des effets secondaires, tels que desquamation, irritation et rougeurs.<\/span><\/li>\n<li style=\"font-weight: 400;\" aria-level=\"1\"><span style=\"font-weight: 400;\">Vous pouvez utiliser ce m\u00e9dicament pendant 12 semaines. Cependant, il ne doit pas \u00eatre utilis\u00e9 \u00e0 long terme. Consultez votre m\u00e9decin et respectez la dur\u00e9e prescrite.<\/span><\/li>\n<\/ul>","protected":false},"excerpt":{"rendered":"<ul>\n<li style=\"font-weight: 400;\" aria-level=\"1\"><span style=\"font-weight: 400;\">Avec la puissance du peroxyde de benzoyle et de la clindamycine<\/span><\/li>\n<li style=\"font-weight: 400;\" aria-level=\"1\"><span style=\"font-weight: 400;\">Traite l&#039;acn\u00e9, les points noirs et les points blancs<\/span><\/li>\n<li style=\"font-weight: 400;\" aria-level=\"1\"><span style=\"font-weight: 400;\">R\u00e9sultats visibles en 2 \u00e0 3 semaines<\/span><\/li>\n<li style=\"font-weight: 400;\" aria-level=\"1\"><span style=\"font-weight: 400;\">Gel topique facile \u00e0 utiliser<\/span><\/li>\n<li style=\"font-weight: 400;\" aria-level=\"1\"><span style=\"font-weight: 400;\">Exp\u00e9di\u00e9 et exp\u00e9di\u00e9 rapidement<\/span><\/li>\n<\/ul>","protected":false},"featured_media":5106,"comment_status":"open","ping_status":"closed","template":"","meta":{"om_disable_all_campaigns":false,"_uf_show_specific_survey":0,"_uf_disable_surveys":false},"product_brand":[],"product_cat":[534],"product_tag":[],"class_list":{"0":"post-5091","1":"product","2":"type-product","3":"status-publish","4":"has-post-thumbnail","6":"product_cat-skin-care","8":"first","9":"instock","10":"shipping-taxable","11":"purchasable","12":"product-type-variable","13":"has-default-attributes"},"_links":{"self":[{"href":"https:\/\/wowrxpharmacy.com\/fr\/wp-json\/wp\/v2\/product\/5091","targetHints":{"allow":["GET"]}}],"collection":[{"href":"https:\/\/wowrxpharmacy.com\/fr\/wp-json\/wp\/v2\/product"}],"about":[{"href":"https:\/\/wowrxpharmacy.com\/fr\/wp-json\/wp\/v2\/types\/product"}],"replies":[{"embeddable":true,"href":"https:\/\/wowrxpharmacy.com\/fr\/wp-json\/wp\/v2\/comments?post=5091"}],"wp:featuredmedia":[{"embeddable":true,"href":"https:\/\/wowrxpharmacy.com\/fr\/wp-json\/wp\/v2\/media\/5106"}],"wp:attachment":[{"href":"https:\/\/wowrxpharmacy.com\/fr\/wp-json\/wp\/v2\/media?parent=5091"}],"wp:term":[{"taxonomy":"product_brand","embeddable":true,"href":"https:\/\/wowrxpharmacy.com\/fr\/wp-json\/wp\/v2\/product_brand?post=5091"},{"taxonomy":"product_cat","embeddable":true,"href":"https:\/\/wowrxpharmacy.com\/fr\/wp-json\/wp\/v2\/product_cat?post=5091"},{"taxonomy":"product_tag","embeddable":true,"href":"https:\/\/wowrxpharmacy.com\/fr\/wp-json\/wp\/v2\/product_tag?post=5091"}],"curies":[{"name":"wp","href":"https:\/\/api.w.org\/{rel}","templated":true}]}}