{"id":5000,"date":"2024-09-27T06:00:56","date_gmt":"2024-09-27T10:00:56","guid":{"rendered":"https:\/\/wowrxpharmacy.com\/?post_type=product&#038;p=5000"},"modified":"2024-11-22T05:33:34","modified_gmt":"2024-11-22T10:33:34","slug":"melalite-forte-cream-30-gm","status":"publish","type":"product","link":"https:\/\/wowrxpharmacy.com\/fr\/product\/melalite-forte-cream-30-gm\/","title":{"rendered":"Cr\u00e8me Melalite Forte 4% 30 g"},"content":{"rendered":"<h3><span style=\"font-weight: 400;\">\u00c0 propos de la cr\u00e8me Melalite Forte 30 g<\/span><\/h3>\n<p><span style=\"font-weight: 400;\">La cr\u00e8me Melalite Forte est un traitement standard contre l&#039;hyperpigmentation et les taches brunes. Ce traitement contre l&#039;hyperpigmentation contient de l&#039;hydroquinone et appartient \u00e0 la classe des agents \u00e9claircissants.\u00a0<\/span><\/p>\n<p><span style=\"font-weight: 400;\">Il traite le m\u00e9lasma, les taches de rousseur, les taches de vieillesse et les taches brunes, qui r\u00e9sultent souvent de l\u2019exposition de la peau aux rayons UV.\u00a0<\/span><\/p>\n<p><span style=\"font-weight: 400;\">Abbott India Ltd fabrique la cr\u00e8me Melalite Forte et vous pouvez l&#039;acheter aupr\u00e8s de WowRx \u00e0 des prix r\u00e9duits.<\/span><\/p>\n<h3><span style=\"font-weight: 400;\">Utilisations de la cr\u00e8me Melalite Forte 30 g<\/span><\/h3>\n<p><span style=\"font-weight: 400;\">La cr\u00e8me Melalite Forte 30 g est efficace pour r\u00e9duire l&#039;hyperpigmentation et traiter le m\u00e9lasma. Elle peut \u00e9galement \u00eatre utilis\u00e9e pour traiter toutes les affections cutan\u00e9es associ\u00e9es \u00e0 l&#039;hyperpigmentation. De plus, elle peut att\u00e9nuer les taches de vieillesse, les taches de rousseur et les taches brunes, et uniformiser le teint.\u00a0<\/span><\/p>\n<p><span style=\"font-weight: 400;\">La cr\u00e8me \u00e0 l&#039;hydroquinone peut \u00e9galement traiter le chloasma, une d\u00e9coloration de la peau caus\u00e9e par un d\u00e9s\u00e9quilibre hormonal, une hyperpigmentation post-inflammatoire r\u00e9sultant de blessures cutan\u00e9es ou des l\u00e9sions d&#039;acn\u00e9.<\/span><\/p>\n<h3><span style=\"font-weight: 400;\">Comment fonctionne l&#039;hydroquinone ?<\/span><\/h3>\n<p><span style=\"font-weight: 400;\">Cr\u00e8me Melalite Forte 4% 30 g <\/span><a href=\"https:\/\/www.aocd.org\/page\/Hydroquinone#:~:text=Mechanism%3A%20Hydroquinone,to%20lighter%20skin.\" target=\"_blank\" rel=\"nofollow noopener\"><span style=\"font-weight: 400;\">contient<\/span><\/a><span style=\"font-weight: 400;\"> L&#039;hydroquinone est un ingr\u00e9dient actif. Elle agit comme un agent d\u00e9pigmentant cutan\u00e9. Elle interf\u00e8re avec la synth\u00e8se de m\u00e9lanine en inhibant l&#039;enzyme tyrosinase, essentielle \u00e0 la synth\u00e8se de m\u00e9lanine. Cela entra\u00eene une diminution du nombre de m\u00e9lanocytes et de la production de m\u00e9lanine. Elle contribue \u00e9galement \u00e0 \u00e9claircir les taches brunes et les taches de vieillesse caus\u00e9es par le m\u00e9lasma.<\/span><\/p>\n<h3><span style=\"font-weight: 400;\">Comment utiliser la cr\u00e8me Melalite Forte 30 g ?<\/span><\/h3>\n<p><span style=\"font-weight: 400;\">Voici comment appliquer la cr\u00e8me Melalite Forte 30 g pour obtenir les meilleurs r\u00e9sultats\u00a0:<\/span><\/p>\n<ul>\n<li style=\"font-weight: 400;\" aria-level=\"1\"><span style=\"font-weight: 400;\">Nettoyez et s\u00e9chez la zone affect\u00e9e avant d&#039;utiliser la cr\u00e8me<\/span><\/li>\n<li style=\"font-weight: 400;\" aria-level=\"1\"><span style=\"font-weight: 400;\">Appliquez d\u00e9licatement une couche de ce produit sur la zone affect\u00e9e<\/span><\/li>\n<li style=\"font-weight: 400;\" aria-level=\"1\"><span style=\"font-weight: 400;\">\u00c9vitez les zones sensibles, comme les yeux, la bouche et le nez<\/span><\/li>\n<li style=\"font-weight: 400;\" aria-level=\"1\"><span style=\"font-weight: 400;\">Lavez-vous les mains apr\u00e8s avoir utilis\u00e9 la cr\u00e8me<\/span><\/li>\n<li style=\"font-weight: 400;\" aria-level=\"1\"><span style=\"font-weight: 400;\">Appliquez la cr\u00e8me quotidiennement ou selon les directives de votre m\u00e9decin.<\/span><\/li>\n<li style=\"font-weight: 400;\" aria-level=\"1\"><span style=\"font-weight: 400;\">Ne couvrez pas la zone apr\u00e8s avoir appliqu\u00e9 la cr\u00e8me, sauf indication contraire.<\/span><\/li>\n<li style=\"font-weight: 400;\" aria-level=\"1\"><span style=\"font-weight: 400;\">La cr\u00e8me topique est strictement con\u00e7ue pour un usage externe uniquement<\/span><\/li>\n<\/ul>","protected":false},"excerpt":{"rendered":"<p>La cr\u00e8me Melalite Forte, \u00e0 l&#039;hydroquinone, \u00e9claircit les taches brunes et sublime le teint. Recommand\u00e9e par les dermatologues, elle est facile \u00e0 appliquer pour une peau \u00e9clatante.<\/p>","protected":false},"featured_media":0,"comment_status":"open","ping_status":"closed","template":"","meta":{"om_disable_all_campaigns":false,"_uf_show_specific_survey":0,"_uf_disable_surveys":false},"product_brand":[],"product_cat":[534],"product_tag":[],"class_list":{"0":"post-5000","1":"product","2":"type-product","3":"status-publish","5":"product_cat-skin-care","7":"first","8":"instock","9":"sale","10":"shipping-taxable","11":"purchasable","12":"product-type-variable"},"_links":{"self":[{"href":"https:\/\/wowrxpharmacy.com\/fr\/wp-json\/wp\/v2\/product\/5000","targetHints":{"allow":["GET"]}}],"collection":[{"href":"https:\/\/wowrxpharmacy.com\/fr\/wp-json\/wp\/v2\/product"}],"about":[{"href":"https:\/\/wowrxpharmacy.com\/fr\/wp-json\/wp\/v2\/types\/product"}],"replies":[{"embeddable":true,"href":"https:\/\/wowrxpharmacy.com\/fr\/wp-json\/wp\/v2\/comments?post=5000"}],"wp:attachment":[{"href":"https:\/\/wowrxpharmacy.com\/fr\/wp-json\/wp\/v2\/media?parent=5000"}],"wp:term":[{"taxonomy":"product_brand","embeddable":true,"href":"https:\/\/wowrxpharmacy.com\/fr\/wp-json\/wp\/v2\/product_brand?post=5000"},{"taxonomy":"product_cat","embeddable":true,"href":"https:\/\/wowrxpharmacy.com\/fr\/wp-json\/wp\/v2\/product_cat?post=5000"},{"taxonomy":"product_tag","embeddable":true,"href":"https:\/\/wowrxpharmacy.com\/fr\/wp-json\/wp\/v2\/product_tag?post=5000"}],"curies":[{"name":"wp","href":"https:\/\/api.w.org\/{rel}","templated":true}]}}