{"id":4885,"date":"2024-07-13T08:03:08","date_gmt":"2024-07-13T12:03:08","guid":{"rendered":"https:\/\/wowrxpharmacy.com\/?post_type=product&#038;p=4885"},"modified":"2024-10-16T03:51:24","modified_gmt":"2024-10-16T07:51:24","slug":"halovate-cr-0-05-of-30gm","status":"publish","type":"product","link":"https:\/\/wowrxpharmacy.com\/fr\/product\/halovate-cr-0-05-of-30gm\/","title":{"rendered":"Halovate CR 0.05% of 30gm"},"content":{"rendered":"<h3><span style=\"font-weight: 400;\">About Halovate CR 0.05% of 30gm<\/span><\/h3>\n<p><span style=\"font-weight: 400;\">Halovate ointment includes Halobetasol (also known as Ulobetasol), a member of the steroid class of medications. It relieves itching, inflammation, and irritation in some skin conditions, such as Eczema, Dermatitis, and Psoriasis.\u00a0<\/span><\/p>\n<p><span style=\"font-weight: 400;\">It is intended for external use only, and you should use it precisely as prescribed by your physician. Glenmark Pharmaceuticals manufactures this <\/span><span style=\"font-weight: 400;\">Halovate cream<\/span><span style=\"font-weight: 400;\">. Our online pharmacy, Wowrxpharmacy, offers affordable Halovate CR 0.05% delivery to your home.<\/span><\/p>\n<h3><span style=\"font-weight: 400;\">Uses of Halobetasol Cream<\/span><\/h3>\n<p><span style=\"font-weight: 400;\">Halobetasol propionate, an ingredient in Halovate, is a member of the class of drugs known as Topical Corticosteroids. It is approved for the topical treatment of several skin conditions, including Eczema, Dermatitis, Psoriasis, and skin rashes.\u00a0<\/span><\/p>\n<p><span style=\"font-weight: 400;\">A Corticosteroid with highly high potency, Halobetasol has anti-inflammatory and antipruritic effects. It reduces the swelling, itching, and redness brought on by allergic skin diseases. It works by preventing chemicals in the body from making the skin red and swollen.<\/span><\/p>\n<p><span style=\"font-weight: 400;\">As a result, it boosts your self-esteem and gives you more confidence as your looks change. If your doctor recommends, you can also consider using Finecea gel or Erytop gel for acne and other skin problems.\u00a0<\/span><\/p>\n<h3><span style=\"font-weight: 400;\">How does Halovate skin cream work<\/span><\/h3>\n<p><span style=\"font-weight: 400;\">Halovate CR 0.05% of 30gm<\/span> <span style=\"font-weight: 400;\">est accompagn\u00e9 de critiques tr\u00e8s positives et est un m\u00e9dicament recommand\u00e9 pour<\/span><span style=\"font-weight: 400;\"> inflammation, itching, and narrow blood vessels. <\/span><span style=\"font-weight: 400;\">It is a Steroid that works by causing the body to make Phospholipase A2 inhibitory proteins, which are needed for the biosynthesis of Arachidonic acid and its potent inflammatory mediators like Prostaglandins and Leukotrienes.\u00a0<\/span><\/p>\n<p><span style=\"font-weight: 400;\">It removes skin rash, Eczema, Dermatitis, and Psoriasis symptoms like inflammation, itching, and redness.<\/span><\/p>\n<h3><span style=\"font-weight: 400;\">Mode d&#039;emploi<\/span><\/h3>\n<p><span style=\"font-weight: 400;\">Halovate skin cream is intended for external use only, and you should use it as directed by a physician.\u00a0<\/span><\/p>\n<p><span style=\"font-weight: 400;\">General instructions for using the <\/span><span style=\"font-weight: 400;\">Halovate CR 0.05% of 30gm<\/span><span style=\"font-weight: 400;\"> are as follows:<\/span><\/p>\n<ul>\n<li style=\"font-weight: 400;\" aria-level=\"1\"><span style=\"font-weight: 400;\">Check the label for use\u00a0<\/span><\/li>\n<li style=\"font-weight: 400;\" aria-level=\"1\"><span style=\"font-weight: 400;\">Typically, you should wash and dry the afflicted region before uniformly administering a thin coating of the medication<\/span><\/li>\n<li style=\"font-weight: 400;\" aria-level=\"1\"><span style=\"font-weight: 400;\">Gently massage the ointment on the affected area<\/span><\/li>\n<li style=\"font-weight: 400;\" aria-level=\"1\"><span style=\"font-weight: 400;\">Utilize it regularly for the best benefits<\/span><\/li>\n<li style=\"font-weight: 400;\" aria-level=\"1\"><span style=\"font-weight: 400;\">\u00c9vitez de toucher vos yeux, votre nez et votre bouche<\/span><\/li>\n<li style=\"font-weight: 400;\" aria-level=\"1\"><span style=\"font-weight: 400;\">En cas de contact accidentel, rincer abondamment \u00e0 l&#039;eau<\/span><\/li>\n<li style=\"font-weight: 400;\" aria-level=\"1\"><span style=\"font-weight: 400;\">Unless a physician recommends, avoid covering the affected area with airtight coverings such as bandages<\/span><\/li>\n<\/ul>","protected":false},"excerpt":{"rendered":"<ul>\n<li style=\"font-weight: 400;\" aria-level=\"1\"><span style=\"font-weight: 400;\">FDA-approved Halobetasol<\/span><\/li>\n<li style=\"font-weight: 400;\" aria-level=\"1\"><span style=\"font-weight: 400;\">Treats skin conditions like Psoriasis<\/span><\/li>\n<li style=\"font-weight: 400;\" aria-level=\"1\"><span style=\"font-weight: 400;\">Reduces inflammation, redness and itching<\/span><\/li>\n<li style=\"font-weight: 400;\" aria-level=\"1\"><span style=\"font-weight: 400;\">Visible effects in two weeks<\/span><\/li>\n<\/ul>","protected":false},"featured_media":29884,"comment_status":"open","ping_status":"closed","template":"","meta":{"om_disable_all_campaigns":false,"_uf_show_specific_survey":0,"_uf_disable_surveys":false},"product_brand":[],"product_cat":[534],"product_tag":[],"class_list":{"0":"post-4885","1":"product","2":"type-product","3":"status-publish","4":"has-post-thumbnail","6":"product_cat-skin-care","8":"first","9":"instock","10":"shipping-taxable","11":"purchasable","12":"product-type-variable","13":"has-default-attributes"},"_links":{"self":[{"href":"https:\/\/wowrxpharmacy.com\/fr\/wp-json\/wp\/v2\/product\/4885","targetHints":{"allow":["GET"]}}],"collection":[{"href":"https:\/\/wowrxpharmacy.com\/fr\/wp-json\/wp\/v2\/product"}],"about":[{"href":"https:\/\/wowrxpharmacy.com\/fr\/wp-json\/wp\/v2\/types\/product"}],"replies":[{"embeddable":true,"href":"https:\/\/wowrxpharmacy.com\/fr\/wp-json\/wp\/v2\/comments?post=4885"}],"wp:featuredmedia":[{"embeddable":true,"href":"https:\/\/wowrxpharmacy.com\/fr\/wp-json\/wp\/v2\/media\/29884"}],"wp:attachment":[{"href":"https:\/\/wowrxpharmacy.com\/fr\/wp-json\/wp\/v2\/media?parent=4885"}],"wp:term":[{"taxonomy":"product_brand","embeddable":true,"href":"https:\/\/wowrxpharmacy.com\/fr\/wp-json\/wp\/v2\/product_brand?post=4885"},{"taxonomy":"product_cat","embeddable":true,"href":"https:\/\/wowrxpharmacy.com\/fr\/wp-json\/wp\/v2\/product_cat?post=4885"},{"taxonomy":"product_tag","embeddable":true,"href":"https:\/\/wowrxpharmacy.com\/fr\/wp-json\/wp\/v2\/product_tag?post=4885"}],"curies":[{"name":"wp","href":"https:\/\/api.w.org\/{rel}","templated":true}]}}