{"id":4728,"date":"2024-07-13T08:06:45","date_gmt":"2024-07-13T12:06:45","guid":{"rendered":"https:\/\/wowrxpharmacy.com\/?post_type=product&#038;p=4728"},"modified":"2024-10-16T03:51:24","modified_gmt":"2024-10-16T07:51:24","slug":"hytrine-5-mg","status":"publish","type":"product","link":"https:\/\/wowrxpharmacy.com\/fr\/product\/hytrine-5-mg\/","title":{"rendered":"Hytrin 5 mg"},"content":{"rendered":"<h3><span style=\"font-weight: 400;\">\u00c0 propos d&#039;Hytrin 5 mg<\/span><\/h3>\n<p><span style=\"font-weight: 400;\">Hytrin 5 mg est recommand\u00e9 pour le traitement de l&#039;hypertension, r\u00e9duisant ainsi le risque de crise cardiaque ou d&#039;accident vasculaire c\u00e9r\u00e9bral. Il peut \u00e9galement \u00eatre utilis\u00e9 pour traiter les cas l\u00e9gers d&#039;hyperplasie b\u00e9nigne de la prostate (hypertrophie de la prostate) chez l&#039;homme.<\/span><\/p>\n<p><span style=\"font-weight: 400;\">Son principe actif est la t\u00e9razosine, un m\u00e9dicament de la classe des alpha-bloquants. Abbott Healthcare Pvt Ltd fabrique Hytrin. Vous pouvez facilement vous procurer ce m\u00e9dicament chez WowRxPharmacy.<\/span><\/p>\n<h3><span style=\"font-weight: 400;\">Utilisations de Hytrin 5 mg\u00a0<\/span><\/h3>\n<p><span style=\"font-weight: 400;\">Le dosage de 5 mg d&#039;Hytrin a re\u00e7u des critiques favorables et a gagn\u00e9 <\/span><a href=\"https:\/\/www.accessdata.fda.gov\/drugsatfda_docs\/label\/2009\/019057s022lbl.pdf\" target=\"_blank\" rel=\"nofollow noopener\"><span style=\"font-weight: 400;\">Approbation de la FDA<\/span><\/a><span style=\"font-weight: 400;\"> pour le traitement de l&#039;hypertension. L&#039;action principale des comprim\u00e9s Hytrin est de <\/span><a href=\"https:\/\/my.clevelandclinic.org\/health\/drugs\/19624-terazosin-capsules#:~:text=TERAZOSIN%20(ter%20AY%20zoe%20sin)%20treats%20high%20blood%20pressure.%20It%20works%20by%20relaxing%20blood%20vessels\" target=\"_blank\" rel=\"nofollow noopener\"><span style=\"font-weight: 400;\">induire<\/span><\/a><span style=\"font-weight: 400;\"> relaxation dans les vaisseaux sanguins.<\/span><\/p>\n<p><span style=\"font-weight: 400;\">Cette action favorise une meilleure circulation sanguine dans tout le corps, r\u00e9duisant ainsi la tension art\u00e9rielle. En maintenant une tension art\u00e9rielle contr\u00f4l\u00e9e, le m\u00e9dicament r\u00e9duit le risque de crise cardiaque, d&#039;accident vasculaire c\u00e9r\u00e9bral et de complications r\u00e9nales.<\/span><\/p>\n<p><span style=\"font-weight: 400;\">De plus, Hytrin est efficace dans le traitement des cas l\u00e9gers d&#039;hyperplasie b\u00e9nigne de la prostate (HBP), une affection caract\u00e9ris\u00e9e par une augmentation du volume de la prostate. Cette affection exerce une pression sur la vessie, entra\u00eenant des sympt\u00f4mes tels qu&#039;un d\u00e9bit urinaire restreint ou obstru\u00e9, des mictions fr\u00e9quentes et une sensation de vidange v\u00e9sicale incompl\u00e8te.<\/span><\/p>\n<h3><span style=\"font-weight: 400;\">Comment fonctionne la t\u00e9razosine 5 mg<\/span><\/h3>\n<p><span style=\"font-weight: 400;\">La t\u00e9razosine 5 mg agit en bloquant les r\u00e9cepteurs adr\u00e9nergiques alpha-1 <\/span><a href=\"https:\/\/pubmed.ncbi.nlm.nih.gov\/2869681\/#:~:text=Alpha%201%20receptors%20are%20the%20classic%20postsynaptic%20alpha%20receptors%20and%20are%20found%20on%20vascular%20smooth%20muscle.\" target=\"_blank\" rel=\"nofollow noopener\"><span style=\"font-weight: 400;\">situ\u00e9 dans<\/span><\/a><span style=\"font-weight: 400;\"> cellules musculaires lisses, notamment dans la prostate et les vaisseaux sanguins. Cet effet entra\u00eene une relaxation musculaire, ce qui att\u00e9nue la constriction des vaisseaux sanguins et am\u00e9liore la circulation sanguine.<\/span><\/p>\n<p><span style=\"font-weight: 400;\">Dans le contexte de l&#039;hypertension, la t\u00e9razosine diminue la tension art\u00e9rielle en dilatant les vaisseaux sanguins, soulageant ainsi les probl\u00e8mes cardiovasculaires. Dans le traitement de l&#039;HBP, elle soulage les sympt\u00f4mes urinaires en relaxant les muscles de la prostate et de la vessie.<\/span><\/p>\n<p><span style=\"font-weight: 400;\">En bref, le m\u00e9canisme d\u2019action d\u2019Hytrin contribue \u00e0 am\u00e9liorer la qualit\u00e9 de vie globale.<\/span><\/p>\n<h3><span style=\"font-weight: 400;\">Comment prendre le m\u00e9dicament<\/span><\/h3>\n<p><span style=\"font-weight: 400;\">Suivez la posologie et la dur\u00e9e prescrites par votre professionnel de la sant\u00e9 pour ce m\u00e9dicament.<\/span><\/p>\n<p><span style=\"font-weight: 400;\">Les instructions typiques pour l&#039;utilisation d&#039;Hytrin 5 mg sont les suivantes\u00a0:<\/span><\/p>\n<ul>\n<li style=\"font-weight: 400;\" aria-level=\"1\"><span style=\"font-weight: 400;\">Prenez le comprim\u00e9 entier ; \u00e9vitez de le m\u00e2cher, de l&#039;\u00e9craser ou de le casser.<\/span><\/li>\n<li style=\"font-weight: 400;\" aria-level=\"1\"><span style=\"font-weight: 400;\">Vous pouvez ing\u00e9rer les comprim\u00e9s d&#039;Hytrin 5 mg avec ou sans nourriture<\/span><\/li>\n<li style=\"font-weight: 400;\" aria-level=\"1\"><span style=\"font-weight: 400;\">Il est conseill\u00e9 de le prendre \u00e0 la m\u00eame heure tous les jours<\/span><\/li>\n<\/ul>\n<p><span style=\"font-weight: 400;\">Il est important de noter que l\u2019arr\u00eat de ce m\u00e9dicament pourrait entra\u00eener une \u00e9l\u00e9vation de la pression art\u00e9rielle, augmentant potentiellement le risque de crise cardiaque ou d\u2019accident vasculaire c\u00e9r\u00e9bral.<\/span><\/p>\n<p><span style=\"font-weight: 400;\">Vous devrez donc peut-\u00eatre prendre ce m\u00e9dicament toute votre vie.<\/span><\/p>","protected":false},"excerpt":{"rendered":"<ul>\n<li style=\"font-weight: 400;\" aria-level=\"1\"><span style=\"font-weight: 400;\">T\u00e9razosine approuv\u00e9e par la FDA<\/span><\/li>\n<li style=\"font-weight: 400;\" aria-level=\"1\"><span style=\"font-weight: 400;\">Abaisse la tension art\u00e9rielle<\/span><\/li>\n<li style=\"font-weight: 400;\" aria-level=\"1\"><span style=\"font-weight: 400;\">R\u00e9duit le risque d&#039;accident vasculaire c\u00e9r\u00e9bral\/crise cardiaque<\/span><\/li>\n<li style=\"font-weight: 400;\" aria-level=\"1\"><span style=\"font-weight: 400;\">Effets visibles en 4 \u00e0 6 semaines<\/span><\/li>\n<\/ul>","protected":false},"featured_media":29882,"comment_status":"open","ping_status":"closed","template":"","meta":{"om_disable_all_campaigns":false,"_uf_show_specific_survey":0,"_uf_disable_surveys":false},"product_brand":[],"product_cat":[608],"product_tag":[],"class_list":{"0":"post-4728","1":"product","2":"type-product","3":"status-publish","4":"has-post-thumbnail","6":"product_cat-heart-blood-pressure","8":"first","9":"outofstock","10":"shipping-taxable","11":"purchasable","12":"product-type-variable","13":"has-default-attributes"},"_links":{"self":[{"href":"https:\/\/wowrxpharmacy.com\/fr\/wp-json\/wp\/v2\/product\/4728","targetHints":{"allow":["GET"]}}],"collection":[{"href":"https:\/\/wowrxpharmacy.com\/fr\/wp-json\/wp\/v2\/product"}],"about":[{"href":"https:\/\/wowrxpharmacy.com\/fr\/wp-json\/wp\/v2\/types\/product"}],"replies":[{"embeddable":true,"href":"https:\/\/wowrxpharmacy.com\/fr\/wp-json\/wp\/v2\/comments?post=4728"}],"wp:featuredmedia":[{"embeddable":true,"href":"https:\/\/wowrxpharmacy.com\/fr\/wp-json\/wp\/v2\/media\/29882"}],"wp:attachment":[{"href":"https:\/\/wowrxpharmacy.com\/fr\/wp-json\/wp\/v2\/media?parent=4728"}],"wp:term":[{"taxonomy":"product_brand","embeddable":true,"href":"https:\/\/wowrxpharmacy.com\/fr\/wp-json\/wp\/v2\/product_brand?post=4728"},{"taxonomy":"product_cat","embeddable":true,"href":"https:\/\/wowrxpharmacy.com\/fr\/wp-json\/wp\/v2\/product_cat?post=4728"},{"taxonomy":"product_tag","embeddable":true,"href":"https:\/\/wowrxpharmacy.com\/fr\/wp-json\/wp\/v2\/product_tag?post=4728"}],"curies":[{"name":"wp","href":"https:\/\/api.w.org\/{rel}","templated":true}]}}