{"id":4542,"date":"2024-09-23T08:00:31","date_gmt":"2024-09-23T12:00:31","guid":{"rendered":"https:\/\/wowrxpharmacy.com\/?post_type=product&#038;p=4542"},"modified":"2024-11-22T04:50:21","modified_gmt":"2024-11-22T09:50:21","slug":"persol-ac-2-5-gel-30-g","status":"publish","type":"product","link":"https:\/\/wowrxpharmacy.com\/fr\/product\/persol-ac-2-5-gel-30-g\/","title":{"rendered":"Gel Persol AC 2.5% (30 g)"},"content":{"rendered":"<h3><span style=\"font-weight: 400;\">Qu&#039;est-ce que <\/span><span style=\"font-weight: 400;\">Gel Persol AC 2.5 30 g<\/span><span style=\"font-weight: 400;\">?\u00a0<\/span><\/h3>\n<p><span style=\"font-weight: 400;\">Le gel Persol est un m\u00e9dicament qui traite l&#039;acn\u00e9 (y compris les boutons, les points noirs et les points blancs) sur le visage, le dos et le d\u00e9collet\u00e9. Son principal ingr\u00e9dient actif est le peroxyde de benzoyle, un m\u00e9dicament appartenant \u00e0 la classe des agents antibact\u00e9riens.\u00a0<\/span><\/p>\n<p><span style=\"font-weight: 400;\">L&#039;acn\u00e9 est une maladie cutan\u00e9e qui se d\u00e9veloppe lorsque le s\u00e9bum et les cellules mortes obstruent les follicules pileux. Persol <\/span><span style=\"font-weight: 400;\">Gel AC 2.5 30 g<\/span><span style=\"font-weight: 400;\"> Tue les bact\u00e9ries responsables de l&#039;acn\u00e9. Le gel au peroxyde de benzoyle est un m\u00e9dicament topique qui doit \u00eatre appliqu\u00e9 selon les instructions de votre m\u00e9decin.\u00a0<\/span><\/p>\n<p><span style=\"font-weight: 400;\">La plupart des avis sur le gel Persol sont tr\u00e8s positifs\u00a0; c&#039;est un m\u00e9dicament largement utilis\u00e9 pour traiter l&#039;acn\u00e9. Wallace Pharmaceuticals Pvt Ltd fabrique le gel Persol AC 2.5, disponible \u00e0 des prix abordables sur WowRx.\u00a0<\/span><\/p>\n<h3><span style=\"font-weight: 400;\">\u00c0 quoi sert<\/span><span style=\"font-weight: 400;\"> Gel Persol AC 2.5 30 g<\/span><span style=\"font-weight: 400;\">?\u00a0<\/span><\/h3>\n<p><span style=\"font-weight: 400;\">Le gel Persol AC 2.5 est un m\u00e9dicament antibact\u00e9rien pour traiter l&#039;acn\u00e9, une affection cutan\u00e9e fr\u00e9quente caract\u00e9ris\u00e9e par l&#039;obstruction des follicules pileux sous la peau. Cette obstruction <\/span><a href=\"https:\/\/www.mayoclinic.org\/diseases-conditions\/acne\/symptoms-causes\/syc-20368047#dialogId57467057:~:text=main%20factors%20cause,oil%20(sebum)%20production\" target=\"_blank\" rel=\"nofollow noopener\"><span style=\"font-weight: 400;\">se produit<\/span><\/a><span style=\"font-weight: 400;\"> lorsque le s\u00e9bum, une huile naturelle de la peau qui emp\u00eache le dess\u00e8chement, et les cellules mortes de la peau obstruent les pores, entra\u00eenant des l\u00e9sions commun\u00e9ment appel\u00e9es boutons.\u00a0<\/span><\/p>\n<p><span style=\"font-weight: 400;\">Le gel Persol AC 2.5 peut \u00eatre utilis\u00e9 seul ou en compl\u00e9ment d&#039;autres traitements contre l&#039;acn\u00e9, selon les recommandations de votre m\u00e9decin. Respectez les instructions de la notice pour optimiser l&#039;efficacit\u00e9 de ce m\u00e9dicament.<\/span><\/p>\n<h3><span style=\"font-weight: 400;\">Comment \u00e7a marche <\/span><span style=\"font-weight: 400;\">Gel Persol AC 2.5 30 g<\/span><span style=\"font-weight: 400;\"> travail?<\/span><\/h3>\n<p><span style=\"font-weight: 400;\">Les m\u00e9dicaments topiques comme le gel Persol AC 2.5 appartiennent \u00e0 la classe des agents antibact\u00e9riens. Le principal ingr\u00e9dient du gel est le peroxyde de benzoyle. <\/span><a href=\"https:\/\/www.nhs.uk\/medicines\/benzoyl-peroxide\/about-benzoyl-peroxide\/#:~:text=Benzoyl%20peroxide%20is%20used%20to%20treat%20acne.%20It%20works%20as%20an%20antiseptic%20to%20reduce%20the%20number%20of%20germs%20(bacteria)%20on%20the%20surface%20of%20your%20skin.\" target=\"_blank\" rel=\"nofollow noopener\"><span style=\"font-weight: 400;\">\u00e9limine<\/span><\/a><span style=\"font-weight: 400;\"> bact\u00e9ries, r\u00e9duit l&#039;irritation et d\u00e9bouche les pores obstru\u00e9s.\u00a0<\/span><\/p>\n<p><span style=\"font-weight: 400;\">Agent k\u00e9ratolytique et bact\u00e9ricide, ce m\u00e9dicament \u00e9limine les germes responsables de l&#039;acn\u00e9 et favorise la desquamation cutan\u00e9e en rel\u00e2chant la couche de k\u00e9ratine. De plus, l&#039;action l\u00e9g\u00e8rement ass\u00e9chante du gel Persol permet d&#039;\u00e9liminer l&#039;exc\u00e8s de s\u00e9bum et les impuret\u00e9s de la peau.\u00a0<\/span><\/p>\n<p><span style=\"font-weight: 400;\">Le gel de peroxyde de benzoyle doit \u00eatre appliqu\u00e9 conform\u00e9ment aux instructions de votre m\u00e9decin traitant. En cas d&#039;effets ind\u00e9sirables apr\u00e8s utilisation, consultez imm\u00e9diatement un m\u00e9decin.<\/span><\/p>\n<h3><span style=\"font-weight: 400;\">Comment postuler <\/span><span style=\"font-weight: 400;\">Gel Persol AC 2.5 30 g<\/span><span style=\"font-weight: 400;\">?<\/span><\/h3>\n<p><span style=\"font-weight: 400;\">Le gel Persol est un m\u00e9dicament topique destin\u00e9 \u00e0 un usage externe uniquement. Il doit \u00eatre administr\u00e9 en respectant les consignes suivantes\u00a0: <\/span><a href=\"https:\/\/www.nhs.uk\/medicines\/benzoyl-peroxide\/how-and-when-to-use-benzoyl-peroxide\/#:~:text=Wash%20your%20hands,benzoyl%20peroxide%20gel.\" target=\"_blank\" rel=\"nofollow noopener\"><span style=\"font-weight: 400;\">points<\/span><\/a><span style=\"font-weight: 400;\"> \u00e0 l&#039;esprit:<\/span><\/p>\n<ul>\n<li style=\"font-weight: 400;\" aria-level=\"1\"><span style=\"font-weight: 400;\">Avant d&#039;appliquer le gel, lavez la zone affect\u00e9e et s\u00e9chez-la en tapotant.<\/span><\/li>\n<li style=\"font-weight: 400;\" aria-level=\"1\"><span style=\"font-weight: 400;\">Appliquez une fine couche de gel Persol une ou deux fois ou selon les instructions de votre m\u00e9decin.<\/span><\/li>\n<li style=\"font-weight: 400;\" aria-level=\"1\"><span style=\"font-weight: 400;\">Lors de l&#039;utilisation de ce produit, \u00e9vitez l&#039;exposition au soleil. Appliquez ce gel le soir si l&#039;exposition est in\u00e9vitable, avec une cr\u00e8me solaire adapt\u00e9e.<\/span><\/li>\n<li style=\"font-weight: 400;\" aria-level=\"1\"><span style=\"font-weight: 400;\">\u00c9vitez tout contact de ce m\u00e9dicament avec la bouche, les yeux ou le nez et ne l&#039;appliquez jamais sur une peau bless\u00e9e ou endommag\u00e9e.<\/span><\/li>\n<li style=\"font-weight: 400;\" aria-level=\"1\"><span style=\"font-weight: 400;\">Utilisez uniquement la quantit\u00e9 de ce produit prescrite par votre m\u00e9decin, ni plus ni moins.<\/span><\/li>\n<\/ul>","protected":false},"excerpt":{"rendered":"<p>Le peroxyde de benzoyle contenu dans le gel Persol AC r\u00e9duit les bact\u00e9ries et le s\u00e9bum responsables de l&#039;acn\u00e9. Non gras, recommand\u00e9 par les dermatologues et facile \u00e0 appliquer.<\/p>","protected":false},"featured_media":29593,"comment_status":"open","ping_status":"closed","template":"","meta":{"om_disable_all_campaigns":false,"_uf_show_specific_survey":0,"_uf_disable_surveys":false},"product_brand":[],"product_cat":[534],"product_tag":[],"class_list":{"0":"post-4542","1":"product","2":"type-product","3":"status-publish","4":"has-post-thumbnail","6":"product_cat-skin-care","8":"first","9":"instock","10":"sale","11":"shipping-taxable","12":"purchasable","13":"product-type-variable","14":"has-default-attributes"},"_links":{"self":[{"href":"https:\/\/wowrxpharmacy.com\/fr\/wp-json\/wp\/v2\/product\/4542","targetHints":{"allow":["GET"]}}],"collection":[{"href":"https:\/\/wowrxpharmacy.com\/fr\/wp-json\/wp\/v2\/product"}],"about":[{"href":"https:\/\/wowrxpharmacy.com\/fr\/wp-json\/wp\/v2\/types\/product"}],"replies":[{"embeddable":true,"href":"https:\/\/wowrxpharmacy.com\/fr\/wp-json\/wp\/v2\/comments?post=4542"}],"wp:featuredmedia":[{"embeddable":true,"href":"https:\/\/wowrxpharmacy.com\/fr\/wp-json\/wp\/v2\/media\/29593"}],"wp:attachment":[{"href":"https:\/\/wowrxpharmacy.com\/fr\/wp-json\/wp\/v2\/media?parent=4542"}],"wp:term":[{"taxonomy":"product_brand","embeddable":true,"href":"https:\/\/wowrxpharmacy.com\/fr\/wp-json\/wp\/v2\/product_brand?post=4542"},{"taxonomy":"product_cat","embeddable":true,"href":"https:\/\/wowrxpharmacy.com\/fr\/wp-json\/wp\/v2\/product_cat?post=4542"},{"taxonomy":"product_tag","embeddable":true,"href":"https:\/\/wowrxpharmacy.com\/fr\/wp-json\/wp\/v2\/product_tag?post=4542"}],"curies":[{"name":"wp","href":"https:\/\/api.w.org\/{rel}","templated":true}]}}