{"id":4500,"date":"2024-07-13T08:08:05","date_gmt":"2024-07-13T12:08:05","guid":{"rendered":"https:\/\/wowrxpharmacy.com\/?post_type=product&#038;p=4500"},"modified":"2024-10-16T03:51:25","modified_gmt":"2024-10-16T07:51:25","slug":"flucort-h-0-1-20-gm","status":"publish","type":"product","link":"https:\/\/wowrxpharmacy.com\/fr\/product\/flucort-h-0-1-20-gm\/","title":{"rendered":"Flucort H 0,1% (20 g)"},"content":{"rendered":"<h3><span style=\"font-weight: 400;\">\u00c0 propos de Flucort H 0.1% (20 g)<\/span><span style=\"font-weight: 400;\"><br \/>\n<\/span><\/h3>\n<p><span style=\"font-weight: 400;\">La cr\u00e8me Flucort H b\u00e9n\u00e9ficie d&#039;avis tr\u00e8s positifs et est recommand\u00e9e pour les affections cutan\u00e9es inflammatoires et prurigineuses comme le psoriasis, la dermatite, l&#039;ecz\u00e9ma et la dermatite s\u00e9borrh\u00e9ique. L&#039;ac\u00e9tonide de fluocinolone, un corticost\u00e9ro\u00efde, est l&#039;ingr\u00e9dient actif de la cr\u00e8me Flucort H 20 g. Ce m\u00e9dicament diminue la lib\u00e9ration de m\u00e9diateurs inflammatoires (substances chimiques responsables de l&#039;inflammation).<\/span><\/p>\n<p><span style=\"font-weight: 400;\">La cr\u00e8me pour la peau Flucort-H doit \u00eatre utilis\u00e9e exclusivement en usage externe, conform\u00e9ment \u00e0 la prescription de votre m\u00e9decin. Obtenez tous les m\u00e9dicaments n\u00e9cessaires \u00e0 vos soins de la peau depuis chez vous gr\u00e2ce \u00e0 WowRxpharmacy.\u00a0<\/span><\/p>\n<h3><span style=\"font-weight: 400;\">Utilisations de la cr\u00e8me Flucort H 0.1%<\/span><span style=\"font-weight: 400;\"><br \/>\n<\/span><\/h3>\n<p><span style=\"font-weight: 400;\">La cr\u00e8me Flucort H aide \u00e0 traiter les affections cutan\u00e9es inflammatoires et les d\u00e9mangeaisons telles que l&#039;ecz\u00e9ma, le psoriasis et la dermatite. La dermatite s\u00e9borrh\u00e9ique est une affection cutan\u00e9e qui provoque une \u00e9ruption cutan\u00e9e accompagn\u00e9e de d\u00e9mangeaisons, accompagn\u00e9e de squames s\u00e8ches et squameuses sur les zones de la peau qui produisent du s\u00e9bum, comme le cuir chevelu, le visage, le dos et le haut du thorax. Le psoriasis est une maladie cutan\u00e9e auto-immune (le syst\u00e8me immunitaire affecte les cellules saines) caract\u00e9ris\u00e9e par une peau squameuse, enflamm\u00e9e et qui d\u00e9mange.<\/span><\/p>\n<p><span style=\"font-weight: 400;\">La dermatite est une affection cutan\u00e9e caract\u00e9ris\u00e9e par une peau s\u00e8che et irrit\u00e9e, ou par une \u00e9ruption cutan\u00e9e sur une peau rouge\u00e2tre et gonfl\u00e9e. L&#039;ecz\u00e9ma est parfois appel\u00e9 dermatite atopique. Il s&#039;agit d&#039;une affection cutan\u00e9e caract\u00e9ris\u00e9e par des \u00e9ruptions cutan\u00e9es rouges et irritantes, notamment sur les bras. Ces \u00e9ruptions sont provoqu\u00e9es par des allerg\u00e8nes comme le pollen, des aliments et d&#039;autres irritants comme le savon. Flucort H agit en inhibant l&#039;activit\u00e9 des substances pr\u00e9sentes dans l&#039;organisme qui provoquent l&#039;irritation cutan\u00e9e.\u00a0<\/span><\/p>\n<p><span style=\"font-weight: 400;\">Ce m\u00e9dicament est s\u00fbr et efficace lorsqu&#039;il est administr\u00e9 correctement. Il att\u00e9nue les plaques squameuses et prurigineuses qui peuvent se former sur les coudes, les genoux, le cuir chevelu et d&#039;autres zones du corps lors du traitement du psoriasis. Le traitement de l&#039;ecz\u00e9ma et de la dermatite att\u00e9nue les rougeurs, les \u00e9ruptions cutan\u00e9es, l&#039;inconfort et les d\u00e9mangeaisons caus\u00e9s par la r\u00e9action d&#039;un irritant \u00e0 la peau. Utilisez toujours la cr\u00e8me ou la pommade conform\u00e9ment aux instructions et n&#039;appliquez jamais une dose sup\u00e9rieure \u00e0 la dose autoris\u00e9e. Poursuivez votre traitement avec Flucort H 0,1% (20 g) aussi longtemps que recommand\u00e9 pour en tirer le maximum d&#039;effets.<\/span><\/p>\n<h3><span style=\"font-weight: 400;\">Comment fonctionne la fluocinolone<\/span><span style=\"font-weight: 400;\"><br \/>\n<\/span><\/h3>\n<p><span style=\"font-weight: 400;\">Les 20 g de cr\u00e8me Flucort H contiennent de l&#039;ac\u00e9tonide de fluocinolone, un corticost\u00e9ro\u00efde. Ce produit est utilis\u00e9 pour traiter efficacement diverses maladies inflammatoires, allergiques et auto-immunes. Flucort H agit en inhibant le processus inflammatoire. La cr\u00e8me cutan\u00e9e \u00e0 l&#039;ac\u00e9tonide de fluocinolone diminue la lib\u00e9ration de substances inflammatoires. Elle provoque une constriction (r\u00e9tr\u00e9cissement) des art\u00e8res, r\u00e9duisant ainsi l&#039;acc\u00e8s des cellules \u00e0 la zone l\u00e9s\u00e9e. Cet effet r\u00e9duit l&#039;inflammation, les rougeurs, les d\u00e9mangeaisons et la douleur.<\/span><\/p>","protected":false},"excerpt":{"rendered":"<ul>\n<li style=\"font-weight: 400;\" aria-level=\"1\"><span style=\"font-weight: 400;\">Ac\u00e9tonide de fluocinolone approuv\u00e9 par la FDA<\/span><\/li>\n<li style=\"font-weight: 400;\" aria-level=\"1\"><span style=\"font-weight: 400;\">Efficace dans les 8 heures suivant l&#039;utilisation<\/span><\/li>\n<li style=\"font-weight: 400;\" aria-level=\"1\"><span style=\"font-weight: 400;\">Am\u00e9liore la peau en 2 semaines<\/span><\/li>\n<li style=\"font-weight: 400;\" aria-level=\"1\"><span style=\"font-weight: 400;\">Exp\u00e9di\u00e9 sous 24 heures<\/span><\/li>\n<\/ul>\n<p>&nbsp;<\/p>","protected":false},"featured_media":30043,"comment_status":"open","ping_status":"closed","template":"","meta":{"om_disable_all_campaigns":false,"_uf_show_specific_survey":0,"_uf_disable_surveys":false},"product_brand":[],"product_cat":[534],"product_tag":[],"class_list":{"0":"post-4500","1":"product","2":"type-product","3":"status-publish","4":"has-post-thumbnail","6":"product_cat-skin-care","8":"first","9":"instock","10":"shipping-taxable","11":"purchasable","12":"product-type-variable"},"_links":{"self":[{"href":"https:\/\/wowrxpharmacy.com\/fr\/wp-json\/wp\/v2\/product\/4500","targetHints":{"allow":["GET"]}}],"collection":[{"href":"https:\/\/wowrxpharmacy.com\/fr\/wp-json\/wp\/v2\/product"}],"about":[{"href":"https:\/\/wowrxpharmacy.com\/fr\/wp-json\/wp\/v2\/types\/product"}],"replies":[{"embeddable":true,"href":"https:\/\/wowrxpharmacy.com\/fr\/wp-json\/wp\/v2\/comments?post=4500"}],"wp:featuredmedia":[{"embeddable":true,"href":"https:\/\/wowrxpharmacy.com\/fr\/wp-json\/wp\/v2\/media\/30043"}],"wp:attachment":[{"href":"https:\/\/wowrxpharmacy.com\/fr\/wp-json\/wp\/v2\/media?parent=4500"}],"wp:term":[{"taxonomy":"product_brand","embeddable":true,"href":"https:\/\/wowrxpharmacy.com\/fr\/wp-json\/wp\/v2\/product_brand?post=4500"},{"taxonomy":"product_cat","embeddable":true,"href":"https:\/\/wowrxpharmacy.com\/fr\/wp-json\/wp\/v2\/product_cat?post=4500"},{"taxonomy":"product_tag","embeddable":true,"href":"https:\/\/wowrxpharmacy.com\/fr\/wp-json\/wp\/v2\/product_tag?post=4500"}],"curies":[{"name":"wp","href":"https:\/\/api.w.org\/{rel}","templated":true}]}}