{"id":4480,"date":"2024-09-21T06:00:05","date_gmt":"2024-09-21T10:00:05","guid":{"rendered":"https:\/\/wowrxpharmacy.com\/?post_type=product&#038;p=4480"},"modified":"2024-11-22T04:39:10","modified_gmt":"2024-11-22T09:39:10","slug":"finacea-gel-15-30gm","status":"publish","type":"product","link":"https:\/\/wowrxpharmacy.com\/fr\/product\/finacea-gel-15-30gm\/","title":{"rendered":"Gel Finacea 15"},"content":{"rendered":"<p><span style=\"font-weight: 400;\">Finacea Gel 15 est un gel topique efficace qui r\u00e9duit l&#039;acn\u00e9 et les boutons, et traite la rosac\u00e9e (rougeurs ou vaisseaux sanguins visibles sur le visage). Il contient de l&#039;acide az\u00e9la\u00efque, un ingr\u00e9dient approuv\u00e9 par la FDA qui r\u00e9duit l&#039;acn\u00e9 et les imperfections, affine le grain de peau et vous offre une peau nette et impeccable.\u00a0<\/span><\/p>\n<p><span style=\"font-weight: 400;\">Finacea appartient \u00e0 la classe des m\u00e9dicaments appel\u00e9s acide dicarboxylique, qui tuent les bact\u00e9ries responsables de l&#039;acn\u00e9. Il peut \u00e9liminer les boutons, les l\u00e9sions, les points blancs, les points noirs et les gonflements. Ce m\u00e9dicament est fabriqu\u00e9 par Leo Pharma, et vous pouvez acheter le gel Finacea en ligne aux meilleurs prix sur WowRx.<\/span><\/p>\n<h3><span style=\"font-weight: 400;\">Utilisations du gel Finacea<\/span><\/h3>\n<p><span style=\"font-weight: 400;\">Le gel d&#039;acide az\u00e9la\u00efque 15 est un traitement efficace contre l&#039;acn\u00e9 et la rosac\u00e9e, pour une peau nette. La rosac\u00e9e est une maladie qui provoque des rougeurs, des bouff\u00e9es vasomotrices et des boutons sur le visage. Elle peut s&#039;aggraver avec l&#039;alcool, la caf\u00e9ine ou les intemp\u00e9ries. Le gel d&#039;acide az\u00e9la\u00efque 15 d\u00e9sobstrue efficacement les pores de la peau et limite les pouss\u00e9es de rosac\u00e9e. Il r\u00e9duit \u00e9galement efficacement l&#039;acn\u00e9 en \u00e9liminant les bact\u00e9ries responsables de l&#039;acn\u00e9 et en vous procurant la peau plus nette souhait\u00e9e.\u00a0<\/span><\/p>\n<h3><span style=\"font-weight: 400;\">Comment fonctionne l\u2019acide az\u00e9la\u00efque ?<\/span><\/h3>\n<p><span style=\"font-weight: 400;\">L&#039;acide az\u00e9la\u00efque est le composant actif de Finacea Gel 15. Il poss\u00e8de des propri\u00e9t\u00e9s antibact\u00e9riennes et anti-inflammatoires. <\/span><a href=\"https:\/\/www.ncbi.nlm.nih.gov\/pmc\/articles\/PMC10809820\/#:~:text=AZA%20has%20a%20wide%20spectrum%20of%20effects%20including%20antibacterial%2C%20anti%2Dinflammatory%20and%20reducing%20excessive%20keratinization.%20This%20compound%20is%20most%20often%20used%20in%20the%20treatment%20of%20acne%20vulgaris%2C%20rosacea%20and%20a%20group%20of%20conditions%20associated%20with%20hyperpigmentation.\" target=\"_blank\" rel=\"nofollow noopener\"><span style=\"font-weight: 400;\">effets<\/span><\/a><span style=\"font-weight: 400;\"> et peut r\u00e9duire la k\u00e9ratinisation excessive. L&#039;acide az\u00e9la\u00efque tue les micro-organismes en emp\u00eachant la production de prot\u00e9ines cellulaires. Cela diminue la production de k\u00e9ratine responsable du d\u00e9veloppement des bact\u00e9ries responsables de l&#039;acn\u00e9 (Propionibacterium acnes).<\/span><\/p>\n<p><span style=\"font-weight: 400;\">En inhibant la prolif\u00e9ration des cellules de k\u00e9ratine \u00e0 la surface de la peau, on pr\u00e9vient l&#039;apparition des points noirs et des boutons. Le gel Finacea 15 s&#039;attaque \u00e0 la cause sous-jacente de l&#039;acn\u00e9 et de la rosac\u00e9e. Il aide \u00e0 d\u00e9sobstruer les pores et les glandes s\u00e9bac\u00e9es en inhibant la formation et la prolif\u00e9ration de ces cellules. Ainsi, l&#039;apparition de papules, de points noirs et de boutons est beaucoup moins probable. Il att\u00e9nue \u00e9galement les rougeurs et les gonflements cutan\u00e9s li\u00e9s \u00e0 la rosac\u00e9e.<\/span><\/p>\n<h3><span style=\"font-weight: 400;\">Comment utiliser le Gel Finacea ?<\/span><\/h3>\n<p><span style=\"font-weight: 400;\">Il est n\u00e9cessaire de terminer le traitement avec Finacea Gel 15. Utilisez ce gel antibact\u00e9rien \u00e0 la dose prescrite et au moment indiqu\u00e9 par votre m\u00e9decin. Pour de meilleurs r\u00e9sultats, utilisez Finacea Gel en m\u00eame temps. <\/span><a href=\"https:\/\/www.mayoclinic.org\/drugs-supplements\/azelaic-acid-topical-route\/proper-use\/drg-20062084?p=1#:~:text=For%20topical%20dosage%20forms,determined%20by%20your%20doctor.\" target=\"_blank\" rel=\"nofollow noopener\"><span style=\"font-weight: 400;\">suivant<\/span><\/a><span style=\"font-weight: 400;\"> fa\u00e7ons:<\/span><\/p>\n<ul>\n<li style=\"font-weight: 400;\" aria-level=\"1\"><span style=\"font-weight: 400;\">Nettoyer et s\u00e9cher la peau \u00e0 l&#039;eau claire avant d&#039;utiliser le gel<\/span><\/li>\n<li style=\"font-weight: 400;\" aria-level=\"1\"><span style=\"font-weight: 400;\">Prenez la dose prescrite de Finacea Gel et appliquez-la sur la zone affect\u00e9e<\/span><\/li>\n<li style=\"font-weight: 400;\" aria-level=\"1\"><span style=\"font-weight: 400;\">Frottez doucement le gel sur la zone et laissez-le s\u00e9cher<\/span><\/li>\n<li style=\"font-weight: 400;\" aria-level=\"1\"><span style=\"font-weight: 400;\">Utilisez-le deux fois par jour pour de meilleurs r\u00e9sultats<\/span><\/li>\n<li style=\"font-weight: 400;\" aria-level=\"1\"><span style=\"font-weight: 400;\">Lavez-vous les mains apr\u00e8s avoir utilis\u00e9 le gel<\/span><\/li>\n<\/ul>","protected":false},"excerpt":{"rendered":"<p>L&#039;acide az\u00e9la\u00efque contenu dans le gel Finacea combat la rosac\u00e9e et r\u00e9duit les rougeurs et l&#039;inflammation. Non gras, il est recommand\u00e9 par les dermatologues pour une peau plus nette.<\/p>","protected":false},"featured_media":32369,"comment_status":"open","ping_status":"closed","template":"","meta":{"om_disable_all_campaigns":false,"_uf_show_specific_survey":0,"_uf_disable_surveys":false},"product_brand":[],"product_cat":[534],"product_tag":[],"class_list":{"0":"post-4480","1":"product","2":"type-product","3":"status-publish","4":"has-post-thumbnail","6":"product_cat-skin-care","8":"first","9":"instock","10":"sale","11":"shipping-taxable","12":"purchasable","13":"product-type-variable","14":"has-default-attributes"},"_links":{"self":[{"href":"https:\/\/wowrxpharmacy.com\/fr\/wp-json\/wp\/v2\/product\/4480","targetHints":{"allow":["GET"]}}],"collection":[{"href":"https:\/\/wowrxpharmacy.com\/fr\/wp-json\/wp\/v2\/product"}],"about":[{"href":"https:\/\/wowrxpharmacy.com\/fr\/wp-json\/wp\/v2\/types\/product"}],"replies":[{"embeddable":true,"href":"https:\/\/wowrxpharmacy.com\/fr\/wp-json\/wp\/v2\/comments?post=4480"}],"wp:featuredmedia":[{"embeddable":true,"href":"https:\/\/wowrxpharmacy.com\/fr\/wp-json\/wp\/v2\/media\/32369"}],"wp:attachment":[{"href":"https:\/\/wowrxpharmacy.com\/fr\/wp-json\/wp\/v2\/media?parent=4480"}],"wp:term":[{"taxonomy":"product_brand","embeddable":true,"href":"https:\/\/wowrxpharmacy.com\/fr\/wp-json\/wp\/v2\/product_brand?post=4480"},{"taxonomy":"product_cat","embeddable":true,"href":"https:\/\/wowrxpharmacy.com\/fr\/wp-json\/wp\/v2\/product_cat?post=4480"},{"taxonomy":"product_tag","embeddable":true,"href":"https:\/\/wowrxpharmacy.com\/fr\/wp-json\/wp\/v2\/product_tag?post=4480"}],"curies":[{"name":"wp","href":"https:\/\/api.w.org\/{rel}","templated":true}]}}