{"id":4446,"date":"2024-07-11T07:39:32","date_gmt":"2024-07-11T11:39:32","guid":{"rendered":"https:\/\/wowrxpharmacy.com\/?post_type=product&#038;p=4446"},"modified":"2024-10-16T03:51:25","modified_gmt":"2024-10-16T07:51:25","slug":"erytop-1-gel-20-gm","status":"publish","type":"product","link":"https:\/\/wowrxpharmacy.com\/fr\/product\/erytop-1-gel-20-gm\/","title":{"rendered":"Erytop 1% Gel 20gm"},"content":{"rendered":"<h3><span style=\"font-weight: 400;\">About Erytop Gel<\/span><\/h3>\n<p><span style=\"font-weight: 400;\">Erytop Gel <\/span><span style=\"font-weight: 400;\">est accompagn\u00e9 de critiques tr\u00e8s positives et est un m\u00e9dicament recommand\u00e9 pour<\/span><span style=\"font-weight: 400;\"> bacterial infections like Acne.<\/span><span style=\"font-weight: 400;\"> It treats Acne, which manifests as patches or pimples on your face, chest, or back. This medication combats the bacteria responsible for these breakouts. Clindamycin Phosphate, present in Erytop 1% Gel, belongs to the class of drugs known as Antibiotics.<\/span><\/p>\n<p><span style=\"font-weight: 400;\">You can get Erytop 1% Gel 20gm at your doorsteps from Wowrxpharmacy.\u00a0<\/span><\/p>\n<h3><span style=\"font-weight: 400;\">Uses of Erytop 1%<\/span><\/h3>\n<p><span style=\"font-weight: 400;\">Clindamycin Phosphate Topical Gel <\/span><span style=\"font-weight: 400;\">is recommended as a treatment for Acne vulgaris. Acne is a skin condition that develops when oil and dead skin cells clog the hair follicles. It comes in various forms, including nodules, cysts, and cyst-like lesions. All age groups are impacted; however, teens are the most frequently afflicted.\u00a0<\/span><\/p>\n<p><span style=\"font-weight: 400;\">Some symptoms are blackheads, pus-filled pimples, and big, red bumps. Breakouts might occur on the face, neck, back, shoulders, and chest. Hormonal fluctuations, Polycystic Ovarian Syndrome (PCOS), inadequate sleep, stress, smoking, dermatological and cosmetic products with high oil content, and hereditary disorders are among the risk factors for Acne.\u00a0<\/span><\/p>\n<p><span style=\"font-weight: 400;\">Antibiotics, Retinoids, and topical medications are used in conjunction with dietary and lifestyle modifications as treatment. Erytop gel (<\/span><span style=\"font-weight: 400;\">Clindamycin Phosphate)<\/span><span style=\"font-weight: 400;\"> will improve your condition within a few days. Still, you should continue to take it as advised, even if you feel better. Stopping it too soon may cause the infection to return and be more difficult to cure.<\/span><\/p>\n<h3><span style=\"font-weight: 400;\">How does Clindamycin work<\/span><\/h3>\n<p><span style=\"font-weight: 400;\">Antibiotic Erytop 1% Gel 20gm treats Acne (pimples). It includes Clindamycin Phosphate, which inhibits the production of bacterial proteins, hence decreasing bacterial growth. It has a bacteriostatic action, which prevents the multiplication of bacteria but does not kill them. You can also consider using Tretinoin gel or Finacea gel for treating Acne in consultation with the doctor.\u00a0<\/span><\/p>\n<h3><span style=\"font-weight: 400;\">Directions to use Erytop 1% Gel 20gm<\/span><\/h3>\n<p><span style=\"font-weight: 400;\">Apply Erytop 1% Gel as prescribed by your doctor.\u00a0<\/span><\/p>\n<p><span style=\"font-weight: 400;\">It is exclusively for external usage. Follow the instructions given below:<\/span><\/p>\n<ul>\n<li style=\"font-weight: 400;\" aria-level=\"1\"><span style=\"font-weight: 400;\">Before using, wash your hands thoroughly<\/span><\/li>\n<li style=\"font-weight: 400;\" aria-level=\"1\"><span style=\"font-weight: 400;\">Wash and dry the entire afflicted region<\/span><\/li>\n<li style=\"font-weight: 400;\" aria-level=\"1\"><span style=\"font-weight: 400;\">Apply a thin layer once a day to the skin where acne lesions form, using enough to cover the whole area<\/span><\/li>\n<li style=\"font-weight: 400;\" aria-level=\"1\"><span style=\"font-weight: 400;\">In the event of contact with the eyes, mouth, or nose, immediately and thoroughly rinse with water<\/span><\/li>\n<li style=\"font-weight: 400;\" aria-level=\"1\"><span style=\"font-weight: 400;\">Your doctor will determine the appropriate dosage and duration based on your age, and medical status<\/span><\/li>\n<\/ul>\n<p><span style=\"font-weight: 400;\">It may take a few weeks for your symptoms to improve, but you should continue to take this medication as prescribed. Do not discontinue use even after your Acne begins to improve. Ask your doctor whether treatment should be discontinued.<\/span><\/p>","protected":false},"excerpt":{"rendered":"<ul>\n<li style=\"font-weight: 400;\" aria-level=\"1\"><span style=\"font-weight: 400;\">With the efficacy of <\/span><span style=\"font-weight: 400;\">Clindamycin Phosphate<\/span><\/li>\n<li style=\"font-weight: 400;\" aria-level=\"1\"><span style=\"font-weight: 400;\">Visible results after 2-3 weeks<\/span><\/li>\n<li style=\"font-weight: 400;\" aria-level=\"1\"><span style=\"font-weight: 400;\">Treats acne and promotes clear skin<\/span><\/li>\n<li style=\"font-weight: 400;\" aria-level=\"1\"><span style=\"font-weight: 400;\">Dispatches within 24 hours<\/span><\/li>\n<\/ul>","protected":false},"featured_media":29964,"comment_status":"open","ping_status":"closed","template":"","meta":{"om_disable_all_campaigns":false,"_uf_show_specific_survey":0,"_uf_disable_surveys":false},"product_brand":[],"product_cat":[534],"product_tag":[],"class_list":{"0":"post-4446","1":"product","2":"type-product","3":"status-publish","4":"has-post-thumbnail","6":"product_cat-skin-care","8":"first","9":"instock","10":"shipping-taxable","11":"purchasable","12":"product-type-variable","13":"has-default-attributes"},"_links":{"self":[{"href":"https:\/\/wowrxpharmacy.com\/fr\/wp-json\/wp\/v2\/product\/4446","targetHints":{"allow":["GET"]}}],"collection":[{"href":"https:\/\/wowrxpharmacy.com\/fr\/wp-json\/wp\/v2\/product"}],"about":[{"href":"https:\/\/wowrxpharmacy.com\/fr\/wp-json\/wp\/v2\/types\/product"}],"replies":[{"embeddable":true,"href":"https:\/\/wowrxpharmacy.com\/fr\/wp-json\/wp\/v2\/comments?post=4446"}],"wp:featuredmedia":[{"embeddable":true,"href":"https:\/\/wowrxpharmacy.com\/fr\/wp-json\/wp\/v2\/media\/29964"}],"wp:attachment":[{"href":"https:\/\/wowrxpharmacy.com\/fr\/wp-json\/wp\/v2\/media?parent=4446"}],"wp:term":[{"taxonomy":"product_brand","embeddable":true,"href":"https:\/\/wowrxpharmacy.com\/fr\/wp-json\/wp\/v2\/product_brand?post=4446"},{"taxonomy":"product_cat","embeddable":true,"href":"https:\/\/wowrxpharmacy.com\/fr\/wp-json\/wp\/v2\/product_cat?post=4446"},{"taxonomy":"product_tag","embeddable":true,"href":"https:\/\/wowrxpharmacy.com\/fr\/wp-json\/wp\/v2\/product_tag?post=4446"}],"curies":[{"name":"wp","href":"https:\/\/api.w.org\/{rel}","templated":true}]}}