{"id":4411,"date":"2024-07-13T08:07:31","date_gmt":"2024-07-13T12:07:31","guid":{"rendered":"https:\/\/wowrxpharmacy.com\/?post_type=product&#038;p=4411"},"modified":"2024-10-16T03:51:25","modified_gmt":"2024-10-16T07:51:25","slug":"lotion-degraissante-005-30-ml","status":"publish","type":"product","link":"https:\/\/wowrxpharmacy.com\/fr\/product\/lotion-degraissante-005-30-ml\/","title":{"rendered":"Lotion d\u00e9tachante 0,05% (30 ml)"},"content":{"rendered":"<h3><span style=\"font-weight: 400;\">Qu&#039;est-ce que la lotion Desowen 0.05% (30 ml)<\/span><\/h3>\n<p><span style=\"font-weight: 400;\">Lotion d\u00e9tachante <\/span><span style=\"font-weight: 400;\">est accompagn\u00e9 de critiques tr\u00e8s positives et est un m\u00e9dicament recommand\u00e9 pour<\/span><span style=\"font-weight: 400;\"> Affections cutan\u00e9es inflammatoires et prurigineuses. La lotion Desowen 30 ml contient du \u00ab\u00a0d\u00e9sonide\u00a0\u00bb, un corticost\u00e9ro\u00efde topique utilis\u00e9 pour traiter les probl\u00e8mes de peau en supprimant les cellules inflammatoires.<\/span><\/p>\n<p><span style=\"font-weight: 400;\">La lotion soulage les gonflements, les rougeurs et les d\u00e9mangeaisons de la zone affect\u00e9e en inhibant la production de cellules responsables de l&#039;inflammation. Vous pouvez vous procurer la lotion Desowne 0,05% (30 ml) directement chez vous via notre pharmacie en ligne Wowrxpharmacy.\u00a0<\/span><\/p>\n<h3><span style=\"font-weight: 400;\">Utilisations de la lotion Desowne 0.05%<\/span><\/h3>\n<p><span style=\"font-weight: 400;\">La lotion Desowen est excellente pour traiter les affections cutan\u00e9es inflammatoires et prurigineuses telles que l&#039;ecz\u00e9ma, le psoriasis et la dermatite. Elle agit en inhibant l&#039;activit\u00e9 des substances irritantes pr\u00e9sentes dans l&#039;organisme. Elle att\u00e9nue les plaques squameuses et prurigineuses qui peuvent se former sur les coudes, les genoux, le cuir chevelu et d&#039;autres zones du corps lors du traitement du psoriasis.\u00a0<\/span><\/p>\n<p><span style=\"font-weight: 400;\">Le traitement de l&#039;ecz\u00e9ma et de la dermatite att\u00e9nue les rougeurs, les \u00e9ruptions cutan\u00e9es, l&#039;inconfort et les d\u00e9mangeaisons caus\u00e9s par la r\u00e9action d&#039;un irritant sur la peau. Votre estime de soi et votre confiance en vous augmentent ainsi que votre apparence.<\/span><\/p>\n<p><span style=\"font-weight: 400;\">Utilisez toujours la lotion conform\u00e9ment aux instructions et n&#039;appliquez jamais une quantit\u00e9 sup\u00e9rieure \u00e0 celle autoris\u00e9e. Continuez \u00e0 la prendre aussi longtemps que recommand\u00e9 pour en tirer le maximum de b\u00e9n\u00e9fices. Ce m\u00e9dicament est s\u00fbr et efficace lorsqu&#039;il est administr\u00e9 correctement.\u00a0<\/span><\/p>\n<h3><span style=\"font-weight: 400;\">Comment fonctionne le d\u00e9sonide<\/span><\/h3>\n<p><span style=\"font-weight: 400;\">La lotion Desowen 30 ml fait partie de la classe des m\u00e9dicaments corticost\u00e9ro\u00efdes.\u00a0<\/span><\/p>\n<p><span style=\"font-weight: 400;\">La lotion Desowen inhibe la synth\u00e8se des compos\u00e9s chimiques allerg\u00e8nes et inflammatoires du corps (gonflements et rougeurs).\u00a0<\/span><\/p>\n<p><span style=\"font-weight: 400;\">Par cons\u00e9quent, la lotion aide \u00e0 traiter les rougeurs, les d\u00e9mangeaisons, les irritations et les inflammations.<\/span><\/p>\n<h3><span style=\"font-weight: 400;\">Mode d&#039;emploi<\/span><\/h3>\n<p><span style=\"font-weight: 400;\">La lotion Desowen est destin\u00e9e \u00e0 <\/span><a href=\"https:\/\/www.mayoclinic.org\/drugs-supplements\/desonide-topical-application-route\/description\/drg-20073898\" target=\"_blank\" rel=\"noopener\"><span style=\"font-weight: 400;\">usage externe<\/span><\/a><span style=\"font-weight: 400;\"> uniquement et doit \u00eatre utilis\u00e9 selon les prescriptions d&#039;un m\u00e9decin\u00a0:<\/span><\/p>\n<ul>\n<li style=\"font-weight: 400;\" aria-level=\"1\"><span style=\"font-weight: 400;\">En r\u00e8gle g\u00e9n\u00e9rale, vous devez nettoyer et s\u00e9cher la r\u00e9gion affect\u00e9e avant d&#039;administrer une fine couche de m\u00e9dicament.<\/span><\/li>\n<li style=\"font-weight: 400;\" aria-level=\"1\"><span style=\"font-weight: 400;\">Vous devez toujours utiliser la lotion comme indiqu\u00e9 et appliquer uniquement la quantit\u00e9 sp\u00e9cifi\u00e9e<\/span><\/li>\n<li style=\"font-weight: 400;\" aria-level=\"1\"><span style=\"font-weight: 400;\">Continuez \u00e0 le prendre aussi longtemps que sugg\u00e9r\u00e9 pour b\u00e9n\u00e9ficier au maximum de ses avantages.<\/span><\/li>\n<li style=\"font-weight: 400;\" aria-level=\"1\"><span style=\"font-weight: 400;\">\u00c9vitez de toucher vos yeux, votre nez et votre bouche<\/span><\/li>\n<li style=\"font-weight: 400;\" aria-level=\"1\"><span style=\"font-weight: 400;\">En cas de contact accidentel, rincer abondamment \u00e0 l&#039;eau<\/span><\/li>\n<li style=\"font-weight: 400;\" aria-level=\"1\"><span style=\"font-weight: 400;\">Sauf recommandation d&#039;un m\u00e9decin, \u00e9vitez de couvrir la zone affect\u00e9e avec des protections herm\u00e9tiques telles que des bandages.<\/span><\/li>\n<\/ul>\n<p><span style=\"font-weight: 400;\">Cette lotion existe \u00e9galement sous forme de cr\u00e8me Desowen. Vous ne pouvez l&#039;utiliser que sur avis m\u00e9dical. <\/span><\/p>","protected":false},"excerpt":{"rendered":"<ul>\n<li style=\"font-weight: 400;\" aria-level=\"1\"><span style=\"font-weight: 400;\">Efficace contre l&#039;ecz\u00e9ma, le psoriasis et la dermatite<\/span><\/li>\n<li style=\"font-weight: 400;\" aria-level=\"1\"><span style=\"font-weight: 400;\">R\u00e9duit les rougeurs et les d\u00e9mangeaisons<\/span><\/li>\n<li style=\"font-weight: 400;\" aria-level=\"1\"><span style=\"font-weight: 400;\">Am\u00e9lioration en 2 semaines<\/span><\/li>\n<li style=\"font-weight: 400;\" aria-level=\"1\"><span style=\"font-weight: 400;\">98,5% des patients atteints de dermatite s&#039;am\u00e9liorent<\/span><\/li>\n<li style=\"font-weight: 400;\" aria-level=\"1\"><span style=\"font-weight: 400;\">Exp\u00e9di\u00e9 sous 24 heures<\/span><\/li>\n<\/ul>","protected":false},"featured_media":29588,"comment_status":"open","ping_status":"closed","template":"","meta":{"om_disable_all_campaigns":false,"_uf_show_specific_survey":0,"_uf_disable_surveys":false},"product_brand":[],"product_cat":[534],"product_tag":[],"class_list":{"0":"post-4411","1":"product","2":"type-product","3":"status-publish","4":"has-post-thumbnail","6":"product_cat-skin-care","8":"first","9":"instock","10":"shipping-taxable","11":"purchasable","12":"product-type-variable"},"_links":{"self":[{"href":"https:\/\/wowrxpharmacy.com\/fr\/wp-json\/wp\/v2\/product\/4411","targetHints":{"allow":["GET"]}}],"collection":[{"href":"https:\/\/wowrxpharmacy.com\/fr\/wp-json\/wp\/v2\/product"}],"about":[{"href":"https:\/\/wowrxpharmacy.com\/fr\/wp-json\/wp\/v2\/types\/product"}],"replies":[{"embeddable":true,"href":"https:\/\/wowrxpharmacy.com\/fr\/wp-json\/wp\/v2\/comments?post=4411"}],"wp:featuredmedia":[{"embeddable":true,"href":"https:\/\/wowrxpharmacy.com\/fr\/wp-json\/wp\/v2\/media\/29588"}],"wp:attachment":[{"href":"https:\/\/wowrxpharmacy.com\/fr\/wp-json\/wp\/v2\/media?parent=4411"}],"wp:term":[{"taxonomy":"product_brand","embeddable":true,"href":"https:\/\/wowrxpharmacy.com\/fr\/wp-json\/wp\/v2\/product_brand?post=4411"},{"taxonomy":"product_cat","embeddable":true,"href":"https:\/\/wowrxpharmacy.com\/fr\/wp-json\/wp\/v2\/product_cat?post=4411"},{"taxonomy":"product_tag","embeddable":true,"href":"https:\/\/wowrxpharmacy.com\/fr\/wp-json\/wp\/v2\/product_tag?post=4411"}],"curies":[{"name":"wp","href":"https:\/\/api.w.org\/{rel}","templated":true}]}}