{"id":4406,"date":"2024-07-13T08:08:25","date_gmt":"2024-07-13T12:08:25","guid":{"rendered":"https:\/\/wowrxpharmacy.com\/?post_type=product&#038;p=4406"},"modified":"2024-10-16T03:51:25","modified_gmt":"2024-10-16T07:51:25","slug":"desowen-cream-0-05-10-gm","status":"publish","type":"product","link":"https:\/\/wowrxpharmacy.com\/fr\/product\/desowen-cream-0-05-10-gm\/","title":{"rendered":"Cr\u00e8me d\u00e9graissante 0,05% (10 g)"},"content":{"rendered":"<h3><span style=\"font-weight: 400;\">\u00c0 propos de la cr\u00e8me Desowen .05%<\/span><\/h3>\n<p><span style=\"font-weight: 400;\">La cr\u00e8me Desowen est un m\u00e9dicament topique pour les affections cutan\u00e9es. Son principe actif est le d\u00e9sonide, utilis\u00e9 dans le traitement de probl\u00e8mes cutan\u00e9s tels que l&#039;ecz\u00e9ma et le psoriasis.<\/span><\/p>\n<p><span style=\"font-weight: 400;\">Ce m\u00e9dicament est disponible uniquement sur ordonnance et sur recommandation d&#039;un m\u00e9decin. Vous pouvez facilement acheter la cr\u00e8me Desowen 0,05% chez WowRXPharmacy.<\/span><\/p>\n<h3><span style=\"font-weight: 400;\">Utilisations de la cr\u00e8me Desowen .05%<\/span><\/h3>\n<p><span style=\"font-weight: 400;\">La cr\u00e8me Desowen 0.05% traite efficacement les affections cutan\u00e9es inflammatoires et prurigineuses telles que l&#039;ecz\u00e9ma, le psoriasis et la dermatite. Elle agit en inhibant l&#039;action des substances chimiques pr\u00e9sentes dans l&#039;organisme et responsables de l&#039;inflammation cutan\u00e9e.<\/span><\/p>\n<p><span style=\"font-weight: 400;\">La cr\u00e8me Desowen r\u00e9duit les plaques squameuses et prurigineuses qui peuvent se former sur les coudes, les genoux, le cuir chevelu et d&#039;autres zones du corps lors du traitement du psoriasis. Elle traite \u00e9galement l&#039;ecz\u00e9ma et la dermatite en r\u00e9duisant les rougeurs, les \u00e9ruptions cutan\u00e9es, la douleur et les d\u00e9mangeaisons caus\u00e9es par la r\u00e9action de la peau \u00e0 un irritant.<\/span><\/p>\n<h3><span style=\"font-weight: 400;\">Comment fonctionne le d\u00e9sonide<\/span><\/h3>\n<p><span style=\"font-weight: 400;\">Le d\u00e9sonide appartient \u00e0 la classe des corticost\u00e9ro\u00efdes topiques. Les corticost\u00e9ro\u00efdes appliqu\u00e9s localement sont absorb\u00e9s par les cellules cutan\u00e9es. Ils emp\u00eachent ces cellules de produire certaines substances chimiques inflammatoires. G\u00e9n\u00e9ralement, la peau lib\u00e8re ces substances chimiques en r\u00e9ponse \u00e0 une irritation ou \u00e0 des allerg\u00e8nes, provoquant des d\u00e9mangeaisons, des rougeurs et des \u00e9ruptions cutan\u00e9es.<\/span><\/p>\n<p><span style=\"font-weight: 400;\">La cr\u00e8me Desowen fait l&#039;objet de critiques tr\u00e8s positives et est un m\u00e9dicament recommand\u00e9 pour l&#039;ecz\u00e9ma, le psoriasis et la dermatite.<\/span><\/p>\n<h3><span style=\"font-weight: 400;\">Comment utiliser la cr\u00e8me Desowen<\/span><\/h3>\n<p><span style=\"font-weight: 400;\">Cette cr\u00e8me est destin\u00e9e \u00e0 un usage externe uniquement. Respectez la dose et la dur\u00e9e d&#039;utilisation recommand\u00e9es par votre m\u00e9decin. Consultez l&#039;\u00e9tiquette pour conna\u00eetre les instructions avant utilisation.\u00a0<\/span><\/p>\n<p><span style=\"font-weight: 400;\">Nettoyez et s\u00e9chez la zone affect\u00e9e et appliquez Desown. Lavez-vous les mains apr\u00e8s application, sauf si vos mains sont en contact avec la zone affect\u00e9e.<\/span><\/p>","protected":false},"excerpt":{"rendered":"<ul>\n<li style=\"font-weight: 400;\" aria-level=\"1\"><span style=\"font-weight: 400;\">Solution fiable pour les affections cutan\u00e9es persistantes<\/span><\/li>\n<li style=\"font-weight: 400;\" aria-level=\"1\"><span style=\"font-weight: 400;\">Efficace contre l\u2019ecz\u00e9ma, le psoriasis et la dermatite, etc.<\/span><\/li>\n<li style=\"font-weight: 400;\" aria-level=\"1\"><span style=\"font-weight: 400;\">Soulagement visible des sympt\u00f4mes en 2 semaines<\/span><\/li>\n<li style=\"font-weight: 400;\" aria-level=\"1\"><span style=\"font-weight: 400;\">Cliniquement prouv\u00e9 pour r\u00e9duire l&#039;inflammation et les d\u00e9mangeaisons<\/span><\/li>\n<li style=\"font-weight: 400;\" aria-level=\"1\"><span style=\"font-weight: 400;\">M\u00e9dicament authentique, exp\u00e9di\u00e9 rapidement<\/span><\/li>\n<\/ul>","protected":false},"featured_media":29576,"comment_status":"open","ping_status":"closed","template":"","meta":{"om_disable_all_campaigns":false,"_uf_show_specific_survey":0,"_uf_disable_surveys":false},"product_brand":[],"product_cat":[534],"product_tag":[],"class_list":{"0":"post-4406","1":"product","2":"type-product","3":"status-publish","4":"has-post-thumbnail","6":"product_cat-skin-care","8":"first","9":"instock","10":"shipping-taxable","11":"purchasable","12":"product-type-variable","13":"has-default-attributes"},"_links":{"self":[{"href":"https:\/\/wowrxpharmacy.com\/fr\/wp-json\/wp\/v2\/product\/4406","targetHints":{"allow":["GET"]}}],"collection":[{"href":"https:\/\/wowrxpharmacy.com\/fr\/wp-json\/wp\/v2\/product"}],"about":[{"href":"https:\/\/wowrxpharmacy.com\/fr\/wp-json\/wp\/v2\/types\/product"}],"replies":[{"embeddable":true,"href":"https:\/\/wowrxpharmacy.com\/fr\/wp-json\/wp\/v2\/comments?post=4406"}],"wp:featuredmedia":[{"embeddable":true,"href":"https:\/\/wowrxpharmacy.com\/fr\/wp-json\/wp\/v2\/media\/29576"}],"wp:attachment":[{"href":"https:\/\/wowrxpharmacy.com\/fr\/wp-json\/wp\/v2\/media?parent=4406"}],"wp:term":[{"taxonomy":"product_brand","embeddable":true,"href":"https:\/\/wowrxpharmacy.com\/fr\/wp-json\/wp\/v2\/product_brand?post=4406"},{"taxonomy":"product_cat","embeddable":true,"href":"https:\/\/wowrxpharmacy.com\/fr\/wp-json\/wp\/v2\/product_cat?post=4406"},{"taxonomy":"product_tag","embeddable":true,"href":"https:\/\/wowrxpharmacy.com\/fr\/wp-json\/wp\/v2\/product_tag?post=4406"}],"curies":[{"name":"wp","href":"https:\/\/api.w.org\/{rel}","templated":true}]}}