{"id":4372,"date":"2024-07-13T08:08:25","date_gmt":"2024-07-13T12:08:25","guid":{"rendered":"https:\/\/wowrxpharmacy.com\/?post_type=product&#038;p=4372"},"modified":"2024-10-16T03:51:25","modified_gmt":"2024-10-16T07:51:25","slug":"dapsone-100-mg","status":"publish","type":"product","link":"https:\/\/wowrxpharmacy.com\/fr\/product\/dapsone-100-mg\/","title":{"rendered":"Dapsone 100 mg"},"content":{"rendered":"<h3><span style=\"font-weight: 400;\">\u00c0 propos de la Dapsone 100 mg<\/span><\/h3>\n<p><span style=\"font-weight: 400;\">La dapsone est un m\u00e9dicament efficace recommand\u00e9 pour traiter la l\u00e8pre et l&#039;acn\u00e9. La dapsone 100 inhibe le d\u00e9veloppement des micro-organismes pathog\u00e8nes dans l&#039;organisme. Elle aide \u00e9galement \u00e0 r\u00e9duire les rougeurs et les gonflements li\u00e9s \u00e0 l&#039;acn\u00e9 (commun\u00e9ment appel\u00e9s boutons).<\/span><\/p>\n<p><span style=\"font-weight: 400;\">Ce m\u00e9dicament est disponible uniquement sur ordonnance et sur recommandation d&#039;un m\u00e9decin. Vous pouvez facilement acheter des comprim\u00e9s de dapsone sur WowRXPharmacy, la pharmacie en ligne la plus fiable au monde.<\/span><\/p>\n<h3><span style=\"font-weight: 400;\">Utilisations de la dapsone 100<\/span><\/h3>\n<p><span style=\"font-weight: 400;\">Les m\u00e9decins recommandent les comprim\u00e9s de Dapsone pour traiter les affections suivantes\u00a0:<\/span><\/p>\n<h4><span style=\"font-weight: 400;\">L\u00e8pre<\/span><\/h4>\n<p><span style=\"font-weight: 400;\">Les comprim\u00e9s de Dapsone 100 mg sont utilis\u00e9s pour traiter la l\u00e8pre, une infection chronique caus\u00e9e par Mycobacterium leprae ou Mycobacterium lepromatosis et caract\u00e9ris\u00e9e par la perte des extr\u00e9mit\u00e9s en raison de blessures r\u00e9p\u00e9t\u00e9es ou inaper\u00e7ues.<\/span><\/p>\n<p><span style=\"font-weight: 400;\">Ce m\u00e9dicament est administr\u00e9 avec la rifampicine et la clofazimine pour le traitement de la l\u00e8pre.<\/span><\/p>\n<h4><span style=\"font-weight: 400;\">Dermatite herp\u00e9tiforme\u00a0<\/span><\/h4>\n<p><span style=\"font-weight: 400;\">Ce m\u00e9dicament peut traiter la dermatite herp\u00e9tiforme, une affection cutan\u00e9e chronique caract\u00e9ris\u00e9e par des cloques remplies de liquide et des d\u00e9mangeaisons intenses. Les comprim\u00e9s de dapsone soulagent les d\u00e9mangeaisons en deux \u00e0 trois jours.<\/span><\/p>\n<h4><span style=\"font-weight: 400;\">Acn\u00e9<\/span><\/h4>\n<p><span style=\"font-weight: 400;\">La dapsone 100 mg inhibe la croissance des bact\u00e9ries responsables de l\u2019acn\u00e9 sur la peau.<\/span><\/p>\n<h3><span style=\"font-weight: 400;\">Comment fonctionne la Dapsone<\/span><\/h3>\n<p><span style=\"font-weight: 400;\">La dapsone appartient \u00e0 la classe des m\u00e9dicaments appel\u00e9s antil\u00e9protiques. Ce m\u00e9dicament inhibe la production d&#039;acide folique par certaines bact\u00e9ries. Par cons\u00e9quent, la croissance bact\u00e9rienne dans l&#039;organisme est stopp\u00e9e.<\/span><\/p>\n<p><span style=\"font-weight: 400;\">Les comprim\u00e9s de dapsone inhibent \u00e9galement les enzymes lysosomales et de nombreuses prostaglandines et leucotri\u00e8nes, bloquant ainsi leurs effets inflammatoires. Gr\u00e2ce \u00e0 ses trois m\u00e9canismes d&#039;action distincts, la dapsone a trouv\u00e9 de nombreuses applications dans le traitement des maladies syst\u00e9miques et cutan\u00e9es.<\/span><\/p>\n<p><span style=\"font-weight: 400;\">La dapsone 100 mg b\u00e9n\u00e9ficie de critiques tr\u00e8s positives et est un m\u00e9dicament recommand\u00e9 pour la l\u00e8pre, la dermatite herp\u00e9tiforme et l&#039;acn\u00e9.<\/span><\/p>\n<h3><span style=\"font-weight: 400;\">Comment prendre le comprim\u00e9 de Dapsone<\/span><span style=\"font-weight: 400;\"><br \/>\n<\/span><\/h3>\n<p><span style=\"font-weight: 400;\">Suivez toujours les instructions de votre m\u00e9decin lorsque vous prenez un m\u00e9dicament. Avalez le comprim\u00e9 entier. Ne pas \u00e9craser, casser ou m\u00e2cher la dapsone. La prise de 100 mg de dapsone avec ou sans nourriture est autoris\u00e9e, mais il est pr\u00e9f\u00e9rable de la prendre \u00e0 heure fixe.<\/span><\/p>","protected":false},"excerpt":{"rendered":"<ul>\n<li style=\"font-weight: 400;\" aria-level=\"1\"><span style=\"font-weight: 400;\">Traitement puissant contre la l\u00e8pre<\/span><\/li>\n<li style=\"font-weight: 400;\" aria-level=\"1\"><span style=\"font-weight: 400;\">Soulage les d\u00e9mangeaisons intenses et les ampoules<\/span><\/li>\n<li style=\"font-weight: 400;\" aria-level=\"1\"><span style=\"font-weight: 400;\">Soulagement rapide de l&#039;acn\u00e9, r\u00e9duit les rougeurs et les gonflements<\/span><\/li>\n<li style=\"font-weight: 400;\" aria-level=\"1\"><span style=\"font-weight: 400;\">Action rapide : pic en 2 \u00e0 8 heures<\/span><\/li>\n<li style=\"font-weight: 400;\" aria-level=\"1\"><span style=\"font-weight: 400;\">Exp\u00e9di\u00e9 sous 24 heures<\/span><\/li>\n<\/ul>","protected":false},"featured_media":29558,"comment_status":"open","ping_status":"closed","template":"","meta":{"om_disable_all_campaigns":false,"_uf_show_specific_survey":0,"_uf_disable_surveys":false},"product_brand":[],"product_cat":[534],"product_tag":[],"class_list":{"0":"post-4372","1":"product","2":"type-product","3":"status-publish","4":"has-post-thumbnail","6":"product_cat-skin-care","8":"first","9":"instock","10":"shipping-taxable","11":"purchasable","12":"product-type-variable","13":"has-default-attributes"},"_links":{"self":[{"href":"https:\/\/wowrxpharmacy.com\/fr\/wp-json\/wp\/v2\/product\/4372","targetHints":{"allow":["GET"]}}],"collection":[{"href":"https:\/\/wowrxpharmacy.com\/fr\/wp-json\/wp\/v2\/product"}],"about":[{"href":"https:\/\/wowrxpharmacy.com\/fr\/wp-json\/wp\/v2\/types\/product"}],"replies":[{"embeddable":true,"href":"https:\/\/wowrxpharmacy.com\/fr\/wp-json\/wp\/v2\/comments?post=4372"}],"wp:featuredmedia":[{"embeddable":true,"href":"https:\/\/wowrxpharmacy.com\/fr\/wp-json\/wp\/v2\/media\/29558"}],"wp:attachment":[{"href":"https:\/\/wowrxpharmacy.com\/fr\/wp-json\/wp\/v2\/media?parent=4372"}],"wp:term":[{"taxonomy":"product_brand","embeddable":true,"href":"https:\/\/wowrxpharmacy.com\/fr\/wp-json\/wp\/v2\/product_brand?post=4372"},{"taxonomy":"product_cat","embeddable":true,"href":"https:\/\/wowrxpharmacy.com\/fr\/wp-json\/wp\/v2\/product_cat?post=4372"},{"taxonomy":"product_tag","embeddable":true,"href":"https:\/\/wowrxpharmacy.com\/fr\/wp-json\/wp\/v2\/product_tag?post=4372"}],"curies":[{"name":"wp","href":"https:\/\/api.w.org\/{rel}","templated":true}]}}