{"id":4336,"date":"2024-07-13T08:07:30","date_gmt":"2024-07-13T12:07:30","guid":{"rendered":"https:\/\/wowrxpharmacy.com\/?post_type=product&#038;p=4336"},"modified":"2024-11-13T02:59:44","modified_gmt":"2024-11-13T07:59:44","slug":"duralast-30-mg","status":"publish","type":"product","link":"https:\/\/wowrxpharmacy.com\/fr\/product\/duralast-30-mg\/","title":{"rendered":"Duralast 30 mg"},"content":{"rendered":"<h3><span style=\"font-weight: 400;\">\u00c0 propos de Duralast 30 mg<\/span><\/h3>\n<p><span style=\"font-weight: 400;\">Duralast 30 mg est un m\u00e9dicament destin\u00e9 au traitement de l&#039;\u00e9jaculation pr\u00e9coce chez l&#039;homme. Son sel principal est la dapox\u00e9tine.<\/span><\/p>\n<p><span style=\"font-weight: 400;\">La dapox\u00e9tine appartient \u00e0 une classe de m\u00e9dicaments appel\u00e9s inhibiteurs s\u00e9lectifs de la recapture de la s\u00e9rotonine (ISRS). Il est important de noter que la dapox\u00e9tine est utilis\u00e9e comme m\u00e9dicament hors indication pour traiter l&#039;\u00e9jaculation pr\u00e9coce.<\/span><\/p>\n<p><span style=\"font-weight: 400;\">Duralast 30 aide \u00e0 retarder l\u2019\u00e9jaculation, am\u00e9liorant ainsi les performances et la satisfaction sexuelles.<\/span><\/p>\n<h3><span style=\"font-weight: 400;\">Utilisations de Duralast 30 mg<\/span><span style=\"font-weight: 400;\"><br \/>\n<\/span><\/h3>\n<p><span style=\"font-weight: 400;\">Duralast 30 mg est principalement prescrit pour traiter l&#039;\u00e9jaculation pr\u00e9coce (EP), un trouble sexuel fr\u00e9quent chez les hommes. <\/span><a href=\"https:\/\/www.ncbi.nlm.nih.gov\/pmc\/articles\/PMC6732885\/#:~:text=Inability%20to%20control,or%20both%20partners\" target=\"_blank\" rel=\"nofollow noopener\"><span style=\"font-weight: 400;\">caract\u00e9ris\u00e9 par<\/span><\/a><span style=\"font-weight: 400;\"> la lib\u00e9ration incontr\u00f4lable de sperme pendant l&#039;activit\u00e9 sexuelle, survenant souvent peu de temps apr\u00e8s la p\u00e9n\u00e9tration et provoquant une d\u00e9tresse chez les deux partenaires.\u00a0<\/span><\/p>\n<p><span style=\"font-weight: 400;\">La dapox\u00e9tine aide \u00e0 retarder l&#039;\u00e9jaculation, permettant ainsi un meilleur contr\u00f4le de celle-ci lors des rapports sexuels. Elle procure une exp\u00e9rience sexuelle plus satisfaisante pour les deux partenaires.<\/span><\/p>\n<p><span style=\"font-weight: 400;\">Cependant, ce n&#039;est pas encore le cas <\/span><a href=\"https:\/\/www.fda.gov\/drugs\/medication-health-fraud\/public-notification-xzone-premium-contains-hidden-drug-ingredient#:~:text=Dapoxetine%20is%20an%20active%20ingredient%20not%20approved%20by%20FDA%2C%20and%20therefore%20its%20safety%20and%20efficacy%20have%20not%20been%20established.\" target=\"_blank\" rel=\"nofollow noopener\"><span style=\"font-weight: 400;\">Approuv\u00e9 par la FDA<\/span><\/a><span style=\"font-weight: 400;\"> En raison de ses effets secondaires potentiels, il est imp\u00e9ratif de consulter un m\u00e9decin avant toute ingestion.<\/span><\/p>\n<h3><span style=\"font-weight: 400;\">Fonctionnement de Duralast 30 mg<\/span><\/h3>\n<p><span style=\"font-weight: 400;\">Duralast 30 mg agit en augmentant le taux de s\u00e9rotonine dans le cerveau. La s\u00e9rotonine est un neurotransmetteur qui joue un r\u00f4le cl\u00e9 dans la r\u00e9gulation de l&#039;humeur. <\/span><a href=\"https:\/\/www.ncbi.nlm.nih.gov\/pmc\/articles\/PMC5864293\/#:~:text=The%20net%20effect%20of%20serotonin%20is%20to%20prolong%20ejaculatory%20latency%20and%20to%20delay%20orgasm%2C%20and%20thus%20SSRIs%20are%20often%20prescribed%20off%2Dlabel%20to%20treat%20premature%20ejaculation\" target=\"_blank\" rel=\"nofollow noopener\"><span style=\"font-weight: 400;\">et retarder<\/span><\/a><span style=\"font-weight: 400;\"> \u00e9jaculation.\u00a0<\/span><\/p>\n<p><span style=\"font-weight: 400;\">La dapox\u00e9tine contenue dans Duralast 30 mg inhibe la r\u00e9absorption de la s\u00e9rotonine dans les cellules nerveuses. Elle entra\u00eene une augmentation du taux de s\u00e9rotonine, ce qui contribue \u00e0 retarder le r\u00e9flexe \u00e9jaculatoire et \u00e0 prolonger l&#039;orgasme.<\/span><\/p>\n<h3><span style=\"font-weight: 400;\">Comment prendre Duralast 30<\/span><\/h3>\n<p><span style=\"font-weight: 400;\">Prenez Duralast selon les directives de votre professionnel de sant\u00e9. La dose standard recommand\u00e9e de 30 mg de Duralast est d&#039;un comprim\u00e9 par voie orale. Il doit \u00eatre pris environ 1 \u00e0 3 heures avant l&#039;activit\u00e9 sexuelle. Il peut \u00eatre pris avec ou sans nourriture.<\/span><\/p>\n<p><span style=\"font-weight: 400;\">Ce m\u00e9dicament doit \u00eatre pris avec un grand verre d&#039;eau pour une absorption optimale. Avalez le comprim\u00e9 entier sans l&#039;\u00e9craser, le croquer ou le casser. Ne prenez pas plus d&#039;un comprim\u00e9 par p\u00e9riode de 24 heures.<\/span><\/p>","protected":false},"excerpt":{"rendered":"<ul>\n<li style=\"font-weight: 400;\" aria-level=\"1\"><span style=\"font-weight: 400;\">Retarde l&#039;\u00e9jaculation<\/span><\/li>\n<li style=\"font-weight: 400;\" aria-level=\"1\"><span style=\"font-weight: 400;\">Convient aux 18-64 ans<\/span><\/li>\n<li style=\"font-weight: 400;\" aria-level=\"1\"><span style=\"font-weight: 400;\">L&#039;effet dure de 1 \u00e0 3 heures<\/span><\/li>\n<li style=\"font-weight: 400;\" aria-level=\"1\"><span style=\"font-weight: 400;\">Exp\u00e9dition s\u00e9curis\u00e9e et priv\u00e9e<\/span><\/li>\n<\/ul>","protected":false},"featured_media":29980,"comment_status":"open","ping_status":"closed","template":"","meta":{"om_disable_all_campaigns":false,"_uf_show_specific_survey":0,"_uf_disable_surveys":false},"product_brand":[],"product_cat":[438],"product_tag":[],"class_list":{"0":"post-4336","1":"product","2":"type-product","3":"status-publish","4":"has-post-thumbnail","6":"product_cat-mens-health","8":"first","9":"instock","10":"shipping-taxable","11":"purchasable","12":"product-type-variable","13":"has-default-attributes"},"_links":{"self":[{"href":"https:\/\/wowrxpharmacy.com\/fr\/wp-json\/wp\/v2\/product\/4336","targetHints":{"allow":["GET"]}}],"collection":[{"href":"https:\/\/wowrxpharmacy.com\/fr\/wp-json\/wp\/v2\/product"}],"about":[{"href":"https:\/\/wowrxpharmacy.com\/fr\/wp-json\/wp\/v2\/types\/product"}],"replies":[{"embeddable":true,"href":"https:\/\/wowrxpharmacy.com\/fr\/wp-json\/wp\/v2\/comments?post=4336"}],"wp:featuredmedia":[{"embeddable":true,"href":"https:\/\/wowrxpharmacy.com\/fr\/wp-json\/wp\/v2\/media\/29980"}],"wp:attachment":[{"href":"https:\/\/wowrxpharmacy.com\/fr\/wp-json\/wp\/v2\/media?parent=4336"}],"wp:term":[{"taxonomy":"product_brand","embeddable":true,"href":"https:\/\/wowrxpharmacy.com\/fr\/wp-json\/wp\/v2\/product_brand?post=4336"},{"taxonomy":"product_cat","embeddable":true,"href":"https:\/\/wowrxpharmacy.com\/fr\/wp-json\/wp\/v2\/product_cat?post=4336"},{"taxonomy":"product_tag","embeddable":true,"href":"https:\/\/wowrxpharmacy.com\/fr\/wp-json\/wp\/v2\/product_tag?post=4336"}],"curies":[{"name":"wp","href":"https:\/\/api.w.org\/{rel}","templated":true}]}}