{"id":4211,"date":"2024-07-13T08:05:33","date_gmt":"2024-07-13T12:05:33","guid":{"rendered":"https:\/\/wowrxpharmacy.com\/?post_type=product&#038;p=4211"},"modified":"2024-10-16T03:51:26","modified_gmt":"2024-10-16T07:51:26","slug":"inhalateur-tiova-9-mcg-200-mg-ml","status":"publish","type":"product","link":"https:\/\/wowrxpharmacy.com\/fr\/product\/inhalateur-tiova-9-mcg-200-mg-ml\/","title":{"rendered":"Inhalateur Tiova 9 mcg (200 mdi)"},"content":{"rendered":"<h3><span style=\"font-weight: 400;\">\u00c0 propos de l&#039;inhalateur Tiova 9 mcg<\/span><\/h3>\n<p><span style=\"font-weight: 400;\">L&#039;inhalateur Tiova est un m\u00e9dicament anticholinergique d\u00e9livr\u00e9 sur ordonnance. Il est utilis\u00e9 pour pr\u00e9venir l&#039;apparition des sympt\u00f4mes de l&#039;asthme et traiter la bronchopneumopathie chronique obstructive (BPCO). Son principe actif est le bromure de tiotropium. Ce m\u00e9dicament d\u00e9tend les muscles des voies respiratoires et facilite la respiration. Les inhalateurs Tiova sont fabriqu\u00e9s par Cipla. Ils sont disponibles \u00e0 la vente chez WOWRXPharmacy.<\/span><\/p>\n<h3><span style=\"font-weight: 400;\">Utilisations de l&#039;inhalateur Tiova<\/span><\/h3>\n<p><span style=\"font-weight: 400;\">L&#039;inhalateur Tiova est utilis\u00e9 pour traiter les affections suivantes\u00a0:<\/span><\/p>\n<h4><span style=\"font-weight: 400;\">Asthme<\/span><\/h4>\n<p><span style=\"font-weight: 400;\">L&#039;asthme est une maladie respiratoire chronique caract\u00e9ris\u00e9e par un r\u00e9tr\u00e9cissement et un gonflement des voies respiratoires, ainsi que par la production de mucus, entra\u00eenant des difficult\u00e9s respiratoires.<\/span><\/p>\n<h4><span style=\"font-weight: 400;\">Maladie pulmonaire obstructive chronique (MPOC)<\/span><\/h4>\n<p><span style=\"font-weight: 400;\">Il s&#039;agit d&#039;un groupe de maladies pulmonaires inflammatoires chroniques qui obstruent la circulation de l&#039;air. Les principaux sympt\u00f4mes de la BPCO comprennent des difficult\u00e9s respiratoires, de la toux, une production de mucus et une respiration sifflante. Elle est g\u00e9n\u00e9ralement caus\u00e9e par le tabagisme et une exposition prolong\u00e9e aux particules fines.<\/span><\/p>\n<h3><span style=\"font-weight: 400;\">Comment fonctionne le tiotropium<\/span><\/h3>\n<p><span style=\"font-weight: 400;\">L&#039;inhalateur Tiova 9 mcg b\u00e9n\u00e9ficie de critiques tr\u00e8s positives et est un m\u00e9dicament recommand\u00e9 pour l&#039;asthme et la BPCO. <\/span><span style=\"font-weight: 400;\">L&#039;inhalateur Tiova contient du bromure de tiotropium, qui inhibe les r\u00e9cepteurs de l&#039;ac\u00e9tylcholine lib\u00e9r\u00e9s par les terminaisons nerveuses cholinergiques des voies respiratoires. Cette action d\u00e9tend et \u00e9largit les voies respiratoires, facilitant ainsi la respiration.<\/span><\/p>\n<h3><span style=\"font-weight: 400;\">Comment utiliser l&#039;inhalateur Tiova\u00a0<\/span><\/h3>\n<p><span style=\"font-weight: 400;\">Le tiotropium est un m\u00e9dicament d\u00e9livr\u00e9 sur ordonnance.<\/span><\/p>\n<p><span style=\"font-weight: 400;\">Par cons\u00e9quent, la posologie et la dur\u00e9e doivent \u00eatre celles sugg\u00e9r\u00e9es par votre m\u00e9decin.<\/span><\/p>\n<p><span style=\"font-weight: 400;\">Cependant, il existe des ensembles <\/span><a href=\"https:\/\/www.webmd.com\/drugs\/2\/drug-89061-1655\/tiotropium-bromide-inhalation\/tiotropium-inhalation\/details\" target=\"_blank\" rel=\"nofollow noopener\"><span style=\"font-weight: 400;\">lignes directrices pour<\/span><\/a><span style=\"font-weight: 400;\"> en utilisant des inhalateurs, qui sont les suivants :<\/span><\/p>\n<ul>\n<li style=\"font-weight: 400;\" aria-level=\"1\"><span style=\"font-weight: 400;\">Avant d&#039;utiliser l&#039;inhalateur, lisez attentivement les instructions sur la notice.\u00a0<\/span><\/li>\n<li style=\"font-weight: 400;\" aria-level=\"1\"><span style=\"font-weight: 400;\">Bien agiter l&#039;inhalateur<\/span><\/li>\n<li style=\"font-weight: 400;\" aria-level=\"1\"><span style=\"font-weight: 400;\">Appuyez sur l&#039;inhalateur tout en respirant par la bouche<\/span><\/li>\n<li style=\"font-weight: 400;\" aria-level=\"1\"><span style=\"font-weight: 400;\">Retenez votre souffle pendant 10 secondes<\/span><\/li>\n<li style=\"font-weight: 400;\" aria-level=\"1\"><span style=\"font-weight: 400;\">R\u00e9p\u00e9tez jusqu&#039;\u00e0 ce que vous ayez inhal\u00e9 le nombre de bouff\u00e9es prescrit par votre m\u00e9decin.<\/span><\/li>\n<li style=\"font-weight: 400;\" aria-level=\"1\"><span style=\"font-weight: 400;\">Rincez-vous soigneusement la bouche avec de l&#039;eau<\/span><\/li>\n<\/ul>","protected":false},"excerpt":{"rendered":"<ul>\n<li style=\"font-weight: 400;\" aria-level=\"1\"><span style=\"font-weight: 400;\">Approuv\u00e9 par la FDA <\/span><span style=\"font-weight: 400;\">Bromure de tiotropium<\/span><\/li>\n<li style=\"font-weight: 400;\" aria-level=\"1\"><span style=\"font-weight: 400;\">Commence \u00e0 fonctionner en quelques minutes<\/span><\/li>\n<li style=\"font-weight: 400;\" aria-level=\"1\"><span style=\"font-weight: 400;\">Reste efficace pendant plusieurs heures<\/span><\/li>\n<li style=\"font-weight: 400;\" aria-level=\"1\"><span style=\"font-weight: 400;\">Exp\u00e9di\u00e9 sous 24 heures<\/span><\/li>\n<\/ul>","protected":false},"featured_media":29314,"comment_status":"open","ping_status":"closed","template":"","meta":{"om_disable_all_campaigns":false,"_uf_show_specific_survey":0,"_uf_disable_surveys":false},"product_brand":[],"product_cat":[555],"product_tag":[],"class_list":{"0":"post-4211","1":"product","2":"type-product","3":"status-publish","4":"has-post-thumbnail","6":"product_cat-asthma","8":"first","9":"instock","10":"shipping-taxable","11":"purchasable","12":"product-type-variable","13":"has-default-attributes"},"_links":{"self":[{"href":"https:\/\/wowrxpharmacy.com\/fr\/wp-json\/wp\/v2\/product\/4211","targetHints":{"allow":["GET"]}}],"collection":[{"href":"https:\/\/wowrxpharmacy.com\/fr\/wp-json\/wp\/v2\/product"}],"about":[{"href":"https:\/\/wowrxpharmacy.com\/fr\/wp-json\/wp\/v2\/types\/product"}],"replies":[{"embeddable":true,"href":"https:\/\/wowrxpharmacy.com\/fr\/wp-json\/wp\/v2\/comments?post=4211"}],"wp:featuredmedia":[{"embeddable":true,"href":"https:\/\/wowrxpharmacy.com\/fr\/wp-json\/wp\/v2\/media\/29314"}],"wp:attachment":[{"href":"https:\/\/wowrxpharmacy.com\/fr\/wp-json\/wp\/v2\/media?parent=4211"}],"wp:term":[{"taxonomy":"product_brand","embeddable":true,"href":"https:\/\/wowrxpharmacy.com\/fr\/wp-json\/wp\/v2\/product_brand?post=4211"},{"taxonomy":"product_cat","embeddable":true,"href":"https:\/\/wowrxpharmacy.com\/fr\/wp-json\/wp\/v2\/product_cat?post=4211"},{"taxonomy":"product_tag","embeddable":true,"href":"https:\/\/wowrxpharmacy.com\/fr\/wp-json\/wp\/v2\/product_tag?post=4211"}],"curies":[{"name":"wp","href":"https:\/\/api.w.org\/{rel}","templated":true}]}}