{"id":4178,"date":"2024-07-13T08:05:33","date_gmt":"2024-07-13T12:05:33","guid":{"rendered":"https:\/\/wowrxpharmacy.com\/?post_type=product&#038;p=4178"},"modified":"2024-10-16T03:47:35","modified_gmt":"2024-10-16T07:47:35","slug":"peau-legere-25-g","status":"publish","type":"product","link":"https:\/\/wowrxpharmacy.com\/fr\/product\/peau-legere-25-g\/","title":{"rendered":"Skin Lite 25 g"},"content":{"rendered":"<h3><span style=\"font-weight: 400;\">\u00c0 propos de la cr\u00e8me Skin Lite<\/span><span style=\"font-weight: 400;\"><br \/>\n<\/span><\/h3>\n<p><span style=\"font-weight: 400;\">Skin Lite 25 g est un m\u00e9dicament principalement utilis\u00e9 pour traiter le m\u00e9lasma (tache brune fonc\u00e9e sur la peau). Les ingr\u00e9dients actifs de la cr\u00e8me sont l&#039;hydroquinone, la tr\u00e9tino\u00efne et la mom\u00e9tasone.\u00a0<\/span><\/p>\n<p><span style=\"font-weight: 400;\">Le m\u00e9lasma est une maladie de la peau qui provoque des taches fonc\u00e9es sur la peau. Cette affection est plus fr\u00e9quente chez les femmes et survient g\u00e9n\u00e9ralement pendant la grossesse.\u00a0<\/span><\/p>\n<p><span style=\"font-weight: 400;\">La cr\u00e8me est fabriqu\u00e9e et commercialis\u00e9e dans le monde entier par Zydus Healthcare Ltd. Gr\u00e2ce \u00e0 WowRXPharmacy, recevez la cr\u00e8me de traitement du m\u00e9lasma \u00e0 votre domicile.\u00a0<\/span><\/p>\n<h3><span style=\"font-weight: 400;\">Utilisations de Skin Lite<\/span><\/h3>\n<p><span style=\"font-weight: 400;\">Peau Lite<\/span><span style=\"font-weight: 400;\"> est livr\u00e9 avec des critiques tr\u00e8s positives et est recommand\u00e9 <\/span><span style=\"font-weight: 400;\">traitement du m\u00e9lasma. <\/span><span style=\"font-weight: 400;\">Le m\u00e9lasma est une affection cutan\u00e9e courante qui se manifeste par des zones fonc\u00e9es et d\u00e9color\u00e9es, notamment sur le visage. Il est fr\u00e9quent pendant la grossesse et la m\u00e9nopause.\u00a0<\/span><\/p>\n<p><span style=\"font-weight: 400;\">Skin Lite \u00e9claircit ces zones sombres en diminuant la synth\u00e8se de m\u00e9lanine (pigment naturel de la peau). Il \u00e9claircit le teint et lui donne un aspect plus lisse. La cr\u00e8me r\u00e9duit \u00e9galement les gonflements, les rougeurs et les irritations, ce qui est tr\u00e8s b\u00e9n\u00e9fique pour les peaux sensibles.\u00a0<\/span><\/p>\n<p><span style=\"font-weight: 400;\">\u00c0 mesure que votre apparence change, cela contribue \u00e0 renforcer votre estime de soi et votre confiance en vous. Il est conseill\u00e9 d&#039;utiliser la cr\u00e8me pendant la dur\u00e9e prescrite pour en tirer pleinement profit.\u00a0<\/span><\/p>\n<h3><span style=\"font-weight: 400;\">Fonctionnement de la cr\u00e8me Skin Lite<\/span><span style=\"font-weight: 400;\"><br \/>\n<\/span><\/h3>\n<p><span style=\"font-weight: 400;\">Skin Lite est un traitement contre le m\u00e9lasma qui associe trois m\u00e9dicaments\u00a0: l&#039;hydroquinone, la tr\u00e9tino\u00efne et la mom\u00e9tasone. L&#039;hydroquinone est un m\u00e9dicament blanchissant la peau. Elle diminue la quantit\u00e9 de m\u00e9lanine, un pigment cutan\u00e9 responsable du noircissement de la peau.\u00a0<\/span><\/p>\n<p><span style=\"font-weight: 400;\">La tr\u00e9tino\u00efne est une vitamine A qui favorise le renouvellement cutan\u00e9 plus rapide. La mom\u00e9tasone, un corticost\u00e9ro\u00efde, inhibe la production de certains messagers chimiques responsables des gonflements, des d\u00e9mangeaisons et des rougeurs.\u00a0<\/span><\/p>\n<p><span style=\"font-weight: 400;\">Ensemble, les trois ingr\u00e9dients \u00e9claircissent les taches brunes caus\u00e9es par le m\u00e9lasma et traitent les rougeurs et les d\u00e9mangeaisons de la zone touch\u00e9e.\u00a0<\/span><\/p>\n<h3><span style=\"font-weight: 400;\">Mode d&#039;emploi\u00a0<\/span><\/h3>\n<p><span style=\"font-weight: 400;\">Vous devez suivre strictement les instructions de votre m\u00e9decin pour utiliser la cr\u00e8me Melasma.\u00a0<\/span><\/p>\n<ul>\n<li style=\"font-weight: 400;\" aria-level=\"1\"><span style=\"font-weight: 400;\">Lavez et s\u00e9chez la zone affect\u00e9e<\/span><\/li>\n<li style=\"font-weight: 400;\" aria-level=\"1\"><span style=\"font-weight: 400;\">Appliquer la cr\u00e8me en fine couche sur la zone affect\u00e9e<\/span><\/li>\n<li style=\"font-weight: 400;\" aria-level=\"1\"><span style=\"font-weight: 400;\">Lavez-vous soigneusement les mains apr\u00e8s avoir utilis\u00e9 la cr\u00e8me, sauf s&#039;il s&#039;agit de la zone affect\u00e9e.<\/span><\/li>\n<\/ul>","protected":false},"excerpt":{"rendered":"<ul>\n<li style=\"font-weight: 400;\" aria-level=\"1\"><span style=\"font-weight: 400;\">R\u00e9duit visiblement les taches brunes et la d\u00e9coloration en 2 semaines<\/span><\/li>\n<li style=\"font-weight: 400;\" aria-level=\"1\"><span style=\"font-weight: 400;\">Att\u00e9nue le m\u00e9lasma, les taches de vieillesse et les dommages caus\u00e9s par le soleil en 4 semaines<\/span><\/li>\n<li style=\"font-weight: 400;\" aria-level=\"1\"><span style=\"font-weight: 400;\">Illumine et unifie le teint pour un teint \u00e9clatant<\/span><\/li>\n<li style=\"font-weight: 400;\" aria-level=\"1\"><span style=\"font-weight: 400;\">Formule cliniquement prouv\u00e9e, approuv\u00e9e par les dermatologues\u00a0<\/span><\/li>\n<li style=\"font-weight: 400;\" aria-level=\"1\"><span style=\"font-weight: 400;\">Exp\u00e9dition rapide en 24 heures<\/span><\/li>\n<\/ul>","protected":false},"featured_media":29404,"comment_status":"open","ping_status":"closed","template":"","meta":{"om_disable_all_campaigns":false,"_uf_show_specific_survey":0,"_uf_disable_surveys":false},"product_brand":[],"product_cat":[534],"product_tag":[],"class_list":{"0":"post-4178","1":"product","2":"type-product","3":"status-publish","4":"has-post-thumbnail","6":"product_cat-skin-care","8":"first","9":"instock","10":"shipping-taxable","11":"purchasable","12":"product-type-variable"},"_links":{"self":[{"href":"https:\/\/wowrxpharmacy.com\/fr\/wp-json\/wp\/v2\/product\/4178","targetHints":{"allow":["GET"]}}],"collection":[{"href":"https:\/\/wowrxpharmacy.com\/fr\/wp-json\/wp\/v2\/product"}],"about":[{"href":"https:\/\/wowrxpharmacy.com\/fr\/wp-json\/wp\/v2\/types\/product"}],"replies":[{"embeddable":true,"href":"https:\/\/wowrxpharmacy.com\/fr\/wp-json\/wp\/v2\/comments?post=4178"}],"wp:featuredmedia":[{"embeddable":true,"href":"https:\/\/wowrxpharmacy.com\/fr\/wp-json\/wp\/v2\/media\/29404"}],"wp:attachment":[{"href":"https:\/\/wowrxpharmacy.com\/fr\/wp-json\/wp\/v2\/media?parent=4178"}],"wp:term":[{"taxonomy":"product_brand","embeddable":true,"href":"https:\/\/wowrxpharmacy.com\/fr\/wp-json\/wp\/v2\/product_brand?post=4178"},{"taxonomy":"product_cat","embeddable":true,"href":"https:\/\/wowrxpharmacy.com\/fr\/wp-json\/wp\/v2\/product_cat?post=4178"},{"taxonomy":"product_tag","embeddable":true,"href":"https:\/\/wowrxpharmacy.com\/fr\/wp-json\/wp\/v2\/product_tag?post=4178"}],"curies":[{"name":"wp","href":"https:\/\/api.w.org\/{rel}","templated":true}]}}