{"id":4067,"date":"2024-07-13T08:08:26","date_gmt":"2024-07-13T12:08:26","guid":{"rendered":"https:\/\/wowrxpharmacy.com\/?post_type=product&#038;p=4067"},"modified":"2024-10-16T03:51:27","modified_gmt":"2024-10-16T07:51:27","slug":"aprezo-30mg","status":"publish","type":"product","link":"https:\/\/wowrxpharmacy.com\/fr\/product\/aprezo-30mg\/","title":{"rendered":"Aprezo 30 mg"},"content":{"rendered":"<h3><span style=\"font-weight: 400;\">\u00c0 propos d&#039;Aprezo 30 mg<\/span><\/h3>\n<p><span style=\"font-weight: 400;\">Le comprim\u00e9 Aprezo 30 mg est un m\u00e9dicament pour le soin de la peau utilis\u00e9 pour traiter le psoriasis en plaques mod\u00e9r\u00e9 \u00e0 s\u00e9v\u00e8re, une maladie cutan\u00e9e. Le principal principe actif de ce comprim\u00e9, l&#039;apr\u00e9milast, appartient \u00e0 la classe des inhibiteurs de la phosphodiest\u00e9rase 4.<\/span><\/p>\n<p><span style=\"font-weight: 400;\">Ce m\u00e9dicament agit en bloquant l&#039;action de certains messagers chimiques responsables de l&#039;inflammation dans le rhumatisme psoriasique et le psoriasis, r\u00e9duisant ainsi les signes et sympt\u00f4mes de ces affections. Le comprim\u00e9 d&#039;Aprezo 30 mg est un m\u00e9dicament d\u00e9livr\u00e9 sur ordonnance qui ne doit \u00eatre pris que sur recommandation d&#039;un professionnel de la sant\u00e9.<\/span><\/p>\n<h3><span style=\"font-weight: 400;\">Utilisations d&#039;Aprezo 30 mg<\/span><\/h3>\n<p><span style=\"font-weight: 400;\">Le comprim\u00e9 Aprezo 30 mg a recueilli de nombreuses critiques positives pour le traitement de la condition m\u00e9dicale suivante\u00a0:<\/span><\/p>\n<h4><span style=\"font-weight: 400;\">Psoriasis en plaques<\/span><\/h4>\n<p><span style=\"font-weight: 400;\">Le psoriasis en plaques est la forme la plus courante de psoriasis, caract\u00e9ris\u00e9e par une croissance excessive des cellules cutan\u00e9es et la formation de squames et de plaques s\u00e8ches. Ces plaques peuvent se d\u00e9velopper partout, mais elles apparaissent le plus souvent sur le cuir chevelu, les coudes, les genoux et le bas du dos. Le comprim\u00e9 Aprezo 30 mg att\u00e9nue les plaques squameuses et prurigineuses qui peuvent appara\u00eetre sur diff\u00e9rentes zones du corps.\u00a0<\/span><\/p>\n<h4><span style=\"font-weight: 400;\">Arthrite psoriasique<\/span><\/h4>\n<p><span style=\"font-weight: 400;\">Le rhumatisme psoriasique est une forme d&#039;arthrite qui touche certaines personnes atteintes de psoriasis, une maladie de la peau. Douleurs, raideurs et \u0153d\u00e8mes articulaires sont des sympt\u00f4mes courants qui s&#039;aggravent et disparaissent. Aprezo 30 comprim\u00e9s est prescrit pour traiter le rhumatisme psoriasique. Il soulage la douleur et les \u0153d\u00e8mes articulaires.<\/span><\/p>\n<h3><span style=\"font-weight: 400;\">Comment fonctionne l&#039;Apremilast<\/span><\/h3>\n<p><span style=\"font-weight: 400;\">Le principe actif d&#039;Aprezo 30 comprim\u00e9s 10 mg est l&#039;apr\u00e9milast, un inhibiteur de la phosphodiest\u00e9rase 4 (PDE4). Le m\u00e9canisme d&#039;action d&#039;Aprezo 30 mg consiste \u00e0 bloquer l&#039;action de certains messagers chimiques responsables de l&#039;inflammation associ\u00e9e au rhumatisme psoriasique et au psoriasis.<\/span><\/p>\n<p><span style=\"font-weight: 400;\">Par cons\u00e9quent, cela contribue \u00e0 r\u00e9duire les signes et sympt\u00f4mes associ\u00e9s \u00e0 ces affections.<\/span><\/p>\n<h3><span style=\"font-weight: 400;\">Comment prendre Aprezo 30 mg<\/span><\/h3>\n<p><span style=\"font-weight: 400;\">Les comprim\u00e9s d&#039;Aprezo 30 mg doivent \u00eatre pris conform\u00e9ment aux instructions de votre m\u00e9decin. Lors de la prise du comprim\u00e9, gardez \u00e0 l&#039;esprit les points suivants\u00a0:<\/span><\/p>\n<ul>\n<li style=\"font-weight: 400;\" aria-level=\"1\"><span style=\"font-weight: 400;\">Le comprim\u00e9 d&#039;Aprezo 30 mg doit \u00eatre pris par voie orale<\/span><\/li>\n<li style=\"font-weight: 400;\" aria-level=\"1\"><span style=\"font-weight: 400;\">Le m\u00e9decin d\u00e9termine la dose et la dur\u00e9e du traitement<\/span><\/li>\n<li style=\"font-weight: 400;\" aria-level=\"1\"><span style=\"font-weight: 400;\">Le comprim\u00e9 d&#039;Aprezo 30 mg peut \u00eatre pris avec ou sans nourriture. Avalez le comprim\u00e9 d&#039;Aprezo 30 mg avec un verre d&#039;eau.<\/span><\/li>\n<li style=\"font-weight: 400;\" aria-level=\"1\"><span style=\"font-weight: 400;\">Vous ne devez pas \u00e9craser, m\u00e2cher ou casser le comprim\u00e9.<\/span><\/li>\n<li style=\"font-weight: 400;\" aria-level=\"1\"><span style=\"font-weight: 400;\">Pour de meilleurs r\u00e9sultats, il serait pr\u00e9f\u00e9rable de le prendre \u00e0 une heure fixe et de respecter la dose recommand\u00e9e.<\/span><\/li>\n<\/ul>","protected":false},"excerpt":{"rendered":"<ul>\n<li style=\"font-weight: 400;\" aria-level=\"1\"><span style=\"font-weight: 400;\">Apremilast approuv\u00e9 par la FDA<\/span><\/li>\n<li style=\"font-weight: 400;\" aria-level=\"1\"><span style=\"font-weight: 400;\">R\u00e9duit l&#039;inflammation<\/span><\/li>\n<li style=\"font-weight: 400;\" aria-level=\"1\"><span style=\"font-weight: 400;\">R\u00e9duit les plaques squameuses et les d\u00e9mangeaisons<\/span><\/li>\n<li style=\"font-weight: 400;\" aria-level=\"1\"><span style=\"font-weight: 400;\">Effets visibles en 16 semaines<\/span><\/li>\n<li style=\"font-weight: 400;\" aria-level=\"1\"><span style=\"font-weight: 400;\">Approuv\u00e9 par les m\u00e9decins<\/span><\/li>\n<\/ul>","protected":false},"featured_media":29277,"comment_status":"open","ping_status":"closed","template":"","meta":{"om_disable_all_campaigns":false,"_uf_show_specific_survey":0,"_uf_disable_surveys":false},"product_brand":[],"product_cat":[534],"product_tag":[],"class_list":{"0":"post-4067","1":"product","2":"type-product","3":"status-publish","4":"has-post-thumbnail","6":"product_cat-skin-care","8":"first","9":"instock","10":"shipping-taxable","11":"purchasable","12":"product-type-variable","13":"has-default-attributes"},"_links":{"self":[{"href":"https:\/\/wowrxpharmacy.com\/fr\/wp-json\/wp\/v2\/product\/4067","targetHints":{"allow":["GET"]}}],"collection":[{"href":"https:\/\/wowrxpharmacy.com\/fr\/wp-json\/wp\/v2\/product"}],"about":[{"href":"https:\/\/wowrxpharmacy.com\/fr\/wp-json\/wp\/v2\/types\/product"}],"replies":[{"embeddable":true,"href":"https:\/\/wowrxpharmacy.com\/fr\/wp-json\/wp\/v2\/comments?post=4067"}],"wp:featuredmedia":[{"embeddable":true,"href":"https:\/\/wowrxpharmacy.com\/fr\/wp-json\/wp\/v2\/media\/29277"}],"wp:attachment":[{"href":"https:\/\/wowrxpharmacy.com\/fr\/wp-json\/wp\/v2\/media?parent=4067"}],"wp:term":[{"taxonomy":"product_brand","embeddable":true,"href":"https:\/\/wowrxpharmacy.com\/fr\/wp-json\/wp\/v2\/product_brand?post=4067"},{"taxonomy":"product_cat","embeddable":true,"href":"https:\/\/wowrxpharmacy.com\/fr\/wp-json\/wp\/v2\/product_cat?post=4067"},{"taxonomy":"product_tag","embeddable":true,"href":"https:\/\/wowrxpharmacy.com\/fr\/wp-json\/wp\/v2\/product_tag?post=4067"}],"curies":[{"name":"wp","href":"https:\/\/api.w.org\/{rel}","templated":true}]}}