{"id":3992,"date":"2024-07-13T08:08:42","date_gmt":"2024-07-13T12:08:42","guid":{"rendered":"https:\/\/wowrxpharmacy.com\/?post_type=product&#038;p=3992"},"modified":"2024-10-16T03:51:27","modified_gmt":"2024-10-16T07:51:27","slug":"azopt-eye-drop-1-5-ml","status":"publish","type":"product","link":"https:\/\/wowrxpharmacy.com\/fr\/product\/azopt-eye-drop-1-5-ml\/","title":{"rendered":"Azopt Eye Drop 1% (5 ml)"},"content":{"rendered":"<h3><span style=\"font-weight: 400;\">About Azopt Eye Drop 1%<\/span><span style=\"font-weight: 400;\"><br \/>\n<\/span><\/h3>\n<p><span style=\"font-weight: 400;\">Azopt eye drop is a medicine used to treat people with Glaucoma or Ocular Hypertension which is characterized by high pressure in their eyes. The salt present in this eye drop is Brinzolamide. When the pressure in your eye is too high, it can hurt your ability to see. Azopt eye drop works by making the eye have less fluid. <\/span><span style=\"font-weight: 400;\">Azopt Eye Drop 1% comes with highly positive reviews and is a recommended medication for Glaucoma.<\/span><\/p>\n<h3><span style=\"font-weight: 400;\">Usage<\/span><span style=\"font-weight: 400;\"><br \/>\n<\/span><\/h3>\n<p><span style=\"font-weight: 400;\">The following are the uses of Azopt eye drops:<\/span><\/p>\n<h4><span style=\"font-weight: 400;\">Open-angle Glaucoma<\/span><span style=\"font-weight: 400;\"><br \/>\n<\/span><\/h4>\n<p><span style=\"font-weight: 400;\">Glaucoma is a group of eye diseases that cause damage to the optic nerve to get worse over time. It is a condition where the pressure inside the eye, called intraocular pressure, rises. This can cause permanent loss of vision. Glaucoma can happen at any age, but people over 60 are more likely to get it. Glaucoma is more likely to occur if you are older, have a family history, or have previously had any eye injury. Low blood flow to the optic nerve and health problems like high blood pressure and diabetes also causes it.<\/span><\/p>\n<h4><span style=\"font-weight: 400;\">Hypertension oculaire<\/span><\/h4>\n<p><span style=\"font-weight: 400;\">Lorsque l&#039;\u0153il produit trop de liquide, la pression s&#039;accumule, entra\u00eenant une augmentation de la pression intraoculaire. \u00c0 long terme, cela peut entra\u00eener un glaucome.<\/span><span style=\"font-weight: 400;\"><br \/>\n<\/span><\/p>\n<h3><span style=\"font-weight: 400;\">Fonctionnement<\/span><span style=\"font-weight: 400;\"><br \/>\n<\/span><\/h3>\n<p><span style=\"font-weight: 400;\">Azopt eye drop slows down carbonic anhydrase. It stops the production of aqueous humor (the fluid in the eye), which lowers the pressure in the eye.<\/span><\/p>\n<h3><span style=\"font-weight: 400;\">How to use it?<\/span><span style=\"font-weight: 400;\"><br \/>\n<\/span><\/h3>\n<p><span style=\"font-weight: 400;\">If the seal is broken before you use Azopt eye drop for the first time, you should never use it. Before you use it, wash your hands with soap and give the bottle a good shake. If you wear contact lenses, take them out before you install them and wait at least 15 minutes before putting them back in. Don\u2019t take this medicine before consulting your doctor.<\/span><\/p>","protected":false},"excerpt":{"rendered":"<ul>\n<li style=\"font-weight: 400;\" aria-level=\"1\"><span style=\"font-weight: 400;\">Reduces high pressure in the eye<\/span><\/li>\n<li style=\"font-weight: 400;\" aria-level=\"1\"><span style=\"font-weight: 400;\">Reduces the risk of vision loss<\/span><\/li>\n<li style=\"font-weight: 400;\" aria-level=\"1\"><span style=\"font-weight: 400;\">Full effect seen up to 4 weeks<\/span><\/li>\n<li style=\"font-weight: 400;\" aria-level=\"1\"><span style=\"font-weight: 400;\">Expert customer support<\/span><\/li>\n<\/ul>","protected":false},"featured_media":29367,"comment_status":"open","ping_status":"closed","template":"","meta":{"om_disable_all_campaigns":false,"_uf_show_specific_survey":0,"_uf_disable_surveys":false},"product_brand":[],"product_cat":[469],"product_tag":[],"class_list":{"0":"post-3992","1":"product","2":"type-product","3":"status-publish","4":"has-post-thumbnail","6":"product_cat-eye-care","8":"first","9":"instock","10":"shipping-taxable","11":"purchasable","12":"product-type-variable"},"_links":{"self":[{"href":"https:\/\/wowrxpharmacy.com\/fr\/wp-json\/wp\/v2\/product\/3992","targetHints":{"allow":["GET"]}}],"collection":[{"href":"https:\/\/wowrxpharmacy.com\/fr\/wp-json\/wp\/v2\/product"}],"about":[{"href":"https:\/\/wowrxpharmacy.com\/fr\/wp-json\/wp\/v2\/types\/product"}],"replies":[{"embeddable":true,"href":"https:\/\/wowrxpharmacy.com\/fr\/wp-json\/wp\/v2\/comments?post=3992"}],"wp:featuredmedia":[{"embeddable":true,"href":"https:\/\/wowrxpharmacy.com\/fr\/wp-json\/wp\/v2\/media\/29367"}],"wp:attachment":[{"href":"https:\/\/wowrxpharmacy.com\/fr\/wp-json\/wp\/v2\/media?parent=3992"}],"wp:term":[{"taxonomy":"product_brand","embeddable":true,"href":"https:\/\/wowrxpharmacy.com\/fr\/wp-json\/wp\/v2\/product_brand?post=3992"},{"taxonomy":"product_cat","embeddable":true,"href":"https:\/\/wowrxpharmacy.com\/fr\/wp-json\/wp\/v2\/product_cat?post=3992"},{"taxonomy":"product_tag","embeddable":true,"href":"https:\/\/wowrxpharmacy.com\/fr\/wp-json\/wp\/v2\/product_tag?post=3992"}],"curies":[{"name":"wp","href":"https:\/\/api.w.org\/{rel}","templated":true}]}}