{"id":3782,"date":"2024-07-09T03:14:54","date_gmt":"2024-07-09T07:14:54","guid":{"rendered":"https:\/\/wowrxpharmacy.com\/?post_type=product&#038;p=3782"},"modified":"2024-10-16T03:51:20","modified_gmt":"2024-10-16T07:51:20","slug":"aerocort-forte-rotacaps-200-100-mcg","status":"publish","type":"product","link":"https:\/\/wowrxpharmacy.com\/fr\/product\/aerocort-forte-rotacaps-200-100-mcg\/","title":{"rendered":"Aerocort Forte Rotacaps 200\/100 mcg"},"content":{"rendered":"<h3><span style=\"font-weight: 400;\">\u00c0 propos d&#039;Aerocort Forte Rotacaps 200\/100mcg<\/span><\/h3>\n<p><span style=\"font-weight: 400;\">Aerocort Forte Rotacaps traite l&#039;asthme et la bronchopneumopathie chronique obstructive (BPCO). Les sympt\u00f4mes incluent essoufflement, oppression thoracique, respiration sifflante, etc. Il d\u00e9tend les muscles des voies respiratoires, facilitant ainsi la respiration.<\/span><\/p>\n<p><span style=\"font-weight: 400;\">Le principe actif de ce m\u00e9dicament est une formule \u00e0 base de l\u00e9vosalbutamol (100 \u00b5g) et de b\u00e9clom\u00e9tasone (200 \u00b5g). Vous pouvez acheter Aerocort Rotacaps en ligne facilement via Wowrxpharmacy. Recevez des m\u00e9dicaments de qualit\u00e9 \u00e0 domicile au meilleur prix. Ce m\u00e9dicament est fabriqu\u00e9 par Cipla Ltd.<\/span><\/p>\n<h3><span style=\"font-weight: 400;\">Utilisations d&#039;Aerocort Forte Rotacaps 200\/100 mcg<\/span><\/h3>\n<p><span style=\"font-weight: 400;\">Comme indiqu\u00e9 pr\u00e9c\u00e9demment, Aerocort Forte Rotacaps est un traitement contre l&#039;asthme et la bronchopneumopathie chronique obstructive. L&#039;asthme se caract\u00e9rise par une constriction et un gonflement des voies respiratoires, pouvant entra\u00eener un exc\u00e8s de mucus. Il peut rendre la respiration difficile et provoquer toux, respiration sifflante et essoufflement.\u00a0<\/span><\/p>\n<p><span style=\"font-weight: 400;\">La bronchopneumopathie chronique obstructive (BPCO) est une affection pulmonaire caract\u00e9ris\u00e9e par une difficult\u00e9 \u00e0 expulser l&#039;air (obstruction des voies respiratoires). Cette obstruction peut entra\u00eener des difficult\u00e9s respiratoires ou une fatigue rapide due \u00e0 la tension respiratoire. BPCO est un terme g\u00e9n\u00e9rique d\u00e9signant la bronchite chronique, l&#039;emphys\u00e8me et leurs associations.<\/span><\/p>\n<h3><span style=\"font-weight: 400;\">Comment fonctionnent les capsules Aerocort Forte Rotacaps 200\/100 mcg<\/span><\/h3>\n<p><span style=\"font-weight: 400;\">Aerocort Forte Rotacaps contient du l\u00e9vosalbutamol et de la b\u00e9clom\u00e9tasone comme principes actifs. Le dipropionate de b\u00e9clom\u00e9tasone, un m\u00e9dicament pr\u00e9ventif, g\u00e8re et pr\u00e9vient les sympt\u00f4mes de l&#039;asthme, en particulier dans les cas graves r\u00e9fractaires aux autres traitements. Ce st\u00e9ro\u00efde inhibe des messagers chimiques inflammatoires sp\u00e9cifiques, calmant ainsi le syst\u00e8me immunitaire, r\u00e9duisant l&#039;\u0153d\u00e8me pulmonaire et soulageant les difficult\u00e9s respiratoires.<\/span><\/p>\n<p><span style=\"font-weight: 400;\">La b\u00e9clom\u00e9tasone soulage la toux persistante et la respiration sifflante. Le l\u00e9vosalbutamol, essentiel dans le traitement de l&#039;asthme li\u00e9 \u00e0 la bronchopneumopathie chronique obstructive, agit en relaxant les muscles des voies respiratoires, facilitant ainsi la respiration et soulageant l&#039;essoufflement. L&#039;Aerocort, gr\u00e2ce \u00e0 ses deux composants, am\u00e9liore la ventilation pulmonaire en relaxant les muscles des voies respiratoires, facilitant ainsi la respiration des personnes souffrant de troubles respiratoires.<\/span><\/p>\n<h3><span style=\"font-weight: 400;\">Comment utiliser Aerocort Forte Rotacaps 200\/100mcg<\/span><\/h3>\n<p><span style=\"font-weight: 400;\">Les instructions g\u00e9n\u00e9rales d&#039;utilisation d&#039;Aerocort Forte Rotacaps sont les suivantes\u00a0:<\/span><\/p>\n<p><span style=\"font-weight: 400;\">Aerocort doit \u00eatre administr\u00e9 par inhalation \u00e0 l&#039;aide du Cipla Rotahaler\/Revolizer.\u00a0<\/span><\/p>\n<ul>\n<li style=\"font-weight: 400;\" aria-level=\"1\"><span style=\"font-weight: 400;\">Gardez la capsule \u00e0 la base de l&#039;inhalateur<\/span><\/li>\n<li style=\"font-weight: 400;\" aria-level=\"1\"><span style=\"font-weight: 400;\">Tournez l&#039;embout buccal dans le sens des aiguilles d&#039;une montre jusqu&#039;\u00e0 ce que vous entendiez un clic<\/span><\/li>\n<li style=\"font-weight: 400;\" aria-level=\"1\"><span style=\"font-weight: 400;\">Ins\u00e9rez l&#039;embout buccal et diminuez sa capacit\u00e9<\/span><\/li>\n<li style=\"font-weight: 400;\" aria-level=\"1\"><span style=\"font-weight: 400;\">Appuyez une fois sur l&#039;inhalateur tout en essayant d&#039;inhaler le m\u00e9dicament avec pr\u00e9caution<\/span><\/li>\n<li style=\"font-weight: 400;\" aria-level=\"1\"><span style=\"font-weight: 400;\">Continuez \u00e0 inspirer autant d&#039;air que possible. R\u00e9p\u00e9tez la technique selon les instructions de votre m\u00e9decin. Retirez l&#039;inhalateur et retenez votre respiration pendant 10 secondes.<\/span><\/li>\n<li style=\"font-weight: 400;\" aria-level=\"1\"><span style=\"font-weight: 400;\">Placez le capuchon sur l&#039;inhalateur et assurez-vous qu&#039;il est bien fix\u00e9<\/span><\/li>\n<\/ul>\n<p><span style=\"font-weight: 400;\">Aerocort Forte Rotacaps est destin\u00e9 au traitement \u00e0 long terme plut\u00f4t qu&#039;aux crises aigu\u00ebs. Par cons\u00e9quent, certains patients auront besoin d&#039;un inhalateur diff\u00e9rent pour soulager un bronchospasme aigu. Essayez de limiter votre consommation d&#039;Aerocort \u00e0 trois ou quatre prises quotidiennes.<\/span><\/p>","protected":false},"excerpt":{"rendered":"<ul>\n<li style=\"font-weight: 400;\" aria-level=\"1\"><span style=\"font-weight: 400;\">Soulage les sympt\u00f4mes de l&#039;asthme<\/span><\/li>\n<li style=\"font-weight: 400;\" aria-level=\"1\"><span style=\"font-weight: 400;\">Facilite la respiration<\/span><\/li>\n<li style=\"font-weight: 400;\" aria-level=\"1\"><span style=\"font-weight: 400;\">Effets visibles en 3 \u00e0 7 jours<\/span><\/li>\n<li style=\"font-weight: 400;\" aria-level=\"1\"><span style=\"font-weight: 400;\">Exp\u00e9dition sous 24 heures<\/span><\/li>\n<\/ul>","protected":false},"featured_media":29194,"comment_status":"open","ping_status":"closed","template":"","meta":{"om_disable_all_campaigns":false,"_uf_show_specific_survey":0,"_uf_disable_surveys":false},"product_brand":[],"product_cat":[555],"product_tag":[],"class_list":{"0":"post-3782","1":"product","2":"type-product","3":"status-publish","4":"has-post-thumbnail","6":"product_cat-asthma","8":"first","9":"instock","10":"shipping-taxable","11":"purchasable","12":"product-type-variable"},"_links":{"self":[{"href":"https:\/\/wowrxpharmacy.com\/fr\/wp-json\/wp\/v2\/product\/3782","targetHints":{"allow":["GET"]}}],"collection":[{"href":"https:\/\/wowrxpharmacy.com\/fr\/wp-json\/wp\/v2\/product"}],"about":[{"href":"https:\/\/wowrxpharmacy.com\/fr\/wp-json\/wp\/v2\/types\/product"}],"replies":[{"embeddable":true,"href":"https:\/\/wowrxpharmacy.com\/fr\/wp-json\/wp\/v2\/comments?post=3782"}],"wp:featuredmedia":[{"embeddable":true,"href":"https:\/\/wowrxpharmacy.com\/fr\/wp-json\/wp\/v2\/media\/29194"}],"wp:attachment":[{"href":"https:\/\/wowrxpharmacy.com\/fr\/wp-json\/wp\/v2\/media?parent=3782"}],"wp:term":[{"taxonomy":"product_brand","embeddable":true,"href":"https:\/\/wowrxpharmacy.com\/fr\/wp-json\/wp\/v2\/product_brand?post=3782"},{"taxonomy":"product_cat","embeddable":true,"href":"https:\/\/wowrxpharmacy.com\/fr\/wp-json\/wp\/v2\/product_cat?post=3782"},{"taxonomy":"product_tag","embeddable":true,"href":"https:\/\/wowrxpharmacy.com\/fr\/wp-json\/wp\/v2\/product_tag?post=3782"}],"curies":[{"name":"wp","href":"https:\/\/api.w.org\/{rel}","templated":true}]}}