{"id":37375,"date":"2024-10-11T03:20:13","date_gmt":"2024-10-11T07:20:13","guid":{"rendered":"https:\/\/wowrxpharmacy.com\/?post_type=product&#038;p=37375"},"modified":"2024-11-27T04:42:40","modified_gmt":"2024-11-27T09:42:40","slug":"comprimes-de-vardenafil-vilitra-60-mg","status":"publish","type":"product","link":"https:\/\/wowrxpharmacy.com\/fr\/product\/comprimes-de-vardenafil-vilitra-60-mg\/","title":{"rendered":"Comprim\u00e9s de vard\u00e9nafil Vilitra 60 mg"},"content":{"rendered":"<h3><span style=\"font-weight: 400;\">Qu&#039;est-ce que Vilitra 60 mg ?<\/span><\/h3>\n<p><span style=\"font-weight: 400;\">Le Vilitra 60 mg est un m\u00e9dicament sur ordonnance con\u00e7u pour traiter la dysfonction \u00e9rectile (DE) chez l&#039;homme. Son principe actif, le vard\u00e9nafil, appartient \u00e0 la classe des inhibiteurs de la phosphodiest\u00e9rase de type 5 (PDE5).<\/span><\/p>\n<p><span style=\"font-weight: 400;\">Pris environ 30 minutes avant l&#039;activit\u00e9 sexuelle, Vilitra 60 mg am\u00e9liore la circulation sanguine vers le p\u00e9nis, favorisant une \u00e9rection ferme et durable jusqu&#039;\u00e0 4 \u00e0 5 heures. Fabriqu\u00e9 par Centurion Remedies, Vilitra est une solution efficace pour retrouver confiance en soi dans les moments intimes.<\/span><\/p>\n<p><span style=\"font-weight: 400;\">Vous pouvez facilement acheter Vilitra 60 mg en ligne sur WowRx \u00e0 des prix abordables.<\/span><\/p>\n<h3><span style=\"font-weight: 400;\">Utilisations de Vilitra 60 mg<\/span><\/h3>\n<p><span style=\"font-weight: 400;\">Le Vilitra 60 mg est principalement utilis\u00e9 pour traiter la dysfonction \u00e9rectile (DE) ou l&#039;impuissance chez l&#039;homme. Son principe actif, le vard\u00e9nafil, est <\/span><a href=\"https:\/\/www.accessdata.fda.gov\/drugsatfda_docs\/nda\/2003\/21-400_Levitra.cfm\" target=\"_blank\" rel=\"nofollow noopener\"><span style=\"font-weight: 400;\">Approuv\u00e9 par la FDA<\/span><\/a><span style=\"font-weight: 400;\"> et facilite la capacit\u00e9 d\u2019obtenir et de maintenir une \u00e9rection pendant l\u2019activit\u00e9 sexuelle.\u00a0<\/span><\/p>\n<p><span style=\"font-weight: 400;\">En am\u00e9liorant la circulation sanguine vers le p\u00e9nis en r\u00e9ponse \u00e0 l&#039;excitation sexuelle, Vilitra 60 mg am\u00e9liore l&#039;exp\u00e9rience sexuelle globale. Il est important de noter que la stimulation sexuelle est n\u00e9cessaire \u00e0 l&#039;efficacit\u00e9 de Vilitra 60\u00a0; il n&#039;agit pas seul.<\/span><\/p>\n<h3><span style=\"font-weight: 400;\">Comment fonctionne le Vard\u00e9nafil ?<\/span><\/h3>\n<p><span style=\"font-weight: 400;\">L&#039;ingr\u00e9dient principal, le vard\u00e9nafil, est un inhibiteur de la phosphodiest\u00e9rase de type 5 (PDE5). Son action est la suivante\u00a0: <\/span><a href=\"https:\/\/pubchem.ncbi.nlm.nih.gov\/compound\/Vardenafil#:~:text=PDE5%20inhibitors%2C%20such,dysfunction%20in%202003.\" target=\"_blank\" rel=\"nofollow noopener\"><span style=\"font-weight: 400;\">inhibant<\/span><\/a><span style=\"font-weight: 400;\"> l&#039;enzyme PDE5, qui est responsable de la d\u00e9composition d&#039;une substance appel\u00e9e GMP cyclique (guanosine monophosphate) dans le p\u00e9nis.<\/span><\/p>\n<p><span style=\"font-weight: 400;\">En emp\u00eachant la d\u00e9gradation du GMP cyclique, le Vard\u00e9nafil favorise son accumulation, ce qui entra\u00eene la relaxation des muscles lisses de la r\u00e9gion p\u00e9nienne. Cette relaxation favorise l&#039;augmentation du flux sanguin, am\u00e9liorant ainsi la fonction \u00e9rectile. Vilitra 60 mg agit rapidement et offre un effet prolong\u00e9, ce qui en fait une option th\u00e9rapeutique fiable pour la dysfonction \u00e9rectile.<\/span><\/p>\n<h3><span style=\"font-weight: 400;\">Comment prendre le comprim\u00e9 Vilitra 60 mg ?<\/span><\/h3>\n<p><span style=\"font-weight: 400;\">Il est conseill\u00e9 de prendre Vilitra 60 mg environ 30 minutes \u00e0 1 heure avant toute activit\u00e9 sexuelle. Voici comment le prendre correctement\u00a0:<\/span><\/p>\n<ul>\n<li style=\"font-weight: 400;\" aria-level=\"1\"><span style=\"font-weight: 400;\">Ne pas m\u00e2cher ni \u00e9craser le comprim\u00e9. Avaler entier avec de l&#039;eau.<\/span><\/li>\n<li style=\"font-weight: 400;\" aria-level=\"1\"><span style=\"font-weight: 400;\">Il peut \u00eatre pris avec ou sans nourriture, mais il est recommand\u00e9 de prendre Vardenafil 60 r\u00e9guli\u00e8rement \u00e0 une heure pr\u00e9cise.<\/span><\/li>\n<li style=\"font-weight: 400;\" aria-level=\"1\"><span style=\"font-weight: 400;\">Pour de meilleurs r\u00e9sultats, respectez la prescription de votre m\u00e9decin.<\/span><\/li>\n<li style=\"font-weight: 400;\" aria-level=\"1\"><span style=\"font-weight: 400;\">\u00c9vitez de prendre plus d&#039;un comprim\u00e9 par jour, car cela n&#039;augmentera pas l&#039;efficacit\u00e9 mais peut provoquer des effets secondaires.<\/span><\/li>\n<\/ul>","protected":false},"excerpt":{"rendered":"<p>Vilitra 60 contient du Vard\u00e9nafil pour un traitement fiable de la dysfonction \u00e9rectile. Ce m\u00e9dicament approuv\u00e9 par la FDA garantit des performances durables et un plaisir accru. Vivez une intimit\u00e9 en toute confiance gr\u00e2ce \u00e0 sa formule \u00e0 action rapide.<\/p>","protected":false},"featured_media":38790,"comment_status":"open","ping_status":"closed","template":"","meta":{"om_disable_all_campaigns":false,"_uf_show_specific_survey":0,"_uf_disable_surveys":false},"product_brand":[],"product_cat":[438],"product_tag":[],"class_list":{"0":"post-37375","1":"product","2":"type-product","3":"status-publish","4":"has-post-thumbnail","6":"product_cat-mens-health","8":"first","9":"instock","10":"sale","11":"shipping-taxable","12":"purchasable","13":"product-type-variable"},"_links":{"self":[{"href":"https:\/\/wowrxpharmacy.com\/fr\/wp-json\/wp\/v2\/product\/37375","targetHints":{"allow":["GET"]}}],"collection":[{"href":"https:\/\/wowrxpharmacy.com\/fr\/wp-json\/wp\/v2\/product"}],"about":[{"href":"https:\/\/wowrxpharmacy.com\/fr\/wp-json\/wp\/v2\/types\/product"}],"replies":[{"embeddable":true,"href":"https:\/\/wowrxpharmacy.com\/fr\/wp-json\/wp\/v2\/comments?post=37375"}],"wp:featuredmedia":[{"embeddable":true,"href":"https:\/\/wowrxpharmacy.com\/fr\/wp-json\/wp\/v2\/media\/38790"}],"wp:attachment":[{"href":"https:\/\/wowrxpharmacy.com\/fr\/wp-json\/wp\/v2\/media?parent=37375"}],"wp:term":[{"taxonomy":"product_brand","embeddable":true,"href":"https:\/\/wowrxpharmacy.com\/fr\/wp-json\/wp\/v2\/product_brand?post=37375"},{"taxonomy":"product_cat","embeddable":true,"href":"https:\/\/wowrxpharmacy.com\/fr\/wp-json\/wp\/v2\/product_cat?post=37375"},{"taxonomy":"product_tag","embeddable":true,"href":"https:\/\/wowrxpharmacy.com\/fr\/wp-json\/wp\/v2\/product_tag?post=37375"}],"curies":[{"name":"wp","href":"https:\/\/api.w.org\/{rel}","templated":true}]}}