{"id":3532,"date":"2024-06-19T08:34:21","date_gmt":"2024-06-19T12:34:21","guid":{"rendered":"https:\/\/wowrxpharmacy.com\/?post_type=product&#038;p=3532"},"modified":"2024-10-16T03:51:28","modified_gmt":"2024-10-16T07:51:28","slug":"bimat-avec-pinceau-3-ml-0-03","status":"publish","type":"product","link":"https:\/\/wowrxpharmacy.com\/fr\/product\/bimat-avec-pinceau-3-ml-0-03\/","title":{"rendered":"Bimat (avec pinceau) 3 ml. (0,03%)"},"content":{"rendered":"<h3><span style=\"font-weight: 400;\">\u00c0 propos de Bimat (avec pinceau) 3 ml. (0,03%)<\/span><span style=\"font-weight: 400;\"><br \/>\n<\/span><\/h3>\n<p><span style=\"font-weight: 400;\">Bimat est un traitement contre le glaucome \u00e0 angle ouvert qui r\u00e9duit la pression intraoculaire et, fait int\u00e9ressant, acc\u00e9l\u00e8re la pousse des cils. Le bimatoprost est l&#039;ingr\u00e9dient principal de ce collyre.<\/span><\/p>\n<p><span style=\"font-weight: 400;\">Ajanta Pharmaceuticals est le fabricant de Bimat. <\/span><span style=\"font-weight: 400;\">Bimat (avec pinceau) 3 ml. (0,03%) b\u00e9n\u00e9ficie de critiques tr\u00e8s positives et est un m\u00e9dicament recommand\u00e9 pour le glaucome \u00e0 angle ouvert.<\/span><\/p>\n<h3><span style=\"font-weight: 400;\">Usage<\/span><span style=\"font-weight: 400;\"><br \/>\n<\/span><\/h3>\n<p><span style=\"font-weight: 400;\">La solution de 3 ml de Bimat est utilis\u00e9e dans les conditions suivantes :<\/span><\/p>\n<h4><span style=\"font-weight: 400;\">Glaucome \u00e0 angle ouvert<\/span><\/h4>\n<p><span style=\"font-weight: 400;\">Le glaucome \u00e0 angle ouvert est l&#039;affection oculaire indolore la plus courante, pouvant entra\u00eener une c\u00e9cit\u00e9 permanente et une perte de la vision. Dans ce cas, la pression intraoculaire augmente de mani\u00e8re alarmante, entra\u00eenant une perte de la vision.<\/span><\/p>\n<p><span style=\"font-weight: 400;\">En diminuant la pression \u00e0 l\u2019int\u00e9rieur de l\u2019\u0153il, la solution Bimat aide \u00e0 traiter le glaucome \u00e0 angle ouvert.<\/span><\/p>\n<h4><span style=\"font-weight: 400;\">Hypertension oculaire\u00a0<\/span><\/h4>\n<p><span style=\"font-weight: 400;\">Lorsque l&#039;\u0153il produit trop de liquide, la pression s&#039;accumule, entra\u00eenant une augmentation de la pression intraoculaire. \u00c0 long terme, cela peut entra\u00eener un glaucome.<\/span><\/p>\n<h4><span style=\"font-weight: 400;\">Hypotrichose des cils<\/span><\/h4>\n<p><span style=\"font-weight: 400;\">L&#039;hypotrichose se produit lorsque la croissance des cheveux ralentit ou tombe dans la zone proche de l&#039;\u0153il.<\/span><\/p>\n<p><span style=\"font-weight: 400;\">Il a \u00e9t\u00e9 d\u00e9montr\u00e9 que les gouttes ophtalmiques Bimat aident \u00e0 r\u00e9parer les poils autour des yeux, principalement chez les personnes qui utilisent des cils artificiels.<\/span><span style=\"font-weight: 400;\"><br \/>\n<\/span><\/p>\n<h3><span style=\"font-weight: 400;\">Fonctionnement<\/span><span style=\"font-weight: 400;\"><br \/>\n<\/span><\/h3>\n<p><span style=\"font-weight: 400;\">Le bimatoprost est utilis\u00e9 comme principe actif dans les collyres. C&#039;est un analogue de la prostaglandine.<\/span><\/p>\n<p><span style=\"font-weight: 400;\">Ce collyre permet de d\u00e9boucher les drains oculaires obstru\u00e9s. Il favorise \u00e9galement la pousse des cils. Ainsi, l&#039;exc\u00e8s de liquide dans l&#039;\u0153il est \u00e9vacu\u00e9, ce qui diminue la pression intraoculaire.<\/span><\/p>\n<p><span style=\"font-weight: 400;\">Le bimatoprost, l\u2019ingr\u00e9dient principal, est un sel approuv\u00e9 par la FDA.<\/span><\/p>\n<h3><span style=\"font-weight: 400;\">Comment l&#039;utiliser<\/span><span style=\"font-weight: 400;\"><br \/>\n<\/span><\/h3>\n<p><span style=\"font-weight: 400;\">Il faut veiller \u00e0 mettre les gouttes dans un \u0153il \u00e0 la fois.<\/span><\/p>\n<ul>\n<li style=\"font-weight: 400;\" aria-level=\"1\"><span style=\"font-weight: 400;\">Tu peux juste le mettre dans ton \u0153il<\/span><\/li>\n<li style=\"font-weight: 400;\" aria-level=\"1\"><span style=\"font-weight: 400;\">Suivez les instructions du m\u00e9decin et n&#039;utilisez qu&#039;une goutte par jour<\/span><\/li>\n<li style=\"font-weight: 400;\" aria-level=\"1\"><span style=\"font-weight: 400;\">Pour traiter l&#039;hypotrichose des cils, d\u00e9posez d\u00e9licatement la goutte sur la racine des cils sup\u00e9rieurs \u00e0 l&#039;aide d&#039;un applicateur<\/span><\/li>\n<li style=\"font-weight: 400;\" aria-level=\"1\"><span style=\"font-weight: 400;\">La plupart du temps, vous ne devez prendre qu&#039;une seule dose par jour<\/span><\/li>\n<li style=\"font-weight: 400;\" aria-level=\"1\"><span style=\"font-weight: 400;\">Vous devez utiliser les gouttes ophtalmiques exactement comme votre m\u00e9decin vous l&#039;a indiqu\u00e9.<\/span><\/li>\n<\/ul>","protected":false},"excerpt":{"rendered":"<ul>\n<li style=\"font-weight: 400;\" aria-level=\"1\"><span style=\"font-weight: 400;\">Traite le glaucome, am\u00e9liore la croissance des cils<\/span><\/li>\n<li style=\"font-weight: 400;\" aria-level=\"1\"><span style=\"font-weight: 400;\">R\u00e9duit la pression oculaire en 1 \u00e0 2 heures<\/span><\/li>\n<li style=\"font-weight: 400;\" aria-level=\"1\"><span style=\"font-weight: 400;\">Des cils plus \u00e9pais en 5 semaines<\/span><\/li>\n<li style=\"font-weight: 400;\" aria-level=\"1\"><span style=\"font-weight: 400;\">Pinceau facile \u00e0 utiliser pour une application pr\u00e9cise<\/span><\/li>\n<li style=\"font-weight: 400;\" aria-level=\"1\"><span style=\"font-weight: 400;\">Des r\u00e9sultats cliniquement prouv\u00e9s<\/span><\/li>\n<\/ul>","protected":false},"featured_media":3536,"comment_status":"open","ping_status":"closed","template":"","meta":{"om_disable_all_campaigns":false,"_uf_show_specific_survey":0,"_uf_disable_surveys":false},"product_brand":[],"product_cat":[469],"product_tag":[],"class_list":{"0":"post-3532","1":"product","2":"type-product","3":"status-publish","4":"has-post-thumbnail","6":"product_cat-eye-care","8":"first","9":"instock","10":"shipping-taxable","11":"purchasable","12":"product-type-variable","13":"has-default-attributes"},"_links":{"self":[{"href":"https:\/\/wowrxpharmacy.com\/fr\/wp-json\/wp\/v2\/product\/3532","targetHints":{"allow":["GET"]}}],"collection":[{"href":"https:\/\/wowrxpharmacy.com\/fr\/wp-json\/wp\/v2\/product"}],"about":[{"href":"https:\/\/wowrxpharmacy.com\/fr\/wp-json\/wp\/v2\/types\/product"}],"replies":[{"embeddable":true,"href":"https:\/\/wowrxpharmacy.com\/fr\/wp-json\/wp\/v2\/comments?post=3532"}],"wp:featuredmedia":[{"embeddable":true,"href":"https:\/\/wowrxpharmacy.com\/fr\/wp-json\/wp\/v2\/media\/3536"}],"wp:attachment":[{"href":"https:\/\/wowrxpharmacy.com\/fr\/wp-json\/wp\/v2\/media?parent=3532"}],"wp:term":[{"taxonomy":"product_brand","embeddable":true,"href":"https:\/\/wowrxpharmacy.com\/fr\/wp-json\/wp\/v2\/product_brand?post=3532"},{"taxonomy":"product_cat","embeddable":true,"href":"https:\/\/wowrxpharmacy.com\/fr\/wp-json\/wp\/v2\/product_cat?post=3532"},{"taxonomy":"product_tag","embeddable":true,"href":"https:\/\/wowrxpharmacy.com\/fr\/wp-json\/wp\/v2\/product_tag?post=3532"}],"curies":[{"name":"wp","href":"https:\/\/api.w.org\/{rel}","templated":true}]}}