{"id":3438,"date":"2024-09-25T07:15:22","date_gmt":"2024-09-25T11:15:22","guid":{"rendered":"https:\/\/wowrxpharmacy.com\/?post_type=product&#038;p=3438"},"modified":"2025-02-21T04:52:05","modified_gmt":"2025-02-21T09:52:05","slug":"adaferin-gel-0-1-15gm","status":"publish","type":"product","link":"https:\/\/wowrxpharmacy.com\/fr\/product\/adaferin-gel-0-1-15gm\/","title":{"rendered":"Gel d&#039;adaf\u00e9rine 0,1% (15 g)"},"content":{"rendered":"<h3><span style=\"font-weight: 400;\">Qu&#039;est-ce que l&#039;Adaferin 0,1 Gel 15 g ?<\/span><\/h3>\n<p><span style=\"font-weight: 400;\">Le gel Adaferin 0.1% (15 g) est un m\u00e9dicament topique fabriqu\u00e9 par Galderma, con\u00e7u pour cibler efficacement l&#039;acn\u00e9 l\u00e9g\u00e8re \u00e0 mod\u00e9r\u00e9e. Ce gel contient de l&#039;adapal\u00e8ne, un compos\u00e9 de type r\u00e9tino\u00efde qui r\u00e9duit la production de s\u00e9bum et d\u00e9sobstrue les pores. Il contribue \u00e0 r\u00e9duire le nombre de boutons, de points noirs et de points blancs, tout en favorisant une peau plus lisse.\u00a0<\/span><\/p>\n<p><span style=\"font-weight: 400;\">Gr\u00e2ce \u00e0 ses propri\u00e9t\u00e9s anti-inflammatoires, l&#039;Adaf\u00e9rine r\u00e9duit \u00e9galement les rougeurs et les irritations li\u00e9es \u00e0 l&#039;acn\u00e9. Reconnu pour son efficacit\u00e9, ce gel est souvent recommand\u00e9 par les dermatologues pour une peau plus nette.\u00a0<\/span><\/p>\n<p><span style=\"font-weight: 400;\">Pour une peau plus nette, achetez le gel Adaferin 0,1% d\u00e8s aujourd&#039;hui sur WowRx et b\u00e9n\u00e9ficiez d&#039;une livraison rapide\u00a0! Consultez votre professionnel de sant\u00e9 avant utilisation.<\/span><\/p>\n<h3><span style=\"font-weight: 400;\">\u00c0 quoi sert Adaferin 0,1 gel 15 g ?<\/span><\/h3>\n<p><span style=\"font-weight: 400;\">Le gel Adaferin 0,1 15 g est utilis\u00e9 pour <\/span><a href=\"https:\/\/medlineplus.gov\/druginfo\/meds\/a604001.html#:~:text=Adapalene%20is%20used%20to%20treat%20acne%20in%20adults%20and%20children%2012%20years%20of%20and%20older.%20Adapalene%20is%20in%20a%20class%20of%20medications%20called%20retinoid%2Dlike%20compounds.%20It%20works%20by%20stopping%20pimples%20from%20forming%20under%20the%20surface%20of%20the%20skin.\" target=\"_blank\" rel=\"nofollow noopener\"><span style=\"font-weight: 400;\">traiter<\/span><\/a><span style=\"font-weight: 400;\"> l&#039;acn\u00e9, y compris :<\/span><\/p>\n<ul>\n<li style=\"font-weight: 400;\" aria-level=\"1\"><span style=\"font-weight: 400;\">Points blancs<\/span><\/li>\n<li style=\"font-weight: 400;\" aria-level=\"1\"><span style=\"font-weight: 400;\">Points noirs<\/span><\/li>\n<li style=\"font-weight: 400;\" aria-level=\"1\"><span style=\"font-weight: 400;\">boutons<\/span><\/li>\n<\/ul>\n<h3><span style=\"font-weight: 400;\">Comment fonctionne l&#039;Adapal\u00e8ne 0.1% ?<\/span><\/h3>\n<p><span style=\"font-weight: 400;\">L&#039;ingr\u00e9dient actif, l&#039;adapal\u00e8ne, <\/span><a href=\"https:\/\/www.ncbi.nlm.nih.gov\/books\/NBK482509\/#:~:text=The%20microcomedone%20is%20the%20precursor%20to%20all%20visible%20acne%20lesions%20like%20open%20comedones%2C%20closed%20comedones%2C%20inflammatory%20papules%2C%20pustules%2C%20and%20nodulocystic%20lesions.%20Adapalene%20normalizes%20the%20differentiation%20of%20follicular%20epithelial%20cells%20to%20prevent%20microcomedone%20formation.\" target=\"_blank\" rel=\"nofollow noopener\"><span style=\"font-weight: 400;\">affecte<\/span><\/a><span style=\"font-weight: 400;\"> Il stimule la croissance cellulaire et r\u00e9duit l&#039;inflammation. Il aide \u00e0 d\u00e9sobstruer les pores, \u00e0 r\u00e9duire les gonflements et \u00e0 pr\u00e9venir la formation de nouvelles l\u00e9sions d&#039;acn\u00e9 en normalisant la desquamation des cellules cutan\u00e9es.<\/span><\/p>\n<h3><span style=\"font-weight: 400;\">Comment utiliser Adaferin 0,1 gel 15 g ?<\/span><\/h3>\n<p><span style=\"font-weight: 400;\">Comment utiliser le gel Adaferin\u00a0<\/span><\/p>\n<ul>\n<li style=\"font-weight: 400;\" aria-level=\"1\"><span style=\"font-weight: 400;\">Lavez et s\u00e9chez soigneusement votre peau<\/span><\/li>\n<li style=\"font-weight: 400;\" aria-level=\"1\"><span style=\"font-weight: 400;\">Appliquer une fine couche sur la zone affect\u00e9e <\/span><a href=\"https:\/\/www.mayoclinic.org\/drugs-supplements\/adapalene-topical-route\/proper-use\/drg-20061544#:~:text=Apply%20a%20small%20amount%20as%20a%20thin%20film%20once%20a%20day%2C%20at%20least%20one%20hour%20before%20bedtime.%20Apply%20the%20medicine%20to%20dry%2C%20clean%20areas%20affected%20by%20acne.\" target=\"_blank\" rel=\"nofollow noopener\"><span style=\"font-weight: 400;\">une fois<\/span><\/a><span style=\"font-weight: 400;\"> quotidiennement le soir ou au moins une heure avant d&#039;aller dormir apr\u00e8s<\/span><\/li>\n<li style=\"font-weight: 400;\" aria-level=\"1\"><span style=\"font-weight: 400;\">\u00c9viter le contact du gel avec les yeux, les l\u00e8vres et les muqueuses<\/span><\/li>\n<li style=\"font-weight: 400;\" aria-level=\"1\"><span style=\"font-weight: 400;\">Lavez-vous les mains avant et apr\u00e8s l&#039;application du gel.\u00a0<\/span><\/li>\n<\/ul>\n<p><span style=\"font-weight: 400;\">Suivez les instructions d\u2019utilisation de votre dermatologue.<\/span><\/p>","protected":false},"excerpt":{"rendered":"<ul>\n<li style=\"font-weight: 400;\" aria-level=\"1\"><span style=\"font-weight: 400;\">Gel d&#039;adapal\u00e8ne approuv\u00e9 par la FDA<\/span><\/li>\n<li style=\"font-weight: 400;\" aria-level=\"1\"><span style=\"font-weight: 400;\">Traite l&#039;acn\u00e9<\/span><\/li>\n<li style=\"font-weight: 400;\" aria-level=\"1\"><span style=\"font-weight: 400;\">R\u00e9sultats visibles en 2 \u00e0 3 semaines<\/span><\/li>\n<li style=\"font-weight: 400;\" aria-level=\"1\"><span style=\"font-weight: 400;\">Application topique facile<\/span><\/li>\n<li style=\"font-weight: 400;\" aria-level=\"1\"><span style=\"font-weight: 400;\">Exp\u00e9dition sous 24 heures<\/span><\/li>\n<\/ul>","protected":false},"featured_media":3450,"comment_status":"open","ping_status":"closed","template":"","meta":{"om_disable_all_campaigns":false,"_uf_show_specific_survey":0,"_uf_disable_surveys":false},"product_brand":[],"product_cat":[534],"product_tag":[],"class_list":{"0":"post-3438","1":"product","2":"type-product","3":"status-publish","4":"has-post-thumbnail","6":"product_cat-skin-care","8":"first","9":"instock","10":"shipping-taxable","11":"purchasable","12":"product-type-variable"},"_links":{"self":[{"href":"https:\/\/wowrxpharmacy.com\/fr\/wp-json\/wp\/v2\/product\/3438","targetHints":{"allow":["GET"]}}],"collection":[{"href":"https:\/\/wowrxpharmacy.com\/fr\/wp-json\/wp\/v2\/product"}],"about":[{"href":"https:\/\/wowrxpharmacy.com\/fr\/wp-json\/wp\/v2\/types\/product"}],"replies":[{"embeddable":true,"href":"https:\/\/wowrxpharmacy.com\/fr\/wp-json\/wp\/v2\/comments?post=3438"}],"wp:featuredmedia":[{"embeddable":true,"href":"https:\/\/wowrxpharmacy.com\/fr\/wp-json\/wp\/v2\/media\/3450"}],"wp:attachment":[{"href":"https:\/\/wowrxpharmacy.com\/fr\/wp-json\/wp\/v2\/media?parent=3438"}],"wp:term":[{"taxonomy":"product_brand","embeddable":true,"href":"https:\/\/wowrxpharmacy.com\/fr\/wp-json\/wp\/v2\/product_brand?post=3438"},{"taxonomy":"product_cat","embeddable":true,"href":"https:\/\/wowrxpharmacy.com\/fr\/wp-json\/wp\/v2\/product_cat?post=3438"},{"taxonomy":"product_tag","embeddable":true,"href":"https:\/\/wowrxpharmacy.com\/fr\/wp-json\/wp\/v2\/product_tag?post=3438"}],"curies":[{"name":"wp","href":"https:\/\/api.w.org\/{rel}","templated":true}]}}