{"id":3371,"date":"2024-09-23T06:00:37","date_gmt":"2024-09-23T10:00:37","guid":{"rendered":"https:\/\/wowrxpharmacy.com\/?post_type=product&#038;p=3371"},"modified":"2024-11-22T04:51:22","modified_gmt":"2024-11-22T09:51:22","slug":"a-ret-gel-0-1-20-gm","status":"publish","type":"product","link":"https:\/\/wowrxpharmacy.com\/fr\/product\/a-ret-gel-0-1-20-gm\/","title":{"rendered":"A Ret Gel 0.1% (gel de tr\u00e9tino\u00efne) (20 g)"},"content":{"rendered":"<h3><span style=\"font-weight: 400;\">\u00c0 propos <\/span><span style=\"font-weight: 400;\">Un gel Ret 0,1 20 g<\/span><\/h3>\n<p><span style=\"font-weight: 400;\">Le gel Ret 0.1% est un traitement topique \u00e0 base de tr\u00e9tino\u00efne 0.1%, un d\u00e9riv\u00e9 de la vitamine A. Il est principalement utilis\u00e9 pour traiter l&#039;acn\u00e9 en d\u00e9sobstruant les pores, en r\u00e9duisant l&#039;inflammation et en acc\u00e9l\u00e9rant le renouvellement cellulaire de la peau.<\/span><\/p>\n<p><span style=\"font-weight: 400;\">Sa formule gel est plus douce pour la peau que les autres produits \u00e0 base de tr\u00e9tino\u00efne. Appliqu\u00e9e une fois par jour sur les zones concern\u00e9es,<\/span><span style=\"font-weight: 400;\"> Un gel Ret 0,1 20 g<\/span><span style=\"font-weight: 400;\"> aide \u00e0 pr\u00e9venir les nouvelles pouss\u00e9es, r\u00e9duit les cicatrices d&#039;acn\u00e9 et lisse la peau rugueuse tout en minimisant les ridules et les rides.<\/span><\/p>\n<p><span style=\"font-weight: 400;\">Une utilisation r\u00e9guli\u00e8re peut donner une peau plus claire et plus saine, ce qui en fait une solution efficace pour les personnes souffrant d\u2019acn\u00e9 et de signes pr\u00e9coces de vieillissement.<\/span><\/p>\n<h3><span style=\"font-weight: 400;\">Qu&#039;est-ce que <\/span><span style=\"font-weight: 400;\">Un gel Ret 0,1 20 g<\/span><span style=\"font-weight: 400;\"> utilis\u00e9 pour?<\/span><\/h3>\n<p><span style=\"font-weight: 400;\">Un Ret Gel 0.1% est <\/span><a href=\"https:\/\/www.mayoclinic.org\/drugs-supplements\/tretinoin-topical-route\/precautions\/drg-20066521?p=1#:~:text=Tretinoin%20is%20used,natural%20aging%20process.\" target=\"_blank\" rel=\"nofollow noopener\"><span style=\"font-weight: 400;\">principalement utilis\u00e9<\/span><\/a><span style=\"font-weight: 400;\"> Il traite l&#039;acn\u00e9 en acc\u00e9l\u00e9rant le renouvellement cellulaire, en d\u00e9sobstruant les pores et en pr\u00e9venant la formation de nouvelles pouss\u00e9es d&#039;acn\u00e9. Il am\u00e9liore \u00e9galement la texture de la peau en lissant les zones rugueuses et en att\u00e9nuant l&#039;apparence des rides et ridules. C&#039;est un choix populaire non seulement pour traiter l&#039;acn\u00e9, mais aussi pour am\u00e9liorer la sant\u00e9 et le rajeunissement de la peau.<\/span><\/p>\n<h3><span style=\"font-weight: 400;\">Comment fonctionne la tr\u00e9tino\u00efne ?<\/span><\/h3>\n<p><span style=\"font-weight: 400;\">Un gel Ret 0,1 20 g <\/span><span style=\"font-weight: 400;\">agit gr\u00e2ce \u00e0 son principe actif, la tr\u00e9tino\u00efne, un d\u00e9riv\u00e9 de la vitamine A. Appliqu\u00e9e sur la peau, la tr\u00e9tino\u00efne <\/span><a href=\"https:\/\/www.ncbi.nlm.nih.gov\/books\/NBK557478\/#:~:text=Tretinoin%27s%20effectiveness%20as,of%20acne%20vulgaris.\" target=\"_blank\" rel=\"nofollow noopener\"><span style=\"font-weight: 400;\">favorise<\/span><\/a><span style=\"font-weight: 400;\"> Augmentation du renouvellement cellulaire, favorisant l&#039;\u00e9limination des vieilles cellules cutan\u00e9es et la formation de nouvelles. Ce processus d\u00e9sobstrue les pores, r\u00e9duit l&#039;inflammation et pr\u00e9vient la formation de nouvelles acn\u00e9s.<\/span><\/p>\n<p><span style=\"font-weight: 400;\">En plus de traiter l&#039;acn\u00e9, le gel de tr\u00e9tino\u00efne stimule la production de collag\u00e8ne, am\u00e9liorant ainsi la texture de la peau et r\u00e9duisant les rides et ridules. Il contribue \u00e9galement \u00e0 att\u00e9nuer les cicatrices d&#039;acn\u00e9 et \u00e0 lisser les zones rugueuses en am\u00e9liorant le processus d&#039;exfoliation naturel de la peau.<\/span><\/p>\n<p><span style=\"font-weight: 400;\">Cependant, la tr\u00e9tino\u00efne augmente la sensibilit\u00e9 de la peau au soleil, rendant la protection solaire indispensable pendant le traitement. Le gel A-Ret 0.1% classique permet d&#039;obtenir une peau plus nette et un teint plus \u00e9clatant, m\u00eame si les r\u00e9sultats peuvent prendre plusieurs semaines.\u00a0<\/span><\/p>\n<h3><span style=\"font-weight: 400;\">Comment utiliser <\/span><span style=\"font-weight: 400;\">Un gel Ret 0,1 20 g<\/span><span style=\"font-weight: 400;\">?<\/span><\/h3>\n<p><span style=\"font-weight: 400;\">Pour obtenir les meilleurs r\u00e9sultats, suivez ces <\/span><a href=\"https:\/\/www.mayoclinic.org\/drugs-supplements\/tretinoin-topical-route\/proper-use\/drg-20066521#:~:text=Use%20this%20medicine,remain%20on%20them.\" target=\"_blank\" rel=\"nofollow noopener\"><span style=\"font-weight: 400;\">directives d&#039;utilisation<\/span><\/a><span style=\"font-weight: 400;\"> pour <\/span><span style=\"font-weight: 400;\">Un gel Ret 0,1 20 g :<\/span><\/p>\n<ul>\n<li style=\"font-weight: 400;\" aria-level=\"1\"><span style=\"font-weight: 400;\">Avant de commencer, discutez de vos ant\u00e9c\u00e9dents m\u00e9dicaux et de tout m\u00e9dicament en cours avec votre professionnel de la sant\u00e9.<\/span><\/li>\n<li style=\"font-weight: 400;\" aria-level=\"1\"><span style=\"font-weight: 400;\">Lavez d\u00e9licatement votre visage avec un savon doux et s\u00e9chez-le en tapotant pendant environ 20 \u00e0 30 minutes avant l&#039;application.<\/span><\/li>\n<li style=\"font-weight: 400;\" aria-level=\"1\"><span style=\"font-weight: 400;\">Utilisez une quantit\u00e9 de la taille d&#039;un petit pois de gel A Ret 0.1% et appliquez-la uniform\u00e9ment sur les zones affect\u00e9es de votre peau<\/span><\/li>\n<li style=\"font-weight: 400;\" aria-level=\"1\"><span style=\"font-weight: 400;\">Appliquer le gel une fois par jour, de pr\u00e9f\u00e9rence au coucher, pour lui permettre d&#039;agir pendant la nuit.<\/span><\/li>\n<li style=\"font-weight: 400;\" aria-level=\"1\"><span style=\"font-weight: 400;\">Ne pas appliquer le gel sur des zones pr\u00e9sentant des coupures, des plaies ou une peau br\u00fbl\u00e9e par le soleil.<\/span><\/li>\n<li style=\"font-weight: 400;\" aria-level=\"1\"><span style=\"font-weight: 400;\">Lavez-vous toujours les mains avant et apr\u00e8s l&#039;application du gel, sauf si vos mains sont la zone \u00e0 traiter.<\/span><\/li>\n<li style=\"font-weight: 400;\" aria-level=\"1\"><span style=\"font-weight: 400;\">Utilisez une cr\u00e8me hydratante si vous ressentez une s\u00e9cheresse ou une irritation due au gel.<\/span><\/li>\n<li style=\"font-weight: 400;\" aria-level=\"1\"><span style=\"font-weight: 400;\">Utilisez un \u00e9cran solaire avec au moins un FPS 30+ lorsque vous sortez \u00e0 l&#039;ext\u00e9rieur, car la tr\u00e9tino\u00efne <\/span><a href=\"https:\/\/www.ncbi.nlm.nih.gov\/books\/NBK557478\/#:~:text=Patients%20should%20be%20encouraged%20to%20wear%20protective%20clothing%20and%20use%20sunscreen%20(recommended%20SPF%2015%20or%20higher%20according%20to%20the%20tretinoin%20drug%20label)%20when%20they%20are%20outdoors%2C%20even%20on%20a%20cloudy%20day.\" target=\"_blank\" rel=\"nofollow noopener\"><span style=\"font-weight: 400;\">peut augmenter<\/span><\/a><span style=\"font-weight: 400;\"> sensibilit\u00e9 au soleil<\/span><\/li>\n<li style=\"font-weight: 400;\" aria-level=\"1\"><span style=\"font-weight: 400;\">\u00c9vitez d\u2019utiliser des quantit\u00e9s excessives de gel pour \u00e9viter toute irritation ou \u00ab boulochage \u00bb sur la peau.<\/span><\/li>\n<li style=\"font-weight: 400;\" aria-level=\"1\"><span style=\"font-weight: 400;\">Prenez des rendez-vous r\u00e9guliers avec votre m\u00e9decin pour suivre les progr\u00e8s et apporter les ajustements n\u00e9cessaires \u00e0 votre traitement.<\/span><\/li>\n<\/ul>","protected":false},"excerpt":{"rendered":"<p>A Ret&#8217;s Tretinoin gel offers professional-grade anti-aging care. This proven formula reduces wrinkles and acne while promoting skin renewal.<\/p>","protected":false},"featured_media":3383,"comment_status":"open","ping_status":"closed","template":"","meta":{"om_disable_all_campaigns":false,"_uf_show_specific_survey":0,"_uf_disable_surveys":false},"product_brand":[],"product_cat":[534,1758],"product_tag":[],"class_list":{"0":"post-3371","1":"product","2":"type-product","3":"status-publish","4":"has-post-thumbnail","6":"product_cat-skin-care","7":"product_cat-top-picks","9":"first","10":"instock","11":"sale","12":"shipping-taxable","13":"purchasable","14":"product-type-variable","15":"has-default-attributes"},"_links":{"self":[{"href":"https:\/\/wowrxpharmacy.com\/fr\/wp-json\/wp\/v2\/product\/3371","targetHints":{"allow":["GET"]}}],"collection":[{"href":"https:\/\/wowrxpharmacy.com\/fr\/wp-json\/wp\/v2\/product"}],"about":[{"href":"https:\/\/wowrxpharmacy.com\/fr\/wp-json\/wp\/v2\/types\/product"}],"replies":[{"embeddable":true,"href":"https:\/\/wowrxpharmacy.com\/fr\/wp-json\/wp\/v2\/comments?post=3371"}],"wp:featuredmedia":[{"embeddable":true,"href":"https:\/\/wowrxpharmacy.com\/fr\/wp-json\/wp\/v2\/media\/3383"}],"wp:attachment":[{"href":"https:\/\/wowrxpharmacy.com\/fr\/wp-json\/wp\/v2\/media?parent=3371"}],"wp:term":[{"taxonomy":"product_brand","embeddable":true,"href":"https:\/\/wowrxpharmacy.com\/fr\/wp-json\/wp\/v2\/product_brand?post=3371"},{"taxonomy":"product_cat","embeddable":true,"href":"https:\/\/wowrxpharmacy.com\/fr\/wp-json\/wp\/v2\/product_cat?post=3371"},{"taxonomy":"product_tag","embeddable":true,"href":"https:\/\/wowrxpharmacy.com\/fr\/wp-json\/wp\/v2\/product_tag?post=3371"}],"curies":[{"name":"wp","href":"https:\/\/api.w.org\/{rel}","templated":true}]}}