{"id":3327,"date":"2024-06-10T05:29:38","date_gmt":"2024-06-10T09:29:38","guid":{"rendered":"https:\/\/wowrxpharmacy.com\/?post_type=product&#038;p=3327"},"modified":"2024-11-21T01:33:43","modified_gmt":"2024-11-21T06:33:43","slug":"gouttes-ophtalmiques-careprost-3-ml","status":"publish","type":"product","link":"https:\/\/wowrxpharmacy.com\/fr\/product\/gouttes-ophtalmiques-careprost-3-ml\/","title":{"rendered":"Careprost 3 ml. de 0,03%"},"content":{"rendered":"<h3><span style=\"font-weight: 400;\">Qu&#039;est-ce que Careprost 3 ml ?<\/span><\/h3>\n<p><span style=\"font-weight: 400;\">Careprost 3 ml est une solution de collyre contenant 0,03% de bimatoprost comme ingr\u00e9dient actif.\u00a0<\/span><\/p>\n<p><span style=\"font-weight: 400;\">Le bimatoprost est un analogue de la prostaglandine, approuv\u00e9 par la FDA pour g\u00e9rer le glaucome \u00e0 angle ouvert et l&#039;hypertension oculaire en am\u00e9liorant le drainage du liquide (humeur aqueuse) de l&#039;\u0153il, ce qui contribue \u00e0 r\u00e9duire la pression intraoculaire.\u00a0<\/span><\/p>\n<p><span style=\"font-weight: 400;\">Careprost est \u00e9galement utilis\u00e9 pour traiter l&#039;hypotrichose (croissance inad\u00e9quate des cils).<\/span><\/p>\n<p><span style=\"font-weight: 400;\">Sun Pharmaceutical Industries Ltd le fabrique.\u00a0<\/span><\/p>\n<p><span style=\"font-weight: 400;\">Les gouttes ophtalmiques Careprost sont facilement disponibles \u00e0 des prix abordables en ligne sur WowRxPharmacy.<\/span><\/p>\n<h3><span style=\"font-weight: 400;\">\u00c0 quoi servent les gouttes ophtalmiques Careprost ?<\/span><\/h3>\n<p><span style=\"font-weight: 400;\">Careprost contient du bimatoprost et la FDA l&#039;a approuv\u00e9 pour diverses affections.<\/span><\/p>\n<p><span style=\"font-weight: 400;\">Certaines des utilisations de Careprost 3 ml comprennent\u00a0:<\/span><\/p>\n<ul>\n<li style=\"font-weight: 400;\" aria-level=\"1\"><b>Glaucome \u00e0 angle ouvert : <\/b><span style=\"font-weight: 400;\">Le glaucome \u00e0 angle ouvert est un type courant de glaucome dans lequel le drainage du liquide de l&#039;\u0153il devient inefficace, ce qui entra\u00eene une augmentation de la pression \u00e0 l&#039;int\u00e9rieur de l&#039;\u0153il.<\/span><\/li>\n<li style=\"font-weight: 400;\" aria-level=\"1\"><b>Hypertension oculaire : <\/b><span style=\"font-weight: 400;\">Affection caract\u00e9ris\u00e9e par une pression intraoculaire (PI) sup\u00e9rieure \u00e0 la normale, sans l\u00e9sion du nerf optique ni perte de vision. Similaire au glaucome, elle se caract\u00e9rise par une augmentation de la PIO, mais sans les signes et sympt\u00f4mes typiques du glaucome, tels que l\u00e9sion du nerf optique ou perte de vision.<\/span><\/li>\n<li style=\"font-weight: 400;\" aria-level=\"1\"><b>Hypotrichose :<\/b><span style=\"font-weight: 400;\">\u00a0 Une maladie rare caract\u00e9ris\u00e9e par une insuffisance de croissance des cheveux ou par une absence totale de croissance des cheveux, g\u00e9n\u00e9ralement pr\u00e9sente d\u00e8s la naissance.<\/span><\/li>\n<\/ul>\n<h3><span style=\"font-weight: 400;\">Comment fonctionne Careprost ?<\/span><\/h3>\n<p><a href=\"https:\/\/www.accessdata.fda.gov\/drugsatfda_docs\/nda\/2001\/21275_Lumigan0.03percentOpthalmisSolution_approv.pdf\" target=\"_blank\" rel=\"noopener\"><span style=\"font-weight: 400;\">Careprost 3 ml traite efficacement le glaucome \u00e0 angle ouvert<\/span><\/a><span style=\"font-weight: 400;\"> et l\u2019hypertension oculaire en am\u00e9liorant le drainage du liquide (humeur aqueuse) de l\u2019\u0153il.\u00a0<\/span><\/p>\n<p><span style=\"font-weight: 400;\">Dans ces conditions, une alt\u00e9ration de la s\u00e9cr\u00e9tion ou du drainage des liquides entra\u00eene une augmentation de la pression intraoculaire. En am\u00e9liorant l&#039;\u00e9coulement de l&#039;humeur aqueuse, le bimatoprost r\u00e9duit la pression intraoculaire \u00e9lev\u00e9e, permettant ainsi de prendre en charge le glaucome et l&#039;hypertension oculaire.\u00a0<\/span><\/p>\n<p>&nbsp;<\/p>\n<p><span style=\"font-weight: 400;\">En plus, <\/span><a href=\"https:\/\/www.ncbi.nlm.nih.gov\/pmc\/articles\/PMC2861943\/\" target=\"_blank\" rel=\"noopener\"><span style=\"font-weight: 400;\">Le bimatoprost traite l&#039;hypotrichose<\/span><\/a><span style=\"font-weight: 400;\"> en stimulant la conversion des follicules de cils fins et clairs en follicules plus \u00e9pais et plus fonc\u00e9s, ce qui donne des cils plus longs et plus fournis.<\/span><\/p>\n<h3><span style=\"font-weight: 400;\">Comment utiliser Careprost 3ml ?<\/span><\/h3>\n<p><span style=\"font-weight: 400;\">Pour utiliser Careprost 0,03%, consultez un m\u00e9decin avant d&#039;utiliser la solution ophtalmique de bimatoprost. Suivez attentivement ces instructions\u00a0:<\/span><\/p>\n<ul>\n<li style=\"font-weight: 400;\" aria-level=\"1\"><span style=\"font-weight: 400;\">Lavez-vous soigneusement les mains avant et apr\u00e8s l&#039;instillation du collyre<\/span><\/li>\n<li style=\"font-weight: 400;\" aria-level=\"1\"><span style=\"font-weight: 400;\">Mettre le nombre de gouttes prescrit une fois par jour le soir ou la nuit dans l&#039;\u0153il ou les yeux affect\u00e9s ou selon les instructions<\/span><\/li>\n<li style=\"font-weight: 400;\" aria-level=\"1\"><span style=\"font-weight: 400;\">Fermez les yeux pendant 2 \u00e0 3 minutes apr\u00e8s avoir instill\u00e9 les gouttes et \u00e9vitez de cligner des yeux ou de serrer.<\/span><\/li>\n<li style=\"font-weight: 400;\" aria-level=\"1\"><span style=\"font-weight: 400;\">Assurez-vous de ne pas toucher vos yeux avec le compte-gouttes et gardez-le propre<\/span><\/li>\n<li style=\"font-weight: 400;\" aria-level=\"1\"><span style=\"font-weight: 400;\">Essuyez tout exc\u00e8s de liquide de votre visage avec un mouchoir en papier<\/span><\/li>\n<li style=\"font-weight: 400;\" aria-level=\"1\"><span style=\"font-weight: 400;\">Utilisez le nombre exact de gouttes recommand\u00e9 par votre m\u00e9decin<\/span><\/li>\n<\/ul>\n<p><span style=\"font-weight: 400;\">Si vous portez des lentilles de contact, attendez au moins 15 minutes avant de les remettre. Si vous constatez de nouveaux probl\u00e8mes ou r\u00e9actions oculaires, cessez de les utiliser et consultez rapidement votre m\u00e9decin.<\/span><\/p>","protected":false},"excerpt":{"rendered":"<ul>\n<li style=\"font-weight: 400;\" aria-level=\"1\"><span style=\"font-weight: 400;\">Bimatoprost approuv\u00e9 par la FDA<\/span><\/li>\n<li style=\"font-weight: 400;\" aria-level=\"1\"><span style=\"font-weight: 400;\">R\u00e9duit la pression oculaire jusqu&#039;\u00e0 24 heures<\/span><\/li>\n<li style=\"font-weight: 400;\" aria-level=\"1\"><span style=\"font-weight: 400;\">Favorise des cils plus longs, plus \u00e9pais et plus fonc\u00e9s<\/span><\/li>\n<li style=\"font-weight: 400;\" aria-level=\"1\"><span style=\"font-weight: 400;\">R\u00e9sultats visibles en 8 semaines<\/span><\/li>\n<li style=\"font-weight: 400;\" aria-level=\"1\"><span style=\"font-weight: 400;\">Exp\u00e9dition sous 24 heures<\/span><\/li>\n<\/ul>","protected":false},"featured_media":3339,"comment_status":"open","ping_status":"closed","template":"","meta":{"om_disable_all_campaigns":false,"_uf_show_specific_survey":0,"_uf_disable_surveys":false},"product_brand":[],"product_cat":[2116,469,1757],"product_tag":[],"class_list":{"0":"post-3327","1":"product","2":"type-product","3":"status-publish","4":"has-post-thumbnail","6":"product_cat-2-day-delivery","7":"product_cat-eye-care","8":"product_cat-featured-products","10":"first","11":"instock","12":"shipping-taxable","13":"purchasable","14":"product-type-variable","15":"has-default-attributes"},"_links":{"self":[{"href":"https:\/\/wowrxpharmacy.com\/fr\/wp-json\/wp\/v2\/product\/3327","targetHints":{"allow":["GET"]}}],"collection":[{"href":"https:\/\/wowrxpharmacy.com\/fr\/wp-json\/wp\/v2\/product"}],"about":[{"href":"https:\/\/wowrxpharmacy.com\/fr\/wp-json\/wp\/v2\/types\/product"}],"replies":[{"embeddable":true,"href":"https:\/\/wowrxpharmacy.com\/fr\/wp-json\/wp\/v2\/comments?post=3327"}],"wp:featuredmedia":[{"embeddable":true,"href":"https:\/\/wowrxpharmacy.com\/fr\/wp-json\/wp\/v2\/media\/3339"}],"wp:attachment":[{"href":"https:\/\/wowrxpharmacy.com\/fr\/wp-json\/wp\/v2\/media?parent=3327"}],"wp:term":[{"taxonomy":"product_brand","embeddable":true,"href":"https:\/\/wowrxpharmacy.com\/fr\/wp-json\/wp\/v2\/product_brand?post=3327"},{"taxonomy":"product_cat","embeddable":true,"href":"https:\/\/wowrxpharmacy.com\/fr\/wp-json\/wp\/v2\/product_cat?post=3327"},{"taxonomy":"product_tag","embeddable":true,"href":"https:\/\/wowrxpharmacy.com\/fr\/wp-json\/wp\/v2\/product_tag?post=3327"}],"curies":[{"name":"wp","href":"https:\/\/api.w.org\/{rel}","templated":true}]}}