{"id":4977,"date":"2024-07-15T07:50:53","date_gmt":"2024-07-15T11:50:53","guid":{"rendered":"https:\/\/wowrxpharmacy.com\/?page_id=4977"},"modified":"2024-10-21T03:11:36","modified_gmt":"2024-10-21T07:11:36","slug":"comment-fonctionne-wrx","status":"publish","type":"page","link":"https:\/\/wowrxpharmacy.com\/fr\/comment-fonctionne-wrx\/","title":{"rendered":"Comment fonctionne WowRx"},"content":{"rendered":"<div class=\"wpb-content-wrapper\"><div class=\"vc_row wpb_row vc_row-fluid vc_column-gap-24\" >\n\t<div class=\"container et-clearfix\">\n\t\t<div class=\"wpb_column vc_column_container vc_col-sm-12 text-align-none\" >\n\t<div class=\"vc_column-inner vci\" >\n\t\t<div class=\"wpb_wrapper\">\n\t\t\t<h1 style=\"color: #000000;text-align: center\" class=\"vc_custom_heading\" ><a href=\"https:\/\/wowrxpharmacy.com\/fr\/comment-fonctionne-wrx\/\">Comment fonctionne WowRx<\/a><\/h1>\n<div class=\"wpb_text_column wpb_content_element\"  data-del=\"0\">\n\t<div class=\"wpb_wrapper\">\n\t\t<p>L&#039;achat de m\u00e9dicaments aupr\u00e8s de WowRx est rapide et facile, le processus complet se d\u00e9roulant en quelques \u00e9tapes.<\/p>\n<p><\/p>\n<h3 class=\"wp-block-heading\" id=\"step-1-select-your-medicines\">\u00c9tape 1 : S\u00e9lectionnez vos m\u00e9dicaments<\/h3>\n<p>La premi\u00e8re \u00e9tape pour passer une commande chez WowRx consiste \u00e0 v\u00e9rifier si le produit souhait\u00e9 est disponible. Vous pouvez le faire en s\u00e9lectionnant les m\u00e9dicaments g\u00e9n\u00e9riques ou en utilisant la barre de recherche en haut de la page. S\u00e9lectionnez le m\u00e9dicament souhait\u00e9 et sa quantit\u00e9, puis appuyez sur le bouton \u00ab\u00a0Ajouter au panier\u00a0\u00bb.<\/p>\n<p><\/p>\n<h3 class=\"wp-block-heading\" id=\"step-2-proceed-to-checkout\">\u00c9tape 2 : Proc\u00e9der au paiement<\/h3>\n<p>Une fois tous les articles ajout\u00e9s \u00e0 votre panier, cliquez sur le bouton \u00ab\u00a0Passer \u00e0 la caisse\u00a0\u00bb. Si vous \u00eates d\u00e9j\u00e0 utilisateur, connectez-vous \u00e0 votre compte. Sinon, cr\u00e9ez un compte et renseignez les informations n\u00e9cessaires. Vous pourrez ensuite choisir un mode de paiement adapt\u00e9. Vous recevrez un e-mail de confirmation une fois votre commande pass\u00e9e.<\/p>\n<p><\/p>\n<h3 class=\"wp-block-heading\" id=\"step-3-call-support-and-confirmation\">\u00c9tape 3\u00a0: Appeler le support et confirmation<\/h3>\n<p>\u00c0 l&#039;\u00e9tape suivante, notre service client vous contactera pour vous fournir les informations de paiement. Une fois votre paiement confirm\u00e9, vous recevrez une facture par e-mail.<\/p>\n<p><\/p>\n<h3 class=\"wp-block-heading\" id=\"step-4-the-dispensing-procedure\">\u00c9tape 4 : La proc\u00e9dure de distribution<\/h3>\n<p>Notre \u00e9quipe emballera et exp\u00e9diera votre commande d\u00e8s r\u00e9ception des informations de commande. Cependant, des ruptures de stock ou des retards de traitement, li\u00e9s aux fluctuations de la demande, peuvent occasionnellement entra\u00eener un l\u00e9ger retard de livraison.<\/p>\n<p>Dans ce cas, nous vous en informerons et veillerons \u00e0 ce que vous receviez vos m\u00e9dicaments dans le d\u00e9lai de livraison indiqu\u00e9.<\/p>\n<p>Si nous ne pouvons pas le faire pour quelque raison que ce soit (vacances ou circonstances extr\u00eames comme la pand\u00e9mie), nous vous en informerons imm\u00e9diatement et proc\u00e9derons m\u00eame \u00e0 un remboursement int\u00e9gral si n\u00e9cessaire. WowRx s&#039;engage \u00e0 garantir votre confort et \u00e0 vous fournir les installations que nous pr\u00e9tendons.<\/p>\n<p><\/p>\n<h3 class=\"wp-block-heading\" id=\"step-5-order-tracking-details\">\u00c9tape 5\u00a0: D\u00e9tails de suivi de la commande<\/h3>\n<p>Une fois votre commande exp\u00e9di\u00e9e, vous recevrez un email avec les informations de suivi et d&#039;exp\u00e9dition afin que vous puissiez suivre les exp\u00e9ditions jusqu&#039;\u00e0 la livraison.<\/p>\n<p>Veuillez noter que certains envois peuvent ne pas \u00eatre imm\u00e9diatement tra\u00e7ables. Ils ne sont g\u00e9n\u00e9ralement tra\u00e7ables qu&#039;apr\u00e8s avoir \u00e9t\u00e9 d\u00e9douan\u00e9s dans votre pays.<\/p>\n<p>Si vous n&#039;avez pas re\u00e7u votre commande dans les d\u00e9lais de livraison indiqu\u00e9s, veuillez nous contacter et nous vous aiderons dans les d\u00e9marches ult\u00e9rieures.<\/p>\n<p><\/p>\n<h3 class=\"wp-block-heading\" id=\"step-6-successful-delivery\">\u00c9tape 6 : Livraison r\u00e9ussie<\/h3>\n<p>Il s&#039;agit de la derni\u00e8re \u00e9tape de notre parcours pour livrer vos m\u00e9dicaments \u00e0 votre domicile en toute s\u00e9curit\u00e9. Nous sommes extr\u00eamement satisfaits de constater que vos m\u00e9dicaments sont arriv\u00e9s \u00e0 bon port.<\/p>\n<p>N&#039;h\u00e9sitez pas \u00e0 nous faire part de vos pr\u00e9cieux commentaires et \u00e0 nous recommander \u00e0 vos amis et \u00e0 votre famille afin que nous puissions \u00e9galement les aider.<\/p>\n\t<\/div>\n<\/div>\n\n\t\t<\/div>\n\t\t<div class=\"col-back\">\n\t\t\t\t\t<\/div>\n\t<\/div>\n<\/div>\t<\/div>\n\t<div class=\"row-back\">\n\t\t\t\t\t<\/div>\n<\/div>\n<\/div>","protected":false},"excerpt":{"rendered":"How does WowRx work Purchasing medicines from WowRx is quick and easy with the complete process being done within a few steps. Step 1: Select your medicines The first step of placing an order with WowRx is determining whether the product you wish to order is available. You can do so by choosing generic medicines [...]","protected":false},"author":1,"featured_media":0,"parent":0,"menu_order":0,"comment_status":"closed","ping_status":"closed","template":"","meta":{"om_disable_all_campaigns":false,"_uf_show_specific_survey":0,"_uf_disable_surveys":false,"footnotes":""},"class_list":["post-4977","page","type-page","status-publish","hentry"],"_links":{"self":[{"href":"https:\/\/wowrxpharmacy.com\/fr\/wp-json\/wp\/v2\/pages\/4977","targetHints":{"allow":["GET"]}}],"collection":[{"href":"https:\/\/wowrxpharmacy.com\/fr\/wp-json\/wp\/v2\/pages"}],"about":[{"href":"https:\/\/wowrxpharmacy.com\/fr\/wp-json\/wp\/v2\/types\/page"}],"author":[{"embeddable":true,"href":"https:\/\/wowrxpharmacy.com\/fr\/wp-json\/wp\/v2\/users\/1"}],"replies":[{"embeddable":true,"href":"https:\/\/wowrxpharmacy.com\/fr\/wp-json\/wp\/v2\/comments?post=4977"}],"version-history":[{"count":6,"href":"https:\/\/wowrxpharmacy.com\/fr\/wp-json\/wp\/v2\/pages\/4977\/revisions"}],"predecessor-version":[{"id":38194,"href":"https:\/\/wowrxpharmacy.com\/fr\/wp-json\/wp\/v2\/pages\/4977\/revisions\/38194"}],"wp:attachment":[{"href":"https:\/\/wowrxpharmacy.com\/fr\/wp-json\/wp\/v2\/media?parent=4977"}],"curies":[{"name":"wp","href":"https:\/\/api.w.org\/{rel}","templated":true}]}}