{"id":3096,"date":"2021-12-21T12:22:37","date_gmt":"2021-12-21T12:22:37","guid":{"rendered":"https:\/\/wowrxpharmacy.com\/?page_id=365"},"modified":"2021-12-21T12:22:37","modified_gmt":"2021-12-21T12:22:37","slug":"faq-2","status":"publish","type":"page","link":"https:\/\/wowrxpharmacy.com\/fr\/faq-2\/","title":{"rendered":"FAQ"},"content":{"rendered":"<div class=\"wpb-content-wrapper\"><div class=\"vc_row wpb_row vc_row-fluid vc_column-gap-24\" >\n\t<div class=\"container et-clearfix\">\n\t\t<div class=\"wpb_column vc_column_container vc_col-sm-12 vc_col-lg-2 vc_col-md-1 vc_hidden-sm vc_col-xs-12 vc_hidden-xs text-align-none vc-column-805698\" >\n\t<div class=\"vc_column-inner vci\" >\n\t\t<div class=\"wpb_wrapper\">\n\t\t\t\t\t<\/div>\n\t\t<div class=\"col-back\">\n\t\t\t\t\t<\/div>\n\t<\/div>\n<\/div><div class=\"wpb_column vc_column_container vc_col-sm-12 vc_col-lg-8 vc_col-md-10 vc_col-xs-12 text-align-none vc-column-58348\" >\n\t<div class=\"vc_column-inner vci\" >\n\t\t<div class=\"wpb_wrapper\">\n\t\t\t<h1 class=\"et-heading text-align-center highlight-false icon-position-left\" id=\"et-heading-523315\" ><span class=\"text-wrapper\"><span class=\"text\">FAQ<\/span><span class=\"curtain\"><\/span><\/span><\/h1><p class=\"et-heading text-align-center highlight-false icon-position-left\" id=\"et-heading-814952\" ><span class=\"text-wrapper\"><span class=\"text\">Comment puis-je vous aider ?<\/span><span class=\"curtain\"><\/span><\/span><\/p><span class=\"et-gap et-clearfix et-gap-238533\"><\/span><div class=\"et-accordion-wrapper\"><div id=\"et-accordion-122266\" class=\"et-accordion et-clearfix collapsible-true\"><div class=\"toggle-content-group\"><div class=\"toggle-title et-clearfix\">Quand vais-je recevoir ma commande ?<span class=\"toggle-ind\"><svg xmlns=\"http:\/\/www.w3.org\/2000\/svg\" viewbox=\"0 0 240.823 240.823\"><path d=\"M57.633 129.007L165.93 237.268c4.752 4.74 12.451 4.74 17.215 0 4.752-4.74 4.752-12.439 0-17.179l-99.707-99.671 99.695-99.671c4.752-4.74 4.752-12.439 0-17.191-4.752-4.74-12.463-4.74-17.215 0L57.621 111.816c-4.679 4.691-4.679 12.511.012 17.191z\"\/><\/svg>\n<\/span><\/div> <div id=\"toggle-content-1\" class=\"toggle-content\"><div class=\"toggle-content-inner et-clearfix\">\n<div class=\"wpb_text_column wpb_content_element\"  data-del=\"0\">\n\t<div class=\"wpb_wrapper\">\n\t\t<p>Votre commande sera livr\u00e9e dans le d\u00e9lai de livraison estim\u00e9, comme convenu lors de votre commande. Vous pouvez le v\u00e9rifier en s\u00e9lectionnant votre commande dans la section \u00ab\u00a0Mes commandes\u00a0\u00bb. Consultez r\u00e9guli\u00e8rement nos mises \u00e0 jour concernant la livraison de vos commandes.<\/p>\n<p>Nous comprenons qu&#039;en raison de la crise actuelle de la Covid-19, la date de livraison pourrait \u00eatre d\u00e9cal\u00e9e. Soyez assur\u00e9 que nous travaillons sans rel\u00e2che pour livrer votre commande dans les meilleurs d\u00e9lais.<\/p>\n\t<\/div>\n<\/div>\n\n<\/div> <\/div><\/div><div class=\"toggle-content-group\"><div class=\"toggle-title et-clearfix\">J&#039;ai re\u00e7u des articles endommag\u00e9s<span class=\"toggle-ind\"><svg xmlns=\"http:\/\/www.w3.org\/2000\/svg\" viewbox=\"0 0 240.823 240.823\"><path d=\"M57.633 129.007L165.93 237.268c4.752 4.74 12.451 4.74 17.215 0 4.752-4.74 4.752-12.439 0-17.179l-99.707-99.671 99.695-99.671c4.752-4.74 4.752-12.439 0-17.191-4.752-4.74-12.463-4.74-17.215 0L57.621 111.816c-4.679 4.691-4.679 12.511.012 17.191z\"\/><\/svg>\n<\/span><\/div> <div id=\"toggle-content-2\" class=\"toggle-content\"><div class=\"toggle-content-inner et-clearfix\">\n<div class=\"wpb_text_column wpb_content_element\"  data-del=\"0\">\n\t<div class=\"wpb_wrapper\">\n\t\t<p>Nous sommes d\u00e9sol\u00e9s que vous ayez rencontr\u00e9 ce probl\u00e8me. Cliquez sur l&#039;ic\u00f4ne \u00ab\u00a0Compte\u00a0\u00bb sur la page d&#039;accueil de l&#039;application, puis sur la section \u00ab\u00a0Commandes\u00a0\u00bb, puis sur la commande concern\u00e9e et cliquez sur \u00ab\u00a0Retourner\u00a0\u00bb. Nous nous efforcerons de r\u00e9soudre ce probl\u00e8me en priorit\u00e9.<\/p>\n\t<\/div>\n<\/div>\n\n<\/div> <\/div><\/div><div class=\"toggle-content-group\"><div class=\"toggle-title et-clearfix\">Les articles sont diff\u00e9rents de ce que j&#039;ai command\u00e9<span class=\"toggle-ind\"><svg xmlns=\"http:\/\/www.w3.org\/2000\/svg\" viewbox=\"0 0 240.823 240.823\"><path d=\"M57.633 129.007L165.93 237.268c4.752 4.74 12.451 4.74 17.215 0 4.752-4.74 4.752-12.439 0-17.179l-99.707-99.671 99.695-99.671c4.752-4.74 4.752-12.439 0-17.191-4.752-4.74-12.463-4.74-17.215 0L57.621 111.816c-4.679 4.691-4.679 12.511.012 17.191z\"\/><\/svg>\n<\/span><\/div> <div id=\"toggle-content-3\" class=\"toggle-content\"><div class=\"toggle-content-inner et-clearfix\">\n<div class=\"wpb_text_column wpb_content_element\"  data-del=\"0\">\n\t<div class=\"wpb_wrapper\">\n\t\t<p>Nous sommes d\u00e9sol\u00e9s que vous ayez rencontr\u00e9 ce probl\u00e8me. Pour retourner un article erron\u00e9, veuillez vous connecter \u00e0 l&#039;application, cliquer sur l&#039;onglet \u00ab\u00a0Mes commandes\u00a0\u00bb, s\u00e9lectionner la commande concern\u00e9e et cliquer sur l&#039;onglet \u00ab\u00a0Retour\u00a0\u00bb. Nous nous efforcerons de r\u00e9soudre votre probl\u00e8me en priorit\u00e9.<\/p>\n\t<\/div>\n<\/div>\n\n<\/div> <\/div><\/div><div class=\"toggle-content-group\"><div class=\"toggle-title et-clearfix\">Il manque des articles dans ma commande<span class=\"toggle-ind\"><svg xmlns=\"http:\/\/www.w3.org\/2000\/svg\" viewbox=\"0 0 240.823 240.823\"><path d=\"M57.633 129.007L165.93 237.268c4.752 4.74 12.451 4.74 17.215 0 4.752-4.74 4.752-12.439 0-17.179l-99.707-99.671 99.695-99.671c4.752-4.74 4.752-12.439 0-17.191-4.752-4.74-12.463-4.74-17.215 0L57.621 111.816c-4.679 4.691-4.679 12.511.012 17.191z\"\/><\/svg>\n<\/span><\/div> <div id=\"toggle-content-4\" class=\"toggle-content\"><div class=\"toggle-content-inner et-clearfix\">\n<div class=\"wpb_text_column wpb_content_element\"  data-del=\"0\">\n\t<div class=\"wpb_wrapper\">\n\t\t<p>Nous sommes d\u00e9sol\u00e9s que vous ayez v\u00e9cu cette situation. Nos revendeurs partenaires ont mis en place les contr\u00f4les n\u00e9cessaires pour \u00e9viter une telle situation. Nous vous demandons de nous contacter dans les 48 heures suivant la livraison de votre commande afin que nous puissions enqu\u00eater sur le probl\u00e8me.<\/p>\n\t<\/div>\n<\/div>\n\n<\/div> <\/div><\/div><div class=\"toggle-content-group\"><div class=\"toggle-title et-clearfix\">Comment puis-je annuler ma commande ?<span class=\"toggle-ind\"><svg xmlns=\"http:\/\/www.w3.org\/2000\/svg\" viewbox=\"0 0 240.823 240.823\"><path d=\"M57.633 129.007L165.93 237.268c4.752 4.74 12.451 4.74 17.215 0 4.752-4.74 4.752-12.439 0-17.179l-99.707-99.671 99.695-99.671c4.752-4.74 4.752-12.439 0-17.191-4.752-4.74-12.463-4.74-17.215 0L57.621 111.816c-4.679 4.691-4.679 12.511.012 17.191z\"\/><\/svg>\n<\/span><\/div> <div id=\"toggle-content-5\" class=\"toggle-content\"><div class=\"toggle-content-inner et-clearfix\">\n<div class=\"wpb_text_column wpb_content_element\"  data-del=\"0\">\n\t<div class=\"wpb_wrapper\">\n\t\t<p>Vous pouvez annuler votre commande \u00e0 partir de l&#039;\u00e9cran \u00ab D\u00e9tails de la commande \u00bb avant qu&#039;elle ne soit livr\u00e9e.<\/p>\n<p>Pour ce faire, cliquez sur l&#039;ic\u00f4ne Compte en bas de la page d&#039;accueil de l&#039;application, s\u00e9lectionnez \u00ab\u00a0Commandes\u00a0\u00bb, puis s\u00e9lectionnez la commande \u00e0 annuler et appuyez sur \u00ab\u00a0Annuler\u00a0\u00bb. (Voir l&#039;image)<\/p>\n<p>Sinon, vous pouvez le refuser au moment de la livraison et un remboursement sera effectu\u00e9 sur la source de paiement, si le montant de la commande a \u00e9t\u00e9 pay\u00e9 en ligne.<\/p>\n\t<\/div>\n<\/div>\n\n<\/div> <\/div><\/div><div class=\"toggle-content-group\"><div class=\"toggle-title et-clearfix\">Comment puis-je obtenir une facture pour ma commande ?<span class=\"toggle-ind\"><svg xmlns=\"http:\/\/www.w3.org\/2000\/svg\" viewbox=\"0 0 240.823 240.823\"><path d=\"M57.633 129.007L165.93 237.268c4.752 4.74 12.451 4.74 17.215 0 4.752-4.74 4.752-12.439 0-17.179l-99.707-99.671 99.695-99.671c4.752-4.74 4.752-12.439 0-17.191-4.752-4.74-12.463-4.74-17.215 0L57.621 111.816c-4.679 4.691-4.679 12.511.012 17.191z\"\/><\/svg>\n<\/span><\/div> <div id=\"toggle-content-6\" class=\"toggle-content\"><div class=\"toggle-content-inner et-clearfix\">\n<div class=\"wpb_text_column wpb_content_element\"  data-del=\"0\">\n\t<div class=\"wpb_wrapper\">\n\t\t<p>Pour obtenir la facture de votre\/vos commande(s), rendez-vous dans la section \u00ab Mes commandes \u00bb, appuyez sur la commande concern\u00e9e et vous trouverez une option pour t\u00e9l\u00e9charger la facture au format PDF.<\/p>\n\t<\/div>\n<\/div>\n\n<\/div> <\/div><\/div><div class=\"toggle-content-group\"><div class=\"toggle-title et-clearfix\">Je souhaite modifier ma commande<span class=\"toggle-ind\"><svg xmlns=\"http:\/\/www.w3.org\/2000\/svg\" viewbox=\"0 0 240.823 240.823\"><path d=\"M57.633 129.007L165.93 237.268c4.752 4.74 12.451 4.74 17.215 0 4.752-4.74 4.752-12.439 0-17.179l-99.707-99.671 99.695-99.671c4.752-4.74 4.752-12.439 0-17.191-4.752-4.74-12.463-4.74-17.215 0L57.621 111.816c-4.679 4.691-4.679 12.511.012 17.191z\"\/><\/svg>\n<\/span><\/div> <div id=\"toggle-content-7\" class=\"toggle-content\"><div class=\"toggle-content-inner et-clearfix\">\n<div class=\"wpb_text_column wpb_content_element\"  data-del=\"0\">\n\t<div class=\"wpb_wrapper\">\n\t\t<p>D\u00e9sol\u00e9, une fois votre commande confirm\u00e9e, elle ne peut plus \u00eatre modifi\u00e9e. Veuillez passer une nouvelle commande avec les modifications n\u00e9cessaires.<\/p>\n\t<\/div>\n<\/div>\n\n<\/div> <\/div><\/div><div class=\"toggle-content-group\"><div class=\"toggle-title et-clearfix\">Quelle est la dur\u00e9e de conservation des m\u00e9dicaments fournis ?<span class=\"toggle-ind\"><svg xmlns=\"http:\/\/www.w3.org\/2000\/svg\" viewbox=\"0 0 240.823 240.823\"><path d=\"M57.633 129.007L165.93 237.268c4.752 4.74 12.451 4.74 17.215 0 4.752-4.74 4.752-12.439 0-17.179l-99.707-99.671 99.695-99.671c4.752-4.74 4.752-12.439 0-17.191-4.752-4.74-12.463-4.74-17.215 0L57.621 111.816c-4.679 4.691-4.679 12.511.012 17.191z\"\/><\/svg>\n<\/span><\/div> <div id=\"toggle-content-8\" class=\"toggle-content\"><div class=\"toggle-content-inner et-clearfix\">\n<div class=\"wpb_text_column wpb_content_element\"  data-del=\"0\">\n\t<div class=\"wpb_wrapper\">\n\t\t<p>Nous garantissons que la dur\u00e9e de conservation des m\u00e9dicaments fournis par nos d\u00e9taillants partenaires est d&#039;au moins 3 mois \u00e0 compter de la date de livraison.<\/p>\n\t<\/div>\n<\/div>\n\n<\/div> <\/div><\/div><div class=\"toggle-content-group\"><div class=\"toggle-title et-clearfix\">Comment passer une commande pour un m\u00e9dicament\/produit de sant\u00e9 ?<span class=\"toggle-ind\"><svg xmlns=\"http:\/\/www.w3.org\/2000\/svg\" viewbox=\"0 0 240.823 240.823\"><path d=\"M57.633 129.007L165.93 237.268c4.752 4.74 12.451 4.74 17.215 0 4.752-4.74 4.752-12.439 0-17.179l-99.707-99.671 99.695-99.671c4.752-4.74 4.752-12.439 0-17.191-4.752-4.74-12.463-4.74-17.215 0L57.621 111.816c-4.679 4.691-4.679 12.511.012 17.191z\"\/><\/svg>\n<\/span><\/div> <div id=\"toggle-content-9\" class=\"toggle-content\"><div class=\"toggle-content-inner et-clearfix\">\n<div class=\"wpb_text_column wpb_content_element\"  data-del=\"0\">\n\t<div class=\"wpb_wrapper\">\n\t\t<p>Vous pouvez passer votre commande via notre application<\/p>\n\t<\/div>\n<\/div>\n\n<\/div> <\/div><\/div><\/div><\/div><span class=\"et-gap et-clearfix et-gap-748027\"><\/span><h3 class=\"et-heading text-align-left highlight-false icon-position-left\" id=\"et-heading-665162\" ><span class=\"text-wrapper\"><span class=\"text\">Vous avez encore une question ?<\/span><span class=\"curtain\"><\/span><\/span><\/h3><p class=\"et-heading text-align-left highlight-false icon-position-left\" id=\"et-heading-448846\" ><span class=\"text-wrapper\"><span class=\"text\">Si vous ne trouvez pas de r\u00e9ponse \u00e0 votre question dans notre FAQ, n&#039;h\u00e9sitez pas \u00e0 nous contacter. Nous vous r\u00e9pondrons dans les plus brefs d\u00e9lais\u00a0!<\/span><span class=\"curtain\"><\/span><\/span><\/p><span class=\"et-gap et-clearfix et-gap-420142\"><\/span><p class=\"wpcf7-contact-form-not-found\"><strong>Error:<\/strong> Contact form not found.<\/p><span class=\"et-gap et-clearfix et-gap-846617 hide767\"><\/span>\t\t<\/div>\n\t\t<div class=\"col-back\">\n\t\t\t\t\t<\/div>\n\t<\/div>\n<\/div><div class=\"wpb_column vc_column_container vc_col-sm-12 vc_col-lg-2 vc_col-md-1 vc_hidden-sm vc_col-xs-12 vc_hidden-xs text-align-none vc-column-81329\" >\n\t<div class=\"vc_column-inner vci\" >\n\t\t<div class=\"wpb_wrapper\">\n\t\t\t\t\t<\/div>\n\t\t<div class=\"col-back\">\n\t\t\t\t\t<\/div>\n\t<\/div>\n<\/div>\t<\/div>\n\t<div class=\"row-back\">\n\t\t\t\t\t<\/div>\n<\/div>\n<\/div>","protected":false},"excerpt":{"rendered":"FAQ\u2019sHow Can help you?When will I receive my order? Your order will be delivered within the 'Estimated Delivery Date' as committed at the time of order placement. You can check this by selecting your order from the \"My Orders\" section. Keep a lookout for our order delivery updates. Also, we understand that due to the [...]","protected":false},"author":1,"featured_media":0,"parent":0,"menu_order":0,"comment_status":"closed","ping_status":"closed","template":"page-vc.php","meta":{"om_disable_all_campaigns":false,"_uf_show_specific_survey":0,"_uf_disable_surveys":false,"footnotes":""},"class_list":["post-3096","page","type-page","status-publish","hentry"],"_links":{"self":[{"href":"https:\/\/wowrxpharmacy.com\/fr\/wp-json\/wp\/v2\/pages\/3096","targetHints":{"allow":["GET"]}}],"collection":[{"href":"https:\/\/wowrxpharmacy.com\/fr\/wp-json\/wp\/v2\/pages"}],"about":[{"href":"https:\/\/wowrxpharmacy.com\/fr\/wp-json\/wp\/v2\/types\/page"}],"author":[{"embeddable":true,"href":"https:\/\/wowrxpharmacy.com\/fr\/wp-json\/wp\/v2\/users\/1"}],"replies":[{"embeddable":true,"href":"https:\/\/wowrxpharmacy.com\/fr\/wp-json\/wp\/v2\/comments?post=3096"}],"version-history":[{"count":0,"href":"https:\/\/wowrxpharmacy.com\/fr\/wp-json\/wp\/v2\/pages\/3096\/revisions"}],"wp:attachment":[{"href":"https:\/\/wowrxpharmacy.com\/fr\/wp-json\/wp\/v2\/media?parent=3096"}],"curies":[{"name":"wp","href":"https:\/\/api.w.org\/{rel}","templated":true}]}}