{"id":5223,"date":"2024-07-13T08:00:28","date_gmt":"2024-07-13T12:00:28","guid":{"rendered":"https:\/\/wowrxpharmacy.com\/?post_type=product&#038;p=5223"},"modified":"2024-10-16T03:51:23","modified_gmt":"2024-10-16T07:51:23","slug":"minipress-xl-gits-5-mg","status":"publish","type":"product","link":"https:\/\/wowrxpharmacy.com\/es_es\/producto\/minipress-xl-gits-5-mg\/","title":{"rendered":"Minipress XL GITS 5 mg"},"content":{"rendered":"<h2><span style=\"font-weight: 400;\">Descripci\u00f3n<\/span><\/h2>\n<h3><span style=\"font-weight: 400;\">Acerca de Minipress XL GITS 5 mg<\/span><\/h3>\n<p><span style=\"font-weight: 400;\">Minipress XL GITS 5 mg es un medicamento recetado para tratar la hipertensi\u00f3n arterial y reducir el riesgo de infarto. El principio activo de este medicamento es la prazosina, muy eficaz para el agrandamiento leve de la pr\u00f3stata. Las pastillas Minipress han recibido cr\u00edticas positivas a lo largo de los a\u00f1os. Puede comprar Minipress XL en WowRxPharmacy al mejor precio.<\/span><\/p>\n<h3><span style=\"font-weight: 400;\">Usos de la Minipress XL<\/span><\/h3>\n<p><span style=\"font-weight: 400;\">Minipress es un medicamento recetado que se utiliza principalmente para tratar la hipertensi\u00f3n arterial. Tambi\u00e9n ayuda a reducir el riesgo de infarto o accidente cerebrovascular. La hipertensi\u00f3n es una afecci\u00f3n m\u00e9dica en la que la fuerza del flujo sangu\u00edneo comienza a ejercer una presi\u00f3n prolongada contra las paredes arteriales, lo que provoca cardiopat\u00edas y accidentes cerebrovasculares. 5 mg de prazosina en tabletas tambi\u00e9n pueden ser \u00fatiles para el s\u00edndrome del dedo fr\u00edo (enfermedad de Raynaud) y la hiperplasia prost\u00e1tica benigna (agrandamiento de la pr\u00f3stata).\u00a0<\/span><\/p>\n<h3><span style=\"font-weight: 400;\">\u00bfC\u00f3mo funciona Minipress XL GITS 5mg?<\/span><\/h3>\n<p><span style=\"font-weight: 400;\">La prazosina, una sal activa de Minipress, regula y controla la presi\u00f3n arterial relajando los vasos sangu\u00edneos. Las pastillas de Minipress favorecen una circulaci\u00f3n sangu\u00ednea fluida en todo el cuerpo. Cuando la presi\u00f3n arterial est\u00e1 bajo control, se reduce el riesgo de infarto, accidente cerebrovascular o problemas renales. Minipress 5 mg pertenece a la categor\u00eda de alfabloqueantes.\u00a0<\/span><\/p>\n<h3><span style=\"font-weight: 400;\">\u00bfC\u00f3mo tomar el medicamento?<\/span><\/h3>\n<p><span style=\"font-weight: 400;\">Aqu\u00ed hay algunas cosas a tener en cuenta al consumir Minipress.<\/span><\/p>\n<ul>\n<li style=\"font-weight: 400;\" aria-level=\"1\"><span style=\"font-weight: 400;\">Se puede tomar con o sin alimentos, pero aseg\u00farese de hacerlo a una hora fija.\u00a0<\/span><\/li>\n<li style=\"font-weight: 400;\" aria-level=\"1\"><span style=\"font-weight: 400;\">Evite triturar, masticar o romper la tableta de 5 mg; trate de tragarla entera.<\/span><\/li>\n<li style=\"font-weight: 400;\" aria-level=\"1\"><span style=\"font-weight: 400;\">Puede tomar estos medicamentos solo despu\u00e9s de obtener la receta de su proveedor de atenci\u00f3n m\u00e9dica.<\/span><\/li>\n<\/ul>\n<p>&nbsp;<\/p>","protected":false},"excerpt":{"rendered":"<ul>\n<li style=\"font-weight: 400;\" aria-level=\"1\"><span style=\"font-weight: 400;\">Trata la presi\u00f3n arterial alta<\/span><\/li>\n<li style=\"font-weight: 400;\" aria-level=\"1\"><span style=\"font-weight: 400;\">Acci\u00f3n r\u00e1pida en 10 a 20 horas.<\/span><\/li>\n<li style=\"font-weight: 400;\" aria-level=\"1\"><span style=\"font-weight: 400;\">Los efectos completos pueden tardar algunas semanas.<\/span><\/li>\n<li style=\"font-weight: 400;\" aria-level=\"1\"><span style=\"font-weight: 400;\">Con la confianza de los m\u00e9dicos<\/span><\/li>\n<\/ul>","protected":false},"featured_media":29689,"comment_status":"open","ping_status":"closed","template":"","meta":{"om_disable_all_campaigns":false,"_uf_show_specific_survey":0,"_uf_disable_surveys":false},"product_brand":[],"product_cat":[608],"product_tag":[],"class_list":{"0":"post-5223","1":"product","2":"type-product","3":"status-publish","4":"has-post-thumbnail","6":"product_cat-heart-blood-pressure","8":"first","9":"instock","10":"shipping-taxable","11":"purchasable","12":"product-type-variable","13":"has-default-attributes"},"_links":{"self":[{"href":"https:\/\/wowrxpharmacy.com\/es_es\/wp-json\/wp\/v2\/product\/5223","targetHints":{"allow":["GET"]}}],"collection":[{"href":"https:\/\/wowrxpharmacy.com\/es_es\/wp-json\/wp\/v2\/product"}],"about":[{"href":"https:\/\/wowrxpharmacy.com\/es_es\/wp-json\/wp\/v2\/types\/product"}],"replies":[{"embeddable":true,"href":"https:\/\/wowrxpharmacy.com\/es_es\/wp-json\/wp\/v2\/comments?post=5223"}],"wp:featuredmedia":[{"embeddable":true,"href":"https:\/\/wowrxpharmacy.com\/es_es\/wp-json\/wp\/v2\/media\/29689"}],"wp:attachment":[{"href":"https:\/\/wowrxpharmacy.com\/es_es\/wp-json\/wp\/v2\/media?parent=5223"}],"wp:term":[{"taxonomy":"product_brand","embeddable":true,"href":"https:\/\/wowrxpharmacy.com\/es_es\/wp-json\/wp\/v2\/product_brand?post=5223"},{"taxonomy":"product_cat","embeddable":true,"href":"https:\/\/wowrxpharmacy.com\/es_es\/wp-json\/wp\/v2\/product_cat?post=5223"},{"taxonomy":"product_tag","embeddable":true,"href":"https:\/\/wowrxpharmacy.com\/es_es\/wp-json\/wp\/v2\/product_tag?post=5223"}],"curies":[{"name":"wp","href":"https:\/\/api.w.org\/{rel}","templated":true}]}}