{"id":5201,"date":"2024-07-13T08:00:28","date_gmt":"2024-07-13T12:00:28","guid":{"rendered":"https:\/\/wowrxpharmacy.com\/?post_type=product&#038;p=5201"},"modified":"2024-10-16T03:51:23","modified_gmt":"2024-10-16T07:51:23","slug":"lipril-h","status":"publish","type":"product","link":"https:\/\/wowrxpharmacy.com\/es_es\/producto\/lipril-h\/","title":{"rendered":"Lipril H Tablet"},"content":{"rendered":"<h3><span style=\"font-weight: 400;\">About Lipril H 5 12.5 mg<\/span><\/h3>\n<p><span style=\"font-weight: 400;\">Lipril H 5 12.5 mg<\/span><span style=\"font-weight: 400;\"> is a drug used to treat High Blood Pressure. The active salt present is Lisinopril and Hydrochlorothiazide. The combination of these two medicines that help control blood pressure is used when one medication alone doesn&#8217;t work.<\/span><\/p>\n<p><span style=\"font-weight: 400;\">The manufacturer of <\/span><span style=\"font-weight: 400;\">Lipril H 5 12.5 mg is Lupin. Lipril H 5 12.5 mg<\/span><span style=\"font-weight: 400;\"> comes with highly positive reviews and is a recommended medication for High Blood Pressure.<\/span><\/p>\n<h3><span style=\"font-weight: 400;\">Lipril H 5 12.5 mg uses\u00a0<\/span><\/h3>\n<p><span style=\"font-weight: 400;\">The medicine is highly used in Hypertension. <\/span><span style=\"font-weight: 400;\">Lipril H 5 12.5 mg<\/span><span style=\"font-weight: 400;\"> relaxes the blood vessels, making blood flow through your body easier. It also helps the body eliminate extra water and produces more urine.\u00a0<\/span><\/p>\n<p><span style=\"font-weight: 400;\">This lowers your blood pressure and makes it less likely that you will have a stroke, a Heart attack, or kidney problems in the future. Most of the time, Lisinopril Hydrochlorothiazide does not make you feel better immediately, but it keeps you healthy in the long run.\u00a0<\/span><\/p>\n<p><span style=\"font-weight: 400;\">Even if you feel better, you should still take this medicine as often as your doctor tells you to.<\/span><\/p>\n<h3><span style=\"font-weight: 400;\">Working of Lipril H tablet<\/span><\/h3>\n<p><span style=\"font-weight: 400;\">Lipril-H Tablet is a mix of two medicines that lower blood pressure. Lisinopril blocks the action of an enzyme called Angiotensin-Converting Enzyme (ACE). It makes the heart less stressed and relaxes the blood vessels. This makes the blood flow more smoothly and helps the heart pump blood more effectively.<\/span><\/p>\n<p><span style=\"font-weight: 400;\">Hydrochlorothiazide is a diuretic. It eliminates extra water from the body along with electrolytes. Over time, it also causes blood vessels to be more relaxed and helps blood flow better.<\/span><\/p>\n<p><span style=\"font-weight: 400;\">Comprar <\/span><span style=\"font-weight: 400;\">Triolmezest 5\/12.5\/20mg<\/span><span style=\"font-weight: 400;\"> en l\u00ednea desde la farmacia en l\u00ednea m\u00e1s confiable WowRXPharmacy.<\/span><\/p>\n<h3><span style=\"font-weight: 400;\">How to use Lipril H\u00a0<\/span><\/h3>\n<p><span style=\"font-weight: 400;\">Following are the ways of using Lipril H 5 12.5 mg:<\/span><\/p>\n<ul>\n<li style=\"font-weight: 400;\" aria-level=\"1\"><span style=\"font-weight: 400;\">Your doctor will inform you how much and for how long to take this medicine<\/span><\/li>\n<li style=\"font-weight: 400;\" aria-level=\"1\"><span style=\"font-weight: 400;\">Take all your problems related to health to your doctor<\/span><\/li>\n<li style=\"font-weight: 400;\" aria-level=\"1\"><span style=\"font-weight: 400;\">Do not chew on it, break it, or crush it. You can take a Lipril-H Tablet with or without food, but it is best to take it simultaneously every day<\/span><\/li>\n<li style=\"font-weight: 400;\" aria-level=\"1\"><span style=\"font-weight: 400;\">You can take Lipril and its strengths as a substitute for Lipril H 5 12.5 mg <\/span><span style=\"font-weight: 400;\">on the recommendation of the doctor<\/span><\/li>\n<\/ul>","protected":false},"excerpt":{"rendered":"<ul>\n<li style=\"font-weight: 400;\" aria-level=\"1\"><span style=\"font-weight: 400;\">FDA-approved Lisinopril and Hydrochlorothiazide<\/span><\/li>\n<li style=\"font-weight: 400;\" aria-level=\"1\"><span style=\"font-weight: 400;\">Lowers blood pressure<\/span><\/li>\n<li style=\"font-weight: 400;\" aria-level=\"1\"><span style=\"font-weight: 400;\">Reduces risk of heart attack\/stroke<\/span><\/li>\n<li style=\"font-weight: 400;\" aria-level=\"1\"><span style=\"font-weight: 400;\">Starts working in 2 hours<\/span><\/li>\n<li style=\"font-weight: 400;\" aria-level=\"1\"><span style=\"font-weight: 400;\">Medicamento genuino, enviado r\u00e1pidamente.<\/span><\/li>\n<\/ul>","protected":false},"featured_media":0,"comment_status":"open","ping_status":"closed","template":"","meta":{"om_disable_all_campaigns":false,"_uf_show_specific_survey":0,"_uf_disable_surveys":false},"product_brand":[],"product_cat":[608],"product_tag":[],"class_list":{"0":"post-5201","1":"product","2":"type-product","3":"status-publish","5":"product_cat-heart-blood-pressure","7":"first","8":"instock","9":"shipping-taxable","10":"purchasable","11":"product-type-variable","12":"has-default-attributes"},"_links":{"self":[{"href":"https:\/\/wowrxpharmacy.com\/es_es\/wp-json\/wp\/v2\/product\/5201","targetHints":{"allow":["GET"]}}],"collection":[{"href":"https:\/\/wowrxpharmacy.com\/es_es\/wp-json\/wp\/v2\/product"}],"about":[{"href":"https:\/\/wowrxpharmacy.com\/es_es\/wp-json\/wp\/v2\/types\/product"}],"replies":[{"embeddable":true,"href":"https:\/\/wowrxpharmacy.com\/es_es\/wp-json\/wp\/v2\/comments?post=5201"}],"wp:attachment":[{"href":"https:\/\/wowrxpharmacy.com\/es_es\/wp-json\/wp\/v2\/media?parent=5201"}],"wp:term":[{"taxonomy":"product_brand","embeddable":true,"href":"https:\/\/wowrxpharmacy.com\/es_es\/wp-json\/wp\/v2\/product_brand?post=5201"},{"taxonomy":"product_cat","embeddable":true,"href":"https:\/\/wowrxpharmacy.com\/es_es\/wp-json\/wp\/v2\/product_cat?post=5201"},{"taxonomy":"product_tag","embeddable":true,"href":"https:\/\/wowrxpharmacy.com\/es_es\/wp-json\/wp\/v2\/product_tag?post=5201"}],"curies":[{"name":"wp","href":"https:\/\/api.w.org\/{rel}","templated":true}]}}