{"id":5155,"date":"2024-07-13T08:00:28","date_gmt":"2024-07-13T12:00:28","guid":{"rendered":"https:\/\/wowrxpharmacy.com\/?post_type=product&#038;p=5155"},"modified":"2024-10-16T03:51:23","modified_gmt":"2024-10-16T07:51:23","slug":"lipril-25-mg","status":"publish","type":"product","link":"https:\/\/wowrxpharmacy.com\/es_es\/producto\/lipril-25-mg\/","title":{"rendered":"Lipril 2,5 mg"},"content":{"rendered":"<h3><span style=\"font-weight: 400;\">Acerca de Lipril 2,5 mg<\/span><\/h3>\n<p><span style=\"font-weight: 400;\">Lipril 2.5 mg se usa frecuentemente para tratar la hipertensi\u00f3n arterial y prevenir la insuficiencia card\u00edaca. El ingrediente principal de este medicamento es lisinopril. Tambi\u00e9n se puede administrar a personas que han sufrido un infarto. Adem\u00e1s, reduce la probabilidad de sufrir un infarto o un derrame cerebral.<\/span><\/p>\n<p><span style=\"font-weight: 400;\">El fabricante de Lipril 2.5 mg es Lupin. Lipril 2.5 mg cuenta con excelentes cr\u00edticas y es un medicamento recomendado para la insuficiencia card\u00edaca y la hipertensi\u00f3n arterial.<\/span><\/p>\n<h3><span style=\"font-weight: 400;\">Uso de Lipril 2,5 mg<\/span><\/h3>\n<p><span style=\"font-weight: 400;\">A continuaci\u00f3n se presentan los usos de<\/span> <span style=\"font-weight: 400;\">Lisinopril 2,5 mg:<\/span><\/p>\n<p><span style=\"font-weight: 400;\">Hipertensi\u00f3n (presi\u00f3n arterial alta)\u00a0<\/span><\/p>\n<p><span style=\"font-weight: 400;\">Seg\u00fan un informe de la OMS de 2021, 1.130 millones de personas en todo el mundo padecen hipertensi\u00f3n, tambi\u00e9n llamada presi\u00f3n arterial alta. Muchos factores pueden aumentar el riesgo de padecerla, como la inactividad, el envejecimiento, el estr\u00e9s, tener antecedentes familiares de hipertensi\u00f3n, fumar cigarrillos, el sobrepeso y el consumo excesivo de sal, entre otros.<\/span><\/p>\n<p><span style=\"font-weight: 400;\">La diabetes, la enfermedad renal cr\u00f3nica o la hipercolesterolemia tambi\u00e9n pueden causar presi\u00f3n arterial alta.<\/span><\/p>\n<h4><span style=\"font-weight: 400;\">Insuficiencia cardiaca<\/span><\/h4>\n<p><span style=\"font-weight: 400;\">La insuficiencia card\u00edaca es una afecci\u00f3n compleja que se produce cuando existe un problema en la estructura o el funcionamiento del coraz\u00f3n. Esto dificulta que las cavidades inferiores del coraz\u00f3n, llamadas ventr\u00edculos, bombeen sangre. Con el tiempo, el problema empeora porque los m\u00fasculos card\u00edacos se debilitan o se endurecen, lo que dificulta que el coraz\u00f3n bombee sangre.<\/span><\/p>\n<h3><span style=\"font-weight: 400;\">Funcionamiento de Lisinopril<\/span><\/h3>\n<p><span style=\"font-weight: 400;\">Lipril 2.5 Tabletas inhibe la enzima convertidora de angiotensina (ECA). Act\u00faa reduciendo el estr\u00e9s del coraz\u00f3n y relajando los vasos sangu\u00edneos. Esto facilita el flujo sangu\u00edneo y permite que el coraz\u00f3n bombee sangre con mayor eficacia.<\/span><\/p>\n<h3><span style=\"font-weight: 400;\">C\u00f3mo usar la tableta Lipril<\/span><\/h3>\n<p><span style=\"font-weight: 400;\">Instrucciones generales de uso de <\/span><span style=\"font-weight: 400;\">Lipril 2,5 mg son:<\/span><\/p>\n<ul>\n<li style=\"font-weight: 400;\" aria-level=\"1\"><span style=\"font-weight: 400;\">Tome este medicamento por v\u00eda oral, generalmente una vez al d\u00eda, seg\u00fan las indicaciones de su m\u00e9dico. Puede tomarlo con o sin alimentos.<\/span><\/li>\n<li style=\"font-weight: 400;\" aria-level=\"1\"><span style=\"font-weight: 400;\">Siga las instrucciones de este medicamento para aprovecharlo al m\u00e1ximo. Tomarlo todos los d\u00edas a la misma hora le ayudar\u00e1 a recordarlo.\u00a0<\/span><\/li>\n<li style=\"font-weight: 400;\" aria-level=\"1\"><span style=\"font-weight: 400;\">Puede tomar de 2 a 4 semanas para que el medicamento haga efecto completamente.<\/span><\/li>\n<\/ul>","protected":false},"excerpt":{"rendered":"<ul>\n<li style=\"font-weight: 400;\" aria-level=\"1\"><span style=\"font-weight: 400;\">Lisinopril aprobado por la FDA<\/span><\/li>\n<li style=\"font-weight: 400;\" aria-level=\"1\"><span style=\"font-weight: 400;\">Controla la presi\u00f3n arterial alta<\/span><\/li>\n<li style=\"font-weight: 400;\" aria-level=\"1\"><span style=\"font-weight: 400;\">Reduce el riesgo de problemas card\u00edacos.<\/span><\/li>\n<li style=\"font-weight: 400;\" aria-level=\"1\"><span style=\"font-weight: 400;\">Efectos notables en 6-8 horas\u00a0<\/span><\/li>\n<li style=\"font-weight: 400;\" aria-level=\"1\"><span style=\"font-weight: 400;\">Medicamento genuino, enviado r\u00e1pidamente.<\/span><\/li>\n<\/ul>","protected":false},"featured_media":0,"comment_status":"open","ping_status":"closed","template":"","meta":{"om_disable_all_campaigns":false,"_uf_show_specific_survey":0,"_uf_disable_surveys":false},"product_brand":[],"product_cat":[608],"product_tag":[],"class_list":{"0":"post-5155","1":"product","2":"type-product","3":"status-publish","5":"product_cat-heart-blood-pressure","7":"first","8":"instock","9":"shipping-taxable","10":"purchasable","11":"product-type-variable"},"_links":{"self":[{"href":"https:\/\/wowrxpharmacy.com\/es_es\/wp-json\/wp\/v2\/product\/5155","targetHints":{"allow":["GET"]}}],"collection":[{"href":"https:\/\/wowrxpharmacy.com\/es_es\/wp-json\/wp\/v2\/product"}],"about":[{"href":"https:\/\/wowrxpharmacy.com\/es_es\/wp-json\/wp\/v2\/types\/product"}],"replies":[{"embeddable":true,"href":"https:\/\/wowrxpharmacy.com\/es_es\/wp-json\/wp\/v2\/comments?post=5155"}],"wp:attachment":[{"href":"https:\/\/wowrxpharmacy.com\/es_es\/wp-json\/wp\/v2\/media?parent=5155"}],"wp:term":[{"taxonomy":"product_brand","embeddable":true,"href":"https:\/\/wowrxpharmacy.com\/es_es\/wp-json\/wp\/v2\/product_brand?post=5155"},{"taxonomy":"product_cat","embeddable":true,"href":"https:\/\/wowrxpharmacy.com\/es_es\/wp-json\/wp\/v2\/product_cat?post=5155"},{"taxonomy":"product_tag","embeddable":true,"href":"https:\/\/wowrxpharmacy.com\/es_es\/wp-json\/wp\/v2\/product_tag?post=5155"}],"curies":[{"name":"wp","href":"https:\/\/api.w.org\/{rel}","templated":true}]}}