{"id":5116,"date":"2024-07-13T08:00:57","date_gmt":"2024-07-13T12:00:57","guid":{"rendered":"https:\/\/wowrxpharmacy.com\/?post_type=product&#038;p=5116"},"modified":"2024-10-16T03:51:23","modified_gmt":"2024-10-16T07:51:23","slug":"lotensil-20-mg","status":"publish","type":"product","link":"https:\/\/wowrxpharmacy.com\/es_es\/producto\/lotensil-20-mg\/","title":{"rendered":"Lotensil 20 mg"},"content":{"rendered":"<h3><span style=\"font-weight: 400;\">\u00bfQu\u00e9 es Lotensil 20 mg?<\/span><\/h3>\n<p><span style=\"font-weight: 400;\">Lotensyl 20 mg se usa para tratar la hipertensi\u00f3n (presi\u00f3n arterial alta). Previene infartos y accidentes cerebrovasculares al mantener la presi\u00f3n arterial. Lercanidipino, el principio activo de las tabletas de Lotensyl, puede controlar la hipertensi\u00f3n y la angina de pecho. Lotensyl 20 mg ha recibido cr\u00edticas positivas en internet. Puede comprar Lotensyl en l\u00ednea en WowRxPharmacy al mejor precio y recibirlo en su domicilio.<\/span><\/p>\n<h3><span style=\"font-weight: 400;\">Usos de las tabletas de Lotensil<\/span><\/h3>\n<p><span style=\"font-weight: 400;\">Las tabletas de Lotensil con Lercanidipino se utilizan para tratar y prevenir la hipertensi\u00f3n causada por estilos de vida poco saludables y afecciones espec\u00edficas, como la diabetes y la obesidad. Cuando la presi\u00f3n arterial es superior al promedio, se denomina hipertensi\u00f3n. Regula la presi\u00f3n arterial al reducir la presi\u00f3n ejercida sobre los vasos sangu\u00edneos. Como resultado, el coraz\u00f3n puede bombear sangre con mayor eficacia y eficiencia.<\/span><\/p>\n<h3><span style=\"font-weight: 400;\">\u00bfC\u00f3mo funciona la lercanidipina?<\/span><\/h3>\n<p><span style=\"font-weight: 400;\">Las pastillas de Lotensil contienen lercanidipino como ingrediente activo. Lotensil, el medicamento para la hipertensi\u00f3n, bloquea la v\u00eda por la cual el calcio interact\u00faa con los m\u00fasculos de los vasos sangu\u00edneos y el coraz\u00f3n. El calcio es esencial para la contracci\u00f3n muscular. Cualquier obstrucci\u00f3n en su flujo favorecer\u00e1 la relajaci\u00f3n muscular.<\/span><\/p>\n<h3><span style=\"font-weight: 400;\">C\u00f3mo tomar Lotensyl 20 mg comprimidos<\/span><\/h3>\n<ul>\n<li style=\"font-weight: 400;\" aria-level=\"1\"><span style=\"font-weight: 400;\">Tome las tabletas de Lotensil 15 minutos antes de una comida y evite tomarlas con el est\u00f3mago vac\u00edo.<\/span><\/li>\n<li style=\"font-weight: 400;\" aria-level=\"1\"><span style=\"font-weight: 400;\">Aseg\u00farese de tomar los comprimidos de Lercanidipino 20 mg a una hora determinada cada d\u00eda.<\/span><\/li>\n<li style=\"font-weight: 400;\" aria-level=\"1\"><span style=\"font-weight: 400;\">Evite masticar o triturar la pastilla de lercanidipino. Tr\u00e1guela entera.<\/span><\/li>\n<li style=\"font-weight: 400;\" aria-level=\"1\"><span style=\"font-weight: 400;\">Siga siempre los consejos de su m\u00e9dico y revele su historial m\u00e9dico.<\/span><\/li>\n<\/ul>","protected":false},"excerpt":{"rendered":"<ul>\n<li style=\"font-weight: 400;\" aria-level=\"1\"><span style=\"font-weight: 400;\">Reduce la presi\u00f3n arterial alta<\/span><\/li>\n<li style=\"font-weight: 400;\" aria-level=\"1\"><span style=\"font-weight: 400;\">Controlar la insuficiencia card\u00edaca<\/span><\/li>\n<li style=\"font-weight: 400;\" aria-level=\"1\"><span style=\"font-weight: 400;\">Los efectos completos tardan hasta 2 semanas.<\/span><\/li>\n<li style=\"font-weight: 400;\" aria-level=\"1\"><span style=\"font-weight: 400;\">Env\u00edo en 24 horas<\/span><\/li>\n<\/ul>","protected":false},"featured_media":29749,"comment_status":"open","ping_status":"closed","template":"","meta":{"om_disable_all_campaigns":false,"_uf_show_specific_survey":0,"_uf_disable_surveys":false},"product_brand":[],"product_cat":[608],"product_tag":[],"class_list":{"0":"post-5116","1":"product","2":"type-product","3":"status-publish","4":"has-post-thumbnail","6":"product_cat-heart-blood-pressure","8":"first","9":"instock","10":"shipping-taxable","11":"purchasable","12":"product-type-variable","13":"has-default-attributes"},"_links":{"self":[{"href":"https:\/\/wowrxpharmacy.com\/es_es\/wp-json\/wp\/v2\/product\/5116","targetHints":{"allow":["GET"]}}],"collection":[{"href":"https:\/\/wowrxpharmacy.com\/es_es\/wp-json\/wp\/v2\/product"}],"about":[{"href":"https:\/\/wowrxpharmacy.com\/es_es\/wp-json\/wp\/v2\/types\/product"}],"replies":[{"embeddable":true,"href":"https:\/\/wowrxpharmacy.com\/es_es\/wp-json\/wp\/v2\/comments?post=5116"}],"wp:featuredmedia":[{"embeddable":true,"href":"https:\/\/wowrxpharmacy.com\/es_es\/wp-json\/wp\/v2\/media\/29749"}],"wp:attachment":[{"href":"https:\/\/wowrxpharmacy.com\/es_es\/wp-json\/wp\/v2\/media?parent=5116"}],"wp:term":[{"taxonomy":"product_brand","embeddable":true,"href":"https:\/\/wowrxpharmacy.com\/es_es\/wp-json\/wp\/v2\/product_brand?post=5116"},{"taxonomy":"product_cat","embeddable":true,"href":"https:\/\/wowrxpharmacy.com\/es_es\/wp-json\/wp\/v2\/product_cat?post=5116"},{"taxonomy":"product_tag","embeddable":true,"href":"https:\/\/wowrxpharmacy.com\/es_es\/wp-json\/wp\/v2\/product_tag?post=5116"}],"curies":[{"name":"wp","href":"https:\/\/api.w.org\/{rel}","templated":true}]}}