{"id":5109,"date":"2024-07-13T08:00:57","date_gmt":"2024-07-13T12:00:57","guid":{"rendered":"https:\/\/wowrxpharmacy.com\/?post_type=product&#038;p=5109"},"modified":"2024-10-16T03:51:23","modified_gmt":"2024-10-16T07:51:23","slug":"levolin-rotacaps-100-mcg","status":"publish","type":"product","link":"https:\/\/wowrxpharmacy.com\/es_es\/producto\/levolin-rotacaps-100-mcg\/","title":{"rendered":"Levolin Rotacaps 100 mcg"},"content":{"rendered":"<h3><span style=\"font-weight: 400;\">Acerca de Levolin Rotacaps 100 mcg<\/span><\/h3>\n<p><span style=\"font-weight: 400;\">Las c\u00e1psulas Levolin Rotacaps de 100 mcg tienen excelentes rese\u00f1as y los m\u00e9dicos las recomiendan para el manejo del asma y la enfermedad pulmonar obstructiva cr\u00f3nica (EPOC). Su ingrediente activo es el levosalbutamol. Ayuda a tratar s\u00edntomas como la tos, las sibilancias y la dificultad para respirar. Cipla Ltd. fabrica este medicamento. Compre las c\u00e1psulas Levolin Rotacaps en WowRXPharmacy, la farmacia en l\u00ednea m\u00e1s confiable.<\/span><\/p>\n<h3><span style=\"font-weight: 400;\">Uso de Levolin Rotacaps 100<\/span><\/h3>\n<p><span style=\"font-weight: 400;\">Las siguientes son las dos afecciones que se tratan con el inhalador Levolin, asma y EPOC.<\/span><\/p>\n<p><span style=\"font-weight: 400;\">Lea a continuaci\u00f3n para saberlo en detalle.\u00a0<\/span><\/p>\n<h4><span style=\"font-weight: 400;\">Asma<\/span><\/h4>\n<p><span style=\"font-weight: 400;\">En el asma, las v\u00edas respiratorias pulmonares se estrechan y pueden producir un exceso de mucosidad. Esto provoca dificultad para respirar y un silbido al respirar, tambi\u00e9n llamado sibilancia.<\/span><\/p>\n<h4><span style=\"font-weight: 400;\">Trastorno pulmonar obstructivo cr\u00f3nico (EPOC)<\/span><\/h4>\n<p><span style=\"font-weight: 400;\">La enfermedad pulmonar obstructiva cr\u00f3nica (EPOC) es una enfermedad persistente <\/span><a href=\"https:\/\/www.who.int\/news-room\/fact-sheets\/detail\/chronic-obstructive-pulmonary-disease-(copd)#:~:text=Overview,damaged%20or%20clogged%20with%20phlegm.\" target=\"_blank\" rel=\"nofollow noopener\"><span style=\"font-weight: 400;\">condici\u00f3n pulmonar<\/span><\/a><span style=\"font-weight: 400;\"> Se caracteriza por la dificultad para expulsar el aire de los pulmones, conocida como obstrucci\u00f3n del flujo a\u00e9reo. Esta obstrucci\u00f3n provoca dificultad para respirar y fatiga debido al aumento del esfuerzo respiratorio. La EPOC abarca la bronquitis cr\u00f3nica, el enfisema o una combinaci\u00f3n de ambos.<\/span><\/p>\n<h3><span style=\"font-weight: 400;\">Acci\u00f3n del levosalbutamol<\/span><\/h3>\n<p><span style=\"font-weight: 400;\">El levosalbutamol, tambi\u00e9n conocido como analg\u00e9sico o broncodilatador de acci\u00f3n r\u00e1pida, act\u00faa dilatando las v\u00edas respiratorias pulmonares. Es un f\u00e1rmaco adren\u00e9rgico beta-2. Su acci\u00f3n consiste en proporcionar alivio inmediato de los problemas respiratorios. Use Levolin Rotacaps si tiene dificultad para respirar o si sus s\u00edntomas de asma o EPOC est\u00e1n empeorando.<\/span><\/p>\n<h3><span style=\"font-weight: 400;\">C\u00f3mo usar Levolin Rotacaps<\/span><\/h3>\n<p><span style=\"font-weight: 400;\">Debes seguir los pasos indicados para utilizar Rotacaps:<\/span><\/p>\n<ul>\n<li style=\"font-weight: 400;\" aria-level=\"1\"><span style=\"font-weight: 400;\">No ingerir Levolin Rotacaps<\/span><\/li>\n<li style=\"font-weight: 400;\" aria-level=\"1\"><span style=\"font-weight: 400;\">Coloque la c\u00e1psula en el Rotahaler, no en la boquilla.<\/span><\/li>\n<li style=\"font-weight: 400;\" aria-level=\"1\"><span style=\"font-weight: 400;\">Sigue girando la boquilla hasta que oigas un clic.<\/span><\/li>\n<li style=\"font-weight: 400;\" aria-level=\"1\"><span style=\"font-weight: 400;\">Respire profundamente por la boquilla.<\/span><\/li>\n<li style=\"font-weight: 400;\" aria-level=\"1\"><span style=\"font-weight: 400;\">Aguanta la respiraci\u00f3n durante unos diez segundos.<\/span><\/li>\n<li style=\"font-weight: 400;\" aria-level=\"1\"><span style=\"font-weight: 400;\">Repita el proceso hasta que no quede polvo en el Rotahaler.<\/span><\/li>\n<\/ul>","protected":false},"excerpt":{"rendered":"<ul>\n<li style=\"font-weight: 400;\" aria-level=\"1\"><span style=\"font-weight: 400;\">Con la eficacia del Levasolbutamol<\/span><\/li>\n<li style=\"font-weight: 400;\" aria-level=\"1\"><span style=\"font-weight: 400;\">Alivio de los s\u00edntomas del asma y la EPOC<\/span><\/li>\n<li style=\"font-weight: 400;\" aria-level=\"1\"><span style=\"font-weight: 400;\">Alivio r\u00e1pido de los s\u00edntomas.<\/span><\/li>\n<li style=\"font-weight: 400;\" aria-level=\"1\"><span style=\"font-weight: 400;\">Permanece efectivo durante 3 a 6 horas.<\/span><\/li>\n<li style=\"font-weight: 400;\" aria-level=\"1\"><span style=\"font-weight: 400;\">Producto genuino, enviado r\u00e1pidamente.<\/span><\/li>\n<\/ul>","protected":false},"featured_media":30043,"comment_status":"open","ping_status":"closed","template":"","meta":{"om_disable_all_campaigns":false,"_uf_show_specific_survey":0,"_uf_disable_surveys":false},"product_brand":[],"product_cat":[555],"product_tag":[],"class_list":{"0":"post-5109","1":"product","2":"type-product","3":"status-publish","4":"has-post-thumbnail","6":"product_cat-asthma","8":"first","9":"instock","10":"shipping-taxable","11":"purchasable","12":"product-type-variable"},"_links":{"self":[{"href":"https:\/\/wowrxpharmacy.com\/es_es\/wp-json\/wp\/v2\/product\/5109","targetHints":{"allow":["GET"]}}],"collection":[{"href":"https:\/\/wowrxpharmacy.com\/es_es\/wp-json\/wp\/v2\/product"}],"about":[{"href":"https:\/\/wowrxpharmacy.com\/es_es\/wp-json\/wp\/v2\/types\/product"}],"replies":[{"embeddable":true,"href":"https:\/\/wowrxpharmacy.com\/es_es\/wp-json\/wp\/v2\/comments?post=5109"}],"wp:featuredmedia":[{"embeddable":true,"href":"https:\/\/wowrxpharmacy.com\/es_es\/wp-json\/wp\/v2\/media\/30043"}],"wp:attachment":[{"href":"https:\/\/wowrxpharmacy.com\/es_es\/wp-json\/wp\/v2\/media?parent=5109"}],"wp:term":[{"taxonomy":"product_brand","embeddable":true,"href":"https:\/\/wowrxpharmacy.com\/es_es\/wp-json\/wp\/v2\/product_brand?post=5109"},{"taxonomy":"product_cat","embeddable":true,"href":"https:\/\/wowrxpharmacy.com\/es_es\/wp-json\/wp\/v2\/product_cat?post=5109"},{"taxonomy":"product_tag","embeddable":true,"href":"https:\/\/wowrxpharmacy.com\/es_es\/wp-json\/wp\/v2\/product_tag?post=5109"}],"curies":[{"name":"wp","href":"https:\/\/api.w.org\/{rel}","templated":true}]}}