{"id":5108,"date":"2024-07-13T08:00:57","date_gmt":"2024-07-13T12:00:57","guid":{"rendered":"https:\/\/wowrxpharmacy.com\/?post_type=product&#038;p=5108"},"modified":"2024-10-16T03:51:23","modified_gmt":"2024-10-16T07:51:23","slug":"natamet-0-05","status":"publish","type":"product","link":"https:\/\/wowrxpharmacy.com\/es_es\/producto\/natamet-0-05\/","title":{"rendered":"Natamet 0.05"},"content":{"rendered":"<h3><span style=\"font-weight: 400;\">Acerca de Natamet 0.05<\/span><\/h3>\n<p><span style=\"font-weight: 400;\">Natamet es un medicamento que elimina hongos. Se utiliza para tratar infecciones causadas por hongos en los ojos. Elimina las infecciones oculares eliminando los hongos que las causan. La sal presente en Natamet es natamicina. Natamet es solo para uso externo. <\/span><span style=\"font-weight: 400;\">Natamet 0.05 tiene cr\u00edticas muy positivas y es un medicamento recomendado para matar hongos.<\/span><\/p>\n<h3><span style=\"font-weight: 400;\">Uso<\/span><\/h3>\n<p><span style=\"font-weight: 400;\">La natamicina se usa para tratar infecciones oculares causadas por hongos. Act\u00faa deteniendo el crecimiento de ciertos tipos de hongos. Este medicamento solo se usa para tratar infecciones oculares causadas por hongos. No es eficaz contra ning\u00fan otro tipo de infecci\u00f3n ocular. Cualquier medicamento utilizado para tratar una infecci\u00f3n puede perder eficacia si se usa con demasiada frecuencia o de forma incorrecta. Si se lesiona el ojo, podr\u00eda contraer una infecci\u00f3n por hongos. Candida, Fusarium, Aspergillus y otros hongos pueden causar infecciones oculares. La infecci\u00f3n podr\u00eda causar que la c\u00f3rnea (llamada queratitis) o el interior del ojo se infecten o inflamen (endoftalmitis).<\/span><\/p>\n<h3><span style=\"font-weight: 400;\">Laboral<\/span><\/h3>\n<p><span style=\"font-weight: 400;\">Las gotas oft\u00e1lmicas Natamet son un medicamento que destruye las infecciones por hongos. Eliminan el hongo causante de la infecci\u00f3n e impiden su crecimiento. Alivian los s\u00edntomas de la infecci\u00f3n ocular, como dolor, enrojecimiento, picaz\u00f3n y sensibilidad. Aseg\u00farese de tomar todos los medicamentos necesarios. Esto garantizar\u00e1 que la infecci\u00f3n desaparezca por completo y no regrese.<\/span><\/p>\n<h3><span style=\"font-weight: 400;\">C\u00f3mo usarlo<\/span><\/h3>\n<p><span style=\"font-weight: 400;\">Use este medicamento en el ojo, como se lo indique su m\u00e9dico. Antes de ponerse las gotas para los ojos, l\u00e1vese las manos con jab\u00f3n. No toque la punta del gotero ni deje que toque su ojo ni ninguna otra superficie. Esto mantendr\u00e1 el gotero libre de g\u00e9rmenes. No debe usar lentes de contacto mientras toma este medicamento. Limpie sus lentes de contacto de acuerdo con las instrucciones del fabricante y consulte a su m\u00e9dico antes de volver a usarlos. Agite bien el frasco antes de usarlo. Haga una bolsa inclinando la cabeza hacia atr\u00e1s, mirando hacia arriba y tirando hacia abajo del p\u00e1rpado inferior. Sostenga el gotero justo sobre su ojo y ponga una gota en la bolsa. Cierre los ojos suavemente y coloque un dedo en la esquina de cada ojo (cerca de la nariz). Presione ligeramente los ojos durante uno o dos minutos antes de abrirlos.<\/span><\/p>","protected":false},"excerpt":{"rendered":"<ul>\n<li style=\"font-weight: 400;\" aria-level=\"1\"><span style=\"font-weight: 400;\">Tratar la queratitis y la conjuntivitis f\u00fangicas<\/span><\/li>\n<li style=\"font-weight: 400;\" aria-level=\"1\"><span style=\"font-weight: 400;\">Mejora visible en 2 a 3 d\u00edas.<\/span><\/li>\n<li style=\"font-weight: 400;\" aria-level=\"1\"><span style=\"font-weight: 400;\">Bien tolerado con efectos secundarios m\u00ednimos.<\/span><\/li>\n<li style=\"font-weight: 400;\" aria-level=\"1\"><span style=\"font-weight: 400;\">Env\u00edo en 24 horas<\/span><\/li>\n<\/ul>","protected":false},"featured_media":29682,"comment_status":"open","ping_status":"closed","template":"","meta":{"om_disable_all_campaigns":false,"_uf_show_specific_survey":0,"_uf_disable_surveys":false},"product_brand":[],"product_cat":[469],"product_tag":[],"class_list":{"0":"post-5108","1":"product","2":"type-product","3":"status-publish","4":"has-post-thumbnail","6":"product_cat-eye-care","8":"first","9":"instock","10":"shipping-taxable","11":"purchasable","12":"product-type-variable","13":"has-default-attributes"},"_links":{"self":[{"href":"https:\/\/wowrxpharmacy.com\/es_es\/wp-json\/wp\/v2\/product\/5108","targetHints":{"allow":["GET"]}}],"collection":[{"href":"https:\/\/wowrxpharmacy.com\/es_es\/wp-json\/wp\/v2\/product"}],"about":[{"href":"https:\/\/wowrxpharmacy.com\/es_es\/wp-json\/wp\/v2\/types\/product"}],"replies":[{"embeddable":true,"href":"https:\/\/wowrxpharmacy.com\/es_es\/wp-json\/wp\/v2\/comments?post=5108"}],"wp:featuredmedia":[{"embeddable":true,"href":"https:\/\/wowrxpharmacy.com\/es_es\/wp-json\/wp\/v2\/media\/29682"}],"wp:attachment":[{"href":"https:\/\/wowrxpharmacy.com\/es_es\/wp-json\/wp\/v2\/media?parent=5108"}],"wp:term":[{"taxonomy":"product_brand","embeddable":true,"href":"https:\/\/wowrxpharmacy.com\/es_es\/wp-json\/wp\/v2\/product_brand?post=5108"},{"taxonomy":"product_cat","embeddable":true,"href":"https:\/\/wowrxpharmacy.com\/es_es\/wp-json\/wp\/v2\/product_cat?post=5108"},{"taxonomy":"product_tag","embeddable":true,"href":"https:\/\/wowrxpharmacy.com\/es_es\/wp-json\/wp\/v2\/product_tag?post=5108"}],"curies":[{"name":"wp","href":"https:\/\/api.w.org\/{rel}","templated":true}]}}