{"id":5066,"date":"2024-07-13T08:00:57","date_gmt":"2024-07-13T12:00:57","guid":{"rendered":"https:\/\/wowrxpharmacy.com\/?post_type=product&#038;p=5066"},"modified":"2024-10-16T03:51:23","modified_gmt":"2024-10-16T07:51:23","slug":"norflox-colirio","status":"publish","type":"product","link":"https:\/\/wowrxpharmacy.com\/es_es\/producto\/norflox-colirio\/","title":{"rendered":"Norflox Colirio 0,3% (10 ml)"},"content":{"rendered":"<h3><span style=\"font-weight: 400;\">Acerca de Norflox colirio<\/span><\/h3>\n<p><span style=\"font-weight: 400;\">Norflox colirio es un medicamento antibi\u00f3tico que se suele prescribir para el tratamiento de infecciones bacterianas oculares. La principal sal activa de este medicamento es la Norfloxacina; alivia los s\u00edntomas de la infecci\u00f3n impidiendo el crecimiento de los microorganismos causantes. Una infecci\u00f3n ocular causada por bacterias se produce cuando las bacterias pat\u00f3genas penetran en cualquier parte del ojo, incluido el globo ocular, la conjuntiva o la c\u00f3rnea. <\/span><span style=\"font-weight: 400;\">El colirio Norflox es un medicamento de venta con receta que ha recibido muchas cr\u00edticas positivas en el tratamiento de las infecciones oculares. <\/span><span style=\"font-weight: 400;\">Cipla Ltd fabrica el colirio Norflox.<\/span><\/p>\n<h3><span style=\"font-weight: 400;\">Usos del colirio Norflox<\/span><\/h3>\n<p><span style=\"font-weight: 400;\">Norflox Gotas Oft\u00e1lmicas se utiliza cuando a una persona se le diagnostica una infecci\u00f3n ocular bacteriana. Estas infecciones pueden producirse debido a traumatismos, cirug\u00eda ocular, uso de lentes de contacto, debilidades inmunol\u00f3gicas u otras enfermedades que favorecen el crecimiento bacteriano. La conjuntivitis, a veces conocida como conjuntivitis, y la blefaritis, una inflamaci\u00f3n cr\u00f3nica de los p\u00e1rpados, son las dos enfermedades oculares bacterianas m\u00e1s frecuentes. Tome el colirio de Norfloxacino siguiendo las instrucciones espec\u00edficas de su m\u00e9dico de cabecera.<\/span><span style=\"font-weight: 400;\"><br \/>\n<\/span><\/p>\n<h3><span style=\"font-weight: 400;\">C\u00f3mo funciona<\/span><\/h3>\n<p><span style=\"font-weight: 400;\">Norflox colirio pertenece a la clase de los antibi\u00f3ticos. El colirio act\u00faa bloqueando la ADN-girasa, una enzima necesaria para la replicaci\u00f3n del ADN. Como resultado, elimina las bacterias y trata las infecciones oculares bacterianas. El colirio de norfloxacino es de uso externo. Aseg\u00farese de tomar el colirio en la dosis y duraci\u00f3n recomendadas por su m\u00e9dico.<\/span><\/p>\n<h3><span style=\"font-weight: 400;\">\u00bfC\u00f3mo tomarlo?<\/span><\/h3>\n<p><span style=\"font-weight: 400;\">El colirio Norflox debe tomarse siguiendo las indicaciones de su m\u00e9dico de cabecera. Siga estos pasos mientras usa el colirio:<\/span><\/p>\n<ul>\n<li style=\"font-weight: 400;\" aria-level=\"1\"><span style=\"font-weight: 400;\">T\u00fambate e inclina ligeramente la cabeza hacia atr\u00e1s<\/span><\/li>\n<li style=\"font-weight: 400;\" aria-level=\"1\"><span style=\"font-weight: 400;\">Con el dedo \u00edndice, tira suavemente del p\u00e1rpado inferior hacia abajo para crear una bolsa<\/span><\/li>\n<li style=\"font-weight: 400;\" aria-level=\"1\"><span style=\"font-weight: 400;\">El m\u00e9dico le dir\u00e1 cu\u00e1ntas gotas debe poner en el bolsillo del p\u00e1rpado inferior. Ponga esas gotas<\/span><\/li>\n<li style=\"font-weight: 400;\" aria-level=\"1\"><span style=\"font-weight: 400;\">Por favor, cierre los ojos durante uno o dos minutos<\/span><\/li>\n<li style=\"font-weight: 400;\" aria-level=\"1\"><span style=\"font-weight: 400;\">Despu\u00e9s de 5-10 minutos, repetir el proceso en el otro ojo.<\/span><\/li>\n<li style=\"font-weight: 400;\" aria-level=\"1\"><span style=\"font-weight: 400;\">Evite tocar directamente con la punta del envase la regi\u00f3n afectada<\/span><\/li>\n<li style=\"font-weight: 400;\" aria-level=\"1\"><span style=\"font-weight: 400;\">Elimine el exceso de l\u00edquido con una toallita<\/span><\/li>\n<\/ul>","protected":false},"excerpt":{"rendered":"<ul>\n<li style=\"font-weight: 400;\" aria-level=\"1\"><span style=\"font-weight: 400;\">Eficaz para las infecciones oculares bacterianas<\/span><\/li>\n<li style=\"font-weight: 400;\" aria-level=\"1\"><span style=\"font-weight: 400;\">Alivia la irritaci\u00f3n y las molestias<\/span><\/li>\n<li style=\"font-weight: 400;\" aria-level=\"1\"><span style=\"font-weight: 400;\">Resultados visibles en 2 \u00f3 3 d\u00edas\u00a0<\/span><\/li>\n<li style=\"font-weight: 400;\" aria-level=\"1\"><span style=\"font-weight: 400;\">Muy recomendado por los m\u00e9dicos<\/span><\/li>\n<\/ul>","protected":false},"featured_media":29666,"comment_status":"open","ping_status":"closed","template":"","meta":{"om_disable_all_campaigns":false,"_uf_show_specific_survey":0,"_uf_disable_surveys":false},"product_brand":[],"product_cat":[469],"product_tag":[],"class_list":{"0":"post-5066","1":"product","2":"type-product","3":"status-publish","4":"has-post-thumbnail","6":"product_cat-eye-care","8":"first","9":"instock","10":"shipping-taxable","11":"purchasable","12":"product-type-variable"},"_links":{"self":[{"href":"https:\/\/wowrxpharmacy.com\/es_es\/wp-json\/wp\/v2\/product\/5066","targetHints":{"allow":["GET"]}}],"collection":[{"href":"https:\/\/wowrxpharmacy.com\/es_es\/wp-json\/wp\/v2\/product"}],"about":[{"href":"https:\/\/wowrxpharmacy.com\/es_es\/wp-json\/wp\/v2\/types\/product"}],"replies":[{"embeddable":true,"href":"https:\/\/wowrxpharmacy.com\/es_es\/wp-json\/wp\/v2\/comments?post=5066"}],"wp:featuredmedia":[{"embeddable":true,"href":"https:\/\/wowrxpharmacy.com\/es_es\/wp-json\/wp\/v2\/media\/29666"}],"wp:attachment":[{"href":"https:\/\/wowrxpharmacy.com\/es_es\/wp-json\/wp\/v2\/media?parent=5066"}],"wp:term":[{"taxonomy":"product_brand","embeddable":true,"href":"https:\/\/wowrxpharmacy.com\/es_es\/wp-json\/wp\/v2\/product_brand?post=5066"},{"taxonomy":"product_cat","embeddable":true,"href":"https:\/\/wowrxpharmacy.com\/es_es\/wp-json\/wp\/v2\/product_cat?post=5066"},{"taxonomy":"product_tag","embeddable":true,"href":"https:\/\/wowrxpharmacy.com\/es_es\/wp-json\/wp\/v2\/product_tag?post=5066"}],"curies":[{"name":"wp","href":"https:\/\/api.w.org\/{rel}","templated":true}]}}