{"id":5058,"date":"2024-07-13T08:00:57","date_gmt":"2024-07-13T12:00:57","guid":{"rendered":"https:\/\/wowrxpharmacy.com\/?post_type=product&#038;p=5058"},"modified":"2024-10-16T03:51:23","modified_gmt":"2024-10-16T07:51:23","slug":"paquete-de-fruta-refrescante-100-g","status":"publish","type":"product","link":"https:\/\/wowrxpharmacy.com\/es_es\/producto\/paquete-de-fruta-refrescante-100-g\/","title":{"rendered":"Paquete de fruta refrescante 100 g"},"content":{"rendered":"<h3><span style=\"font-weight: 400;\">Acerca del paquete de fruta refrescante Himalaya Herbals de 100 g<\/span><\/h3>\n<p><span style=\"font-weight: 400;\">El Paquete Refrescante de Frutas Himalaya combina diversos ingredientes frutales org\u00e1nicos para suavizar y renovar la piel. Nutre y realza su luminosidad gracias a sus extractos de papaya, higo, manzana silvestre, pepino y tierra de bat\u00e1n. Este Paquete Refrescante de Frutas suaviza la piel y elimina las impurezas profundamente incrustadas, a la vez que la refresca.\u00a0<\/span><\/p>\n<p><span style=\"font-weight: 400;\">Al combinar los beneficios de la papaya y la manzana en una mascarilla facial, puedes darle a tu piel una sensaci\u00f3n frutal y revitalizante. Esta refrescante mascarilla de frutas del Himalaya suavizar\u00e1 tu rostro y lo rejuvenecer\u00e1. Con la aplicaci\u00f3n de esta refrescante mascarilla facial de frutas, es probable que las pecas de tu piel desaparezcan. Las propiedades antibacterianas de esta mascarilla de frutas org\u00e1nicas proteger\u00e1n tu piel de bacterias y g\u00e9rmenes. <\/span><span style=\"font-weight: 400;\">Esta mascarilla facial ha recibido muchas cr\u00edticas positivas y es perfecta para quienes tienen piel normal o seca.<\/span><\/p>\n<h3><span style=\"font-weight: 400;\">Beneficios del paquete de fruta refrescante Himalaya Herbals de 100 g<\/span><\/h3>\n<p><span style=\"font-weight: 400;\">Himalaya Refreshing Fruit Pack 100 g es una mascarilla facial de frutas rejuvenecedora que contiene papaya, manzana silvestre, higos, pepino y tierra de bat\u00e1n.\u00a0<\/span><\/p>\n<p><span style=\"font-weight: 400;\">Algunos de los principales beneficios del Himalaya Fruit Pack son los siguientes:<\/span><\/p>\n<ul>\n<li style=\"font-weight: 400;\" aria-level=\"1\"><span style=\"font-weight: 400;\">Ayuda a dejar la piel suave y rejuvenecida.<\/span><\/li>\n<li style=\"font-weight: 400;\" aria-level=\"1\"><span style=\"font-weight: 400;\">Proporciona un efecto de limpieza profunda eliminando las impurezas de la piel.<\/span><\/li>\n<li style=\"font-weight: 400;\" aria-level=\"1\"><span style=\"font-weight: 400;\">Refresca la piel proporcionando una sensaci\u00f3n suave y tersa.<\/span><\/li>\n<li style=\"font-weight: 400;\" aria-level=\"1\"><span style=\"font-weight: 400;\">Mejora la tez de la piel y tiene propiedades antioxidantes.<\/span><\/li>\n<\/ul>\n<p><span style=\"font-weight: 400;\">Este pack de frutas puede ser la opci\u00f3n ideal para ti si tienes la piel normal a seca.<\/span><\/p>\n<h3><span style=\"font-weight: 400;\">Ingredientes<\/span><\/h3>\n<p><span style=\"font-weight: 400;\">El Paquete Refrescante de Frutas Himalaya Herbals contiene principalmente cinco ingredientes activos: papaya, higo, manzana silvestre, pepino y tierra de bat\u00e1n. Combinando los efectos de todos los ingredientes, este paquete de frutas del Himalaya suaviza la piel y elimina las impurezas profundamente incrustadas, a la vez que la refresca.<\/span><\/p>\n<h4><span style=\"font-weight: 400;\">Pepino<\/span><span style=\"font-weight: 400;\"><br \/>\n<\/span><\/h4>\n<p><span style=\"font-weight: 400;\">Su propiedad acondicionadora de la piel lo convierte en un excelente t\u00f3nico, ya que ayuda a cerrar los poros. Adem\u00e1s, tiene un efecto refrescante. Sus numerosos antioxidantes tienen un efecto rejuvenecedor, dej\u00e1ndola tersa y sedosa.<\/span><\/p>\n<h4><span style=\"font-weight: 400;\">Manzana silvestre<\/span><\/h4>\n<p><span style=\"font-weight: 400;\">La manzana silvestre es una excelente fuente de antioxidantes y vitaminas, que ayudan a prevenir el envejecimiento prematuro y la degeneraci\u00f3n de las c\u00e9lulas de la piel.<\/span><\/p>\n<h4><span style=\"font-weight: 400;\">Higo<\/span><span style=\"font-weight: 400;\"><br \/>\n<\/span><\/h4>\n<p><span style=\"font-weight: 400;\">Adem\u00e1s de ser ricos en antioxidantes, los higos tienen un efecto refrescante, que ayuda a revitalizar y refrescar el aspecto de la piel.<\/span><\/p>\n<h4><span style=\"font-weight: 400;\">Papaya<\/span><\/h4>\n<p><span style=\"font-weight: 400;\">Para promover la renovaci\u00f3n de la piel y la renovaci\u00f3n celular, la papaya, que contiene la enzima natural papa\u00edna, es un componente importante en las soluciones blanqueadoras. Contiene propiedades curativas que suavizan la piel y ayudan a exfoliarla para revelar nuevas c\u00e9lulas.<\/span><\/p>\n<h4><span style=\"font-weight: 400;\">Tierra de bat\u00e1n<\/span><\/h4>\n<p><span style=\"font-weight: 400;\">Fuller&#039;s Earth es un limpiador eficaz que puede eliminar contaminantes y residuos que est\u00e1n profundamente incrustados en la piel.<\/span><\/p>\n<h3><span style=\"font-weight: 400;\">C\u00f3mo utilizar<\/span><\/h3>\n<p><span style=\"font-weight: 400;\">El paquete de fruta refrescante Himalaya de 100 g debe usarse de acuerdo con las instrucciones y pautas precisas proporcionadas por su m\u00e9dico.\u00a0<\/span><\/p>\n<p><span style=\"font-weight: 400;\">Para utilizar el pack se deben seguir los siguientes pasos:<\/span><\/p>\n<ul>\n<li style=\"font-weight: 400;\" aria-level=\"1\"><span style=\"font-weight: 400;\">Despu\u00e9s de lavarte la cara y el cuello, aplica la mascarilla de frutas en una capa uniforme por todo el rostro y el cuello.<\/span><\/li>\n<li style=\"font-weight: 400;\" aria-level=\"1\"><span style=\"font-weight: 400;\">No aplique el paquete cerca del \u00e1rea alrededor de los ojos y la boca.<\/span><\/li>\n<li style=\"font-weight: 400;\" aria-level=\"1\"><span style=\"font-weight: 400;\">Despu\u00e9s de dejar secar la mascarilla durante diez a quince minutos, ret\u00edrela con una toalla o esponja h\u00fameda.<\/span><\/li>\n<li style=\"font-weight: 400;\" aria-level=\"1\"><span style=\"font-weight: 400;\">Finalmente, enjuaga con agua fr\u00eda para completar el proceso.<\/span><\/li>\n<li style=\"font-weight: 400;\" aria-level=\"1\"><span style=\"font-weight: 400;\">\u00daselo una vez a la semana para obtener los mejores beneficios posibles.<\/span><\/li>\n<\/ul>","protected":false},"excerpt":{"rendered":"<ul>\n<li style=\"font-weight: 400;\" aria-level=\"1\"><span style=\"font-weight: 400;\">F\u00e1cil de aplicar<\/span><\/li>\n<li style=\"font-weight: 400;\" aria-level=\"1\"><span style=\"font-weight: 400;\">Limpiar, aplicar y retirar<\/span><\/li>\n<li style=\"font-weight: 400;\" aria-level=\"1\"><span style=\"font-weight: 400;\">Resultados visibles en pocas semanas<\/span><\/li>\n<li style=\"font-weight: 400;\" aria-level=\"1\"><span style=\"font-weight: 400;\">Env\u00edo en 24 horas<\/span><\/li>\n<\/ul>","protected":false},"featured_media":5067,"comment_status":"open","ping_status":"closed","template":"","meta":{"om_disable_all_campaigns":false,"_uf_show_specific_survey":0,"_uf_disable_surveys":false},"product_brand":[],"product_cat":[534],"product_tag":[],"class_list":{"0":"post-5058","1":"product","2":"type-product","3":"status-publish","4":"has-post-thumbnail","6":"product_cat-skin-care","8":"first","9":"instock","10":"shipping-taxable","11":"purchasable","12":"product-type-variable"},"_links":{"self":[{"href":"https:\/\/wowrxpharmacy.com\/es_es\/wp-json\/wp\/v2\/product\/5058","targetHints":{"allow":["GET"]}}],"collection":[{"href":"https:\/\/wowrxpharmacy.com\/es_es\/wp-json\/wp\/v2\/product"}],"about":[{"href":"https:\/\/wowrxpharmacy.com\/es_es\/wp-json\/wp\/v2\/types\/product"}],"replies":[{"embeddable":true,"href":"https:\/\/wowrxpharmacy.com\/es_es\/wp-json\/wp\/v2\/comments?post=5058"}],"wp:featuredmedia":[{"embeddable":true,"href":"https:\/\/wowrxpharmacy.com\/es_es\/wp-json\/wp\/v2\/media\/5067"}],"wp:attachment":[{"href":"https:\/\/wowrxpharmacy.com\/es_es\/wp-json\/wp\/v2\/media?parent=5058"}],"wp:term":[{"taxonomy":"product_brand","embeddable":true,"href":"https:\/\/wowrxpharmacy.com\/es_es\/wp-json\/wp\/v2\/product_brand?post=5058"},{"taxonomy":"product_cat","embeddable":true,"href":"https:\/\/wowrxpharmacy.com\/es_es\/wp-json\/wp\/v2\/product_cat?post=5058"},{"taxonomy":"product_tag","embeddable":true,"href":"https:\/\/wowrxpharmacy.com\/es_es\/wp-json\/wp\/v2\/product_tag?post=5058"}],"curies":[{"name":"wp","href":"https:\/\/api.w.org\/{rel}","templated":true}]}}