{"id":5035,"date":"2024-07-13T08:00:57","date_gmt":"2024-07-13T12:00:57","guid":{"rendered":"https:\/\/wowrxpharmacy.com\/?post_type=product&#038;p=5035"},"modified":"2024-10-16T03:51:23","modified_gmt":"2024-10-16T07:51:23","slug":"losar-25-mg","status":"publish","type":"product","link":"https:\/\/wowrxpharmacy.com\/es_es\/producto\/losar-25-mg\/","title":{"rendered":"Losar 25 mg"},"content":{"rendered":"<h3><span style=\"font-weight: 400;\">Acerca de Losar 25 mg<\/span><\/h3>\n<p><span style=\"font-weight: 400;\">Los m\u00e9dicos recomiendan este medicamento a los pacientes con hipertensi\u00f3n arterial e insuficiencia card\u00edaca. La sal principal que contiene es el Losart\u00e1n. Este medicamento ayuda a prevenir accidentes cerebrovasculares y ataques card\u00edacos en el futuro. Unichem fabrica Repace 100 mg. Compre Losar 25 mg en l\u00ednea en la farmacia en l\u00ednea m\u00e1s fiable, WowRXPharmacy.<\/span><\/p>\n<h3><span style=\"font-weight: 400;\">Losar 25mg Uso<\/span><\/h3>\n<p><span style=\"font-weight: 400;\">Losar 25 se utiliza para prevenir el ictus y futuros infartos de miocardio.<\/span><\/p>\n<h4><span style=\"font-weight: 400;\">Ictus<\/span><\/h4>\n<p><span style=\"font-weight: 400;\">Se produce cuando uno de los vasos sangu\u00edneos del cerebro se obstruye o estalla. Tambi\u00e9n se denomina ataque cerebral. El ictus puede da\u00f1ar partes del cerebro.<\/span><\/p>\n<h4><span style=\"font-weight: 400;\">Infarto de miocardio<\/span><\/h4>\n<p><span style=\"font-weight: 400;\">Los infartos de miocardio se producen cuando la placa, un dep\u00f3sito graso que contiene colesterol, obstruye la arteria sangu\u00ednea. Este medicamento ayuda a tratar la hipertensi\u00f3n, previniendo as\u00ed estas enfermedades.<\/span><\/p>\n<h3><span style=\"font-weight: 400;\">Funcionamiento de Losartan\u00a0<\/span><\/h3>\n<p><span style=\"font-weight: 400;\">El losart\u00e1n de este medicamento es un bloqueador de los receptores de angiotensina (BRA) que act\u00faa bloqueando la acci\u00f3n de la sustancia qu\u00edmica que tensa los vasos sangu\u00edneos. Esto reduce la presi\u00f3n arterial, permitiendo que el coraz\u00f3n bombee la sangre de forma m\u00e1s eficaz por todo el cuerpo.<\/span><\/p>\n<h3><span style=\"font-weight: 400;\">C\u00f3mo utilizar Losar 25<\/span><\/h3>\n<p><span style=\"font-weight: 400;\">Estas son las instrucciones que debe seguir mientras toma Losar 25 mg:<\/span><\/p>\n<ul>\n<li style=\"font-weight: 400;\" aria-level=\"1\"><span style=\"font-weight: 400;\">Tome este medicamento en la dosis y la duraci\u00f3n prescritas por el m\u00e9dico<\/span><\/li>\n<li style=\"font-weight: 400;\" aria-level=\"1\"><span style=\"font-weight: 400;\">No lo aplaste, rompa ni mastique<\/span><\/li>\n<li style=\"font-weight: 400;\" aria-level=\"1\"><span style=\"font-weight: 400;\">T\u00f3melo como un todo<\/span><\/li>\n<li style=\"font-weight: 400;\" aria-level=\"1\"><span style=\"font-weight: 400;\">Puedes tomarlo antes o despu\u00e9s de comer<\/span><\/li>\n<li style=\"font-weight: 400;\" aria-level=\"1\"><span style=\"font-weight: 400;\">Tome este medicamento a una hora fija<\/span><\/li>\n<\/ul>","protected":false},"excerpt":{"rendered":"<ul>\n<li style=\"font-weight: 400;\" aria-level=\"1\"><span style=\"font-weight: 400;\">Tratar la hipertensi\u00f3n y la tensi\u00f3n arterial alta<\/span><\/li>\n<li style=\"font-weight: 400;\" aria-level=\"1\"><span style=\"font-weight: 400;\">Reducir el riesgo de ictus<\/span><\/li>\n<li style=\"font-weight: 400;\" aria-level=\"1\"><span style=\"font-weight: 400;\">Empezar a trabajar a las 24 horas de la ingesta<\/span><\/li>\n<li style=\"font-weight: 400;\" aria-level=\"1\"><span style=\"font-weight: 400;\">Excelentes opiniones sobre el producto<\/span><\/li>\n<\/ul>","protected":false},"featured_media":30043,"comment_status":"open","ping_status":"closed","template":"","meta":{"om_disable_all_campaigns":false,"_uf_show_specific_survey":0,"_uf_disable_surveys":false},"product_brand":[],"product_cat":[608],"product_tag":[],"class_list":{"0":"post-5035","1":"product","2":"type-product","3":"status-publish","4":"has-post-thumbnail","6":"product_cat-heart-blood-pressure","8":"first","9":"instock","10":"shipping-taxable","11":"purchasable","12":"product-type-variable"},"_links":{"self":[{"href":"https:\/\/wowrxpharmacy.com\/es_es\/wp-json\/wp\/v2\/product\/5035","targetHints":{"allow":["GET"]}}],"collection":[{"href":"https:\/\/wowrxpharmacy.com\/es_es\/wp-json\/wp\/v2\/product"}],"about":[{"href":"https:\/\/wowrxpharmacy.com\/es_es\/wp-json\/wp\/v2\/types\/product"}],"replies":[{"embeddable":true,"href":"https:\/\/wowrxpharmacy.com\/es_es\/wp-json\/wp\/v2\/comments?post=5035"}],"wp:featuredmedia":[{"embeddable":true,"href":"https:\/\/wowrxpharmacy.com\/es_es\/wp-json\/wp\/v2\/media\/30043"}],"wp:attachment":[{"href":"https:\/\/wowrxpharmacy.com\/es_es\/wp-json\/wp\/v2\/media?parent=5035"}],"wp:term":[{"taxonomy":"product_brand","embeddable":true,"href":"https:\/\/wowrxpharmacy.com\/es_es\/wp-json\/wp\/v2\/product_brand?post=5035"},{"taxonomy":"product_cat","embeddable":true,"href":"https:\/\/wowrxpharmacy.com\/es_es\/wp-json\/wp\/v2\/product_cat?post=5035"},{"taxonomy":"product_tag","embeddable":true,"href":"https:\/\/wowrxpharmacy.com\/es_es\/wp-json\/wp\/v2\/product_tag?post=5035"}],"curies":[{"name":"wp","href":"https:\/\/api.w.org\/{rel}","templated":true}]}}