{"id":4906,"date":"2024-07-13T08:03:08","date_gmt":"2024-07-13T12:03:08","guid":{"rendered":"https:\/\/wowrxpharmacy.com\/?post_type=product&#038;p=4906"},"modified":"2024-11-13T03:00:49","modified_gmt":"2024-11-13T08:00:49","slug":"nizol-200-mg","status":"publish","type":"product","link":"https:\/\/wowrxpharmacy.com\/es_es\/producto\/nizol-200-mg\/","title":{"rendered":"Nizol 200 mg"},"content":{"rendered":"<h3><span style=\"font-weight: 400;\">Acerca de Nizol 200 mg<\/span><\/h3>\n<p><span style=\"font-weight: 400;\">Las tabletas de Nizol de 200 mg se utilizan para tratar infecciones de la boca, la garganta, la vagina y otras partes del cuerpo, incluyendo las u\u00f1as de los pies y las manos. Estas tabletas pertenecen a la clase de medicamentos conocidos como antif\u00fangicos. El ketoconazol es el ingrediente activo de este medicamento. Estas tabletas act\u00faan impidiendo el crecimiento de hongos y elimin\u00e1ndolos. Intas Pharmaceuticals Ltd. fabrica las tabletas de Nizol de 200 mg. Nizol de 200 mg tiene excelentes cr\u00edticas y es un medicamento recomendado para infecciones f\u00fangicas.<\/span><\/p>\n<h3><span style=\"font-weight: 400;\">Uso<\/span><\/h3>\n<p><span style=\"font-weight: 400;\">Nizol 200 mg trata las infecciones f\u00fangicas com\u00fanmente causadas por Candida albicans. Esta infecci\u00f3n f\u00fangica puede causar enrojecimiento, ampollas y picaz\u00f3n. Las tabletas orales de Nizol ayudan a tratar infecciones f\u00fangicas o por levaduras graves. Estas infecciones pueden incluir candidiasis vaginal, candidiasis oral e histoplasmosis (enfermedad de Darling).\u00a0<\/span><\/p>\n<p><span style=\"font-weight: 400;\">Nizol tambi\u00e9n puede tratar infecciones f\u00fangicas parasitarias en la piel, como la ti\u00f1a, que no se pueden tratar con medicamentos t\u00f3picos. Las tabletas de 200 mg de Nizol funcionan matando el hongo.<\/span><\/p>\n<h3><span style=\"font-weight: 400;\">Laboral<\/span><\/h3>\n<p><span style=\"font-weight: 400;\">Nizol 200 mg en tabletas es un medicamento que contiene ketoconazol como ingrediente activo. Este medicamento act\u00faa alterando la membrana celular del hongo, causando infecciones. Elimina el hongo por completo. Por lo tanto, las tabletas de Nizol ayudan a tratar diversas infecciones f\u00fangicas.<\/span><\/p>\n<h3><span style=\"font-weight: 400;\">C\u00f3mo tomar<\/span><\/h3>\n<p><span style=\"font-weight: 400;\">Al tomar una tableta de Nizol, es importante tener en cuenta ciertas cosas para aumentar su eficacia.<\/span><\/p>\n<ul>\n<li style=\"font-weight: 400;\" aria-level=\"1\"><span style=\"font-weight: 400;\">Tome Nizol 200 mg con alimentos<\/span><\/li>\n<li style=\"font-weight: 400;\" aria-level=\"1\"><span style=\"font-weight: 400;\">Puede tomar el medicamento a la misma hora cada d\u00eda.<\/span><\/li>\n<li style=\"font-weight: 400;\" aria-level=\"1\"><span style=\"font-weight: 400;\">No mastique, triture ni rompa el medicamento.<\/span><\/li>\n<\/ul>\n<p><span style=\"font-weight: 400;\">Tambi\u00e9n puede tomar el medicamento seg\u00fan las instrucciones de la etiqueta de su medicamento recetado y seguir la hoja de instrucciones que viene con \u00e9l.<\/span><\/p>","protected":false},"excerpt":{"rendered":"<ul>\n<li style=\"font-weight: 400;\" aria-level=\"1\"><span style=\"font-weight: 400;\">Ketoconazol aprobado por la FDA<\/span><\/li>\n<li style=\"font-weight: 400;\" aria-level=\"1\"><span style=\"font-weight: 400;\">Trata las infecciones por hongos\u00a0<\/span><\/li>\n<li style=\"font-weight: 400;\" aria-level=\"1\"><span style=\"font-weight: 400;\">Comienza a funcionar en 24-48 horas.<\/span><\/li>\n<li style=\"font-weight: 400;\" aria-level=\"1\"><span style=\"font-weight: 400;\">Dosis conveniente, tomar seg\u00fan lo prescrito<\/span><\/li>\n<li style=\"font-weight: 400;\" aria-level=\"1\"><span style=\"font-weight: 400;\">Atenci\u00f3n al cliente experta<\/span><\/li>\n<\/ul>","protected":false},"featured_media":32385,"comment_status":"open","ping_status":"closed","template":"","meta":{"om_disable_all_campaigns":false,"_uf_show_specific_survey":0,"_uf_disable_surveys":false},"product_brand":[],"product_cat":[774],"product_tag":[],"class_list":{"0":"post-4906","1":"product","2":"type-product","3":"status-publish","4":"has-post-thumbnail","6":"product_cat-antifungal","8":"first","9":"instock","10":"shipping-taxable","11":"purchasable","12":"product-type-variable","13":"has-default-attributes"},"_links":{"self":[{"href":"https:\/\/wowrxpharmacy.com\/es_es\/wp-json\/wp\/v2\/product\/4906","targetHints":{"allow":["GET"]}}],"collection":[{"href":"https:\/\/wowrxpharmacy.com\/es_es\/wp-json\/wp\/v2\/product"}],"about":[{"href":"https:\/\/wowrxpharmacy.com\/es_es\/wp-json\/wp\/v2\/types\/product"}],"replies":[{"embeddable":true,"href":"https:\/\/wowrxpharmacy.com\/es_es\/wp-json\/wp\/v2\/comments?post=4906"}],"wp:featuredmedia":[{"embeddable":true,"href":"https:\/\/wowrxpharmacy.com\/es_es\/wp-json\/wp\/v2\/media\/32385"}],"wp:attachment":[{"href":"https:\/\/wowrxpharmacy.com\/es_es\/wp-json\/wp\/v2\/media?parent=4906"}],"wp:term":[{"taxonomy":"product_brand","embeddable":true,"href":"https:\/\/wowrxpharmacy.com\/es_es\/wp-json\/wp\/v2\/product_brand?post=4906"},{"taxonomy":"product_cat","embeddable":true,"href":"https:\/\/wowrxpharmacy.com\/es_es\/wp-json\/wp\/v2\/product_cat?post=4906"},{"taxonomy":"product_tag","embeddable":true,"href":"https:\/\/wowrxpharmacy.com\/es_es\/wp-json\/wp\/v2\/product_tag?post=4906"}],"curies":[{"name":"wp","href":"https:\/\/api.w.org\/{rel}","templated":true}]}}