{"id":4785,"date":"2024-07-13T08:07:12","date_gmt":"2024-07-13T12:07:12","guid":{"rendered":"https:\/\/wowrxpharmacy.com\/?post_type=product&#038;p=4785"},"modified":"2024-10-16T03:51:24","modified_gmt":"2024-10-16T07:51:24","slug":"foracort-rotacaps-100-mcg-6-mcg","status":"publish","type":"product","link":"https:\/\/wowrxpharmacy.com\/es_es\/producto\/foracort-rotacaps-100-mcg-6-mcg\/","title":{"rendered":"Foracort Rotacaps 100 mcg 6 mcg"},"content":{"rendered":"<h3><span style=\"font-weight: 400;\">About Foracort Rotacaps 100 mcg 6 mcg<\/span><\/h3>\n<p><span style=\"font-weight: 400;\">Foracort Rotacaps 100 is an inhaler formulated with a combination of two salts to alleviate long-term symptoms of Asthma and Chronic Obstructive Pulmonary Disease (COPD), facilitating easier breathing. The inhaler contains two salts, Formoterol and Budesonide, which inhibit the release of specific chemical messengers responsible for inflammation (swelling) and relax the muscles in the airways.<\/span><\/p>\n<p><span style=\"font-weight: 400;\">Cipla manufactures Foracort Rotacap in various strengths to cater to different needs. Foracort Rotacaps 100 comes with highly positive reviews and is a recommended medication for Asthma and COPD.<\/span><\/p>\n<h3><span style=\"font-weight: 400;\">Foracort Rotacaps 100\/6 mcg <\/span><span style=\"font-weight: 400;\">Usos<\/span><\/h3>\n<p><span style=\"font-weight: 400;\">Foracort Rotacaps 100 is a recommended medicine for,<\/span><\/p>\n<h4><span style=\"font-weight: 400;\">Treatment of Chronic Obstructive Pulmonary Disease (COPD)<\/span><\/h4>\n<p><span style=\"font-weight: 400;\">Foracort Rotacaps 100 maintains the openness of your lung airways, facilitating easier breathing by relaxing the muscles in these airways. This alleviates symptoms such as chest tightness, shortness of breath, wheezing, and coughing, enabling you to carry out your daily activities more comfortably.<\/span><\/p>\n<p><span style=\"font-weight: 400;\">This inhaler is both effective and safe for use. Its action typically begins within a few minutes, and the benefits can endure for several hours. It is important only to discontinue usage if directed by your doctor.<\/span><\/p>\n<h4><span style=\"font-weight: 400;\">Prevention of Asthma<\/span><\/h4>\n<p><span style=\"font-weight: 400;\">Asthma is a persistent ailment marked by the constriction of air passages in the lungs caused by inflammation and the tightening of muscles surrounding the small airways. Consequently, individuals experience symptoms such as coughing, wheezing, breathlessness, and a sensation of tightness in the chest.<\/span><\/p>\n<p><span style=\"font-weight: 400;\">These symptoms manifest periodically, with heightened prominence usually observed at night or during periods of physical exertion.<\/span><\/p>\n<h3><span style=\"font-weight: 400;\">Working of <\/span><span style=\"font-weight: 400;\">Foracort Rotacaps<\/span><\/h3>\n<p><span style=\"font-weight: 400;\">The two medicines that makeup Foracort Rotacaps 100 are Formoterol and Budesonide. Formoterol is a Bronchodilator that works for a long time. It works by mitigating the muscles in the airways and making them wider.\u00a0<\/span><\/p>\n<p><span style=\"font-weight: 400;\">Budesonide is a steroid. It stops releasing specific chemical signals that make the inflammation of airways. Together, they help make it easier to breathe. <\/span><span style=\"font-weight: 400;\">Comprar <\/span><span style=\"font-weight: 400;\">Foracort Rotacaps 100<\/span><span style=\"font-weight: 400;\"> en l\u00ednea desde la farmacia en l\u00ednea m\u00e1s confiable WowRXPharmacy.<\/span><\/p>\n<h3><span style=\"font-weight: 400;\">C\u00f3mo utilizar <\/span><span style=\"font-weight: 400;\">Foracort Rotacaps<\/span><\/h3>\n<p><span style=\"font-weight: 400;\">Follow these steps while taking Foracort Rotacaps 100:<\/span><\/p>\n<ul>\n<li style=\"font-weight: 400;\" aria-level=\"1\"><span style=\"font-weight: 400;\">Please read the instructions on the leaflet before you use it. After that, take a normal breath and throw away the shell of the empty capsule<\/span><\/li>\n<li style=\"font-weight: 400;\" aria-level=\"1\"><span style=\"font-weight: 400;\">You should only take this by inhaling it through your Rotahaler. Do not take Rotacaps by mouth<\/span><\/li>\n<li style=\"font-weight: 400;\" aria-level=\"1\"><span style=\"font-weight: 400;\">Rinsing your mouth out after using it will help prevent throat irritation and dry mouth<\/span><\/li>\n<li style=\"font-weight: 400;\" aria-level=\"1\"><span style=\"font-weight: 400;\">To open the Rotahaler capsule, hold it horizontally with the white spot facing up and the lighter end facing the other way<\/span><\/li>\n<li style=\"font-weight: 400;\" aria-level=\"1\"><span style=\"font-weight: 400;\">Then, slowly let out your breath and close your lips around the mouthpiece. Please take a deep breath and hold it for ten seconds<\/span><\/li>\n<li style=\"font-weight: 400;\" aria-level=\"1\"><span style=\"font-weight: 400;\">Talk to your doctor or the pharmacist to ensure you&#8217;re taking your medicine the way the doctor told you to<\/span><\/li>\n<\/ul>","protected":false},"excerpt":{"rendered":"<ul>\n<li style=\"font-weight: 400;\" aria-level=\"1\"><span style=\"font-weight: 400;\">FDA-approved Budesonide and Formoterol<\/span><\/li>\n<li style=\"font-weight: 400;\" aria-level=\"1\"><span style=\"font-weight: 400;\">Relieves Asthma and COPD symptoms<\/span><\/li>\n<li style=\"font-weight: 400;\" aria-level=\"1\"><span style=\"font-weight: 400;\">Starts working in 1-3 minutes<\/span><\/li>\n<li style=\"font-weight: 400;\" aria-level=\"1\"><span style=\"font-weight: 400;\">Relief lasts for 12 hours<\/span><\/li>\n<li style=\"font-weight: 400;\" aria-level=\"1\"><span style=\"font-weight: 400;\">Shipped within 24 hours<\/span><\/li>\n<\/ul>","protected":false},"featured_media":30043,"comment_status":"open","ping_status":"closed","template":"","meta":{"om_disable_all_campaigns":false,"_uf_show_specific_survey":0,"_uf_disable_surveys":false},"product_brand":[],"product_cat":[555],"product_tag":[],"class_list":{"0":"post-4785","1":"product","2":"type-product","3":"status-publish","4":"has-post-thumbnail","6":"product_cat-asthma","8":"first","9":"instock","10":"shipping-taxable","11":"purchasable","12":"product-type-variable"},"_links":{"self":[{"href":"https:\/\/wowrxpharmacy.com\/es_es\/wp-json\/wp\/v2\/product\/4785","targetHints":{"allow":["GET"]}}],"collection":[{"href":"https:\/\/wowrxpharmacy.com\/es_es\/wp-json\/wp\/v2\/product"}],"about":[{"href":"https:\/\/wowrxpharmacy.com\/es_es\/wp-json\/wp\/v2\/types\/product"}],"replies":[{"embeddable":true,"href":"https:\/\/wowrxpharmacy.com\/es_es\/wp-json\/wp\/v2\/comments?post=4785"}],"wp:featuredmedia":[{"embeddable":true,"href":"https:\/\/wowrxpharmacy.com\/es_es\/wp-json\/wp\/v2\/media\/30043"}],"wp:attachment":[{"href":"https:\/\/wowrxpharmacy.com\/es_es\/wp-json\/wp\/v2\/media?parent=4785"}],"wp:term":[{"taxonomy":"product_brand","embeddable":true,"href":"https:\/\/wowrxpharmacy.com\/es_es\/wp-json\/wp\/v2\/product_brand?post=4785"},{"taxonomy":"product_cat","embeddable":true,"href":"https:\/\/wowrxpharmacy.com\/es_es\/wp-json\/wp\/v2\/product_cat?post=4785"},{"taxonomy":"product_tag","embeddable":true,"href":"https:\/\/wowrxpharmacy.com\/es_es\/wp-json\/wp\/v2\/product_tag?post=4785"}],"curies":[{"name":"wp","href":"https:\/\/api.w.org\/{rel}","templated":true}]}}