{"id":4771,"date":"2024-07-13T08:07:13","date_gmt":"2024-07-13T12:07:13","guid":{"rendered":"https:\/\/wowrxpharmacy.com\/?post_type=product&#038;p=4771"},"modified":"2024-10-16T03:51:24","modified_gmt":"2024-10-16T07:51:24","slug":"iopar-sr-250-mg","status":"publish","type":"product","link":"https:\/\/wowrxpharmacy.com\/es_es\/producto\/iopar-sr-250-mg\/","title":{"rendered":"Iopar SR 250mg"},"content":{"rendered":"<h3><span style=\"font-weight: 400;\">Acerca de Iopar-SR 250 mg<\/span><\/h3>\n<p><span style=\"font-weight: 400;\">Iopar SR comprimido es un medicamento oral para el tratamiento del Glaucoma. Iopar SR contiene Acetazolamida 250 mg, que reduce la presi\u00f3n en el ojo. El aumento de la presi\u00f3n ocular puede conducir a la p\u00e9rdida de visi\u00f3n.<\/span><\/p>\n<p><span style=\"font-weight: 400;\">Este medicamento tambi\u00e9n se prescribe para tratar otras enfermedades, como el mal agudo de monta\u00f1a, la epilepsia y el edema. Iopar-SR c\u00e1psula s\u00f3lo est\u00e1 disponible con receta y recomendaci\u00f3n m\u00e9dica. Puede comprar f\u00e1cilmente Acetazolamida 250 mg en WowRXPharmacy.<\/span><\/p>\n<h3><span style=\"font-weight: 400;\">Isopar SR Comprimidos Usos<\/span><\/h3>\n<p><span style=\"font-weight: 400;\">Isopar SR se utiliza para tratar una enfermedad ocular conocida como Glaucoma. El grupo de enfermedades oculares conocido como Glaucoma causa da\u00f1os en el nervio \u00f3ptico. El nervio \u00f3ptico transmite los datos visuales del ojo al cerebro y es esencial para una buena visi\u00f3n.<\/span><\/p>\n<p><span style=\"font-weight: 400;\">La presi\u00f3n intraocular elevada suele causar da\u00f1os en el nervio \u00f3ptico. El glaucoma tambi\u00e9n puede aparecer con una presi\u00f3n normal en el ojo. Isopar SR 250 mg reduce la cantidad de l\u00edquido en el ojo, disminuyendo as\u00ed la presi\u00f3n.<\/span><\/p>\n<p><span style=\"font-weight: 400;\">Los m\u00e9dicos tambi\u00e9n recetan este medicamento para tratar afecciones como el edema (acumulaci\u00f3n anormal de l\u00edquido asociada a la insuficiencia card\u00edaca congestiva) y la epilepsia (actividad nerviosa incontrolada y anormal en el cerebro que provoca ataques y convulsiones).<\/span><\/p>\n<h3><span style=\"font-weight: 400;\">\u00bfC\u00f3mo act\u00faa Acetazolamida 250 mg?<\/span><\/h3>\n<p><span style=\"font-weight: 400;\">Acetazolamida (Isopar SR) pertenece a la clase de medicamentos conocidos como inhibidores de la anhidrasa carb\u00f3nica. Ayuda a causar una reducci\u00f3n de la producci\u00f3n de humor acuoso en el ojo.<\/span><\/p>\n<p><span style=\"font-weight: 400;\">El humor acuoso es el l\u00edquido transparente de la c\u00e1mara anterior del ojo. Nutre y mantiene el estado de hinchaz\u00f3n del ojo. Constantemente, el ojo produce una peque\u00f1a cantidad de Humor Acuoso, que fluye fuera del \u00e1ngulo de drenaje a trav\u00e9s de la malla trabecular.<\/span><\/p>\n<p><span style=\"font-weight: 400;\">Este medicamento suele utilizarse en combinaci\u00f3n con otros medicamentos para el glaucoma. <\/span><span style=\"font-weight: 400;\">Iopar-SR 250 mg tiene cr\u00edticas muy positivas y es un medicamento recomendado para el glaucoma.<\/span><\/p>\n<h3><span style=\"font-weight: 400;\">C\u00f3mo tomar<\/span><\/h3>\n<p><span style=\"font-weight: 400;\">Siga estas instrucciones mientras toma el medicamento:<\/span><span style=\"font-weight: 400;\"><br \/>\n<\/span><\/p>\n<ul>\n<li style=\"font-weight: 400;\" aria-level=\"1\"><span style=\"font-weight: 400;\">Tragar la pastilla entera. No masticar, triturar ni romper.<\/span><span style=\"font-weight: 400;\"><br \/>\n<\/span><\/li>\n<li style=\"font-weight: 400;\" aria-level=\"1\"><span style=\"font-weight: 400;\">Tome este medicamento seg\u00fan la dosis y duraci\u00f3n prescritas por su m\u00e9dico<\/span><span style=\"font-weight: 400;\"><br \/>\n<\/span><\/li>\n<li style=\"font-weight: 400;\" aria-level=\"1\"><span style=\"font-weight: 400;\">Los comprimidos de Iopar-SR pueden tomarse con o sin alimentos, pero es preferible tomarlos a una hora fija cada d\u00eda.<\/span><\/li>\n<\/ul>","protected":false},"excerpt":{"rendered":"<ul>\n<li style=\"font-weight: 400;\" aria-level=\"1\"><span style=\"font-weight: 400;\">Acetazolamida aprobada por la FDA<\/span><\/li>\n<li style=\"font-weight: 400;\" aria-level=\"1\"><span style=\"font-weight: 400;\">Reduce la presi\u00f3n ocular<\/span><\/li>\n<li style=\"font-weight: 400;\" aria-level=\"1\"><span style=\"font-weight: 400;\">Trata el edema y la epilepsia<\/span><\/li>\n<li style=\"font-weight: 400;\" aria-level=\"1\"><span style=\"font-weight: 400;\">Empieza a funcionar en 1-1,5 horas<\/span><\/li>\n<li style=\"font-weight: 400;\" aria-level=\"1\"><span style=\"font-weight: 400;\">Env\u00edo en 24 horas<\/span><\/li>\n<\/ul>","protected":false},"featured_media":29877,"comment_status":"open","ping_status":"closed","template":"","meta":{"om_disable_all_campaigns":false,"_uf_show_specific_survey":0,"_uf_disable_surveys":false},"product_brand":[],"product_cat":[469],"product_tag":[],"class_list":{"0":"post-4771","1":"product","2":"type-product","3":"status-publish","4":"has-post-thumbnail","6":"product_cat-eye-care","8":"first","9":"instock","10":"shipping-taxable","11":"purchasable","12":"product-type-variable","13":"has-default-attributes"},"_links":{"self":[{"href":"https:\/\/wowrxpharmacy.com\/es_es\/wp-json\/wp\/v2\/product\/4771","targetHints":{"allow":["GET"]}}],"collection":[{"href":"https:\/\/wowrxpharmacy.com\/es_es\/wp-json\/wp\/v2\/product"}],"about":[{"href":"https:\/\/wowrxpharmacy.com\/es_es\/wp-json\/wp\/v2\/types\/product"}],"replies":[{"embeddable":true,"href":"https:\/\/wowrxpharmacy.com\/es_es\/wp-json\/wp\/v2\/comments?post=4771"}],"wp:featuredmedia":[{"embeddable":true,"href":"https:\/\/wowrxpharmacy.com\/es_es\/wp-json\/wp\/v2\/media\/29877"}],"wp:attachment":[{"href":"https:\/\/wowrxpharmacy.com\/es_es\/wp-json\/wp\/v2\/media?parent=4771"}],"wp:term":[{"taxonomy":"product_brand","embeddable":true,"href":"https:\/\/wowrxpharmacy.com\/es_es\/wp-json\/wp\/v2\/product_brand?post=4771"},{"taxonomy":"product_cat","embeddable":true,"href":"https:\/\/wowrxpharmacy.com\/es_es\/wp-json\/wp\/v2\/product_cat?post=4771"},{"taxonomy":"product_tag","embeddable":true,"href":"https:\/\/wowrxpharmacy.com\/es_es\/wp-json\/wp\/v2\/product_tag?post=4771"}],"curies":[{"name":"wp","href":"https:\/\/api.w.org\/{rel}","templated":true}]}}