{"id":4599,"date":"2024-07-13T08:00:28","date_gmt":"2024-07-13T12:00:28","guid":{"rendered":"https:\/\/wowrxpharmacy.com\/?post_type=product&#038;p=4599"},"modified":"2024-10-16T03:51:25","modified_gmt":"2024-10-16T07:51:25","slug":"retinol-y-micro-gel-0-04","status":"publish","type":"product","link":"https:\/\/wowrxpharmacy.com\/es_es\/producto\/retinol-y-micro-gel-0-04\/","title":{"rendered":"Retino A Micro Gel 0.04% (15 g)"},"content":{"rendered":"<h3><span style=\"font-weight: 400;\">\u00bfQu\u00e9 es Retino A Micro Gel 0.04% (15 g)?<\/span><\/h3>\n<p><span style=\"font-weight: 400;\">Retino A Micro gel 0.04 (Tretino\u00edna) es un medicamento t\u00f3pico que se usa para tratar el acn\u00e9 en el rostro, la espalda y el pecho. Tambi\u00e9n ayuda a suavizar la piel \u00e1spera del rostro y a eliminar las arrugas finas. El acn\u00e9 es una afecci\u00f3n cut\u00e1nea com\u00fan causada por la obstrucci\u00f3n de los fol\u00edculos pilosos con c\u00e9lulas cut\u00e1neas muertas y grasa.<\/span><\/p>\n<p><span style=\"font-weight: 400;\">El ingrediente activo de este medicamento es la tretino\u00edna. Tambi\u00e9n conocida como \u00e1cido retinoico (un tipo de vitamina A), la tretino\u00edna reduce la producci\u00f3n de grasa en la piel para relajar y destapar los poros superficiales. El fabricante de esta crema es JNTL Consumer Health Pvt. Ltd.\u00a0<\/span><\/p>\n<h3><span style=\"font-weight: 400;\">Usos<\/span><span style=\"font-weight: 400;\"><br \/>\n<\/span><\/h3>\n<p><span style=\"font-weight: 400;\">El gel Retino A Micro 0.04 contiene vitamina A. El gel de tretino\u00edna trata el acn\u00e9 y la leucemia promieloc\u00edtica aguda de la siguiente manera:<\/span><span style=\"font-weight: 400;\"><br \/>\n<\/span><\/p>\n<h4><span style=\"font-weight: 400;\">Acn\u00e9<\/span><\/h4>\n<p><span style=\"font-weight: 400;\">El gel Retino A Micro 0.04% es un derivado de la vitamina A. Su objetivo principal es abordar el acn\u00e9 desbloqueando los poros de la piel y previniendo el desarrollo de imperfecciones o granos.\u00a0<\/span><\/p>\n<p><span style=\"font-weight: 400;\">Normalmente, sus efectos pueden tardar varias semanas en hacerse evidentes, por lo que es importante continuar aplic\u00e1ndolo, incluso si a\u00fan espera resultados inmediatos. En ocasiones, el acn\u00e9 puede empeorar al principio, pero con un uso constante y correcto, su piel se aclarar\u00e1 con el tiempo.<\/span><\/p>\n<h3><span style=\"font-weight: 400;\">\u00bfC\u00f3mo funciona el gel Retin A 0.04% (15 g)?<\/span><\/h3>\n<p><span style=\"font-weight: 400;\">La tretino\u00edna es el ingrediente principal de Retino A Micro gel 0.04. Acelera la eliminaci\u00f3n de la piel muerta y su reemplazo por nuevas c\u00e9lulas. El gel de tretino\u00edna reduce la producci\u00f3n de grasa facial, revitaliza la piel propensa al acn\u00e9 y ayuda a mantener los poros abiertos al aplicarse. Este proceso inhibe la aparici\u00f3n de granos, puntos blancos y puntos negros.<\/span><\/p>\n<h3><span style=\"font-weight: 400;\">C\u00f3mo usar el gel de tretino\u00edna<\/span><\/h3>\n<p><span style=\"font-weight: 400;\">La aplicaci\u00f3n ideal es una aplicaci\u00f3n puntual por la noche durante el tiempo indicado por su m\u00e9dico. La dosis y la duraci\u00f3n del tratamiento variar\u00e1n seg\u00fan la afecci\u00f3n. Normalmente, debe lavar y secar la zona afectada.\u00a0<\/span><\/p>\n<p><span style=\"font-weight: 400;\">Luego, aplique una capa fina de este medicamento. Siga las recomendaciones de su m\u00e9dico. No lo use sobre piel lastimada o agrietada, y evite el contacto con la boca, los ojos o la nariz. Los s\u00edntomas podr\u00edan tardar varias semanas en remitir, pero el uso regular le proporcionar\u00e1 los mejores resultados.\u00a0<\/span><\/p>\n<p><span style=\"font-weight: 400;\">Si despu\u00e9s de unas semanas no observa ninguna mejor\u00eda, es recomendable programar otra consulta con su m\u00e9dico. Usar m\u00e1s medicamento o aplicarlo con m\u00e1s frecuencia de la prescrita no aumentar\u00e1 su eficacia y podr\u00eda agravar sus efectos adversos.<\/span><\/p>\n<p><span style=\"font-weight: 400;\">Se debe evitar la exposici\u00f3n al sol mientras se usa Retino A Micro gel 0.04, ya que puede aumentar la sensibilidad de la piel a la luz solar y provocar quemaduras. Use ropa protectora y protector solar (FPS) al aire libre para prevenir quemaduras solares.<\/span><\/p>","protected":false},"excerpt":{"rendered":"<ul>\n<li style=\"font-weight: 400;\" aria-level=\"1\"><span style=\"font-weight: 400;\">Resultados visibles en 8-12 semanas<\/span><\/li>\n<li style=\"font-weight: 400;\" aria-level=\"1\"><span style=\"font-weight: 400;\">La piel comienza a mejorar a partir de la sexta semana.<\/span><\/li>\n<li style=\"font-weight: 400;\" aria-level=\"1\"><span style=\"font-weight: 400;\">F\u00e1cil de aplicar<\/span><\/li>\n<li style=\"font-weight: 400;\" aria-level=\"1\"><span style=\"font-weight: 400;\">Env\u00edo en 24 horas<\/span><\/li>\n<\/ul>","protected":false},"featured_media":4961,"comment_status":"open","ping_status":"closed","template":"","meta":{"om_disable_all_campaigns":false,"_uf_show_specific_survey":0,"_uf_disable_surveys":false},"product_brand":[],"product_cat":[534],"product_tag":[],"class_list":{"0":"post-4599","1":"product","2":"type-product","3":"status-publish","4":"has-post-thumbnail","6":"product_cat-skin-care","8":"first","9":"instock","10":"shipping-taxable","11":"purchasable","12":"product-type-variable","13":"has-default-attributes"},"_links":{"self":[{"href":"https:\/\/wowrxpharmacy.com\/es_es\/wp-json\/wp\/v2\/product\/4599","targetHints":{"allow":["GET"]}}],"collection":[{"href":"https:\/\/wowrxpharmacy.com\/es_es\/wp-json\/wp\/v2\/product"}],"about":[{"href":"https:\/\/wowrxpharmacy.com\/es_es\/wp-json\/wp\/v2\/types\/product"}],"replies":[{"embeddable":true,"href":"https:\/\/wowrxpharmacy.com\/es_es\/wp-json\/wp\/v2\/comments?post=4599"}],"wp:featuredmedia":[{"embeddable":true,"href":"https:\/\/wowrxpharmacy.com\/es_es\/wp-json\/wp\/v2\/media\/4961"}],"wp:attachment":[{"href":"https:\/\/wowrxpharmacy.com\/es_es\/wp-json\/wp\/v2\/media?parent=4599"}],"wp:term":[{"taxonomy":"product_brand","embeddable":true,"href":"https:\/\/wowrxpharmacy.com\/es_es\/wp-json\/wp\/v2\/product_brand?post=4599"},{"taxonomy":"product_cat","embeddable":true,"href":"https:\/\/wowrxpharmacy.com\/es_es\/wp-json\/wp\/v2\/product_cat?post=4599"},{"taxonomy":"product_tag","embeddable":true,"href":"https:\/\/wowrxpharmacy.com\/es_es\/wp-json\/wp\/v2\/product_tag?post=4599"}],"curies":[{"name":"wp","href":"https:\/\/api.w.org\/{rel}","templated":true}]}}