{"id":4540,"date":"2024-07-13T08:08:04","date_gmt":"2024-07-13T12:08:04","guid":{"rendered":"https:\/\/wowrxpharmacy.com\/?post_type=product&#038;p=4540"},"modified":"2024-10-16T03:51:25","modified_gmt":"2024-10-16T07:51:25","slug":"persol-gel-5","status":"publish","type":"product","link":"https:\/\/wowrxpharmacy.com\/es_es\/producto\/persol-gel-5\/","title":{"rendered":"Gel Persol 5% 30 g"},"content":{"rendered":"<h3><span style=\"font-weight: 400;\">Acerca de Persol Gel 5% 30gm<\/span><\/h3>\n<p><span style=\"font-weight: 400;\">El gel Persol es un producto para el cuidado de la piel que trata el acn\u00e9 en la cara, la espalda y el pecho, incluidos granos, puntos negros y puntos blancos.\u00a0<\/span><\/p>\n<p><span style=\"font-weight: 400;\">El per\u00f3xido de benzoilo, un f\u00e1rmaco antibacteriano, es el principal componente activo de Persol Gel. El acn\u00e9 se produce cuando la grasa y las c\u00e9lulas cut\u00e1neas muertas quedan atrapadas en los fol\u00edculos pilosos. El gel de per\u00f3xido de benzoilo 5% puede eliminar las bacterias que causan el acn\u00e9.\u00a0<\/span><\/p>\n<p><span style=\"font-weight: 400;\">El medicamento t\u00f3pico Persol Gel 5% de 30 g debe usarse seg\u00fan las recomendaciones de su m\u00e9dico. Wallace Pharmaceuticals Pvt Ltd produce 2,5%.<\/span><\/p>\n<h3><span style=\"font-weight: 400;\">Usos del gel Persol AC 5<\/span><\/h3>\n<p><span style=\"font-weight: 400;\">Un medicamento antibacteriano como Persol Gel 5% de 30 g se utiliza para tratar el acn\u00e9. El acn\u00e9 es una afecci\u00f3n cut\u00e1nea en la que los fol\u00edculos pilosos se obstruyen. Las c\u00e9lulas muertas y el sebo, un aceite que impide que la piel se seque, obstruyen los poros, provocando la aparici\u00f3n de lesiones conocidas como granos o espinillas.\u00a0<\/span><\/p>\n<p><span style=\"font-weight: 400;\">El gel de per\u00f3xido de benzoilo 5% puede usarse solo o en combinaci\u00f3n con otros tratamientos para el acn\u00e9. Siga las indicaciones de su m\u00e9dico. El gel Persol es un medicamento con muy buenas cr\u00edticas; siga las indicaciones.<\/span><span style=\"font-weight: 400;\"> las recomendaciones de su m\u00e9dico.<\/span><\/p>\n<h3><span style=\"font-weight: 400;\">\u00bfC\u00f3mo funciona?<\/span><\/h3>\n<p><span style=\"font-weight: 400;\">Los agentes antibacterianos son una familia de f\u00e1rmacos que incluye medicamentos t\u00f3picos como el Persol Gel 5% de 30 g. El componente activo del gel, el per\u00f3xido de benzoilo, elimina las bacterias a la vez que reduce la irritaci\u00f3n y destapa los poros. Este medicamento elimina las bacterias que causan el acn\u00e9 y acelera la descamaci\u00f3n de la piel al aflojar la capa de queratina. Tambi\u00e9n act\u00faa como agente queratol\u00edtico y bactericida.\u00a0<\/span><\/p>\n<p><span style=\"font-weight: 400;\">La suave acci\u00f3n secante del Persol Gel 5% 30 g permite eliminar el exceso de grasa y contaminantes de la piel. Siga las recomendaciones de su m\u00e9dico de cabecera antes de aplicar el gel de per\u00f3xido de benzoilo 5%. Consulte a un profesional m\u00e9dico de inmediato si nota alg\u00fan efecto secundario despu\u00e9s de usar el gel.<\/span><\/p>\n<h3><span style=\"font-weight: 400;\">\u00bfC\u00f3mo utilizar Persol Gel?<\/span><\/h3>\n<p><span style=\"font-weight: 400;\">El gel Persol es un medicamento t\u00f3pico que solo debe aplicarse externamente. Se deben tener en cuenta las siguientes consideraciones al usarlo:<\/span><\/p>\n<ul>\n<li style=\"font-weight: 400;\" aria-level=\"1\"><span style=\"font-weight: 400;\">Lave y seque el \u00e1rea afectada antes de aplicar el gel Persol.<\/span><\/li>\n<li style=\"font-weight: 400;\" aria-level=\"1\"><span style=\"font-weight: 400;\">Seg\u00fan las instrucciones de su m\u00e9dico, aplique una capa fina de per\u00f3xido de benzoilo 5% una o dos veces.<\/span><\/li>\n<li style=\"font-weight: 400;\" aria-level=\"1\"><span style=\"font-weight: 400;\">Evite la exposici\u00f3n al sol mientras usa este medicamento t\u00f3pico. Si no puede evitar la exposici\u00f3n, use el gel y aplique un protector solar adecuado por la noche.<\/span><\/li>\n<li style=\"font-weight: 400;\" aria-level=\"1\"><span style=\"font-weight: 400;\">Nunca aplique el medicamento sobre piel lesionada o da\u00f1ada. Aseg\u00farese de que el gel no entre en contacto con la boca, los ojos ni la nariz.<\/span><\/li>\n<li style=\"font-weight: 400;\" aria-level=\"1\"><span style=\"font-weight: 400;\">Utilice este producto \u00fanicamente en la dosis recomendada, ni m\u00e1s ni menos.<\/span><\/li>\n<\/ul>","protected":false},"excerpt":{"rendered":"<ul>\n<li style=\"font-weight: 400;\" aria-level=\"1\"><span style=\"font-weight: 400;\">Per\u00f3xido de benzoilo aprobado por la FDA<\/span><\/li>\n<li style=\"font-weight: 400;\" aria-level=\"1\"><span style=\"font-weight: 400;\">Trata la aparici\u00f3n de granos y manchas<\/span><\/li>\n<li style=\"font-weight: 400;\" aria-level=\"1\"><span style=\"font-weight: 400;\">Resultados notables en 2 a 4 semanas<\/span><\/li>\n<li style=\"font-weight: 400;\" aria-level=\"1\"><span style=\"font-weight: 400;\">Marca confiable, recomendada por m\u00e9dicos.<\/span><\/li>\n<li style=\"font-weight: 400;\" aria-level=\"1\"><span style=\"font-weight: 400;\">Rese\u00f1as muy positivas<\/span><\/li>\n<\/ul>","protected":false},"featured_media":32411,"comment_status":"open","ping_status":"closed","template":"","meta":{"om_disable_all_campaigns":false,"_uf_show_specific_survey":0,"_uf_disable_surveys":false},"product_brand":[],"product_cat":[534],"product_tag":[],"class_list":{"0":"post-4540","1":"product","2":"type-product","3":"status-publish","4":"has-post-thumbnail","6":"product_cat-skin-care","8":"first","9":"instock","10":"shipping-taxable","11":"purchasable","12":"product-type-variable"},"_links":{"self":[{"href":"https:\/\/wowrxpharmacy.com\/es_es\/wp-json\/wp\/v2\/product\/4540","targetHints":{"allow":["GET"]}}],"collection":[{"href":"https:\/\/wowrxpharmacy.com\/es_es\/wp-json\/wp\/v2\/product"}],"about":[{"href":"https:\/\/wowrxpharmacy.com\/es_es\/wp-json\/wp\/v2\/types\/product"}],"replies":[{"embeddable":true,"href":"https:\/\/wowrxpharmacy.com\/es_es\/wp-json\/wp\/v2\/comments?post=4540"}],"wp:featuredmedia":[{"embeddable":true,"href":"https:\/\/wowrxpharmacy.com\/es_es\/wp-json\/wp\/v2\/media\/32411"}],"wp:attachment":[{"href":"https:\/\/wowrxpharmacy.com\/es_es\/wp-json\/wp\/v2\/media?parent=4540"}],"wp:term":[{"taxonomy":"product_brand","embeddable":true,"href":"https:\/\/wowrxpharmacy.com\/es_es\/wp-json\/wp\/v2\/product_brand?post=4540"},{"taxonomy":"product_cat","embeddable":true,"href":"https:\/\/wowrxpharmacy.com\/es_es\/wp-json\/wp\/v2\/product_cat?post=4540"},{"taxonomy":"product_tag","embeddable":true,"href":"https:\/\/wowrxpharmacy.com\/es_es\/wp-json\/wp\/v2\/product_tag?post=4540"}],"curies":[{"name":"wp","href":"https:\/\/api.w.org\/{rel}","templated":true}]}}