{"id":4531,"date":"2024-10-01T06:00:04","date_gmt":"2024-10-01T10:00:04","guid":{"rendered":"https:\/\/wowrxpharmacy.com\/?post_type=product&#038;p=4531"},"modified":"2024-11-27T07:18:57","modified_gmt":"2024-11-27T12:18:57","slug":"foracort-forte-inhaler-12-400-mcg-120-mdi","status":"publish","type":"product","link":"https:\/\/wowrxpharmacy.com\/es_es\/producto\/foracort-forte-inhaler-12-400-mcg-120-mdi\/","title":{"rendered":"Foracort Forte Inhalador 12\/400 mcg (120 mdi)"},"content":{"rendered":"<h3><span style=\"font-weight: 400;\">\u00bfQu\u00e9 es el inhalador Foracort Forte 400?<\/span><\/h3>\n<p><span style=\"font-weight: 400;\">El inhalador Foracort Forte 400 es un medicamento combinado con receta fabricado por Cipla. Est\u00e1 dise\u00f1ado para tratar el asma y la enfermedad pulmonar obstructiva cr\u00f3nica (EPOC) en adultos y ni\u00f1os mayores de 12 a\u00f1os. Este inhalador combina budesonida (400 mcg) y fumarato de formoterol (12 mcg), aliviando eficazmente s\u00edntomas respiratorios como sibilancias y dificultad para respirar. La budesonida es un corticosteroide que ayuda a reducir la inflamaci\u00f3n pulmonar, mientras que el formoterol es un broncodilatador que ayuda a abrir las v\u00edas respiratorias.<\/span><\/p>\n<p><span style=\"font-weight: 400;\">Es muy \u00fatil para tratar el asma invernal, ayudando a las personas a controlar su afecci\u00f3n durante los meses m\u00e1s fr\u00edos. Este inhalador es una excelente opci\u00f3n para quienes buscan una soluci\u00f3n eficaz para controlar los s\u00edntomas del asma.\u00a0<\/span><\/p>\n<p><span style=\"font-weight: 400;\">\u00a1Obtenga hoy su inhalador Foracort Forte 400 de WowRx para una mejor salud respiratoria!<\/span><\/p>\n<h3><span style=\"font-weight: 400;\">\u00bfPara qu\u00e9 se utiliza el inhalador Foracort Forte 400?<\/span><\/h3>\n<p><span style=\"font-weight: 400;\">El inhalador Foracort Forte 400 es <\/span><a href=\"https:\/\/www.mayoclinic.org\/drugs-supplements\/budesonide-and-formoterol-inhalation-route\/description\/drg-20068949#:~:text=Budesonide%20and%20formoterol%20combination,the%20symptoms%20of%20COPD.\" target=\"_blank\" rel=\"nofollow noopener\"><span style=\"font-weight: 400;\">usado<\/span><\/a><span style=\"font-weight: 400;\"> a:<\/span><\/p>\n<ul>\n<li style=\"font-weight: 400;\" aria-level=\"1\"><span style=\"font-weight: 400;\">Tratar los s\u00edntomas del asma y la EPOC, como sibilancias, dificultad para respirar, opresi\u00f3n en el pecho y tos.<\/span><\/li>\n<li style=\"font-weight: 400;\" aria-level=\"1\"><span style=\"font-weight: 400;\">Prevenir los ataques de asma<\/span><\/li>\n<li style=\"font-weight: 400;\" aria-level=\"1\"><span style=\"font-weight: 400;\">Disminuir la necesidad de otros medicamentos para el asma<\/span><\/li>\n<\/ul>\n<p><span style=\"font-weight: 400;\">El inhalador Foracort Forte 400 reduce la inflamaci\u00f3n de las v\u00edas respiratorias y relaja los m\u00fasculos bronquiales, facilitando la respiraci\u00f3n. Este inhalador puede usarse a diario como medida preventiva y para un alivio inmediato durante un ataque de asma. Esto lo convierte en uno de los mejores inhaladores para el asma, especialmente para adultos con problemas respiratorios cr\u00f3nicos. Su f\u00f3rmula garantiza que las personas experimenten menos brotes.<\/span><\/p>\n<h3><span style=\"font-weight: 400;\">\u00bfC\u00f3mo funciona el inhalador Foracort Forte 400?<\/span><\/h3>\n<p><span style=\"font-weight: 400;\">Inhalador Foracort Forte 400 <\/span><a href=\"https:\/\/medlineplus.gov\/druginfo\/meds\/a623022.html#:~:text=Budesonide%20is%20in%20a%20class%20of%20medications%20called%20steroids.%20It%20works%20by%20reducing%20swelling%20in%20the%20airways.%20Formoterol%20is%20in%20a%20class%20of%20medications%20called%20long%2Dacting%20beta%20agonists%20(LABAs).%20It%20works%20by%20relaxing%20and%20opening%20air%20passages%20in%20the%20lungs%2C%20making%20it%20easier%20to%20breathe.\" target=\"_blank\" rel=\"nofollow noopener\"><span style=\"font-weight: 400;\">funciona<\/span><\/a><span style=\"font-weight: 400;\"> por:<\/span><\/p>\n<ul>\n<li style=\"font-weight: 400;\" aria-level=\"1\"><span style=\"font-weight: 400;\">Reduce la inflamaci\u00f3n en los pulmones y ayuda a prevenir ataques de asma.<\/span><\/li>\n<li style=\"font-weight: 400;\" aria-level=\"1\"><span style=\"font-weight: 400;\">Abrir las v\u00edas respiratorias para ayudar a mejorar la respiraci\u00f3n.<\/span><\/li>\n<\/ul>\n<p><span style=\"font-weight: 400;\">La eficacia del inhalador Foracort Forte 400 reside en su mecanismo de doble acci\u00f3n. La budesonida, un corticosteroide, ayuda a prevenir el empeoramiento de los s\u00edntomas del asma. Por otro lado, el formoterol, un betaagonista de acci\u00f3n prolongada, relaja los m\u00fasculos que rodean las v\u00edas respiratorias, facilitando el flujo de aire. Esta combinaci\u00f3n convierte a Foracort Forte en un potente inhalador para el manejo de los s\u00edntomas del asma y la EPOC, aliviando las sibilancias y la dificultad para respirar.\u00a0<\/span><\/p>\n<h3><span style=\"font-weight: 400;\">\u00bfC\u00f3mo utilizar el inhalador Foracort Forte 400?<\/span><\/h3>\n<p><span style=\"font-weight: 400;\">Siga atentamente las instrucciones de su m\u00e9dico al usar el inhalador Foracort Forte 400. No use una dosis mayor ni menor a la prescrita.<\/span><\/p>\n<p><span style=\"font-weight: 400;\">Para utilizar el inhalador Foracort Forte 400 <\/span><a href=\"https:\/\/www.mayoclinic.org\/drugs-supplements\/budesonide-and-formoterol-inhalation-route\/proper-use\/drg-20068949#:~:text=Breathe%20out%20to,airways%20and%20lungs.\" target=\"_blank\" rel=\"nofollow noopener\"><span style=\"font-weight: 400;\">correctamente<\/span><\/a><span style=\"font-weight: 400;\">:<\/span><\/p>\n<ul>\n<li style=\"font-weight: 400;\" aria-level=\"1\"><span style=\"font-weight: 400;\">Agite bien el inhalador antes de cada uso.<\/span><\/li>\n<li style=\"font-weight: 400;\" aria-level=\"1\"><span style=\"font-weight: 400;\">Retire la tapa y mantenga el inhalador recto.<\/span><\/li>\n<li style=\"font-weight: 400;\" aria-level=\"1\"><span style=\"font-weight: 400;\">Exhala completamente y luego coloca la boquilla entre tus labios.<\/span><\/li>\n<li style=\"font-weight: 400;\" aria-level=\"1\"><span style=\"font-weight: 400;\">Presione el recipiente hacia abajo para liberar el medicamento mientras inhala profunda y lentamente.<\/span><\/li>\n<li style=\"font-weight: 400;\" aria-level=\"1\"><span style=\"font-weight: 400;\">Aguante la respiraci\u00f3n durante unos 10 segundos para permitir que el medicamento se asiente en sus pulmones.<\/span><\/li>\n<li style=\"font-weight: 400;\" aria-level=\"1\"><span style=\"font-weight: 400;\">Exhala lentamente<\/span><\/li>\n<li style=\"font-weight: 400;\" aria-level=\"1\"><span style=\"font-weight: 400;\">Enju\u00e1gate la boca con agua despu\u00e9s de usarlo para evitar irritaciones.<\/span><\/li>\n<\/ul>\n<p><span style=\"font-weight: 400;\">Lea el envase o consulte a su m\u00e9dico para obtener instrucciones detalladas sobre la dosificaci\u00f3n, incluyendo el n\u00famero de inhalaciones necesarias para el inhalador Foracort 400. La dosis habitual es de una o dos inhalaciones dos veces al d\u00eda.<\/span><\/p>","protected":false},"excerpt":{"rendered":"<p>Foracort Forte combina budesonida y formoterol para controlar el asma, aliviando la inflamaci\u00f3n y la constricci\u00f3n de las v\u00edas respiratorias. Aprobado por la FDA y eficaz.<\/p>","protected":false},"featured_media":32373,"comment_status":"open","ping_status":"closed","template":"","meta":{"om_disable_all_campaigns":false,"_uf_show_specific_survey":0,"_uf_disable_surveys":false},"product_brand":[],"product_cat":[555],"product_tag":[],"class_list":{"0":"post-4531","1":"product","2":"type-product","3":"status-publish","4":"has-post-thumbnail","6":"product_cat-asthma","8":"first","9":"instock","10":"sale","11":"shipping-taxable","12":"purchasable","13":"product-type-variable","14":"has-default-attributes"},"_links":{"self":[{"href":"https:\/\/wowrxpharmacy.com\/es_es\/wp-json\/wp\/v2\/product\/4531","targetHints":{"allow":["GET"]}}],"collection":[{"href":"https:\/\/wowrxpharmacy.com\/es_es\/wp-json\/wp\/v2\/product"}],"about":[{"href":"https:\/\/wowrxpharmacy.com\/es_es\/wp-json\/wp\/v2\/types\/product"}],"replies":[{"embeddable":true,"href":"https:\/\/wowrxpharmacy.com\/es_es\/wp-json\/wp\/v2\/comments?post=4531"}],"wp:featuredmedia":[{"embeddable":true,"href":"https:\/\/wowrxpharmacy.com\/es_es\/wp-json\/wp\/v2\/media\/32373"}],"wp:attachment":[{"href":"https:\/\/wowrxpharmacy.com\/es_es\/wp-json\/wp\/v2\/media?parent=4531"}],"wp:term":[{"taxonomy":"product_brand","embeddable":true,"href":"https:\/\/wowrxpharmacy.com\/es_es\/wp-json\/wp\/v2\/product_brand?post=4531"},{"taxonomy":"product_cat","embeddable":true,"href":"https:\/\/wowrxpharmacy.com\/es_es\/wp-json\/wp\/v2\/product_cat?post=4531"},{"taxonomy":"product_tag","embeddable":true,"href":"https:\/\/wowrxpharmacy.com\/es_es\/wp-json\/wp\/v2\/product_tag?post=4531"}],"curies":[{"name":"wp","href":"https:\/\/api.w.org\/{rel}","templated":true}]}}