{"id":4438,"date":"2024-09-27T05:35:05","date_gmt":"2024-09-27T09:35:05","guid":{"rendered":"https:\/\/wowrxpharmacy.com\/?post_type=product&#038;p=4438"},"modified":"2024-11-22T05:47:59","modified_gmt":"2024-11-22T10:47:59","slug":"eyemist-e-d-10-ml","status":"publish","type":"product","link":"https:\/\/wowrxpharmacy.com\/es_es\/producto\/eyemist-e-d-10-ml\/","title":{"rendered":"Eyemist E\/D 10 ml"},"content":{"rendered":"<h3><span style=\"font-weight: 400;\">\u00bfQu\u00e9 es Eyemist Gotas Oculares 10ml?\u00a0<\/span><\/h3>\n<p><span style=\"font-weight: 400;\">Eyemist Gotas Oculares 10ml es un lubricante ocular especializado que alivia la sequedad ocular. Formulado con hidroxipropilmetilcelulosa, estas gotas imitan las l\u00e1grimas naturales, por lo que son eficaces para las personas que experimentan molestias debido a la producci\u00f3n insuficiente de l\u00e1grimas o factores ambientales.\u00a0<\/span><\/p>\n<p><span style=\"font-weight: 400;\">La hidroxipropilmetilcelulosa es un pol\u00edmero sint\u00e9tico que act\u00faa como sustituto de la l\u00e1grima para hidratar la superficie ocular. Es un ingrediente clave de las l\u00e1grimas artificiales que ayuda a hidratar y calmar los ojos irritados o secos. Este producto se utiliza habitualmente en el tratamiento del ojo seco y sustituye a la humedad natural de los ojos.\u00a0<\/span><\/p>\n<p><span style=\"font-weight: 400;\">Puede comprar f\u00e1cilmente este producto de primera calidad en la categor\u00eda de l\u00e1grimas artificiales, Eyemist Gotas Oculares 10ml, de WowRx, para un alivio r\u00e1pido de la sequedad y las molestias.<\/span><\/p>\n<h3><span style=\"font-weight: 400;\">\u00bfPara qu\u00e9 se utiliza Eyemist Gotas Oculares 10ml?\u00a0\u00a0<\/span><\/h3>\n<p><span style=\"font-weight: 400;\">Las gotas oculares Eyemist se utilizan principalmente para el tratamiento de la sequedad ocular. Se <\/span><a href=\"https:\/\/cdn.who.int\/media\/docs\/default-source\/essential-medicines\/2023-eml-expert-committee\/applications-for-addition-of-new-medicines\/a19_hypromellose.pdf?sfvrsn=775aff35_2\" target=\"_blank\" rel=\"nofollow noopener\"><span style=\"font-weight: 400;\">imitar<\/span><\/a><span style=\"font-weight: 400;\"> l\u00e1grimas naturales y son adecuadas para situaciones como el uso prolongado del ordenador, la exposici\u00f3n al viento o al sol y otros factores ambientales que provocan sequedad e irritaci\u00f3n de los ojos y el uso de lentes de contacto. Este producto tambi\u00e9n es beneficioso para hidratar lentes de contacto duras y ojos artificiales.\u00a0<\/span><\/p>\n<p><span style=\"font-weight: 400;\">Tambi\u00e9n se utiliza como colirio lubricante para reducir y ofrecer un alivio temporal de los s\u00edntomas de sequedad ocular como:<\/span><\/p>\n<ul>\n<li style=\"font-weight: 400;\" aria-level=\"1\"><span style=\"font-weight: 400;\">Quemando<\/span><\/li>\n<li style=\"font-weight: 400;\" aria-level=\"1\"><span style=\"font-weight: 400;\">Picor<\/span><\/li>\n<li style=\"font-weight: 400;\" aria-level=\"1\"><span style=\"font-weight: 400;\">Irritaci\u00f3n<\/span><\/li>\n<li style=\"font-weight: 400;\" aria-level=\"1\"><span style=\"font-weight: 400;\">Malestar<\/span><\/li>\n<li style=\"font-weight: 400;\" aria-level=\"1\"><span style=\"font-weight: 400;\">Visi\u00f3n borrosa por sequedad ocular<\/span><\/li>\n<\/ul>\n<h3><span style=\"font-weight: 400;\">\u00bfC\u00f3mo act\u00faa la hidroxipropilmetilcelulosa?\u00a0<\/span><\/h3>\n<p><span style=\"font-weight: 400;\">El principio activo del colirio Eyemist 10ml, la hidroxipropilmetilcelulosa, act\u00faa de la siguiente manera <\/span><a href=\"https:\/\/webeye.ophth.uiowa.edu\/eyeforum\/tutorials\/artificial-tears.htm#gsc.tab=0:~:text=Artificial%20tears%20are,decreasing%20tear%20clearance.\" target=\"_blank\" rel=\"nofollow noopener\"><span style=\"font-weight: 400;\">aumentando<\/span><\/a><span style=\"font-weight: 400;\"> la viscosidad de la pel\u00edcula lagrimal en la superficie ocular. Forma una capa protectora sobre la superficie ocular. Esta pel\u00edcula lagrimal artificial lubrica e hidrata los ojos, aliviando la sequedad.\u00a0<\/span><\/p>\n<p><span style=\"font-weight: 400;\">Las gotas oculares Eyemist estabilizan la pel\u00edcula lagrimal y evitan la evaporaci\u00f3n de la humedad natural, es decir, la r\u00e1pida evaporaci\u00f3n de las l\u00e1grimas, proporcionando as\u00ed lubricaci\u00f3n y confort durante un periodo prolongado. Eyemist disminuye eficazmente la sequedad y la irritaci\u00f3n imitando las l\u00e1grimas naturales, por lo que es ideal para un confort duradero.<\/span><\/p>\n<h3><span style=\"font-weight: 400;\">\u00bfC\u00f3mo utilizar Eyemist Gotas Oculares 10ml?<\/span><\/h3>\n<p><span style=\"font-weight: 400;\">A <\/span><a href=\"https:\/\/www.mayoclinic.org\/drugs-supplements\/hypromellose-ophthalmic-route\/proper-use\/drg-20064245?p=1#:~:text=Proper%20Use-,To%20use%3A,-First%2C%20wash%20your\" target=\"_blank\" rel=\"nofollow noopener\"><span style=\"font-weight: 400;\">utilice<\/span><\/a><span style=\"font-weight: 400;\"> Gotas oculares Eyemist:\u00a0\u00a0<\/span><\/p>\n<ul>\n<li style=\"font-weight: 400;\" aria-level=\"1\"><span style=\"font-weight: 400;\">L\u00e1vese bien las manos antes de la aplicaci\u00f3n<\/span><\/li>\n<li style=\"font-weight: 400;\" aria-level=\"1\"><span style=\"font-weight: 400;\">Agitar suavemente el frasco antes de usar<\/span><\/li>\n<li style=\"font-weight: 400;\" aria-level=\"1\"><span style=\"font-weight: 400;\">Inclina la cabeza hacia atr\u00e1s y tira hacia abajo del p\u00e1rpado inferior para crear una bolsa<\/span><\/li>\n<li style=\"font-weight: 400;\" aria-level=\"1\"><span style=\"font-weight: 400;\">Mantenga el cuentagotas cerca del ojo sin tocarlo y dispense el n\u00famero de gotas recomendado en el bolsillo<\/span><\/li>\n<li style=\"font-weight: 400;\" aria-level=\"1\"><span style=\"font-weight: 400;\">Cierra los ojos durante 2-3 minutos sin parpadear para permitir la absorci\u00f3n<\/span><\/li>\n<li style=\"font-weight: 400;\" aria-level=\"1\"><span style=\"font-weight: 400;\">Utiliza un pa\u00f1uelo de papel limpio para eliminar el exceso de l\u00edquido<\/span><\/li>\n<li style=\"font-weight: 400;\" aria-level=\"1\"><span style=\"font-weight: 400;\">L\u00e1vese las manos despu\u00e9s de aplicar las gotas.<\/span><\/li>\n<li style=\"font-weight: 400;\" aria-level=\"1\"><span style=\"font-weight: 400;\">No dejes que la punta del cuentagotas toque ninguna superficie, incluido el ojo, para evitar la contaminaci\u00f3n.<\/span><\/li>\n<\/ul>\n<p><span style=\"font-weight: 400;\">Nota: Qu\u00edtese las lentes de contacto antes de la aplicaci\u00f3n, utilice el colirio y espere al menos 15 minutos antes de volver a pon\u00e9rselas.<\/span><\/p>","protected":false},"excerpt":{"rendered":"<p>La avanzada f\u00f3rmula sin conservantes de Eyemist proporciona un alivio instant\u00e1neo de la sequedad ocular, ofreciendo un confort duradero y una hidrataci\u00f3n profunda.<\/p>","protected":false},"featured_media":29952,"comment_status":"open","ping_status":"closed","template":"","meta":{"om_disable_all_campaigns":false,"_uf_show_specific_survey":0,"_uf_disable_surveys":false},"product_brand":[],"product_cat":[469],"product_tag":[],"class_list":{"0":"post-4438","1":"product","2":"type-product","3":"status-publish","4":"has-post-thumbnail","6":"product_cat-eye-care","8":"first","9":"instock","10":"sale","11":"shipping-taxable","12":"purchasable","13":"product-type-variable","14":"has-default-attributes"},"_links":{"self":[{"href":"https:\/\/wowrxpharmacy.com\/es_es\/wp-json\/wp\/v2\/product\/4438","targetHints":{"allow":["GET"]}}],"collection":[{"href":"https:\/\/wowrxpharmacy.com\/es_es\/wp-json\/wp\/v2\/product"}],"about":[{"href":"https:\/\/wowrxpharmacy.com\/es_es\/wp-json\/wp\/v2\/types\/product"}],"replies":[{"embeddable":true,"href":"https:\/\/wowrxpharmacy.com\/es_es\/wp-json\/wp\/v2\/comments?post=4438"}],"wp:featuredmedia":[{"embeddable":true,"href":"https:\/\/wowrxpharmacy.com\/es_es\/wp-json\/wp\/v2\/media\/29952"}],"wp:attachment":[{"href":"https:\/\/wowrxpharmacy.com\/es_es\/wp-json\/wp\/v2\/media?parent=4438"}],"wp:term":[{"taxonomy":"product_brand","embeddable":true,"href":"https:\/\/wowrxpharmacy.com\/es_es\/wp-json\/wp\/v2\/product_brand?post=4438"},{"taxonomy":"product_cat","embeddable":true,"href":"https:\/\/wowrxpharmacy.com\/es_es\/wp-json\/wp\/v2\/product_cat?post=4438"},{"taxonomy":"product_tag","embeddable":true,"href":"https:\/\/wowrxpharmacy.com\/es_es\/wp-json\/wp\/v2\/product_tag?post=4438"}],"curies":[{"name":"wp","href":"https:\/\/api.w.org\/{rel}","templated":true}]}}