{"id":4357,"date":"2024-09-27T06:00:25","date_gmt":"2024-09-27T10:00:25","guid":{"rendered":"https:\/\/wowrxpharmacy.com\/?post_type=product&#038;p=4357"},"modified":"2024-11-22T05:44:51","modified_gmt":"2024-11-22T10:44:51","slug":"unicontin-e-600mg","status":"publish","type":"product","link":"https:\/\/wowrxpharmacy.com\/es_es\/producto\/unicontin-e-600mg\/","title":{"rendered":"Unicontin E 600 mg"},"content":{"rendered":"<h3><span style=\"font-weight: 400;\">\u00bfQu\u00e9 es Unicontin E 600?\u00a0<\/span><\/h3>\n<p><span style=\"font-weight: 400;\">Unicontin E 600 es un medicamento que contiene 600 mg de teofilina como principio activo. Est\u00e1 clasificado como broncodilatador, lo que ayuda a relajar y dilatar las v\u00edas respiratorias pulmonares, facilitando la respiraci\u00f3n en pacientes con asma, enfermedad pulmonar obstructiva cr\u00f3nica (EPOC) y bronquitis cr\u00f3nica.\u00a0<\/span><\/p>\n<p><span style=\"font-weight: 400;\">Esta tableta es fabricada por Modi Mundi Pharma Pvt Ltd y se utiliza principalmente para el tratamiento de afecciones respiratorias. Cada tableta contiene 600 mg de teofilina. Compre Unicontin E 600 en WowRx hoy mismo para recibir este medicamento esencial de forma r\u00e1pida y segura.\u00a0<\/span><\/p>\n<h3><span style=\"font-weight: 400;\">\u00bfPara qu\u00e9 se utiliza Unicontin E 600?\u00a0<\/span><\/h3>\n<p><span style=\"font-weight: 400;\">Unicontin E 600 <\/span><a href=\"https:\/\/www.ncbi.nlm.nih.gov\/books\/NBK519024\/#:~:text=Theophylline%20is%20a%20medication%20used%20to%20treat%20asthma%20and%20chronic%20obstructive%20pulmonary%20disease%20as%20a%20second%2Dline%20drug.%20It\" target=\"_blank\" rel=\"nofollow noopener\"><span style=\"font-weight: 400;\">golosinas<\/span><\/a><span style=\"font-weight: 400;\"> Asma, incluyendo asma grave y leve, y enfermedad pulmonar obstructiva cr\u00f3nica (EPOC). Alivia s\u00edntomas como\u00a0<\/span><\/p>\n<ul>\n<li style=\"font-weight: 400;\" aria-level=\"1\"><span style=\"font-weight: 400;\">Opresi\u00f3n en el pecho<\/span><\/li>\n<li style=\"font-weight: 400;\" aria-level=\"1\"><span style=\"font-weight: 400;\">Dificultad para respirar<\/span><\/li>\n<li style=\"font-weight: 400;\" aria-level=\"1\"><span style=\"font-weight: 400;\">sibilancias<\/span><\/li>\n<li style=\"font-weight: 400;\" aria-level=\"1\"><span style=\"font-weight: 400;\">Tos<\/span><\/li>\n<\/ul>\n<p><span style=\"font-weight: 400;\">Por lo tanto, la teofilina 600 mg mejora la calidad de vida de las personas que padecen estas afecciones. Es especialmente beneficiosa para las personas mayores que pueden experimentar problemas respiratorios.<\/span><\/p>\n<h3><span style=\"font-weight: 400;\">\u00bfC\u00f3mo act\u00faa la teofilina?\u00a0<\/span><\/h3>\n<p><span style=\"font-weight: 400;\">El componente activo, teofilina, funciona mediante <\/span><a href=\"https:\/\/www.ncbi.nlm.nih.gov\/books\/NBK519024\/#:~:text=Theophylline%20relaxes%20the%20smooth%20muscles%20located%C2%A0in%20the%20bronchial%20airways%20and%20pulmonary%20blood%20vessels.%20It%20also%20reduces%20the%20airway%20responsiveness%20to%20histamine%2C%20adenosine%2C%20methacholine%2C%20and%20allergens.\" target=\"_blank\" rel=\"nofollow noopener\"><span style=\"font-weight: 400;\">relajante<\/span><\/a><span style=\"font-weight: 400;\"> Los m\u00fasculos lisos de las v\u00edas respiratorias, lo que ayuda a reducir la inflamaci\u00f3n y la hinchaz\u00f3n pulmonar. Esta acci\u00f3n alivia los s\u00edntomas asociados con el asma y la EPOC.\u00a0<\/span><\/p>\n<p><span style=\"font-weight: 400;\">Reduce la respuesta de los pulmones a irritantes y al\u00e9rgenos, permitiendo a los usuarios respirar m\u00e1s f\u00e1cilmente y realizar actividades diarias sin molestias.<\/span><\/p>\n<h3><span style=\"font-weight: 400;\">\u00bfC\u00f3mo utilizar Unicontin E 600?\u00a0<\/span><\/h3>\n<p><span style=\"font-weight: 400;\">Unicontin E 600 debe tomarse seg\u00fan lo prescrito por su proveedor de atenci\u00f3n m\u00e9dica.\u00a0<\/span><\/p>\n<ul>\n<li style=\"font-weight: 400;\" aria-level=\"1\"><span style=\"font-weight: 400;\">Generalmente se administra por v\u00eda oral con o sin alimentos.<\/span><\/li>\n<li style=\"font-weight: 400;\" aria-level=\"1\"><span style=\"font-weight: 400;\">Trague la tableta entera con agua.<\/span><\/li>\n<li style=\"font-weight: 400;\" aria-level=\"1\"><span style=\"font-weight: 400;\">No triture ni mastique, ya que esto puede interferir con sus propiedades de liberaci\u00f3n prolongada.\u00a0<\/span><\/li>\n<\/ul>\n<p><span style=\"font-weight: 400;\">La dosis de Unicontin puede <\/span><a href=\"https:\/\/www.mayoclinic.org\/drugs-supplements\/theophylline-oral-route\/proper-use\/drg-20073599#:~:text=The%20dose%20of%20this%20medicine%20will%20be%20different%20for%20different%20patients.%20Follow%20your%20doctor%27s%20orders%20or%20the%20directions%20on%20the%20label.\" target=\"_blank\" rel=\"nofollow noopener\"><span style=\"font-weight: 400;\">variar<\/span><\/a><span style=\"font-weight: 400;\"> Seg\u00fan las necesidades individuales de salud, es decir, la gravedad de la afecci\u00f3n. Por lo tanto, es fundamental seguir estrictamente las instrucciones de su m\u00e9dico sobre la dosis correcta de Unicontin E. No deje de tomar este medicamento repentinamente sin consultar a su m\u00e9dico.<\/span><\/p>","protected":false},"excerpt":{"rendered":"<p>Unicontin E 600, con teofilina, favorece el control del asma y la EPOC mejorando la respiraci\u00f3n. Aprobado por la FDA y de larga duraci\u00f3n, proporciona un alivio eficaz.<\/p>","protected":false},"featured_media":29263,"comment_status":"open","ping_status":"closed","template":"","meta":{"om_disable_all_campaigns":false,"_uf_show_specific_survey":0,"_uf_disable_surveys":false},"product_brand":[],"product_cat":[555],"product_tag":[],"class_list":{"0":"post-4357","1":"product","2":"type-product","3":"status-publish","4":"has-post-thumbnail","6":"product_cat-asthma","8":"first","9":"instock","10":"sale","11":"shipping-taxable","12":"purchasable","13":"product-type-variable","14":"has-default-attributes"},"_links":{"self":[{"href":"https:\/\/wowrxpharmacy.com\/es_es\/wp-json\/wp\/v2\/product\/4357","targetHints":{"allow":["GET"]}}],"collection":[{"href":"https:\/\/wowrxpharmacy.com\/es_es\/wp-json\/wp\/v2\/product"}],"about":[{"href":"https:\/\/wowrxpharmacy.com\/es_es\/wp-json\/wp\/v2\/types\/product"}],"replies":[{"embeddable":true,"href":"https:\/\/wowrxpharmacy.com\/es_es\/wp-json\/wp\/v2\/comments?post=4357"}],"wp:featuredmedia":[{"embeddable":true,"href":"https:\/\/wowrxpharmacy.com\/es_es\/wp-json\/wp\/v2\/media\/29263"}],"wp:attachment":[{"href":"https:\/\/wowrxpharmacy.com\/es_es\/wp-json\/wp\/v2\/media?parent=4357"}],"wp:term":[{"taxonomy":"product_brand","embeddable":true,"href":"https:\/\/wowrxpharmacy.com\/es_es\/wp-json\/wp\/v2\/product_brand?post=4357"},{"taxonomy":"product_cat","embeddable":true,"href":"https:\/\/wowrxpharmacy.com\/es_es\/wp-json\/wp\/v2\/product_cat?post=4357"},{"taxonomy":"product_tag","embeddable":true,"href":"https:\/\/wowrxpharmacy.com\/es_es\/wp-json\/wp\/v2\/product_tag?post=4357"}],"curies":[{"name":"wp","href":"https:\/\/api.w.org\/{rel}","templated":true}]}}