{"id":4336,"date":"2024-07-13T08:07:30","date_gmt":"2024-07-13T12:07:30","guid":{"rendered":"https:\/\/wowrxpharmacy.com\/?post_type=product&#038;p=4336"},"modified":"2024-11-13T02:59:44","modified_gmt":"2024-11-13T07:59:44","slug":"duralast-30-mg","status":"publish","type":"product","link":"https:\/\/wowrxpharmacy.com\/es_es\/producto\/duralast-30-mg\/","title":{"rendered":"Duralast 30 mg"},"content":{"rendered":"<h3><span style=\"font-weight: 400;\">Acerca de Duralast 30 mg<\/span><\/h3>\n<p><span style=\"font-weight: 400;\">Duralast 30 mg es un medicamento que trata el problema de la eyaculaci\u00f3n precoz en los hombres. Contiene Dapoxetina como su sal primaria.<\/span><\/p>\n<p><span style=\"font-weight: 400;\">La dapoxetina pertenece a una clase de medicamentos llamados inhibidores selectivos de la recaptaci\u00f3n de serotonina (ISRS). Es crucial observar que Dapoxetine se utiliza como medicaci\u00c3\u00b3n fuera de etiqueta para tratar la eyaculaci\u00c3\u00b3n prematura.<\/span><\/p>\n<p><span style=\"font-weight: 400;\">Duralast 30 ayuda a retrasar la eyaculaci\u00f3n, mejorando as\u00ed el rendimiento y la satisfacci\u00f3n sexual.<\/span><\/p>\n<h3><span style=\"font-weight: 400;\">Duralast 30 mg Usos<\/span><span style=\"font-weight: 400;\"><br \/>\n<\/span><\/h3>\n<p><span style=\"font-weight: 400;\">Duralast 30 mg se prescribe principalmente para tratar la eyaculaci\u00f3n precoz (EP), un trastorno sexual frecuente entre los hombres. La eyaculaci\u00f3n precoz es <\/span><a href=\"https:\/\/www.ncbi.nlm.nih.gov\/pmc\/articles\/PMC6732885\/#:~:text=Inability%20to%20control,or%20both%20partners\" target=\"_blank\" rel=\"nofollow noopener\"><span style=\"font-weight: 400;\">caracterizado por<\/span><\/a><span style=\"font-weight: 400;\"> La liberaci\u00f3n incontrolable de semen durante la actividad sexual, que suele producirse poco despu\u00e9s de la penetraci\u00f3n y causa angustia a ambos miembros de la pareja.\u00a0<\/span><\/p>\n<p><span style=\"font-weight: 400;\">La dapoxetina ayuda a retrasar la eyaculaci\u00f3n, proporcionando as\u00ed un mayor control sobre la misma durante el coito. Conduce a una experiencia sexual m\u00e1s satisfactoria para ambos miembros de la pareja.<\/span><\/p>\n<p><span style=\"font-weight: 400;\">Sin embargo, todav\u00eda no <\/span><a href=\"https:\/\/www.fda.gov\/drugs\/medication-health-fraud\/public-notification-xzone-premium-contains-hidden-drug-ingredient#:~:text=Dapoxetine%20is%20an%20active%20ingredient%20not%20approved%20by%20FDA%2C%20and%20therefore%20its%20safety%20and%20efficacy%20have%20not%20been%20established.\" target=\"_blank\" rel=\"nofollow noopener\"><span style=\"font-weight: 400;\">Aprobado por la FDA<\/span><\/a><span style=\"font-weight: 400;\"> debido a sus posibles efectos secundarios. Por ello, es obligatorio consultar al m\u00e9dico antes de ingerirlo.<\/span><\/p>\n<h3><span style=\"font-weight: 400;\">Funcionamiento de Duralast 30 mg<\/span><\/h3>\n<p><span style=\"font-weight: 400;\">Duralast 30 mg act\u00faa aumentando los niveles de serotonina en el cerebro. La serotonina es un neurotransmisor que desempe\u00f1a un papel clave en la regulaci\u00f3n del estado de \u00e1nimo. <\/span><a href=\"https:\/\/www.ncbi.nlm.nih.gov\/pmc\/articles\/PMC5864293\/#:~:text=The%20net%20effect%20of%20serotonin%20is%20to%20prolong%20ejaculatory%20latency%20and%20to%20delay%20orgasm%2C%20and%20thus%20SSRIs%20are%20often%20prescribed%20off%2Dlabel%20to%20treat%20premature%20ejaculation\" target=\"_blank\" rel=\"nofollow noopener\"><span style=\"font-weight: 400;\">y retrasando<\/span><\/a><span style=\"font-weight: 400;\"> eyaculaci\u00f3n.\u00a0<\/span><\/p>\n<p><span style=\"font-weight: 400;\">La dapoxetina de Duralast 30 mg inhibe la reabsorci\u00f3n de serotonina en las c\u00e9lulas nerviosas. Provoca un aumento de los niveles de serotonina, lo que ayuda a retrasar el reflejo eyaculatorio y a prolongar el tiempo necesario para alcanzar el orgasmo.<\/span><\/p>\n<h3><span style=\"font-weight: 400;\">C\u00f3mo tomar Duralast 30<\/span><\/h3>\n<p><span style=\"font-weight: 400;\">Tome Duralast siguiendo las instrucciones de su m\u00e9dico. La dosis est\u00e1ndar recomendada de 30 mg de Duralast es un comprimido tomado por v\u00eda oral. Debe ingerirse aproximadamente de 1 a 3 horas antes de la actividad sexual. Puede tomarse con o sin alimentos.<\/span><\/p>\n<p><span style=\"font-weight: 400;\">Este medicamento debe tomarse con un vaso lleno de agua para asegurar una absorci\u00f3n \u00f3ptima. Trague el comprimido entero sin triturarlo, masticarlo ni romperlo. No tome m\u00e1s de un comprimido en un per\u00edodo de 24 horas.<\/span><\/p>","protected":false},"excerpt":{"rendered":"<ul>\n<li style=\"font-weight: 400;\" aria-level=\"1\"><span style=\"font-weight: 400;\">Retrasa la eyaculaci\u00f3n<\/span><\/li>\n<li style=\"font-weight: 400;\" aria-level=\"1\"><span style=\"font-weight: 400;\">Adecuado para edades comprendidas entre 18 y 64 a\u00f1os<\/span><\/li>\n<li style=\"font-weight: 400;\" aria-level=\"1\"><span style=\"font-weight: 400;\">El efecto dura de 1 a 3 horas<\/span><\/li>\n<li style=\"font-weight: 400;\" aria-level=\"1\"><span style=\"font-weight: 400;\">Env\u00edo seguro y privado<\/span><\/li>\n<\/ul>","protected":false},"featured_media":29980,"comment_status":"open","ping_status":"closed","template":"","meta":{"om_disable_all_campaigns":false,"_uf_show_specific_survey":0,"_uf_disable_surveys":false},"product_brand":[],"product_cat":[438],"product_tag":[],"class_list":{"0":"post-4336","1":"product","2":"type-product","3":"status-publish","4":"has-post-thumbnail","6":"product_cat-mens-health","8":"first","9":"instock","10":"shipping-taxable","11":"purchasable","12":"product-type-variable","13":"has-default-attributes"},"_links":{"self":[{"href":"https:\/\/wowrxpharmacy.com\/es_es\/wp-json\/wp\/v2\/product\/4336","targetHints":{"allow":["GET"]}}],"collection":[{"href":"https:\/\/wowrxpharmacy.com\/es_es\/wp-json\/wp\/v2\/product"}],"about":[{"href":"https:\/\/wowrxpharmacy.com\/es_es\/wp-json\/wp\/v2\/types\/product"}],"replies":[{"embeddable":true,"href":"https:\/\/wowrxpharmacy.com\/es_es\/wp-json\/wp\/v2\/comments?post=4336"}],"wp:featuredmedia":[{"embeddable":true,"href":"https:\/\/wowrxpharmacy.com\/es_es\/wp-json\/wp\/v2\/media\/29980"}],"wp:attachment":[{"href":"https:\/\/wowrxpharmacy.com\/es_es\/wp-json\/wp\/v2\/media?parent=4336"}],"wp:term":[{"taxonomy":"product_brand","embeddable":true,"href":"https:\/\/wowrxpharmacy.com\/es_es\/wp-json\/wp\/v2\/product_brand?post=4336"},{"taxonomy":"product_cat","embeddable":true,"href":"https:\/\/wowrxpharmacy.com\/es_es\/wp-json\/wp\/v2\/product_cat?post=4336"},{"taxonomy":"product_tag","embeddable":true,"href":"https:\/\/wowrxpharmacy.com\/es_es\/wp-json\/wp\/v2\/product_tag?post=4336"}],"curies":[{"name":"wp","href":"https:\/\/api.w.org\/{rel}","templated":true}]}}