{"id":4113,"date":"2024-07-13T08:06:45","date_gmt":"2024-07-13T12:06:45","guid":{"rendered":"https:\/\/wowrxpharmacy.com\/?post_type=product&#038;p=4113"},"modified":"2024-10-16T03:51:26","modified_gmt":"2024-10-16T07:51:26","slug":"olmezest-am-5-40mg","status":"publish","type":"product","link":"https:\/\/wowrxpharmacy.com\/es_es\/producto\/olmezest-am-5-40mg\/","title":{"rendered":"Olmezest AM 5\/40mg"},"content":{"rendered":"<h3><span style=\"font-weight: 400;\">Sobre Olmezest AM 5\/40mg<\/span><\/h3>\n<p><span style=\"font-weight: 400;\">Olmezest AM 5\/40mg es un medicamento de venta con receta para controlar la Hipertensi\u00f3n Arterial.<\/span><\/p>\n<p><span style=\"font-weight: 400;\">Olmesart\u00e1n y Amlodipino son sus principios activos. Ambas sales relajan los vasos sangu\u00edneos y facilitan el flujo de sangre. Esto reduce el riesgo de infarto de miocardio o accidente cerebrovascular en el futuro.<\/span><\/p>\n<p><span style=\"font-weight: 400;\">Sun Pharmaceuticals Ltd. fabrica Olmezest AM. Puede comprar Olmezest AM 5\/40mg comprimidos en WOWRXPharmacy a precios razonables.<\/span><\/p>\n<h3><span style=\"font-weight: 400;\">Usos de Olmezest AM<\/span><\/h3>\n<p><span style=\"font-weight: 400;\">El uso m\u00e1s frecuente de Olmezest AM 5\/40 es el tratamiento de la hipertensi\u00f3n. La hipertensi\u00f3n o tensi\u00f3n arterial alta es una afecci\u00f3n m\u00e9dica en la que la fuerza con la que la sangre fluye por los vasos sangu\u00edneos es superior a la habitual.<\/span><\/p>\n<p><span style=\"font-weight: 400;\">Olmezest AM relaja los vasos sangu\u00edneos y facilita la circulaci\u00f3n de la sangre, lo que reduce la probabilidad de sufrir un infarto de miocardio o un derrame cerebral.<\/span><\/p>\n<h3><span style=\"font-weight: 400;\">Trabajo de Olmezest AM 5\/40<\/span><\/h3>\n<p><span style=\"font-weight: 400;\">Olmezest AM 5\/40 mg Tableta viene con cr\u00edticas muy positivas y es un medicamento recomendado para el tratamiento de la hipertensi\u00f3n. Se trata de una combinaci\u00f3n de drogas. Olmezest contiene olmesart\u00e1n medoxomilo y amlodipino.<\/span><\/p>\n<p><span style=\"font-weight: 400;\">El olmesart\u00e1n es un bloqueante de los receptores de la angiotensina (ARA). La angiotensina II es una sustancia producida por los ri\u00f1ones. Se une a los receptores de los vasos sangu\u00edneos y provoca su estrechamiento.<\/span><\/p>\n<p><span style=\"font-weight: 400;\">El amlodipino es un bloqueador de los canales de calcio (BCC). Impiden que el calcio entre en las c\u00e9lulas del coraz\u00f3n y las arterias.<\/span><\/p>\n<p><span style=\"font-weight: 400;\">Estas sales act\u00faan conjuntamente para relajar los vasos sangu\u00edneos, lo que ayuda al coraz\u00f3n a bombear la sangre con eficacia.<\/span><\/p>\n<h3><span style=\"font-weight: 400;\">C\u00f3mo utilizar Olmezest AM<\/span><\/h3>\n<p><span style=\"font-weight: 400;\">Olmezest AM 5\/40mg es un medicamento de venta con receta. Su m\u00e9dico debe prescribir la dosis y la duraci\u00f3n del medicamento, teniendo en cuenta su estado y c\u00f3mo reacciona a la medicaci\u00f3n.<\/span><\/p>\n<p><span style=\"font-weight: 400;\">Sin embargo, normalmente se recomienda tomar Olmezest AM 5\/40mg Comprimidos de la siguiente manera:<\/span><\/p>\n<ul>\n<li style=\"font-weight: 400;\" aria-level=\"1\"><span style=\"font-weight: 400;\">Consumir el medicamento por v\u00eda oral sin romperlo ni masticarlo<\/span><\/li>\n<li style=\"font-weight: 400;\" aria-level=\"1\"><span style=\"font-weight: 400;\">Puede tomar Olmezest AM con o sin alimentos<\/span><\/li>\n<li style=\"font-weight: 400;\" aria-level=\"1\"><span style=\"font-weight: 400;\">Tomar la medicaci\u00f3n a la misma hora todos los d\u00edas<\/span><\/li>\n<\/ul>","protected":false},"excerpt":{"rendered":"<ul>\n<li style=\"font-weight: 400;\" aria-level=\"1\"><span style=\"font-weight: 400;\">Relaja los vasos sangu\u00edneos, facilita el flujo sangu\u00edneo<\/span><\/li>\n<li style=\"font-weight: 400;\" aria-level=\"1\"><span style=\"font-weight: 400;\">Controla la hipertensi\u00f3n<\/span><\/li>\n<li style=\"font-weight: 400;\" aria-level=\"1\"><span style=\"font-weight: 400;\">Reduce el riesgo de infarto de miocardio y accidentes cerebrovasculares<\/span><\/li>\n<li style=\"font-weight: 400;\" aria-level=\"1\"><span style=\"font-weight: 400;\">F\u00f3rmula eficaz de doble acci\u00f3n<\/span><\/li>\n<li style=\"font-weight: 400;\" aria-level=\"1\"><span style=\"font-weight: 400;\">Env\u00edo en 24 horas<\/span><\/li>\n<\/ul>","protected":false},"featured_media":4119,"comment_status":"open","ping_status":"closed","template":"","meta":{"om_disable_all_campaigns":false,"_uf_show_specific_survey":0,"_uf_disable_surveys":false},"product_brand":[],"product_cat":[608],"product_tag":[],"class_list":{"0":"post-4113","1":"product","2":"type-product","3":"status-publish","4":"has-post-thumbnail","6":"product_cat-heart-blood-pressure","8":"first","9":"instock","10":"shipping-taxable","11":"purchasable","12":"product-type-variable","13":"has-default-attributes"},"_links":{"self":[{"href":"https:\/\/wowrxpharmacy.com\/es_es\/wp-json\/wp\/v2\/product\/4113","targetHints":{"allow":["GET"]}}],"collection":[{"href":"https:\/\/wowrxpharmacy.com\/es_es\/wp-json\/wp\/v2\/product"}],"about":[{"href":"https:\/\/wowrxpharmacy.com\/es_es\/wp-json\/wp\/v2\/types\/product"}],"replies":[{"embeddable":true,"href":"https:\/\/wowrxpharmacy.com\/es_es\/wp-json\/wp\/v2\/comments?post=4113"}],"wp:featuredmedia":[{"embeddable":true,"href":"https:\/\/wowrxpharmacy.com\/es_es\/wp-json\/wp\/v2\/media\/4119"}],"wp:attachment":[{"href":"https:\/\/wowrxpharmacy.com\/es_es\/wp-json\/wp\/v2\/media?parent=4113"}],"wp:term":[{"taxonomy":"product_brand","embeddable":true,"href":"https:\/\/wowrxpharmacy.com\/es_es\/wp-json\/wp\/v2\/product_brand?post=4113"},{"taxonomy":"product_cat","embeddable":true,"href":"https:\/\/wowrxpharmacy.com\/es_es\/wp-json\/wp\/v2\/product_cat?post=4113"},{"taxonomy":"product_tag","embeddable":true,"href":"https:\/\/wowrxpharmacy.com\/es_es\/wp-json\/wp\/v2\/product_tag?post=4113"}],"curies":[{"name":"wp","href":"https:\/\/api.w.org\/{rel}","templated":true}]}}