{"id":4020,"date":"2024-09-25T06:00:45","date_gmt":"2024-09-25T10:00:45","guid":{"rendered":"https:\/\/wowrxpharmacy.com\/?post_type=product&#038;p=4020"},"modified":"2024-11-22T05:25:08","modified_gmt":"2024-11-22T10:25:08","slug":"levolin-respules-0-63mg-2-5ml","status":"publish","type":"product","link":"https:\/\/wowrxpharmacy.com\/es_es\/producto\/levolin-respules-0-63mg-2-5ml\/","title":{"rendered":"Levolin Respules 0,63 mg\/2,5 ml"},"content":{"rendered":"<h3><span style=\"font-weight: 400;\">\u00bfQu\u00e9 son Levolin Respules 0,63 mg?\u00a0<\/span><\/h3>\n<p><span style=\"font-weight: 400;\">Levolin Respules 0,63 mg pertenece al grupo de los broncodilatadores, que se prescriben para <\/span><a href=\"https:\/\/pubchem.ncbi.nlm.nih.gov\/compound\/Levalbuterol#:~:text=Levosalbutamol%2C%20or%20levalbuterol%2C%20is%20a%20short%2Dacting%20%CE%B22%20adrenergic%20receptor%20agonist%20used%20in%20the%20treatment%20of%20asthma%20and%20chronic%20obstructive%20pulmonary%20disease\" target=\"_blank\" rel=\"nofollow noopener\"><span style=\"font-weight: 400;\">aliviar<\/span><\/a><span style=\"font-weight: 400;\"> s\u00edntomas de la enfermedad pulmonar obstructiva cr\u00f3nica (EPOC) y del asma.\u00a0<\/span><\/p>\n<p><span style=\"font-weight: 400;\">Su ingrediente activo, el levosalbutamol, abre eficazmente las v\u00edas respiratorias y facilita la respiraci\u00f3n, ofreciendo un alivio r\u00e1pido. Esta soluci\u00f3n nebulizadora f\u00e1cil de usar est\u00e1 fabricada por <\/span><span style=\"font-weight: 400;\">Cipla Ltd.<\/span><span style=\"font-weight: 400;\"> Puedes comprar Levolin Respules 0.63mg en WowRx al mejor precio.\u00a0<\/span><\/p>\n<h3><span style=\"font-weight: 400;\">\u00bfPara qu\u00e9 se utilizan Levolin Respules 0,63 mg?<\/span><\/h3>\n<p><span style=\"font-weight: 400;\">Levolin Respules 0.63 mg es un tratamiento eficaz para la EPOC, un grupo de trastornos pulmonares, y el asma. Ambos causan s\u00edntomas como sibilancias, tos, opresi\u00f3n en el pecho y dificultad para respirar. Los s\u00edntomas se deben a la obstrucci\u00f3n o inflamaci\u00f3n de las v\u00edas respiratorias. Esto puede restringir la capacidad del aire para salir libremente de los pulmones.<\/span><\/p>\n<p><span style=\"font-weight: 400;\">Levolin Respules 0.63 mg act\u00faa dilatando las v\u00edas respiratorias y aliviando la dificultad respiratoria. Tambi\u00e9n se les llama analg\u00e9sicos porque se utilizan para un alivio r\u00e1pido. Con frecuencia, su m\u00e9dico podr\u00eda recetarle otro inhalador junto con estos Respules para prevenir los s\u00edntomas.\u00a0<\/span><\/p>\n<p><span style=\"font-weight: 400;\">Tambi\u00e9n pueden prevenir un ataque de asma si se toman antes de la exposici\u00f3n a desencadenantes potenciales como el polvo o el polen.\u00a0<\/span><\/p>\n<h3><span style=\"font-weight: 400;\">\u00bfC\u00f3mo funciona Levolin Respules 0,63 mg?\u00a0<\/span><\/h3>\n<p><span style=\"font-weight: 400;\">El principio activo de Levolin Respules 0,63 mg, el levosalbutamol, es un broncodilatador. Es un beta-agonista de acci\u00f3n corta que act\u00faa r\u00e1pidamente. <\/span><a href=\"https:\/\/www.nhs.uk\/conditions\/bronchodilators\/#:~:text=Bronchodilators%20are%20a,make%20breathing%20difficult\" target=\"_blank\" rel=\"nofollow noopener\"><span style=\"font-weight: 400;\">alivia<\/span><\/a><span style=\"font-weight: 400;\"> Disnea aguda. Act\u00faa relajando los m\u00fasculos lisos que rodean las v\u00edas respiratorias, abriendo los bronquios y bronquiolos, y permitiendo que el ox\u00edgeno fluya f\u00e1cilmente a trav\u00e9s de los pulmones.\u00a0<\/span><\/p>\n<h3><span style=\"font-weight: 400;\">\u00bfC\u00f3mo utilizar Levolin Respules 0,63 mg?\u00a0<\/span><\/h3>\n<p><span style=\"font-weight: 400;\">Siga estos pasos para utilizar el inhalador correctamente y obtener mejores resultados:\u00a0<\/span><\/p>\n<ul>\n<li style=\"font-weight: 400;\" aria-level=\"1\"><span style=\"font-weight: 400;\">Lea atentamente las instrucciones mencionadas en el prospecto antes de utilizarlo.<\/span><\/li>\n<li style=\"font-weight: 400;\" aria-level=\"1\"><span style=\"font-weight: 400;\">Utilice Levolin Respules con un nebulizador<\/span><\/li>\n<li style=\"font-weight: 400;\" aria-level=\"1\"><span style=\"font-weight: 400;\">Gire la parte superior del Respule y libere su contenido en el nebulizador.<\/span><\/li>\n<li style=\"font-weight: 400;\" aria-level=\"1\"><span style=\"font-weight: 400;\">Inhale el medicamento a trav\u00e9s de la boquilla; no lo trague.<\/span><\/li>\n<li style=\"font-weight: 400;\" aria-level=\"1\"><span style=\"font-weight: 400;\">Enju\u00e1gate bien la boca con agua tibia despu\u00e9s de usarlo para prevenir infecciones por hongos.<\/span><\/li>\n<li style=\"font-weight: 400;\" aria-level=\"1\"><span style=\"font-weight: 400;\">L\u00e1vate la cara despu\u00e9s de usarlo para evitar irritaciones.<\/span><\/li>\n<li style=\"font-weight: 400;\" aria-level=\"1\"><span style=\"font-weight: 400;\">Limpie el nebulizador despu\u00e9s de cada uso<\/span><\/li>\n<\/ul>","protected":false},"excerpt":{"rendered":"<p>Levolin Respules, a base de levosalbutamol, ofrece un alivio r\u00e1pido del asma, relajando las v\u00edas respiratorias para facilitar la respiraci\u00f3n. Aprobado por la FDA y f\u00e1cil de usar.<\/p>","protected":false},"featured_media":29857,"comment_status":"open","ping_status":"closed","template":"","meta":{"om_disable_all_campaigns":false,"_uf_show_specific_survey":0,"_uf_disable_surveys":false},"product_brand":[],"product_cat":[555],"product_tag":[],"class_list":{"0":"post-4020","1":"product","2":"type-product","3":"status-publish","4":"has-post-thumbnail","6":"product_cat-asthma","8":"first","9":"instock","10":"sale","11":"shipping-taxable","12":"purchasable","13":"product-type-variable","14":"has-default-attributes"},"_links":{"self":[{"href":"https:\/\/wowrxpharmacy.com\/es_es\/wp-json\/wp\/v2\/product\/4020","targetHints":{"allow":["GET"]}}],"collection":[{"href":"https:\/\/wowrxpharmacy.com\/es_es\/wp-json\/wp\/v2\/product"}],"about":[{"href":"https:\/\/wowrxpharmacy.com\/es_es\/wp-json\/wp\/v2\/types\/product"}],"replies":[{"embeddable":true,"href":"https:\/\/wowrxpharmacy.com\/es_es\/wp-json\/wp\/v2\/comments?post=4020"}],"wp:featuredmedia":[{"embeddable":true,"href":"https:\/\/wowrxpharmacy.com\/es_es\/wp-json\/wp\/v2\/media\/29857"}],"wp:attachment":[{"href":"https:\/\/wowrxpharmacy.com\/es_es\/wp-json\/wp\/v2\/media?parent=4020"}],"wp:term":[{"taxonomy":"product_brand","embeddable":true,"href":"https:\/\/wowrxpharmacy.com\/es_es\/wp-json\/wp\/v2\/product_brand?post=4020"},{"taxonomy":"product_cat","embeddable":true,"href":"https:\/\/wowrxpharmacy.com\/es_es\/wp-json\/wp\/v2\/product_cat?post=4020"},{"taxonomy":"product_tag","embeddable":true,"href":"https:\/\/wowrxpharmacy.com\/es_es\/wp-json\/wp\/v2\/product_tag?post=4020"}],"curies":[{"name":"wp","href":"https:\/\/api.w.org\/{rel}","templated":true}]}}